{"id":637,"date":"2024-04-30T11:53:27","date_gmt":"2024-04-30T14:53:27","guid":{"rendered":"http:\/\/localhost\/site\/?page_id=637"},"modified":"2024-06-18T16:23:25","modified_gmt":"2024-06-18T19:23:25","slug":"agenda-de-maio","status":"publish","type":"page","link":"https:\/\/esafaz.sefaz.pe.gov.br\/index.php\/agenda-de-maio\/","title":{"rendered":"Agenda de Maio"},"content":{"rendered":"\n<p><\/p>\n\n\n\n<p><\/p>\n\n\n\n<div class=\"wp-block-media-text is-stacked-on-mobile\" style=\"grid-template-columns:59% auto\"><figure class=\"wp-block-media-text__media\"><img fetchpriority=\"high\" decoding=\"async\" width=\"1024\" height=\"1024\" src=\"http:\/\/localhost\/site\/wp-content\/uploads\/2024\/04\/maio-1024x1024.jpeg\" alt=\"\" class=\"wp-image-628 size-full\" srcset=\"https:\/\/esafaz.sefaz.pe.gov.br\/wp-content\/uploads\/2024\/04\/maio-1024x1024.jpeg 1024w, https:\/\/esafaz.sefaz.pe.gov.br\/wp-content\/uploads\/2024\/04\/maio-300x300.jpeg 300w, https:\/\/esafaz.sefaz.pe.gov.br\/wp-content\/uploads\/2024\/04\/maio-150x150.jpeg 150w, https:\/\/esafaz.sefaz.pe.gov.br\/wp-content\/uploads\/2024\/04\/maio-768x768.jpeg 768w, https:\/\/esafaz.sefaz.pe.gov.br\/wp-content\/uploads\/2024\/04\/maio.jpeg 1080w\" sizes=\"(max-width: 1024px) 100vw, 1024px\" \/><\/figure><div class=\"wp-block-media-text__content\">\n<p class=\"has-text-align-center\">Agenda de Maio<\/p>\n\n\n\n<p class=\"has-medium-font-size\">As inscri\u00e7\u00f5es podem ser feitas atrav\u00e9s do link:<a href=\"https:\/\/linkpop.com\/esafaz\" style=\"font-size: 20px;\">Link para inscri\u00e7\u00e3o<\/a><\/p>\n\n\n\n<hr class=\"wp-block-separator has-alpha-channel-opacity\"\/>\n\n\n\n<p class=\"has-medium-font-size\">Contatos ESAFAZ<\/p>\n\n\n\n<p class=\"has-medium-font-size\">Unidade de Capacita\u00e7\u00f5es Internas: <\/p>\n\n\n\n<p class=\"has-medium-font-size\">(Telefone fixo) 3183-5992 <\/p>\n\n\n\n<p class=\"has-medium-font-size\">(WhatsApp) (81)98494-1568 <\/p>\n\n\n\n<p class=\"has-medium-font-size\">Link para receber a programa\u00e7\u00e3o dos cursos da ESAFAZ no WhatsApp:<a href=\"https:\/\/chat.whatsapp.com\/Lgdljz0Mr9BIy0K9J3k1qG\" style=\"font-size: 20px;\">&nbsp;Informativos ESAFAZ<\/a><\/p>\n<\/div><\/div>\n\n\n\n<p><\/p>\n\n\n\n<p><\/p>\n\n\n\n<p><\/p>\n\n\n\n<br><br><br><br><br><br><br><br>\n\n\n\n<p><\/p>\n\n\n\n<p><\/p>\n\n\n\n<p><\/p>\n\n\n\n<p><\/p>\n\n\n\n<p><\/p>\n\n\n\n<p><\/p>\n\n\n\n<p><\/p>\n","protected":false},"excerpt":{"rendered":"","protected":false},"author":1,"featured_media":0,"parent":0,"menu_order":0,"comment_status":"closed","ping_status":"closed","template":"","meta":{"inline_featured_image":false,"courseId":0,"footnotes":""},"class_list":["post-637","page","type-page","status-publish"],"yoast_head":"<!-- This site is optimized with the Yoast SEO plugin v25.1 - https:\/\/yoast.com\/wordpress\/plugins\/seo\/ -->\r\n<title>Agenda de Maio - Site Esafaz<\/title>\r\n<meta name=\"robots\" content=\"index, follow, max-snippet:-1, max-image-preview:large, max-video-preview:-1\" \/>\r\n<link rel=\"canonical\" href=\"https:\/\/portalesafaz.sefaz.pe.gov.br\/index.php\/agenda-de-maio\/\" \/>\r\n<meta property=\"og:locale\" content=\"pt_BR\" \/>\r\n<meta property=\"og:type\" content=\"article\" \/>\r\n<meta property=\"og:title\" content=\"Agenda de Maio - Site Esafaz\" \/>\r\n<meta property=\"og:url\" content=\"https:\/\/portalesafaz.sefaz.pe.gov.br\/index.php\/agenda-de-maio\/\" \/>\r\n<meta property=\"og:site_name\" content=\"Site Esafaz\" \/>\r\n<meta property=\"article:modified_time\" content=\"2024-06-18T19:23:25+00:00\" \/>\r\n<meta property=\"og:image\" content=\"http:\/\/localhost\/site\/wp-content\/uploads\/2024\/04\/maio-1024x1024.jpeg\" \/>\r\n<meta name=\"twitter:card\" content=\"summary_large_image\" \/>\r\n<meta name=\"twitter:label1\" content=\"Est. tempo de leitura\" \/>\n\t<meta name=\"twitter:data1\" content=\"1 minuto\" \/>\r\n<script type=\"application\/ld+json\" class=\"yoast-schema-graph\">{\"@context\":\"https:\/\/schema.org\",\"@graph\":[{\"@type\":\"WebPage\",\"@id\":\"https:\/\/portalesafaz.sefaz.pe.gov.br\/index.php\/agenda-de-maio\/\",\"url\":\"https:\/\/portalesafaz.sefaz.pe.gov.br\/index.php\/agenda-de-maio\/\",\"name\":\"Agenda de Maio - Site Esafaz\",\"isPartOf\":{\"@id\":\"http:\/\/localhost\/#website\"},\"primaryImageOfPage\":{\"@id\":\"https:\/\/portalesafaz.sefaz.pe.gov.br\/index.php\/agenda-de-maio\/#primaryimage\"},\"image\":{\"@id\":\"https:\/\/portalesafaz.sefaz.pe.gov.br\/index.php\/agenda-de-maio\/#primaryimage\"},\"thumbnailUrl\":\"http:\/\/localhost\/site\/wp-content\/uploads\/2024\/04\/maio-1024x1024.jpeg\",\"datePublished\":\"2024-04-30T14:53:27+00:00\",\"dateModified\":\"2024-06-18T19:23:25+00:00\",\"breadcrumb\":{\"@id\":\"https:\/\/portalesafaz.sefaz.pe.gov.br\/index.php\/agenda-de-maio\/#breadcrumb\"},\"inLanguage\":\"pt-BR\",\"potentialAction\":[{\"@type\":\"ReadAction\",\"target\":[\"https:\/\/portalesafaz.sefaz.pe.gov.br\/index.php\/agenda-de-maio\/\"]}]},{\"@type\":\"ImageObject\",\"inLanguage\":\"pt-BR\",\"@id\":\"https:\/\/portalesafaz.sefaz.pe.gov.br\/index.php\/agenda-de-maio\/#primaryimage\",\"url\":\"http:\/\/localhost\/site\/wp-content\/uploads\/2024\/04\/maio-1024x1024.jpeg\",\"contentUrl\":\"http:\/\/localhost\/site\/wp-content\/uploads\/2024\/04\/maio-1024x1024.jpeg\"},{\"@type\":\"BreadcrumbList\",\"@id\":\"https:\/\/portalesafaz.sefaz.pe.gov.br\/index.php\/agenda-de-maio\/#breadcrumb\",\"itemListElement\":[{\"@type\":\"ListItem\",\"position\":1,\"name\":\"In\u00edcio\",\"item\":\"https:\/\/esafaz.sefaz.pe.gov.br\/\"},{\"@type\":\"ListItem\",\"position\":2,\"name\":\"Agenda de Maio\"}]},{\"@type\":\"WebSite\",\"@id\":\"http:\/\/localhost\/#website\",\"url\":\"http:\/\/localhost\/\",\"name\":\"Portal Esafaz\",\"description\":\"\",\"publisher\":{\"@id\":\"http:\/\/localhost\/#organization\"},\"potentialAction\":[{\"@type\":\"SearchAction\",\"target\":{\"@type\":\"EntryPoint\",\"urlTemplate\":\"http:\/\/localhost\/?s={search_term_string}\"},\"query-input\":{\"@type\":\"PropertyValueSpecification\",\"valueRequired\":true,\"valueName\":\"search_term_string\"}}],\"inLanguage\":\"pt-BR\"},{\"@type\":\"Organization\",\"@id\":\"http:\/\/localhost\/#organization\",\"name\":\"Portal Esafaz\",\"url\":\"http:\/\/localhost\/\",\"logo\":{\"@type\":\"ImageObject\",\"inLanguage\":\"pt-BR\",\"@id\":\"http:\/\/localhost\/#\/schema\/logo\/image\/\",\"url\":\"https:\/\/portalesafaz.sefaz.pe.gov.br\/wp-content\/uploads\/2024\/04\/icone-esafaz.jpeg\",\"contentUrl\":\"https:\/\/portalesafaz.sefaz.pe.gov.br\/wp-content\/uploads\/2024\/04\/icone-esafaz.jpeg\",\"width\":300,\"height\":300,\"caption\":\"Portal Esafaz\"},\"image\":{\"@id\":\"http:\/\/localhost\/#\/schema\/logo\/image\/\"},\"sameAs\":[\"https:\/\/www.instagram.com\/esafazpe\/\"]}]}<\/script>\r\n<!-- \/ Yoast SEO plugin. -->","yoast_head_json":{"title":"Agenda de Maio - Site Esafaz","robots":{"index":"index","follow":"follow","max-snippet":"max-snippet:-1","max-image-preview":"max-image-preview:large","max-video-preview":"max-video-preview:-1"},"canonical":"https:\/\/portalesafaz.sefaz.pe.gov.br\/index.php\/agenda-de-maio\/","og_locale":"pt_BR","og_type":"article","og_title":"Agenda de Maio - Site Esafaz","og_url":"https:\/\/portalesafaz.sefaz.pe.gov.br\/index.php\/agenda-de-maio\/","og_site_name":"Site Esafaz","article_modified_time":"2024-06-18T19:23:25+00:00","og_image":[{"url":"http:\/\/localhost\/site\/wp-content\/uploads\/2024\/04\/maio-1024x1024.jpeg","type":"","width":"","height":""}],"twitter_card":"summary_large_image","twitter_misc":{"Est. tempo de leitura":"1 minuto"},"schema":{"@context":"https:\/\/schema.org","@graph":[{"@type":"WebPage","@id":"https:\/\/portalesafaz.sefaz.pe.gov.br\/index.php\/agenda-de-maio\/","url":"https:\/\/portalesafaz.sefaz.pe.gov.br\/index.php\/agenda-de-maio\/","name":"Agenda de Maio - Site Esafaz","isPartOf":{"@id":"http:\/\/localhost\/#website"},"primaryImageOfPage":{"@id":"https:\/\/portalesafaz.sefaz.pe.gov.br\/index.php\/agenda-de-maio\/#primaryimage"},"image":{"@id":"https:\/\/portalesafaz.sefaz.pe.gov.br\/index.php\/agenda-de-maio\/#primaryimage"},"thumbnailUrl":"http:\/\/localhost\/site\/wp-content\/uploads\/2024\/04\/maio-1024x1024.jpeg","datePublished":"2024-04-30T14:53:27+00:00","dateModified":"2024-06-18T19:23:25+00:00","breadcrumb":{"@id":"https:\/\/portalesafaz.sefaz.pe.gov.br\/index.php\/agenda-de-maio\/#breadcrumb"},"inLanguage":"pt-BR","potentialAction":[{"@type":"ReadAction","target":["https:\/\/portalesafaz.sefaz.pe.gov.br\/index.php\/agenda-de-maio\/"]}]},{"@type":"ImageObject","inLanguage":"pt-BR","@id":"https:\/\/portalesafaz.sefaz.pe.gov.br\/index.php\/agenda-de-maio\/#primaryimage","url":"http:\/\/localhost\/site\/wp-content\/uploads\/2024\/04\/maio-1024x1024.jpeg","contentUrl":"http:\/\/localhost\/site\/wp-content\/uploads\/2024\/04\/maio-1024x1024.jpeg"},{"@type":"BreadcrumbList","@id":"https:\/\/portalesafaz.sefaz.pe.gov.br\/index.php\/agenda-de-maio\/#breadcrumb","itemListElement":[{"@type":"ListItem","position":1,"name":"In\u00edcio","item":"https:\/\/esafaz.sefaz.pe.gov.br\/"},{"@type":"ListItem","position":2,"name":"Agenda de Maio"}]},{"@type":"WebSite","@id":"http:\/\/localhost\/#website","url":"http:\/\/localhost\/","name":"Portal Esafaz","description":"","publisher":{"@id":"http:\/\/localhost\/#organization"},"potentialAction":[{"@type":"SearchAction","target":{"@type":"EntryPoint","urlTemplate":"http:\/\/localhost\/?s={search_term_string}"},"query-input":{"@type":"PropertyValueSpecification","valueRequired":true,"valueName":"search_term_string"}}],"inLanguage":"pt-BR"},{"@type":"Organization","@id":"http:\/\/localhost\/#organization","name":"Portal Esafaz","url":"http:\/\/localhost\/","logo":{"@type":"ImageObject","inLanguage":"pt-BR","@id":"http:\/\/localhost\/#\/schema\/logo\/image\/","url":"https:\/\/portalesafaz.sefaz.pe.gov.br\/wp-content\/uploads\/2024\/04\/icone-esafaz.jpeg","contentUrl":"https:\/\/portalesafaz.sefaz.pe.gov.br\/wp-content\/uploads\/2024\/04\/icone-esafaz.jpeg","width":300,"height":300,"caption":"Portal Esafaz"},"image":{"@id":"http:\/\/localhost\/#\/schema\/logo\/image\/"},"sameAs":["https:\/\/www.instagram.com\/esafazpe\/"]}]}},"jetpack_sharing_enabled":true,"_links":{"self":[{"href":"https:\/\/esafaz.sefaz.pe.gov.br\/index.php\/wp-json\/wp\/v2\/pages\/637"}],"collection":[{"href":"https:\/\/esafaz.sefaz.pe.gov.br\/index.php\/wp-json\/wp\/v2\/pages"}],"about":[{"href":"https:\/\/esafaz.sefaz.pe.gov.br\/index.php\/wp-json\/wp\/v2\/types\/page"}],"author":[{"embeddable":true,"href":"https:\/\/esafaz.sefaz.pe.gov.br\/index.php\/wp-json\/wp\/v2\/users\/1"}],"replies":[{"embeddable":true,"href":"https:\/\/esafaz.sefaz.pe.gov.br\/index.php\/wp-json\/wp\/v2\/comments?post=637"}],"version-history":[{"count":22,"href":"https:\/\/esafaz.sefaz.pe.gov.br\/index.php\/wp-json\/wp\/v2\/pages\/637\/revisions"}],"predecessor-version":[{"id":1881,"href":"https:\/\/esafaz.sefaz.pe.gov.br\/index.php\/wp-json\/wp\/v2\/pages\/637\/revisions\/1881"}],"wp:attachment":[{"href":"https:\/\/esafaz.sefaz.pe.gov.br\/index.php\/wp-json\/wp\/v2\/media?parent=637"}],"curies":[{"name":"wp","href":"https:\/\/api.w.org\/{rel}","templated":true}]}}