{"id":5540,"date":"2025-12-01T12:30:53","date_gmt":"2025-12-01T15:30:53","guid":{"rendered":"https:\/\/esafaz.sefaz.pe.gov.br\/?page_id=5540"},"modified":"2025-12-01T12:38:19","modified_gmt":"2025-12-01T15:38:19","slug":"documentario-ronda-da-memoria-conteudo","status":"publish","type":"page","link":"https:\/\/esafaz.sefaz.pe.gov.br\/index.php\/documentario-ronda-da-memoria-conteudo\/","title":{"rendered":"Document\u00e1rio Ronda da Mem\u00f3ria &#8211; Conte\u00fado"},"content":{"rendered":"\n<\/br><\/br><h1>Document\u00e1rio Ronda da Mem\u00f3ria<\/h1><\/br>\n\n\n\n<figure class=\"wp-block-embed is-type-video is-provider-youtube wp-block-embed-youtube wp-embed-aspect-16-9 wp-has-aspect-ratio\"><div class=\"wp-block-embed__wrapper\">\n<iframe title=\"Document\u00e1rio Ronda da Mem\u00f3ria\" width=\"1200\" height=\"675\" src=\"https:\/\/www.youtube.com\/embed\/LA-kRjlP_Og?feature=oembed\" frameborder=\"0\" allow=\"accelerometer; autoplay; clipboard-write; encrypted-media; gyroscope; picture-in-picture; web-share\" referrerpolicy=\"strict-origin-when-cross-origin\" allowfullscreen><\/iframe>\n<\/div><\/figure>\n\n\n\n<p>Ronda da Mem\u00f3ria \u2013 Hist\u00f3rias que constroem a Sefaz<\/p>\n\n\n\n<p>Toda institui\u00e7\u00e3o tem sua hist\u00f3ria \u2014 e a da Secretaria da Fazenda \u00e9 constru\u00edda por pessoas. No document\u00e1rio \u201cRonda da Mem\u00f3ria\u201d, servidores da Sefaz relembram epis\u00f3dios marcantes de suas trajet\u00f3rias, compartilhando viv\u00eancias, desafios e conquistas que ajudam a compor a identidade da nossa institui\u00e7\u00e3o.<\/p>\n\n\n\n<p>O document\u00e1rio revela um lado da Fazenda que vai al\u00e9m dos n\u00fameros: mostra afeto, dedica\u00e7\u00e3o, pertencimento e a for\u00e7a do trabalho de quem ajudou \u2014 e ainda ajuda \u2014 a construir a hist\u00f3ria tribut\u00e1ria do nosso estado.<\/p>\n\n\n\n<p>Exibido pela primeira vez no anivers\u00e1rio de 2 anos do Espa\u00e7o Memorial Sefaz, o document\u00e1rio agora est\u00e1 dispon\u00edvel para acesso p\u00fablico aqui no Portal Esafaz.<\/p>\n\n\n\n<p>Assista e conhe\u00e7a as hist\u00f3rias que preservam a mem\u00f3ria da Sefaz e inspiram o futuro.<\/p>\n\n\n\n<\/br><\/br><\/br>\n\n\n\n<p><\/p>\n","protected":false},"excerpt":{"rendered":"<p>Document\u00e1rio Ronda da Mem\u00f3ria Ronda da Mem\u00f3ria \u2013 Hist\u00f3rias que constroem a Sefaz Toda institui\u00e7\u00e3o tem sua hist\u00f3ria \u2014 e a da Secretaria da Fazenda \u00e9 constru\u00edda por pessoas. No document\u00e1rio \u201cRonda da Mem\u00f3ria\u201d, servidores da Sefaz relembram epis\u00f3dios marcantes de suas trajet\u00f3rias, compartilhando viv\u00eancias, desafios e conquistas que ajudam a compor a identidade da &#8230; <a title=\"Document\u00e1rio Ronda da Mem\u00f3ria &#8211; Conte\u00fado\" class=\"read-more\" href=\"https:\/\/esafaz.sefaz.pe.gov.br\/index.php\/documentario-ronda-da-memoria-conteudo\/\" aria-label=\"Read more about Document\u00e1rio Ronda da Mem\u00f3ria &#8211; Conte\u00fado\">Ler mais<\/a><\/p>\n","protected":false},"author":1,"featured_media":0,"parent":0,"menu_order":0,"comment_status":"closed","ping_status":"closed","template":"","meta":{"inline_featured_image":false,"courseId":0,"footnotes":""},"class_list":["post-5540","page","type-page","status-publish"],"yoast_head":"<!-- This site is optimized with the Yoast SEO plugin v25.1 - https:\/\/yoast.com\/wordpress\/plugins\/seo\/ -->\r\n<title>Document\u00e1rio Ronda da Mem\u00f3ria - Conte\u00fado - Site Esafaz<\/title>\r\n<meta name=\"robots\" content=\"index, follow, max-snippet:-1, max-image-preview:large, max-video-preview:-1\" \/>\r\n<link rel=\"canonical\" href=\"https:\/\/esafaz.sefaz.pe.gov.br\/index.php\/documentario-ronda-da-memoria-conteudo\/\" \/>\r\n<meta property=\"og:locale\" content=\"pt_BR\" \/>\r\n<meta property=\"og:type\" content=\"article\" \/>\r\n<meta property=\"og:title\" content=\"Document\u00e1rio Ronda da Mem\u00f3ria - Conte\u00fado - Site Esafaz\" \/>\r\n<meta property=\"og:description\" content=\"Document\u00e1rio Ronda da Mem\u00f3ria Ronda da Mem\u00f3ria \u2013 Hist\u00f3rias que constroem a Sefaz Toda institui\u00e7\u00e3o tem sua hist\u00f3ria \u2014 e a da Secretaria da Fazenda \u00e9 constru\u00edda por pessoas. No document\u00e1rio \u201cRonda da Mem\u00f3ria\u201d, servidores da Sefaz relembram epis\u00f3dios marcantes de suas trajet\u00f3rias, compartilhando viv\u00eancias, desafios e conquistas que ajudam a compor a identidade da ... Ler mais\" \/>\r\n<meta property=\"og:url\" content=\"https:\/\/esafaz.sefaz.pe.gov.br\/index.php\/documentario-ronda-da-memoria-conteudo\/\" \/>\r\n<meta property=\"og:site_name\" content=\"Site Esafaz\" \/>\r\n<meta property=\"article:modified_time\" content=\"2025-12-01T15:38:19+00:00\" \/>\r\n<meta name=\"twitter:card\" content=\"summary_large_image\" \/>\r\n<meta name=\"twitter:label1\" content=\"Est. tempo de leitura\" \/>\n\t<meta name=\"twitter:data1\" content=\"1 minuto\" \/>\r\n<script type=\"application\/ld+json\" class=\"yoast-schema-graph\">{\"@context\":\"https:\/\/schema.org\",\"@graph\":[{\"@type\":\"WebPage\",\"@id\":\"https:\/\/esafaz.sefaz.pe.gov.br\/index.php\/documentario-ronda-da-memoria-conteudo\/\",\"url\":\"https:\/\/esafaz.sefaz.pe.gov.br\/index.php\/documentario-ronda-da-memoria-conteudo\/\",\"name\":\"Document\u00e1rio Ronda da Mem\u00f3ria - Conte\u00fado - Site Esafaz\",\"isPartOf\":{\"@id\":\"http:\/\/localhost\/#website\"},\"datePublished\":\"2025-12-01T15:30:53+00:00\",\"dateModified\":\"2025-12-01T15:38:19+00:00\",\"breadcrumb\":{\"@id\":\"https:\/\/esafaz.sefaz.pe.gov.br\/index.php\/documentario-ronda-da-memoria-conteudo\/#breadcrumb\"},\"inLanguage\":\"pt-BR\",\"potentialAction\":[{\"@type\":\"ReadAction\",\"target\":[\"https:\/\/esafaz.sefaz.pe.gov.br\/index.php\/documentario-ronda-da-memoria-conteudo\/\"]}]},{\"@type\":\"BreadcrumbList\",\"@id\":\"https:\/\/esafaz.sefaz.pe.gov.br\/index.php\/documentario-ronda-da-memoria-conteudo\/#breadcrumb\",\"itemListElement\":[{\"@type\":\"ListItem\",\"position\":1,\"name\":\"In\u00edcio\",\"item\":\"https:\/\/esafaz.sefaz.pe.gov.br\/\"},{\"@type\":\"ListItem\",\"position\":2,\"name\":\"Document\u00e1rio Ronda da Mem\u00f3ria &#8211; Conte\u00fado\"}]},{\"@type\":\"WebSite\",\"@id\":\"http:\/\/localhost\/#website\",\"url\":\"http:\/\/localhost\/\",\"name\":\"Portal Esafaz\",\"description\":\"\",\"publisher\":{\"@id\":\"http:\/\/localhost\/#organization\"},\"potentialAction\":[{\"@type\":\"SearchAction\",\"target\":{\"@type\":\"EntryPoint\",\"urlTemplate\":\"http:\/\/localhost\/?s={search_term_string}\"},\"query-input\":{\"@type\":\"PropertyValueSpecification\",\"valueRequired\":true,\"valueName\":\"search_term_string\"}}],\"inLanguage\":\"pt-BR\"},{\"@type\":\"Organization\",\"@id\":\"http:\/\/localhost\/#organization\",\"name\":\"Portal Esafaz\",\"url\":\"http:\/\/localhost\/\",\"logo\":{\"@type\":\"ImageObject\",\"inLanguage\":\"pt-BR\",\"@id\":\"http:\/\/localhost\/#\/schema\/logo\/image\/\",\"url\":\"https:\/\/portalesafaz.sefaz.pe.gov.br\/wp-content\/uploads\/2024\/04\/icone-esafaz.jpeg\",\"contentUrl\":\"https:\/\/portalesafaz.sefaz.pe.gov.br\/wp-content\/uploads\/2024\/04\/icone-esafaz.jpeg\",\"width\":300,\"height\":300,\"caption\":\"Portal Esafaz\"},\"image\":{\"@id\":\"http:\/\/localhost\/#\/schema\/logo\/image\/\"},\"sameAs\":[\"https:\/\/www.instagram.com\/esafazpe\/\"]}]}<\/script>\r\n<!-- \/ Yoast SEO plugin. -->","yoast_head_json":{"title":"Document\u00e1rio Ronda da Mem\u00f3ria - Conte\u00fado - Site Esafaz","robots":{"index":"index","follow":"follow","max-snippet":"max-snippet:-1","max-image-preview":"max-image-preview:large","max-video-preview":"max-video-preview:-1"},"canonical":"https:\/\/esafaz.sefaz.pe.gov.br\/index.php\/documentario-ronda-da-memoria-conteudo\/","og_locale":"pt_BR","og_type":"article","og_title":"Document\u00e1rio Ronda da Mem\u00f3ria - Conte\u00fado - Site Esafaz","og_description":"Document\u00e1rio Ronda da Mem\u00f3ria Ronda da Mem\u00f3ria \u2013 Hist\u00f3rias que constroem a Sefaz Toda institui\u00e7\u00e3o tem sua hist\u00f3ria \u2014 e a da Secretaria da Fazenda \u00e9 constru\u00edda por pessoas. No document\u00e1rio \u201cRonda da Mem\u00f3ria\u201d, servidores da Sefaz relembram epis\u00f3dios marcantes de suas trajet\u00f3rias, compartilhando viv\u00eancias, desafios e conquistas que ajudam a compor a identidade da ... Ler mais","og_url":"https:\/\/esafaz.sefaz.pe.gov.br\/index.php\/documentario-ronda-da-memoria-conteudo\/","og_site_name":"Site Esafaz","article_modified_time":"2025-12-01T15:38:19+00:00","twitter_card":"summary_large_image","twitter_misc":{"Est. tempo de leitura":"1 minuto"},"schema":{"@context":"https:\/\/schema.org","@graph":[{"@type":"WebPage","@id":"https:\/\/esafaz.sefaz.pe.gov.br\/index.php\/documentario-ronda-da-memoria-conteudo\/","url":"https:\/\/esafaz.sefaz.pe.gov.br\/index.php\/documentario-ronda-da-memoria-conteudo\/","name":"Document\u00e1rio Ronda da Mem\u00f3ria - Conte\u00fado - Site Esafaz","isPartOf":{"@id":"http:\/\/localhost\/#website"},"datePublished":"2025-12-01T15:30:53+00:00","dateModified":"2025-12-01T15:38:19+00:00","breadcrumb":{"@id":"https:\/\/esafaz.sefaz.pe.gov.br\/index.php\/documentario-ronda-da-memoria-conteudo\/#breadcrumb"},"inLanguage":"pt-BR","potentialAction":[{"@type":"ReadAction","target":["https:\/\/esafaz.sefaz.pe.gov.br\/index.php\/documentario-ronda-da-memoria-conteudo\/"]}]},{"@type":"BreadcrumbList","@id":"https:\/\/esafaz.sefaz.pe.gov.br\/index.php\/documentario-ronda-da-memoria-conteudo\/#breadcrumb","itemListElement":[{"@type":"ListItem","position":1,"name":"In\u00edcio","item":"https:\/\/esafaz.sefaz.pe.gov.br\/"},{"@type":"ListItem","position":2,"name":"Document\u00e1rio Ronda da Mem\u00f3ria &#8211; Conte\u00fado"}]},{"@type":"WebSite","@id":"http:\/\/localhost\/#website","url":"http:\/\/localhost\/","name":"Portal Esafaz","description":"","publisher":{"@id":"http:\/\/localhost\/#organization"},"potentialAction":[{"@type":"SearchAction","target":{"@type":"EntryPoint","urlTemplate":"http:\/\/localhost\/?s={search_term_string}"},"query-input":{"@type":"PropertyValueSpecification","valueRequired":true,"valueName":"search_term_string"}}],"inLanguage":"pt-BR"},{"@type":"Organization","@id":"http:\/\/localhost\/#organization","name":"Portal Esafaz","url":"http:\/\/localhost\/","logo":{"@type":"ImageObject","inLanguage":"pt-BR","@id":"http:\/\/localhost\/#\/schema\/logo\/image\/","url":"https:\/\/portalesafaz.sefaz.pe.gov.br\/wp-content\/uploads\/2024\/04\/icone-esafaz.jpeg","contentUrl":"https:\/\/portalesafaz.sefaz.pe.gov.br\/wp-content\/uploads\/2024\/04\/icone-esafaz.jpeg","width":300,"height":300,"caption":"Portal Esafaz"},"image":{"@id":"http:\/\/localhost\/#\/schema\/logo\/image\/"},"sameAs":["https:\/\/www.instagram.com\/esafazpe\/"]}]}},"jetpack_sharing_enabled":true,"_links":{"self":[{"href":"https:\/\/esafaz.sefaz.pe.gov.br\/index.php\/wp-json\/wp\/v2\/pages\/5540"}],"collection":[{"href":"https:\/\/esafaz.sefaz.pe.gov.br\/index.php\/wp-json\/wp\/v2\/pages"}],"about":[{"href":"https:\/\/esafaz.sefaz.pe.gov.br\/index.php\/wp-json\/wp\/v2\/types\/page"}],"author":[{"embeddable":true,"href":"https:\/\/esafaz.sefaz.pe.gov.br\/index.php\/wp-json\/wp\/v2\/users\/1"}],"replies":[{"embeddable":true,"href":"https:\/\/esafaz.sefaz.pe.gov.br\/index.php\/wp-json\/wp\/v2\/comments?post=5540"}],"version-history":[{"count":1,"href":"https:\/\/esafaz.sefaz.pe.gov.br\/index.php\/wp-json\/wp\/v2\/pages\/5540\/revisions"}],"predecessor-version":[{"id":5541,"href":"https:\/\/esafaz.sefaz.pe.gov.br\/index.php\/wp-json\/wp\/v2\/pages\/5540\/revisions\/5541"}],"wp:attachment":[{"href":"https:\/\/esafaz.sefaz.pe.gov.br\/index.php\/wp-json\/wp\/v2\/media?parent=5540"}],"curies":[{"name":"wp","href":"https:\/\/api.w.org\/{rel}","templated":true}]}}