{"id":5528,"date":"2025-11-17T10:08:53","date_gmt":"2025-11-17T13:08:53","guid":{"rendered":"https:\/\/esafaz.sefaz.pe.gov.br\/?page_id=5528"},"modified":"2025-11-17T10:08:58","modified_gmt":"2025-11-17T13:08:58","slug":"aconteceu-na-semana-31-10-25","status":"publish","type":"page","link":"https:\/\/esafaz.sefaz.pe.gov.br\/index.php\/aconteceu-na-semana-31-10-25\/","title":{"rendered":"Aconteceu na Semana 31\/10\/25"},"content":{"rendered":"\n<\/br><\/br><h1>Aconteceu na Semana<\/h1><\/br>\n\n\n\n<figure class=\"wp-block-image size-large\"><img decoding=\"async\" src=\"https:\/\/esafaz.sefaz.pe.gov.br\/wp-content\/uploads\/2025\/11\/site-aconteceu-na-semana-31.10.png\" alt=\"\"\/><\/figure>\n\n\n\n<p><\/p>\n\n\n\n<p>\u2728 Semana de aprendizado, celebra\u00e7\u00e3o e cidadania na ESAFAZ-PE!<\/p>\n\n\n\n<p>Foi uma semana marcada por conhecimento, engajamento e valoriza\u00e7\u00e3o do servi\u00e7o p\u00fablico.<br>Conclu\u00edmos o Curso de Orat\u00f3ria, sob instrutoria do professor Robson do Monte, no qual nossos servidores aprimoraram suas habilidades de comunica\u00e7\u00e3o, aprendendo t\u00e9cnicas de express\u00e3o oral, postura e entona\u00e7\u00e3o para se destacarem com mais seguran\u00e7a e confian\u00e7a ao falar em p\u00fablico.<\/p>\n\n\n\n<p>Durante o evento em comemora\u00e7\u00e3o ao Dia do Servidor P\u00fablico, promovido pela SAD, a Ger\u00eancia do Programa de Educa\u00e7\u00e3o Fiscal realizou uma a\u00e7\u00e3o especial de conscientiza\u00e7\u00e3o sobre a import\u00e2ncia de pedir a Nota Fiscal, unindo informa\u00e7\u00e3o, cidadania e um toque de do\u00e7ura. Na ocasi\u00e3o, tamb\u00e9m divulgamos o Espa\u00e7o Memorial SEFAZ, que preserva a hist\u00f3ria e o legado fazend\u00e1rio de Pernambuco.<\/p>\n\n\n\n<p>E, para encerrar a semana com chave de ouro, recebemos os estudantes da EREM Augusto Gondim, do munic\u00edpio de Goiana, no Espa\u00e7o Memorial, em um encontro repleto de troca, curiosidade e aprendizado sobre a constru\u00e7\u00e3o da cidadania fiscal.<\/p>\n\n\n\n<p>Seguimos firmes no prop\u00f3sito de educar, inspirar e fortalecer a cultura fazend\u00e1ria pernambucana!<\/p>\n\n\n\n<\/br><\/br><\/br>\n","protected":false},"excerpt":{"rendered":"<p>Aconteceu na Semana \u2728 Semana de aprendizado, celebra\u00e7\u00e3o e cidadania na ESAFAZ-PE! Foi uma semana marcada por conhecimento, engajamento e valoriza\u00e7\u00e3o do servi\u00e7o p\u00fablico.Conclu\u00edmos o Curso de Orat\u00f3ria, sob instrutoria do professor Robson do Monte, no qual nossos servidores aprimoraram suas habilidades de comunica\u00e7\u00e3o, aprendendo t\u00e9cnicas de express\u00e3o oral, postura e entona\u00e7\u00e3o para se destacarem &#8230; <a title=\"Aconteceu na Semana 31\/10\/25\" class=\"read-more\" href=\"https:\/\/esafaz.sefaz.pe.gov.br\/index.php\/aconteceu-na-semana-31-10-25\/\" aria-label=\"Read more about Aconteceu na Semana 31\/10\/25\">Ler mais<\/a><\/p>\n","protected":false},"author":1,"featured_media":0,"parent":0,"menu_order":0,"comment_status":"closed","ping_status":"closed","template":"","meta":{"inline_featured_image":false,"courseId":0,"footnotes":""},"class_list":["post-5528","page","type-page","status-publish"],"yoast_head":"<!-- This site is optimized with the Yoast SEO plugin v25.1 - https:\/\/yoast.com\/wordpress\/plugins\/seo\/ -->\r\n<title>Aconteceu na Semana 31\/10\/25 - Site Esafaz<\/title>\r\n<meta name=\"robots\" content=\"index, follow, max-snippet:-1, max-image-preview:large, max-video-preview:-1\" \/>\r\n<link rel=\"canonical\" href=\"https:\/\/esafaz.sefaz.pe.gov.br\/index.php\/aconteceu-na-semana-31-10-25\/\" \/>\r\n<meta property=\"og:locale\" content=\"pt_BR\" \/>\r\n<meta property=\"og:type\" content=\"article\" \/>\r\n<meta property=\"og:title\" content=\"Aconteceu na Semana 31\/10\/25 - Site Esafaz\" \/>\r\n<meta property=\"og:description\" content=\"Aconteceu na Semana \u2728 Semana de aprendizado, celebra\u00e7\u00e3o e cidadania na ESAFAZ-PE! Foi uma semana marcada por conhecimento, engajamento e valoriza\u00e7\u00e3o do servi\u00e7o p\u00fablico.Conclu\u00edmos o Curso de Orat\u00f3ria, sob instrutoria do professor Robson do Monte, no qual nossos servidores aprimoraram suas habilidades de comunica\u00e7\u00e3o, aprendendo t\u00e9cnicas de express\u00e3o oral, postura e entona\u00e7\u00e3o para se destacarem ... Ler mais\" \/>\r\n<meta property=\"og:url\" content=\"https:\/\/esafaz.sefaz.pe.gov.br\/index.php\/aconteceu-na-semana-31-10-25\/\" \/>\r\n<meta property=\"og:site_name\" content=\"Site Esafaz\" \/>\r\n<meta property=\"article:modified_time\" content=\"2025-11-17T13:08:58+00:00\" \/>\r\n<meta property=\"og:image\" content=\"https:\/\/esafaz.sefaz.pe.gov.br\/wp-content\/uploads\/2025\/11\/site-aconteceu-na-semana-31.10.png\" \/>\r\n<meta name=\"twitter:card\" content=\"summary_large_image\" \/>\r\n<meta name=\"twitter:label1\" content=\"Est. tempo de leitura\" \/>\n\t<meta name=\"twitter:data1\" content=\"2 minutos\" \/>\r\n<script type=\"application\/ld+json\" class=\"yoast-schema-graph\">{\"@context\":\"https:\/\/schema.org\",\"@graph\":[{\"@type\":\"WebPage\",\"@id\":\"https:\/\/esafaz.sefaz.pe.gov.br\/index.php\/aconteceu-na-semana-31-10-25\/\",\"url\":\"https:\/\/esafaz.sefaz.pe.gov.br\/index.php\/aconteceu-na-semana-31-10-25\/\",\"name\":\"Aconteceu na Semana 31\/10\/25 - Site Esafaz\",\"isPartOf\":{\"@id\":\"http:\/\/localhost\/#website\"},\"primaryImageOfPage\":{\"@id\":\"https:\/\/esafaz.sefaz.pe.gov.br\/index.php\/aconteceu-na-semana-31-10-25\/#primaryimage\"},\"image\":{\"@id\":\"https:\/\/esafaz.sefaz.pe.gov.br\/index.php\/aconteceu-na-semana-31-10-25\/#primaryimage\"},\"thumbnailUrl\":\"https:\/\/esafaz.sefaz.pe.gov.br\/wp-content\/uploads\/2025\/11\/site-aconteceu-na-semana-31.10.png\",\"datePublished\":\"2025-11-17T13:08:53+00:00\",\"dateModified\":\"2025-11-17T13:08:58+00:00\",\"breadcrumb\":{\"@id\":\"https:\/\/esafaz.sefaz.pe.gov.br\/index.php\/aconteceu-na-semana-31-10-25\/#breadcrumb\"},\"inLanguage\":\"pt-BR\",\"potentialAction\":[{\"@type\":\"ReadAction\",\"target\":[\"https:\/\/esafaz.sefaz.pe.gov.br\/index.php\/aconteceu-na-semana-31-10-25\/\"]}]},{\"@type\":\"ImageObject\",\"inLanguage\":\"pt-BR\",\"@id\":\"https:\/\/esafaz.sefaz.pe.gov.br\/index.php\/aconteceu-na-semana-31-10-25\/#primaryimage\",\"url\":\"https:\/\/esafaz.sefaz.pe.gov.br\/wp-content\/uploads\/2025\/11\/site-aconteceu-na-semana-31.10.png\",\"contentUrl\":\"https:\/\/esafaz.sefaz.pe.gov.br\/wp-content\/uploads\/2025\/11\/site-aconteceu-na-semana-31.10.png\",\"width\":1600,\"height\":1020},{\"@type\":\"BreadcrumbList\",\"@id\":\"https:\/\/esafaz.sefaz.pe.gov.br\/index.php\/aconteceu-na-semana-31-10-25\/#breadcrumb\",\"itemListElement\":[{\"@type\":\"ListItem\",\"position\":1,\"name\":\"In\u00edcio\",\"item\":\"https:\/\/esafaz.sefaz.pe.gov.br\/\"},{\"@type\":\"ListItem\",\"position\":2,\"name\":\"Aconteceu na Semana 31\/10\/25\"}]},{\"@type\":\"WebSite\",\"@id\":\"http:\/\/localhost\/#website\",\"url\":\"http:\/\/localhost\/\",\"name\":\"Portal Esafaz\",\"description\":\"\",\"publisher\":{\"@id\":\"http:\/\/localhost\/#organization\"},\"potentialAction\":[{\"@type\":\"SearchAction\",\"target\":{\"@type\":\"EntryPoint\",\"urlTemplate\":\"http:\/\/localhost\/?s={search_term_string}\"},\"query-input\":{\"@type\":\"PropertyValueSpecification\",\"valueRequired\":true,\"valueName\":\"search_term_string\"}}],\"inLanguage\":\"pt-BR\"},{\"@type\":\"Organization\",\"@id\":\"http:\/\/localhost\/#organization\",\"name\":\"Portal Esafaz\",\"url\":\"http:\/\/localhost\/\",\"logo\":{\"@type\":\"ImageObject\",\"inLanguage\":\"pt-BR\",\"@id\":\"http:\/\/localhost\/#\/schema\/logo\/image\/\",\"url\":\"https:\/\/portalesafaz.sefaz.pe.gov.br\/wp-content\/uploads\/2024\/04\/icone-esafaz.jpeg\",\"contentUrl\":\"https:\/\/portalesafaz.sefaz.pe.gov.br\/wp-content\/uploads\/2024\/04\/icone-esafaz.jpeg\",\"width\":300,\"height\":300,\"caption\":\"Portal Esafaz\"},\"image\":{\"@id\":\"http:\/\/localhost\/#\/schema\/logo\/image\/\"},\"sameAs\":[\"https:\/\/www.instagram.com\/esafazpe\/\"]}]}<\/script>\r\n<!-- \/ Yoast SEO plugin. -->","yoast_head_json":{"title":"Aconteceu na Semana 31\/10\/25 - Site Esafaz","robots":{"index":"index","follow":"follow","max-snippet":"max-snippet:-1","max-image-preview":"max-image-preview:large","max-video-preview":"max-video-preview:-1"},"canonical":"https:\/\/esafaz.sefaz.pe.gov.br\/index.php\/aconteceu-na-semana-31-10-25\/","og_locale":"pt_BR","og_type":"article","og_title":"Aconteceu na Semana 31\/10\/25 - Site Esafaz","og_description":"Aconteceu na Semana \u2728 Semana de aprendizado, celebra\u00e7\u00e3o e cidadania na ESAFAZ-PE! Foi uma semana marcada por conhecimento, engajamento e valoriza\u00e7\u00e3o do servi\u00e7o p\u00fablico.Conclu\u00edmos o Curso de Orat\u00f3ria, sob instrutoria do professor Robson do Monte, no qual nossos servidores aprimoraram suas habilidades de comunica\u00e7\u00e3o, aprendendo t\u00e9cnicas de express\u00e3o oral, postura e entona\u00e7\u00e3o para se destacarem ... Ler mais","og_url":"https:\/\/esafaz.sefaz.pe.gov.br\/index.php\/aconteceu-na-semana-31-10-25\/","og_site_name":"Site Esafaz","article_modified_time":"2025-11-17T13:08:58+00:00","og_image":[{"url":"https:\/\/esafaz.sefaz.pe.gov.br\/wp-content\/uploads\/2025\/11\/site-aconteceu-na-semana-31.10.png","type":"","width":"","height":""}],"twitter_card":"summary_large_image","twitter_misc":{"Est. tempo de leitura":"2 minutos"},"schema":{"@context":"https:\/\/schema.org","@graph":[{"@type":"WebPage","@id":"https:\/\/esafaz.sefaz.pe.gov.br\/index.php\/aconteceu-na-semana-31-10-25\/","url":"https:\/\/esafaz.sefaz.pe.gov.br\/index.php\/aconteceu-na-semana-31-10-25\/","name":"Aconteceu na Semana 31\/10\/25 - Site Esafaz","isPartOf":{"@id":"http:\/\/localhost\/#website"},"primaryImageOfPage":{"@id":"https:\/\/esafaz.sefaz.pe.gov.br\/index.php\/aconteceu-na-semana-31-10-25\/#primaryimage"},"image":{"@id":"https:\/\/esafaz.sefaz.pe.gov.br\/index.php\/aconteceu-na-semana-31-10-25\/#primaryimage"},"thumbnailUrl":"https:\/\/esafaz.sefaz.pe.gov.br\/wp-content\/uploads\/2025\/11\/site-aconteceu-na-semana-31.10.png","datePublished":"2025-11-17T13:08:53+00:00","dateModified":"2025-11-17T13:08:58+00:00","breadcrumb":{"@id":"https:\/\/esafaz.sefaz.pe.gov.br\/index.php\/aconteceu-na-semana-31-10-25\/#breadcrumb"},"inLanguage":"pt-BR","potentialAction":[{"@type":"ReadAction","target":["https:\/\/esafaz.sefaz.pe.gov.br\/index.php\/aconteceu-na-semana-31-10-25\/"]}]},{"@type":"ImageObject","inLanguage":"pt-BR","@id":"https:\/\/esafaz.sefaz.pe.gov.br\/index.php\/aconteceu-na-semana-31-10-25\/#primaryimage","url":"https:\/\/esafaz.sefaz.pe.gov.br\/wp-content\/uploads\/2025\/11\/site-aconteceu-na-semana-31.10.png","contentUrl":"https:\/\/esafaz.sefaz.pe.gov.br\/wp-content\/uploads\/2025\/11\/site-aconteceu-na-semana-31.10.png","width":1600,"height":1020},{"@type":"BreadcrumbList","@id":"https:\/\/esafaz.sefaz.pe.gov.br\/index.php\/aconteceu-na-semana-31-10-25\/#breadcrumb","itemListElement":[{"@type":"ListItem","position":1,"name":"In\u00edcio","item":"https:\/\/esafaz.sefaz.pe.gov.br\/"},{"@type":"ListItem","position":2,"name":"Aconteceu na Semana 31\/10\/25"}]},{"@type":"WebSite","@id":"http:\/\/localhost\/#website","url":"http:\/\/localhost\/","name":"Portal Esafaz","description":"","publisher":{"@id":"http:\/\/localhost\/#organization"},"potentialAction":[{"@type":"SearchAction","target":{"@type":"EntryPoint","urlTemplate":"http:\/\/localhost\/?s={search_term_string}"},"query-input":{"@type":"PropertyValueSpecification","valueRequired":true,"valueName":"search_term_string"}}],"inLanguage":"pt-BR"},{"@type":"Organization","@id":"http:\/\/localhost\/#organization","name":"Portal Esafaz","url":"http:\/\/localhost\/","logo":{"@type":"ImageObject","inLanguage":"pt-BR","@id":"http:\/\/localhost\/#\/schema\/logo\/image\/","url":"https:\/\/portalesafaz.sefaz.pe.gov.br\/wp-content\/uploads\/2024\/04\/icone-esafaz.jpeg","contentUrl":"https:\/\/portalesafaz.sefaz.pe.gov.br\/wp-content\/uploads\/2024\/04\/icone-esafaz.jpeg","width":300,"height":300,"caption":"Portal Esafaz"},"image":{"@id":"http:\/\/localhost\/#\/schema\/logo\/image\/"},"sameAs":["https:\/\/www.instagram.com\/esafazpe\/"]}]}},"jetpack_sharing_enabled":true,"_links":{"self":[{"href":"https:\/\/esafaz.sefaz.pe.gov.br\/index.php\/wp-json\/wp\/v2\/pages\/5528"}],"collection":[{"href":"https:\/\/esafaz.sefaz.pe.gov.br\/index.php\/wp-json\/wp\/v2\/pages"}],"about":[{"href":"https:\/\/esafaz.sefaz.pe.gov.br\/index.php\/wp-json\/wp\/v2\/types\/page"}],"author":[{"embeddable":true,"href":"https:\/\/esafaz.sefaz.pe.gov.br\/index.php\/wp-json\/wp\/v2\/users\/1"}],"replies":[{"embeddable":true,"href":"https:\/\/esafaz.sefaz.pe.gov.br\/index.php\/wp-json\/wp\/v2\/comments?post=5528"}],"version-history":[{"count":1,"href":"https:\/\/esafaz.sefaz.pe.gov.br\/index.php\/wp-json\/wp\/v2\/pages\/5528\/revisions"}],"predecessor-version":[{"id":5530,"href":"https:\/\/esafaz.sefaz.pe.gov.br\/index.php\/wp-json\/wp\/v2\/pages\/5528\/revisions\/5530"}],"wp:attachment":[{"href":"https:\/\/esafaz.sefaz.pe.gov.br\/index.php\/wp-json\/wp\/v2\/media?parent=5528"}],"curies":[{"name":"wp","href":"https:\/\/api.w.org\/{rel}","templated":true}]}}