{"id":5375,"date":"2025-10-28T13:00:50","date_gmt":"2025-10-28T16:00:50","guid":{"rendered":"https:\/\/esafaz.sefaz.pe.gov.br\/?page_id=5375"},"modified":"2025-10-28T14:39:08","modified_gmt":"2025-10-28T17:39:08","slug":"aconteceu-na-semana-24-10-25","status":"publish","type":"page","link":"https:\/\/esafaz.sefaz.pe.gov.br\/index.php\/aconteceu-na-semana-24-10-25\/","title":{"rendered":"Aconteceu na Semana 24\/10\/25"},"content":{"rendered":"\n<\/br><\/br><h1>Aconteceu na Semana<\/h1><\/br>\n\n\n\n<figure class=\"wp-block-image size-large\"><img fetchpriority=\"high\" decoding=\"async\" width=\"1024\" height=\"653\" src=\"https:\/\/esafaz.sefaz.pe.gov.br\/wp-content\/uploads\/2025\/10\/site-aconteceu-na-semana-24.10-1024x653.png\" alt=\"\" class=\"wp-image-5376\" srcset=\"https:\/\/esafaz.sefaz.pe.gov.br\/wp-content\/uploads\/2025\/10\/site-aconteceu-na-semana-24.10-1024x653.png 1024w, https:\/\/esafaz.sefaz.pe.gov.br\/wp-content\/uploads\/2025\/10\/site-aconteceu-na-semana-24.10-300x191.png 300w, https:\/\/esafaz.sefaz.pe.gov.br\/wp-content\/uploads\/2025\/10\/site-aconteceu-na-semana-24.10-768x490.png 768w, https:\/\/esafaz.sefaz.pe.gov.br\/wp-content\/uploads\/2025\/10\/site-aconteceu-na-semana-24.10-1536x979.png 1536w, https:\/\/esafaz.sefaz.pe.gov.br\/wp-content\/uploads\/2025\/10\/site-aconteceu-na-semana-24.10.png 1600w\" sizes=\"(max-width: 1024px) 100vw, 1024px\" \/><\/figure>\n\n\n\n<p><\/p>\n\n\n\n<p>Semana de aprendizado, hist\u00f3ria e desenvolvimento na ESAFAZ-PE!<\/p>\n\n\n\n<p>Mais uma semana de muito conhecimento, aprimoramento profissional e valoriza\u00e7\u00e3o da nossa mem\u00f3ria fazend\u00e1ria.<br>Tivemos o curso Excel Aplicado \u00e0 An\u00e1lise de Dados do Tesouro Estadual, capacitando auditores a utilizarem o Excel como ferramenta estrat\u00e9gica para an\u00e1lises fiscais e financeiras mais precisas e inteligentes. Tamb\u00e9m aconteceu a 9\u00aa turma do curso Gest\u00e3o de Tetos de GD3, uma forma\u00e7\u00e3o essencial para quem atua com planejamento, controle e execu\u00e7\u00e3o da despesa p\u00fablica, fortalecendo pr\u00e1ticas de efici\u00eancia na gest\u00e3o or\u00e7ament\u00e1ria. Al\u00e9m disso, o Curso de Orat\u00f3ria trouxe t\u00e9cnicas de express\u00e3o oral, postura e entona\u00e7\u00e3o, ajudando nossos servidores a se destacarem com seguran\u00e7a e confian\u00e7a ao falar em p\u00fablico.<\/p>\n\n\n\n<p>No Memorial SEFAZ, recebemos o doutorando em Hist\u00f3ria pelo El Colegio de M\u00e9xico, que concluiu sua pesquisa no acervo da Biblioteca da SEFAZ-PE \u2014 um importante reconhecimento da nossa hist\u00f3ria como patrim\u00f4nio vivo. Tamb\u00e9m tivemos a reuni\u00e3o do GT66, refor\u00e7ando o compromisso com a Educa\u00e7\u00e3o Fiscal.<\/p>\n\n\n\n<\/br><\/br><\/br>\n","protected":false},"excerpt":{"rendered":"<p>Aconteceu na Semana Semana de aprendizado, hist\u00f3ria e desenvolvimento na ESAFAZ-PE! Mais uma semana de muito conhecimento, aprimoramento profissional e valoriza\u00e7\u00e3o da nossa mem\u00f3ria fazend\u00e1ria.Tivemos o curso Excel Aplicado \u00e0 An\u00e1lise de Dados do Tesouro Estadual, capacitando auditores a utilizarem o Excel como ferramenta estrat\u00e9gica para an\u00e1lises fiscais e financeiras mais precisas e inteligentes. Tamb\u00e9m &#8230; <a title=\"Aconteceu na Semana 24\/10\/25\" class=\"read-more\" href=\"https:\/\/esafaz.sefaz.pe.gov.br\/index.php\/aconteceu-na-semana-24-10-25\/\" aria-label=\"Read more about Aconteceu na Semana 24\/10\/25\">Ler mais<\/a><\/p>\n","protected":false},"author":1,"featured_media":0,"parent":0,"menu_order":0,"comment_status":"closed","ping_status":"closed","template":"","meta":{"inline_featured_image":false,"courseId":0,"footnotes":""},"class_list":["post-5375","page","type-page","status-publish"],"yoast_head":"<!-- This site is optimized with the Yoast SEO plugin v25.1 - https:\/\/yoast.com\/wordpress\/plugins\/seo\/ -->\r\n<title>Aconteceu na Semana 24\/10\/25 - Site Esafaz<\/title>\r\n<meta name=\"robots\" content=\"index, follow, max-snippet:-1, max-image-preview:large, max-video-preview:-1\" \/>\r\n<link rel=\"canonical\" href=\"https:\/\/esafaz.sefaz.pe.gov.br\/index.php\/aconteceu-na-semana-24-10-25\/\" \/>\r\n<meta property=\"og:locale\" content=\"pt_BR\" \/>\r\n<meta property=\"og:type\" content=\"article\" \/>\r\n<meta property=\"og:title\" content=\"Aconteceu na Semana 24\/10\/25 - Site Esafaz\" \/>\r\n<meta property=\"og:description\" content=\"Aconteceu na Semana Semana de aprendizado, hist\u00f3ria e desenvolvimento na ESAFAZ-PE! Mais uma semana de muito conhecimento, aprimoramento profissional e valoriza\u00e7\u00e3o da nossa mem\u00f3ria fazend\u00e1ria.Tivemos o curso Excel Aplicado \u00e0 An\u00e1lise de Dados do Tesouro Estadual, capacitando auditores a utilizarem o Excel como ferramenta estrat\u00e9gica para an\u00e1lises fiscais e financeiras mais precisas e inteligentes. Tamb\u00e9m ... Ler mais\" \/>\r\n<meta property=\"og:url\" content=\"https:\/\/esafaz.sefaz.pe.gov.br\/index.php\/aconteceu-na-semana-24-10-25\/\" \/>\r\n<meta property=\"og:site_name\" content=\"Site Esafaz\" \/>\r\n<meta property=\"article:modified_time\" content=\"2025-10-28T17:39:08+00:00\" \/>\r\n<meta property=\"og:image\" content=\"https:\/\/esafaz.sefaz.pe.gov.br\/wp-content\/uploads\/2025\/10\/site-aconteceu-na-semana-24.10.png\" \/>\r\n\t<meta property=\"og:image:width\" content=\"1600\" \/>\r\n\t<meta property=\"og:image:height\" content=\"1020\" \/>\r\n\t<meta property=\"og:image:type\" content=\"image\/png\" \/>\r\n<meta name=\"twitter:card\" content=\"summary_large_image\" \/>\r\n<meta name=\"twitter:label1\" content=\"Est. tempo de leitura\" \/>\n\t<meta name=\"twitter:data1\" content=\"2 minutos\" \/>\r\n<script type=\"application\/ld+json\" class=\"yoast-schema-graph\">{\"@context\":\"https:\/\/schema.org\",\"@graph\":[{\"@type\":\"WebPage\",\"@id\":\"https:\/\/esafaz.sefaz.pe.gov.br\/index.php\/aconteceu-na-semana-24-10-25\/\",\"url\":\"https:\/\/esafaz.sefaz.pe.gov.br\/index.php\/aconteceu-na-semana-24-10-25\/\",\"name\":\"Aconteceu na Semana 24\/10\/25 - Site Esafaz\",\"isPartOf\":{\"@id\":\"http:\/\/localhost\/#website\"},\"primaryImageOfPage\":{\"@id\":\"https:\/\/esafaz.sefaz.pe.gov.br\/index.php\/aconteceu-na-semana-24-10-25\/#primaryimage\"},\"image\":{\"@id\":\"https:\/\/esafaz.sefaz.pe.gov.br\/index.php\/aconteceu-na-semana-24-10-25\/#primaryimage\"},\"thumbnailUrl\":\"https:\/\/esafaz.sefaz.pe.gov.br\/wp-content\/uploads\/2025\/10\/site-aconteceu-na-semana-24.10-1024x653.png\",\"datePublished\":\"2025-10-28T16:00:50+00:00\",\"dateModified\":\"2025-10-28T17:39:08+00:00\",\"breadcrumb\":{\"@id\":\"https:\/\/esafaz.sefaz.pe.gov.br\/index.php\/aconteceu-na-semana-24-10-25\/#breadcrumb\"},\"inLanguage\":\"pt-BR\",\"potentialAction\":[{\"@type\":\"ReadAction\",\"target\":[\"https:\/\/esafaz.sefaz.pe.gov.br\/index.php\/aconteceu-na-semana-24-10-25\/\"]}]},{\"@type\":\"ImageObject\",\"inLanguage\":\"pt-BR\",\"@id\":\"https:\/\/esafaz.sefaz.pe.gov.br\/index.php\/aconteceu-na-semana-24-10-25\/#primaryimage\",\"url\":\"https:\/\/esafaz.sefaz.pe.gov.br\/wp-content\/uploads\/2025\/10\/site-aconteceu-na-semana-24.10.png\",\"contentUrl\":\"https:\/\/esafaz.sefaz.pe.gov.br\/wp-content\/uploads\/2025\/10\/site-aconteceu-na-semana-24.10.png\",\"width\":1600,\"height\":1020},{\"@type\":\"BreadcrumbList\",\"@id\":\"https:\/\/esafaz.sefaz.pe.gov.br\/index.php\/aconteceu-na-semana-24-10-25\/#breadcrumb\",\"itemListElement\":[{\"@type\":\"ListItem\",\"position\":1,\"name\":\"In\u00edcio\",\"item\":\"https:\/\/esafaz.sefaz.pe.gov.br\/\"},{\"@type\":\"ListItem\",\"position\":2,\"name\":\"Aconteceu na Semana 24\/10\/25\"}]},{\"@type\":\"WebSite\",\"@id\":\"http:\/\/localhost\/#website\",\"url\":\"http:\/\/localhost\/\",\"name\":\"Portal Esafaz\",\"description\":\"\",\"publisher\":{\"@id\":\"http:\/\/localhost\/#organization\"},\"potentialAction\":[{\"@type\":\"SearchAction\",\"target\":{\"@type\":\"EntryPoint\",\"urlTemplate\":\"http:\/\/localhost\/?s={search_term_string}\"},\"query-input\":{\"@type\":\"PropertyValueSpecification\",\"valueRequired\":true,\"valueName\":\"search_term_string\"}}],\"inLanguage\":\"pt-BR\"},{\"@type\":\"Organization\",\"@id\":\"http:\/\/localhost\/#organization\",\"name\":\"Portal Esafaz\",\"url\":\"http:\/\/localhost\/\",\"logo\":{\"@type\":\"ImageObject\",\"inLanguage\":\"pt-BR\",\"@id\":\"http:\/\/localhost\/#\/schema\/logo\/image\/\",\"url\":\"https:\/\/portalesafaz.sefaz.pe.gov.br\/wp-content\/uploads\/2024\/04\/icone-esafaz.jpeg\",\"contentUrl\":\"https:\/\/portalesafaz.sefaz.pe.gov.br\/wp-content\/uploads\/2024\/04\/icone-esafaz.jpeg\",\"width\":300,\"height\":300,\"caption\":\"Portal Esafaz\"},\"image\":{\"@id\":\"http:\/\/localhost\/#\/schema\/logo\/image\/\"},\"sameAs\":[\"https:\/\/www.instagram.com\/esafazpe\/\"]}]}<\/script>\r\n<!-- \/ Yoast SEO plugin. -->","yoast_head_json":{"title":"Aconteceu na Semana 24\/10\/25 - Site Esafaz","robots":{"index":"index","follow":"follow","max-snippet":"max-snippet:-1","max-image-preview":"max-image-preview:large","max-video-preview":"max-video-preview:-1"},"canonical":"https:\/\/esafaz.sefaz.pe.gov.br\/index.php\/aconteceu-na-semana-24-10-25\/","og_locale":"pt_BR","og_type":"article","og_title":"Aconteceu na Semana 24\/10\/25 - Site Esafaz","og_description":"Aconteceu na Semana Semana de aprendizado, hist\u00f3ria e desenvolvimento na ESAFAZ-PE! Mais uma semana de muito conhecimento, aprimoramento profissional e valoriza\u00e7\u00e3o da nossa mem\u00f3ria fazend\u00e1ria.Tivemos o curso Excel Aplicado \u00e0 An\u00e1lise de Dados do Tesouro Estadual, capacitando auditores a utilizarem o Excel como ferramenta estrat\u00e9gica para an\u00e1lises fiscais e financeiras mais precisas e inteligentes. Tamb\u00e9m ... Ler mais","og_url":"https:\/\/esafaz.sefaz.pe.gov.br\/index.php\/aconteceu-na-semana-24-10-25\/","og_site_name":"Site Esafaz","article_modified_time":"2025-10-28T17:39:08+00:00","og_image":[{"width":1600,"height":1020,"url":"https:\/\/esafaz.sefaz.pe.gov.br\/wp-content\/uploads\/2025\/10\/site-aconteceu-na-semana-24.10.png","type":"image\/png"}],"twitter_card":"summary_large_image","twitter_misc":{"Est. tempo de leitura":"2 minutos"},"schema":{"@context":"https:\/\/schema.org","@graph":[{"@type":"WebPage","@id":"https:\/\/esafaz.sefaz.pe.gov.br\/index.php\/aconteceu-na-semana-24-10-25\/","url":"https:\/\/esafaz.sefaz.pe.gov.br\/index.php\/aconteceu-na-semana-24-10-25\/","name":"Aconteceu na Semana 24\/10\/25 - Site Esafaz","isPartOf":{"@id":"http:\/\/localhost\/#website"},"primaryImageOfPage":{"@id":"https:\/\/esafaz.sefaz.pe.gov.br\/index.php\/aconteceu-na-semana-24-10-25\/#primaryimage"},"image":{"@id":"https:\/\/esafaz.sefaz.pe.gov.br\/index.php\/aconteceu-na-semana-24-10-25\/#primaryimage"},"thumbnailUrl":"https:\/\/esafaz.sefaz.pe.gov.br\/wp-content\/uploads\/2025\/10\/site-aconteceu-na-semana-24.10-1024x653.png","datePublished":"2025-10-28T16:00:50+00:00","dateModified":"2025-10-28T17:39:08+00:00","breadcrumb":{"@id":"https:\/\/esafaz.sefaz.pe.gov.br\/index.php\/aconteceu-na-semana-24-10-25\/#breadcrumb"},"inLanguage":"pt-BR","potentialAction":[{"@type":"ReadAction","target":["https:\/\/esafaz.sefaz.pe.gov.br\/index.php\/aconteceu-na-semana-24-10-25\/"]}]},{"@type":"ImageObject","inLanguage":"pt-BR","@id":"https:\/\/esafaz.sefaz.pe.gov.br\/index.php\/aconteceu-na-semana-24-10-25\/#primaryimage","url":"https:\/\/esafaz.sefaz.pe.gov.br\/wp-content\/uploads\/2025\/10\/site-aconteceu-na-semana-24.10.png","contentUrl":"https:\/\/esafaz.sefaz.pe.gov.br\/wp-content\/uploads\/2025\/10\/site-aconteceu-na-semana-24.10.png","width":1600,"height":1020},{"@type":"BreadcrumbList","@id":"https:\/\/esafaz.sefaz.pe.gov.br\/index.php\/aconteceu-na-semana-24-10-25\/#breadcrumb","itemListElement":[{"@type":"ListItem","position":1,"name":"In\u00edcio","item":"https:\/\/esafaz.sefaz.pe.gov.br\/"},{"@type":"ListItem","position":2,"name":"Aconteceu na Semana 24\/10\/25"}]},{"@type":"WebSite","@id":"http:\/\/localhost\/#website","url":"http:\/\/localhost\/","name":"Portal Esafaz","description":"","publisher":{"@id":"http:\/\/localhost\/#organization"},"potentialAction":[{"@type":"SearchAction","target":{"@type":"EntryPoint","urlTemplate":"http:\/\/localhost\/?s={search_term_string}"},"query-input":{"@type":"PropertyValueSpecification","valueRequired":true,"valueName":"search_term_string"}}],"inLanguage":"pt-BR"},{"@type":"Organization","@id":"http:\/\/localhost\/#organization","name":"Portal Esafaz","url":"http:\/\/localhost\/","logo":{"@type":"ImageObject","inLanguage":"pt-BR","@id":"http:\/\/localhost\/#\/schema\/logo\/image\/","url":"https:\/\/portalesafaz.sefaz.pe.gov.br\/wp-content\/uploads\/2024\/04\/icone-esafaz.jpeg","contentUrl":"https:\/\/portalesafaz.sefaz.pe.gov.br\/wp-content\/uploads\/2024\/04\/icone-esafaz.jpeg","width":300,"height":300,"caption":"Portal Esafaz"},"image":{"@id":"http:\/\/localhost\/#\/schema\/logo\/image\/"},"sameAs":["https:\/\/www.instagram.com\/esafazpe\/"]}]}},"jetpack_sharing_enabled":true,"_links":{"self":[{"href":"https:\/\/esafaz.sefaz.pe.gov.br\/index.php\/wp-json\/wp\/v2\/pages\/5375"}],"collection":[{"href":"https:\/\/esafaz.sefaz.pe.gov.br\/index.php\/wp-json\/wp\/v2\/pages"}],"about":[{"href":"https:\/\/esafaz.sefaz.pe.gov.br\/index.php\/wp-json\/wp\/v2\/types\/page"}],"author":[{"embeddable":true,"href":"https:\/\/esafaz.sefaz.pe.gov.br\/index.php\/wp-json\/wp\/v2\/users\/1"}],"replies":[{"embeddable":true,"href":"https:\/\/esafaz.sefaz.pe.gov.br\/index.php\/wp-json\/wp\/v2\/comments?post=5375"}],"version-history":[{"count":1,"href":"https:\/\/esafaz.sefaz.pe.gov.br\/index.php\/wp-json\/wp\/v2\/pages\/5375\/revisions"}],"predecessor-version":[{"id":5377,"href":"https:\/\/esafaz.sefaz.pe.gov.br\/index.php\/wp-json\/wp\/v2\/pages\/5375\/revisions\/5377"}],"wp:attachment":[{"href":"https:\/\/esafaz.sefaz.pe.gov.br\/index.php\/wp-json\/wp\/v2\/media?parent=5375"}],"curies":[{"name":"wp","href":"https:\/\/api.w.org\/{rel}","templated":true}]}}