{"id":5287,"date":"2025-10-20T09:09:45","date_gmt":"2025-10-20T12:09:45","guid":{"rendered":"https:\/\/esafaz.sefaz.pe.gov.br\/?page_id=5287"},"modified":"2025-10-20T09:10:43","modified_gmt":"2025-10-20T12:10:43","slug":"pagina-modelo-aconteceu-na-semana","status":"publish","type":"page","link":"https:\/\/esafaz.sefaz.pe.gov.br\/index.php\/pagina-modelo-aconteceu-na-semana\/","title":{"rendered":"P\u00e1gina Modelo Aconteceu na Semana"},"content":{"rendered":"\n<\/br><\/br><h1>Aconteceu na Semana<\/h1><\/br>\n\n\n\n<figure class=\"wp-block-image size-large\"><img fetchpriority=\"high\" decoding=\"async\" width=\"1024\" height=\"653\" src=\"https:\/\/esafaz.sefaz.pe.gov.br\/wp-content\/uploads\/2025\/10\/site-aconteceu-na-semana-26.09-1024x653.png\" alt=\"\" class=\"wp-image-5284\" srcset=\"https:\/\/esafaz.sefaz.pe.gov.br\/wp-content\/uploads\/2025\/10\/site-aconteceu-na-semana-26.09-1024x653.png 1024w, https:\/\/esafaz.sefaz.pe.gov.br\/wp-content\/uploads\/2025\/10\/site-aconteceu-na-semana-26.09-300x191.png 300w, https:\/\/esafaz.sefaz.pe.gov.br\/wp-content\/uploads\/2025\/10\/site-aconteceu-na-semana-26.09-768x490.png 768w, https:\/\/esafaz.sefaz.pe.gov.br\/wp-content\/uploads\/2025\/10\/site-aconteceu-na-semana-26.09-1536x979.png 1536w, https:\/\/esafaz.sefaz.pe.gov.br\/wp-content\/uploads\/2025\/10\/site-aconteceu-na-semana-26.09.png 1600w\" sizes=\"(max-width: 1024px) 100vw, 1024px\" \/><\/figure>\n\n\n\n<p><\/p>\n\n\n\n<p>\u2728 Semana intensa de conhecimento e conex\u00e3o na ESAFAZ-PE!<\/p>\n\n\n\n<p>Tivemos a 4\u00aa turma do curso \u201ce-Fisco \u2013 Pagamento da Despesa\u201d, capacitando os servidores da \u00e1rea financeira no rito da despesa p\u00fablica, reten\u00e7\u00f5es, devolu\u00e7\u00f5es e consultas cont\u00e1beis e gerenciais no sistema. E realizamos a 1\u00aa turma do curso \u201c\u00c1gil do Jeito Certo com Microsoft Planner\u201d, onde os fazend\u00e1rios aprenderam a transformar sua rotina de trabalho com metodologias \u00e1geis, explorando ferramentas pr\u00e1ticas para planejar, organizar e executar tarefas com mais efici\u00eancia.<\/p>\n\n\n\n<p>Tamb\u00e9m atuamos nas palestras de Informa\u00e7\u00f5es de Neg\u00f3cio sobre Processos da Administra\u00e7\u00e3o Tribut\u00e1ria e os debates sobre os sistemas atuais da SEFAZ-PE x os sistemas nacionais do IBS, etapa fundamental para o pr\u00e9-diagn\u00f3stico da Reforma Tribut\u00e1ria.<\/p>\n\n\n\n<p>E no Espa\u00e7o Memorial Sefaz, recebemos as turmas de Jovem Aprendiz do SENAC (Supermercado e Desenvolvimento de Software), em uma visita repleta de intera\u00e7\u00e3o e aprendizado. Por fim, tivemos a honra de receber o doutorando em Hist\u00f3ria pelo El Colegio de M\u00e9xico, que consultou o acervo da nossa Biblioteca como parte de sua pesquisa na UFPE, valorizando a mem\u00f3ria da SEFAZ-PE como patrim\u00f4nio vivo da hist\u00f3ria.<\/p>\n\n\n\n<p>\ud83d\udc49 Seguimos firmes no compromisso de capacitar, inspirar e preservar nossa mem\u00f3ria fazend\u00e1ria!<\/p>\n\n\n\n<\/br><\/br><\/br>\n","protected":false},"excerpt":{"rendered":"<p>Aconteceu na Semana \u2728 Semana intensa de conhecimento e conex\u00e3o na ESAFAZ-PE! Tivemos a 4\u00aa turma do curso \u201ce-Fisco \u2013 Pagamento da Despesa\u201d, capacitando os servidores da \u00e1rea financeira no rito da despesa p\u00fablica, reten\u00e7\u00f5es, devolu\u00e7\u00f5es e consultas cont\u00e1beis e gerenciais no sistema. E realizamos a 1\u00aa turma do curso \u201c\u00c1gil do Jeito Certo com &#8230; <a title=\"P\u00e1gina Modelo Aconteceu na Semana\" class=\"read-more\" href=\"https:\/\/esafaz.sefaz.pe.gov.br\/index.php\/pagina-modelo-aconteceu-na-semana\/\" aria-label=\"Read more about P\u00e1gina Modelo Aconteceu na Semana\">Ler mais<\/a><\/p>\n","protected":false},"author":1,"featured_media":0,"parent":0,"menu_order":0,"comment_status":"closed","ping_status":"closed","template":"","meta":{"inline_featured_image":false,"courseId":0,"footnotes":""},"class_list":["post-5287","page","type-page","status-publish"],"yoast_head":"<!-- This site is optimized with the Yoast SEO plugin v25.1 - https:\/\/yoast.com\/wordpress\/plugins\/seo\/ -->\r\n<title>P\u00e1gina Modelo Aconteceu na Semana - Site Esafaz<\/title>\r\n<meta name=\"robots\" content=\"index, follow, max-snippet:-1, max-image-preview:large, max-video-preview:-1\" \/>\r\n<link rel=\"canonical\" href=\"https:\/\/esafaz.sefaz.pe.gov.br\/index.php\/pagina-modelo-aconteceu-na-semana\/\" \/>\r\n<meta property=\"og:locale\" content=\"pt_BR\" \/>\r\n<meta property=\"og:type\" content=\"article\" \/>\r\n<meta property=\"og:title\" content=\"P\u00e1gina Modelo Aconteceu na Semana - Site Esafaz\" \/>\r\n<meta property=\"og:description\" content=\"Aconteceu na Semana \u2728 Semana intensa de conhecimento e conex\u00e3o na ESAFAZ-PE! Tivemos a 4\u00aa turma do curso \u201ce-Fisco \u2013 Pagamento da Despesa\u201d, capacitando os servidores da \u00e1rea financeira no rito da despesa p\u00fablica, reten\u00e7\u00f5es, devolu\u00e7\u00f5es e consultas cont\u00e1beis e gerenciais no sistema. E realizamos a 1\u00aa turma do curso \u201c\u00c1gil do Jeito Certo com ... Ler mais\" \/>\r\n<meta property=\"og:url\" content=\"https:\/\/esafaz.sefaz.pe.gov.br\/index.php\/pagina-modelo-aconteceu-na-semana\/\" \/>\r\n<meta property=\"og:site_name\" content=\"Site Esafaz\" \/>\r\n<meta property=\"article:modified_time\" content=\"2025-10-20T12:10:43+00:00\" \/>\r\n<meta property=\"og:image\" content=\"https:\/\/esafaz.sefaz.pe.gov.br\/wp-content\/uploads\/2025\/10\/site-aconteceu-na-semana-26.09.png\" \/>\r\n\t<meta property=\"og:image:width\" content=\"1600\" \/>\r\n\t<meta property=\"og:image:height\" content=\"1020\" \/>\r\n\t<meta property=\"og:image:type\" content=\"image\/png\" \/>\r\n<meta name=\"twitter:card\" content=\"summary_large_image\" \/>\r\n<meta name=\"twitter:label1\" content=\"Est. tempo de leitura\" \/>\n\t<meta name=\"twitter:data1\" content=\"2 minutos\" \/>\r\n<script type=\"application\/ld+json\" class=\"yoast-schema-graph\">{\"@context\":\"https:\/\/schema.org\",\"@graph\":[{\"@type\":\"WebPage\",\"@id\":\"https:\/\/esafaz.sefaz.pe.gov.br\/index.php\/pagina-modelo-aconteceu-na-semana\/\",\"url\":\"https:\/\/esafaz.sefaz.pe.gov.br\/index.php\/pagina-modelo-aconteceu-na-semana\/\",\"name\":\"P\u00e1gina Modelo Aconteceu na Semana - Site Esafaz\",\"isPartOf\":{\"@id\":\"http:\/\/localhost\/#website\"},\"primaryImageOfPage\":{\"@id\":\"https:\/\/esafaz.sefaz.pe.gov.br\/index.php\/pagina-modelo-aconteceu-na-semana\/#primaryimage\"},\"image\":{\"@id\":\"https:\/\/esafaz.sefaz.pe.gov.br\/index.php\/pagina-modelo-aconteceu-na-semana\/#primaryimage\"},\"thumbnailUrl\":\"https:\/\/esafaz.sefaz.pe.gov.br\/wp-content\/uploads\/2025\/10\/site-aconteceu-na-semana-26.09-1024x653.png\",\"datePublished\":\"2025-10-20T12:09:45+00:00\",\"dateModified\":\"2025-10-20T12:10:43+00:00\",\"breadcrumb\":{\"@id\":\"https:\/\/esafaz.sefaz.pe.gov.br\/index.php\/pagina-modelo-aconteceu-na-semana\/#breadcrumb\"},\"inLanguage\":\"pt-BR\",\"potentialAction\":[{\"@type\":\"ReadAction\",\"target\":[\"https:\/\/esafaz.sefaz.pe.gov.br\/index.php\/pagina-modelo-aconteceu-na-semana\/\"]}]},{\"@type\":\"ImageObject\",\"inLanguage\":\"pt-BR\",\"@id\":\"https:\/\/esafaz.sefaz.pe.gov.br\/index.php\/pagina-modelo-aconteceu-na-semana\/#primaryimage\",\"url\":\"https:\/\/esafaz.sefaz.pe.gov.br\/wp-content\/uploads\/2025\/10\/site-aconteceu-na-semana-26.09.png\",\"contentUrl\":\"https:\/\/esafaz.sefaz.pe.gov.br\/wp-content\/uploads\/2025\/10\/site-aconteceu-na-semana-26.09.png\",\"width\":1600,\"height\":1020},{\"@type\":\"BreadcrumbList\",\"@id\":\"https:\/\/esafaz.sefaz.pe.gov.br\/index.php\/pagina-modelo-aconteceu-na-semana\/#breadcrumb\",\"itemListElement\":[{\"@type\":\"ListItem\",\"position\":1,\"name\":\"In\u00edcio\",\"item\":\"https:\/\/esafaz.sefaz.pe.gov.br\/\"},{\"@type\":\"ListItem\",\"position\":2,\"name\":\"P\u00e1gina Modelo Aconteceu na Semana\"}]},{\"@type\":\"WebSite\",\"@id\":\"http:\/\/localhost\/#website\",\"url\":\"http:\/\/localhost\/\",\"name\":\"Portal Esafaz\",\"description\":\"\",\"publisher\":{\"@id\":\"http:\/\/localhost\/#organization\"},\"potentialAction\":[{\"@type\":\"SearchAction\",\"target\":{\"@type\":\"EntryPoint\",\"urlTemplate\":\"http:\/\/localhost\/?s={search_term_string}\"},\"query-input\":{\"@type\":\"PropertyValueSpecification\",\"valueRequired\":true,\"valueName\":\"search_term_string\"}}],\"inLanguage\":\"pt-BR\"},{\"@type\":\"Organization\",\"@id\":\"http:\/\/localhost\/#organization\",\"name\":\"Portal Esafaz\",\"url\":\"http:\/\/localhost\/\",\"logo\":{\"@type\":\"ImageObject\",\"inLanguage\":\"pt-BR\",\"@id\":\"http:\/\/localhost\/#\/schema\/logo\/image\/\",\"url\":\"https:\/\/portalesafaz.sefaz.pe.gov.br\/wp-content\/uploads\/2024\/04\/icone-esafaz.jpeg\",\"contentUrl\":\"https:\/\/portalesafaz.sefaz.pe.gov.br\/wp-content\/uploads\/2024\/04\/icone-esafaz.jpeg\",\"width\":300,\"height\":300,\"caption\":\"Portal Esafaz\"},\"image\":{\"@id\":\"http:\/\/localhost\/#\/schema\/logo\/image\/\"},\"sameAs\":[\"https:\/\/www.instagram.com\/esafazpe\/\"]}]}<\/script>\r\n<!-- \/ Yoast SEO plugin. -->","yoast_head_json":{"title":"P\u00e1gina Modelo Aconteceu na Semana - Site Esafaz","robots":{"index":"index","follow":"follow","max-snippet":"max-snippet:-1","max-image-preview":"max-image-preview:large","max-video-preview":"max-video-preview:-1"},"canonical":"https:\/\/esafaz.sefaz.pe.gov.br\/index.php\/pagina-modelo-aconteceu-na-semana\/","og_locale":"pt_BR","og_type":"article","og_title":"P\u00e1gina Modelo Aconteceu na Semana - Site Esafaz","og_description":"Aconteceu na Semana \u2728 Semana intensa de conhecimento e conex\u00e3o na ESAFAZ-PE! Tivemos a 4\u00aa turma do curso \u201ce-Fisco \u2013 Pagamento da Despesa\u201d, capacitando os servidores da \u00e1rea financeira no rito da despesa p\u00fablica, reten\u00e7\u00f5es, devolu\u00e7\u00f5es e consultas cont\u00e1beis e gerenciais no sistema. E realizamos a 1\u00aa turma do curso \u201c\u00c1gil do Jeito Certo com ... Ler mais","og_url":"https:\/\/esafaz.sefaz.pe.gov.br\/index.php\/pagina-modelo-aconteceu-na-semana\/","og_site_name":"Site Esafaz","article_modified_time":"2025-10-20T12:10:43+00:00","og_image":[{"width":1600,"height":1020,"url":"https:\/\/esafaz.sefaz.pe.gov.br\/wp-content\/uploads\/2025\/10\/site-aconteceu-na-semana-26.09.png","type":"image\/png"}],"twitter_card":"summary_large_image","twitter_misc":{"Est. tempo de leitura":"2 minutos"},"schema":{"@context":"https:\/\/schema.org","@graph":[{"@type":"WebPage","@id":"https:\/\/esafaz.sefaz.pe.gov.br\/index.php\/pagina-modelo-aconteceu-na-semana\/","url":"https:\/\/esafaz.sefaz.pe.gov.br\/index.php\/pagina-modelo-aconteceu-na-semana\/","name":"P\u00e1gina Modelo Aconteceu na Semana - Site Esafaz","isPartOf":{"@id":"http:\/\/localhost\/#website"},"primaryImageOfPage":{"@id":"https:\/\/esafaz.sefaz.pe.gov.br\/index.php\/pagina-modelo-aconteceu-na-semana\/#primaryimage"},"image":{"@id":"https:\/\/esafaz.sefaz.pe.gov.br\/index.php\/pagina-modelo-aconteceu-na-semana\/#primaryimage"},"thumbnailUrl":"https:\/\/esafaz.sefaz.pe.gov.br\/wp-content\/uploads\/2025\/10\/site-aconteceu-na-semana-26.09-1024x653.png","datePublished":"2025-10-20T12:09:45+00:00","dateModified":"2025-10-20T12:10:43+00:00","breadcrumb":{"@id":"https:\/\/esafaz.sefaz.pe.gov.br\/index.php\/pagina-modelo-aconteceu-na-semana\/#breadcrumb"},"inLanguage":"pt-BR","potentialAction":[{"@type":"ReadAction","target":["https:\/\/esafaz.sefaz.pe.gov.br\/index.php\/pagina-modelo-aconteceu-na-semana\/"]}]},{"@type":"ImageObject","inLanguage":"pt-BR","@id":"https:\/\/esafaz.sefaz.pe.gov.br\/index.php\/pagina-modelo-aconteceu-na-semana\/#primaryimage","url":"https:\/\/esafaz.sefaz.pe.gov.br\/wp-content\/uploads\/2025\/10\/site-aconteceu-na-semana-26.09.png","contentUrl":"https:\/\/esafaz.sefaz.pe.gov.br\/wp-content\/uploads\/2025\/10\/site-aconteceu-na-semana-26.09.png","width":1600,"height":1020},{"@type":"BreadcrumbList","@id":"https:\/\/esafaz.sefaz.pe.gov.br\/index.php\/pagina-modelo-aconteceu-na-semana\/#breadcrumb","itemListElement":[{"@type":"ListItem","position":1,"name":"In\u00edcio","item":"https:\/\/esafaz.sefaz.pe.gov.br\/"},{"@type":"ListItem","position":2,"name":"P\u00e1gina Modelo Aconteceu na Semana"}]},{"@type":"WebSite","@id":"http:\/\/localhost\/#website","url":"http:\/\/localhost\/","name":"Portal Esafaz","description":"","publisher":{"@id":"http:\/\/localhost\/#organization"},"potentialAction":[{"@type":"SearchAction","target":{"@type":"EntryPoint","urlTemplate":"http:\/\/localhost\/?s={search_term_string}"},"query-input":{"@type":"PropertyValueSpecification","valueRequired":true,"valueName":"search_term_string"}}],"inLanguage":"pt-BR"},{"@type":"Organization","@id":"http:\/\/localhost\/#organization","name":"Portal Esafaz","url":"http:\/\/localhost\/","logo":{"@type":"ImageObject","inLanguage":"pt-BR","@id":"http:\/\/localhost\/#\/schema\/logo\/image\/","url":"https:\/\/portalesafaz.sefaz.pe.gov.br\/wp-content\/uploads\/2024\/04\/icone-esafaz.jpeg","contentUrl":"https:\/\/portalesafaz.sefaz.pe.gov.br\/wp-content\/uploads\/2024\/04\/icone-esafaz.jpeg","width":300,"height":300,"caption":"Portal Esafaz"},"image":{"@id":"http:\/\/localhost\/#\/schema\/logo\/image\/"},"sameAs":["https:\/\/www.instagram.com\/esafazpe\/"]}]}},"jetpack_sharing_enabled":true,"_links":{"self":[{"href":"https:\/\/esafaz.sefaz.pe.gov.br\/index.php\/wp-json\/wp\/v2\/pages\/5287"}],"collection":[{"href":"https:\/\/esafaz.sefaz.pe.gov.br\/index.php\/wp-json\/wp\/v2\/pages"}],"about":[{"href":"https:\/\/esafaz.sefaz.pe.gov.br\/index.php\/wp-json\/wp\/v2\/types\/page"}],"author":[{"embeddable":true,"href":"https:\/\/esafaz.sefaz.pe.gov.br\/index.php\/wp-json\/wp\/v2\/users\/1"}],"replies":[{"embeddable":true,"href":"https:\/\/esafaz.sefaz.pe.gov.br\/index.php\/wp-json\/wp\/v2\/comments?post=5287"}],"version-history":[{"count":2,"href":"https:\/\/esafaz.sefaz.pe.gov.br\/index.php\/wp-json\/wp\/v2\/pages\/5287\/revisions"}],"predecessor-version":[{"id":5632,"href":"https:\/\/esafaz.sefaz.pe.gov.br\/index.php\/wp-json\/wp\/v2\/pages\/5287\/revisions\/5632"}],"wp:attachment":[{"href":"https:\/\/esafaz.sefaz.pe.gov.br\/index.php\/wp-json\/wp\/v2\/media?parent=5287"}],"curies":[{"name":"wp","href":"https:\/\/api.w.org\/{rel}","templated":true}]}}