{"id":5277,"date":"2025-10-16T14:51:41","date_gmt":"2025-10-16T17:51:41","guid":{"rendered":"https:\/\/esafaz.sefaz.pe.gov.br\/?page_id=5277"},"modified":"2025-10-20T11:31:19","modified_gmt":"2025-10-20T14:31:19","slug":"aconteceu-na-semana-29","status":"publish","type":"page","link":"https:\/\/esafaz.sefaz.pe.gov.br\/index.php\/aconteceu-na-semana-29\/","title":{"rendered":"Aconteceu na Semana"},"content":{"rendered":"\n<\/br><\/br><h1>Aconteceu na Semana<\/h1><\/br>\n\n\n\n<figure class=\"wp-block-image size-large\" id=\"block-5814dd37-8f77-43fd-832d-201c1fba9e42\"><img fetchpriority=\"high\" decoding=\"async\" width=\"1024\" height=\"653\" src=\"https:\/\/esafaz.sefaz.pe.gov.br\/wp-content\/uploads\/2025\/10\/site-aconteceu-na-semana-19.09-1024x653.png\" alt=\"\" class=\"wp-image-5278\" srcset=\"https:\/\/esafaz.sefaz.pe.gov.br\/wp-content\/uploads\/2025\/10\/site-aconteceu-na-semana-19.09-1024x653.png 1024w, https:\/\/esafaz.sefaz.pe.gov.br\/wp-content\/uploads\/2025\/10\/site-aconteceu-na-semana-19.09-300x191.png 300w, https:\/\/esafaz.sefaz.pe.gov.br\/wp-content\/uploads\/2025\/10\/site-aconteceu-na-semana-19.09-768x490.png 768w, https:\/\/esafaz.sefaz.pe.gov.br\/wp-content\/uploads\/2025\/10\/site-aconteceu-na-semana-19.09-1536x979.png 1536w, https:\/\/esafaz.sefaz.pe.gov.br\/wp-content\/uploads\/2025\/10\/site-aconteceu-na-semana-19.09.png 1600w\" sizes=\"(max-width: 1024px) 100vw, 1024px\" \/><\/figure>\n\n\n\n<p id=\"block-52f9c706-b116-4e1b-9492-43d73908d2e1\"><\/p>\n\n\n\n<p id=\"block-630eb57b-e95d-498d-a33d-34cb39a76077\">Semana de muito aprendizado e integra\u00e7\u00e3o na Esafaz\/PE!<\/p>\n\n\n\n<p>Tivemos a 8\u00aa turma do curso Gest\u00e3o de Tetos de GD3, ministrada por Mauro Ata\u00edde, capacitando os servidores em planejamento, controle e execu\u00e7\u00e3o da despesa p\u00fablica, fortalecendo estrat\u00e9gias para uma gest\u00e3o cada vez mais eficiente. E realizamos a Oficina de Coordena\u00e7\u00e3o Pedag\u00f3gica, ministrada por Nathalia Farias, um passo importante para ampliar nossa equipe de coordena\u00e7\u00e3o e garantir ainda mais qualidade na organiza\u00e7\u00e3o das forma\u00e7\u00f5es da Escola Fazend\u00e1ria.<\/p>\n\n\n\n<p>Al\u00e9m disso, a Ger\u00eancia do Programa de Educa\u00e7\u00e3o Fiscal marcou presen\u00e7a na premia\u00e7\u00e3o da 19\u00aa OBMEP, refor\u00e7ando a parceria entre a Sefaz-PE e a Secretaria de Educa\u00e7\u00e3o-PE no incentivo ao conhecimento e na valoriza\u00e7\u00e3o dos talentos da rede p\u00fablica.<\/p>\n\n\n\n<p>Por fim, cedemos espa\u00e7o ao curso da Pol\u00edcia Militar de Pernambuco sobre a elabora\u00e7\u00e3o de mapas de riscos espec\u00edficos para contrata\u00e7\u00f5es cr\u00edticas, fortalecendo a coopera\u00e7\u00e3o entre institui\u00e7\u00f5es em prol da gest\u00e3o p\u00fablica.<\/p>\n\n\n\n<p id=\"block-01332722-f948-47bc-aa07-0cfc052706e8\">Seguimos firmes no compromisso de capacitar, inspirar e conectar pessoas em busca de uma administra\u00e7\u00e3o p\u00fablica mais eficiente, inovadora e transformadora!<\/p>\n\n\n\n<\/br><\/br><\/br>\n\n\n\n<p><\/p>\n","protected":false},"excerpt":{"rendered":"<p>Aconteceu na Semana Semana de muito aprendizado e integra\u00e7\u00e3o na Esafaz\/PE! Tivemos a 8\u00aa turma do curso Gest\u00e3o de Tetos de GD3, ministrada por Mauro Ata\u00edde, capacitando os servidores em planejamento, controle e execu\u00e7\u00e3o da despesa p\u00fablica, fortalecendo estrat\u00e9gias para uma gest\u00e3o cada vez mais eficiente. E realizamos a Oficina de Coordena\u00e7\u00e3o Pedag\u00f3gica, ministrada por &#8230; <a title=\"Aconteceu na Semana\" class=\"read-more\" href=\"https:\/\/esafaz.sefaz.pe.gov.br\/index.php\/aconteceu-na-semana-29\/\" aria-label=\"Read more about Aconteceu na Semana\">Ler mais<\/a><\/p>\n","protected":false},"author":1,"featured_media":0,"parent":0,"menu_order":0,"comment_status":"closed","ping_status":"closed","template":"","meta":{"inline_featured_image":false,"courseId":0,"footnotes":""},"class_list":["post-5277","page","type-page","status-publish"],"yoast_head":"<!-- This site is optimized with the Yoast SEO plugin v25.1 - https:\/\/yoast.com\/wordpress\/plugins\/seo\/ -->\r\n<title>Aconteceu na Semana - Site Esafaz<\/title>\r\n<meta name=\"robots\" content=\"index, follow, max-snippet:-1, max-image-preview:large, max-video-preview:-1\" \/>\r\n<link rel=\"canonical\" href=\"https:\/\/esafaz.sefaz.pe.gov.br\/index.php\/aconteceu-na-semana-29\/\" \/>\r\n<meta property=\"og:locale\" content=\"pt_BR\" \/>\r\n<meta property=\"og:type\" content=\"article\" \/>\r\n<meta property=\"og:title\" content=\"Aconteceu na Semana - Site Esafaz\" \/>\r\n<meta property=\"og:description\" content=\"Aconteceu na Semana Semana de muito aprendizado e integra\u00e7\u00e3o na Esafaz\/PE! Tivemos a 8\u00aa turma do curso Gest\u00e3o de Tetos de GD3, ministrada por Mauro Ata\u00edde, capacitando os servidores em planejamento, controle e execu\u00e7\u00e3o da despesa p\u00fablica, fortalecendo estrat\u00e9gias para uma gest\u00e3o cada vez mais eficiente. E realizamos a Oficina de Coordena\u00e7\u00e3o Pedag\u00f3gica, ministrada por ... Ler mais\" \/>\r\n<meta property=\"og:url\" content=\"https:\/\/esafaz.sefaz.pe.gov.br\/index.php\/aconteceu-na-semana-29\/\" \/>\r\n<meta property=\"og:site_name\" content=\"Site Esafaz\" \/>\r\n<meta property=\"article:modified_time\" content=\"2025-10-20T14:31:19+00:00\" \/>\r\n<meta property=\"og:image\" content=\"https:\/\/esafaz.sefaz.pe.gov.br\/wp-content\/uploads\/2025\/10\/site-aconteceu-na-semana-19.09.png\" \/>\r\n\t<meta property=\"og:image:width\" content=\"1600\" \/>\r\n\t<meta property=\"og:image:height\" content=\"1020\" \/>\r\n\t<meta property=\"og:image:type\" content=\"image\/png\" \/>\r\n<meta name=\"twitter:card\" content=\"summary_large_image\" \/>\r\n<meta name=\"twitter:label1\" content=\"Est. tempo de leitura\" \/>\n\t<meta name=\"twitter:data1\" content=\"2 minutos\" \/>\r\n<script type=\"application\/ld+json\" class=\"yoast-schema-graph\">{\"@context\":\"https:\/\/schema.org\",\"@graph\":[{\"@type\":\"WebPage\",\"@id\":\"https:\/\/esafaz.sefaz.pe.gov.br\/index.php\/aconteceu-na-semana-29\/\",\"url\":\"https:\/\/esafaz.sefaz.pe.gov.br\/index.php\/aconteceu-na-semana-29\/\",\"name\":\"Aconteceu na Semana - Site Esafaz\",\"isPartOf\":{\"@id\":\"http:\/\/localhost\/#website\"},\"primaryImageOfPage\":{\"@id\":\"https:\/\/esafaz.sefaz.pe.gov.br\/index.php\/aconteceu-na-semana-29\/#primaryimage\"},\"image\":{\"@id\":\"https:\/\/esafaz.sefaz.pe.gov.br\/index.php\/aconteceu-na-semana-29\/#primaryimage\"},\"thumbnailUrl\":\"https:\/\/esafaz.sefaz.pe.gov.br\/wp-content\/uploads\/2025\/10\/site-aconteceu-na-semana-19.09-1024x653.png\",\"datePublished\":\"2025-10-16T17:51:41+00:00\",\"dateModified\":\"2025-10-20T14:31:19+00:00\",\"breadcrumb\":{\"@id\":\"https:\/\/esafaz.sefaz.pe.gov.br\/index.php\/aconteceu-na-semana-29\/#breadcrumb\"},\"inLanguage\":\"pt-BR\",\"potentialAction\":[{\"@type\":\"ReadAction\",\"target\":[\"https:\/\/esafaz.sefaz.pe.gov.br\/index.php\/aconteceu-na-semana-29\/\"]}]},{\"@type\":\"ImageObject\",\"inLanguage\":\"pt-BR\",\"@id\":\"https:\/\/esafaz.sefaz.pe.gov.br\/index.php\/aconteceu-na-semana-29\/#primaryimage\",\"url\":\"https:\/\/esafaz.sefaz.pe.gov.br\/wp-content\/uploads\/2025\/10\/site-aconteceu-na-semana-19.09.png\",\"contentUrl\":\"https:\/\/esafaz.sefaz.pe.gov.br\/wp-content\/uploads\/2025\/10\/site-aconteceu-na-semana-19.09.png\",\"width\":1600,\"height\":1020},{\"@type\":\"BreadcrumbList\",\"@id\":\"https:\/\/esafaz.sefaz.pe.gov.br\/index.php\/aconteceu-na-semana-29\/#breadcrumb\",\"itemListElement\":[{\"@type\":\"ListItem\",\"position\":1,\"name\":\"In\u00edcio\",\"item\":\"https:\/\/esafaz.sefaz.pe.gov.br\/\"},{\"@type\":\"ListItem\",\"position\":2,\"name\":\"Aconteceu na Semana\"}]},{\"@type\":\"WebSite\",\"@id\":\"http:\/\/localhost\/#website\",\"url\":\"http:\/\/localhost\/\",\"name\":\"Portal Esafaz\",\"description\":\"\",\"publisher\":{\"@id\":\"http:\/\/localhost\/#organization\"},\"potentialAction\":[{\"@type\":\"SearchAction\",\"target\":{\"@type\":\"EntryPoint\",\"urlTemplate\":\"http:\/\/localhost\/?s={search_term_string}\"},\"query-input\":{\"@type\":\"PropertyValueSpecification\",\"valueRequired\":true,\"valueName\":\"search_term_string\"}}],\"inLanguage\":\"pt-BR\"},{\"@type\":\"Organization\",\"@id\":\"http:\/\/localhost\/#organization\",\"name\":\"Portal Esafaz\",\"url\":\"http:\/\/localhost\/\",\"logo\":{\"@type\":\"ImageObject\",\"inLanguage\":\"pt-BR\",\"@id\":\"http:\/\/localhost\/#\/schema\/logo\/image\/\",\"url\":\"https:\/\/portalesafaz.sefaz.pe.gov.br\/wp-content\/uploads\/2024\/04\/icone-esafaz.jpeg\",\"contentUrl\":\"https:\/\/portalesafaz.sefaz.pe.gov.br\/wp-content\/uploads\/2024\/04\/icone-esafaz.jpeg\",\"width\":300,\"height\":300,\"caption\":\"Portal Esafaz\"},\"image\":{\"@id\":\"http:\/\/localhost\/#\/schema\/logo\/image\/\"},\"sameAs\":[\"https:\/\/www.instagram.com\/esafazpe\/\"]}]}<\/script>\r\n<!-- \/ Yoast SEO plugin. -->","yoast_head_json":{"title":"Aconteceu na Semana - Site Esafaz","robots":{"index":"index","follow":"follow","max-snippet":"max-snippet:-1","max-image-preview":"max-image-preview:large","max-video-preview":"max-video-preview:-1"},"canonical":"https:\/\/esafaz.sefaz.pe.gov.br\/index.php\/aconteceu-na-semana-29\/","og_locale":"pt_BR","og_type":"article","og_title":"Aconteceu na Semana - Site Esafaz","og_description":"Aconteceu na Semana Semana de muito aprendizado e integra\u00e7\u00e3o na Esafaz\/PE! Tivemos a 8\u00aa turma do curso Gest\u00e3o de Tetos de GD3, ministrada por Mauro Ata\u00edde, capacitando os servidores em planejamento, controle e execu\u00e7\u00e3o da despesa p\u00fablica, fortalecendo estrat\u00e9gias para uma gest\u00e3o cada vez mais eficiente. E realizamos a Oficina de Coordena\u00e7\u00e3o Pedag\u00f3gica, ministrada por ... Ler mais","og_url":"https:\/\/esafaz.sefaz.pe.gov.br\/index.php\/aconteceu-na-semana-29\/","og_site_name":"Site Esafaz","article_modified_time":"2025-10-20T14:31:19+00:00","og_image":[{"width":1600,"height":1020,"url":"https:\/\/esafaz.sefaz.pe.gov.br\/wp-content\/uploads\/2025\/10\/site-aconteceu-na-semana-19.09.png","type":"image\/png"}],"twitter_card":"summary_large_image","twitter_misc":{"Est. tempo de leitura":"2 minutos"},"schema":{"@context":"https:\/\/schema.org","@graph":[{"@type":"WebPage","@id":"https:\/\/esafaz.sefaz.pe.gov.br\/index.php\/aconteceu-na-semana-29\/","url":"https:\/\/esafaz.sefaz.pe.gov.br\/index.php\/aconteceu-na-semana-29\/","name":"Aconteceu na Semana - Site Esafaz","isPartOf":{"@id":"http:\/\/localhost\/#website"},"primaryImageOfPage":{"@id":"https:\/\/esafaz.sefaz.pe.gov.br\/index.php\/aconteceu-na-semana-29\/#primaryimage"},"image":{"@id":"https:\/\/esafaz.sefaz.pe.gov.br\/index.php\/aconteceu-na-semana-29\/#primaryimage"},"thumbnailUrl":"https:\/\/esafaz.sefaz.pe.gov.br\/wp-content\/uploads\/2025\/10\/site-aconteceu-na-semana-19.09-1024x653.png","datePublished":"2025-10-16T17:51:41+00:00","dateModified":"2025-10-20T14:31:19+00:00","breadcrumb":{"@id":"https:\/\/esafaz.sefaz.pe.gov.br\/index.php\/aconteceu-na-semana-29\/#breadcrumb"},"inLanguage":"pt-BR","potentialAction":[{"@type":"ReadAction","target":["https:\/\/esafaz.sefaz.pe.gov.br\/index.php\/aconteceu-na-semana-29\/"]}]},{"@type":"ImageObject","inLanguage":"pt-BR","@id":"https:\/\/esafaz.sefaz.pe.gov.br\/index.php\/aconteceu-na-semana-29\/#primaryimage","url":"https:\/\/esafaz.sefaz.pe.gov.br\/wp-content\/uploads\/2025\/10\/site-aconteceu-na-semana-19.09.png","contentUrl":"https:\/\/esafaz.sefaz.pe.gov.br\/wp-content\/uploads\/2025\/10\/site-aconteceu-na-semana-19.09.png","width":1600,"height":1020},{"@type":"BreadcrumbList","@id":"https:\/\/esafaz.sefaz.pe.gov.br\/index.php\/aconteceu-na-semana-29\/#breadcrumb","itemListElement":[{"@type":"ListItem","position":1,"name":"In\u00edcio","item":"https:\/\/esafaz.sefaz.pe.gov.br\/"},{"@type":"ListItem","position":2,"name":"Aconteceu na Semana"}]},{"@type":"WebSite","@id":"http:\/\/localhost\/#website","url":"http:\/\/localhost\/","name":"Portal Esafaz","description":"","publisher":{"@id":"http:\/\/localhost\/#organization"},"potentialAction":[{"@type":"SearchAction","target":{"@type":"EntryPoint","urlTemplate":"http:\/\/localhost\/?s={search_term_string}"},"query-input":{"@type":"PropertyValueSpecification","valueRequired":true,"valueName":"search_term_string"}}],"inLanguage":"pt-BR"},{"@type":"Organization","@id":"http:\/\/localhost\/#organization","name":"Portal Esafaz","url":"http:\/\/localhost\/","logo":{"@type":"ImageObject","inLanguage":"pt-BR","@id":"http:\/\/localhost\/#\/schema\/logo\/image\/","url":"https:\/\/portalesafaz.sefaz.pe.gov.br\/wp-content\/uploads\/2024\/04\/icone-esafaz.jpeg","contentUrl":"https:\/\/portalesafaz.sefaz.pe.gov.br\/wp-content\/uploads\/2024\/04\/icone-esafaz.jpeg","width":300,"height":300,"caption":"Portal Esafaz"},"image":{"@id":"http:\/\/localhost\/#\/schema\/logo\/image\/"},"sameAs":["https:\/\/www.instagram.com\/esafazpe\/"]}]}},"jetpack_sharing_enabled":true,"_links":{"self":[{"href":"https:\/\/esafaz.sefaz.pe.gov.br\/index.php\/wp-json\/wp\/v2\/pages\/5277"}],"collection":[{"href":"https:\/\/esafaz.sefaz.pe.gov.br\/index.php\/wp-json\/wp\/v2\/pages"}],"about":[{"href":"https:\/\/esafaz.sefaz.pe.gov.br\/index.php\/wp-json\/wp\/v2\/types\/page"}],"author":[{"embeddable":true,"href":"https:\/\/esafaz.sefaz.pe.gov.br\/index.php\/wp-json\/wp\/v2\/users\/1"}],"replies":[{"embeddable":true,"href":"https:\/\/esafaz.sefaz.pe.gov.br\/index.php\/wp-json\/wp\/v2\/comments?post=5277"}],"version-history":[{"count":2,"href":"https:\/\/esafaz.sefaz.pe.gov.br\/index.php\/wp-json\/wp\/v2\/pages\/5277\/revisions"}],"predecessor-version":[{"id":5315,"href":"https:\/\/esafaz.sefaz.pe.gov.br\/index.php\/wp-json\/wp\/v2\/pages\/5277\/revisions\/5315"}],"wp:attachment":[{"href":"https:\/\/esafaz.sefaz.pe.gov.br\/index.php\/wp-json\/wp\/v2\/media?parent=5277"}],"curies":[{"name":"wp","href":"https:\/\/api.w.org\/{rel}","templated":true}]}}