{"id":4852,"date":"2025-07-07T11:32:37","date_gmt":"2025-07-07T14:32:37","guid":{"rendered":"https:\/\/esafaz.sefaz.pe.gov.br\/?page_id=4852"},"modified":"2025-07-07T11:32:46","modified_gmt":"2025-07-07T14:32:46","slug":"aconteceu-na-semana-19","status":"publish","type":"page","link":"https:\/\/esafaz.sefaz.pe.gov.br\/index.php\/aconteceu-na-semana-19\/","title":{"rendered":"Aconteceu na Semana"},"content":{"rendered":"\n<figure class=\"wp-block-image size-large\"><img fetchpriority=\"high\" decoding=\"async\" width=\"1024\" height=\"653\" src=\"https:\/\/esafaz.sefaz.pe.gov.br\/wp-content\/uploads\/2025\/07\/site-aconteceu-na-semana-04.07-1024x653.png\" alt=\"\" class=\"wp-image-4853\" srcset=\"https:\/\/esafaz.sefaz.pe.gov.br\/wp-content\/uploads\/2025\/07\/site-aconteceu-na-semana-04.07-1024x653.png 1024w, https:\/\/esafaz.sefaz.pe.gov.br\/wp-content\/uploads\/2025\/07\/site-aconteceu-na-semana-04.07-300x191.png 300w, https:\/\/esafaz.sefaz.pe.gov.br\/wp-content\/uploads\/2025\/07\/site-aconteceu-na-semana-04.07-768x490.png 768w, https:\/\/esafaz.sefaz.pe.gov.br\/wp-content\/uploads\/2025\/07\/site-aconteceu-na-semana-04.07-1536x979.png 1536w, https:\/\/esafaz.sefaz.pe.gov.br\/wp-content\/uploads\/2025\/07\/site-aconteceu-na-semana-04.07.png 1600w\" sizes=\"(max-width: 1024px) 100vw, 1024px\" \/><\/figure>\n\n\n\n<p><\/p>\n\n\n\n<p>\u2728 Semana marcada por aprendizado e compromisso com a gest\u00e3o p\u00fablica!<\/p>\n\n\n\n<p>Come\u00e7amos a semana com uma visita \u00e0 Escola Municipal em Tempo Integral Divino Esp\u00edrito Santo, levando a tem\u00e1tica da Educa\u00e7\u00e3o Fiscal de forma leve e transformadora para estudantes.<\/p>\n\n\n\n<p>Tamb\u00e9m demos continuidade \u00e0 5\u00aa turma do curso \u201cGest\u00e3o do Teto de Gastos de GD3\u201d, voltado para quem atua com or\u00e7amento p\u00fablico.<\/p>\n\n\n\n<p>A Esafaz tamb\u00e9m representou a Sefaz-PE na 1\u2022 reuni\u00e3o do grupo coordenador que est\u00e1 articulando a forma\u00e7\u00e3o de F\u00f3rum Permanente de Administradores Tribut\u00e1rios (FPAT) para auxiliar Prefeituras. A expectativa \u00e9 que o FPAT-PE seja formado pelo MPPE, TCE, Receitas Estadual e Federal, al\u00e9m da Associa\u00e7\u00e3o Pernambucana dos Fiscos Municipais.<\/p>\n\n\n\n<p>E fechamos a semana com o Workshop de defini\u00e7\u00e3o de temas para constru\u00e7\u00e3o das Trilhas de Aprendizagem da Sefaz-PE. Um projeto de gest\u00e3o do conhecimento com foco em temas estrat\u00e9gicos da Secretaria.<\/p>\n\n\n\n<p>Seguimos juntos, construindo uma gest\u00e3o mais consciente, t\u00e9cnica e transformadora!<\/p>\n\n\n\n<p><\/p>\n","protected":false},"excerpt":{"rendered":"<p>\u2728 Semana marcada por aprendizado e compromisso com a gest\u00e3o p\u00fablica! Come\u00e7amos a semana com uma visita \u00e0 Escola Municipal em Tempo Integral Divino Esp\u00edrito Santo, levando a tem\u00e1tica da Educa\u00e7\u00e3o Fiscal de forma leve e transformadora para estudantes. Tamb\u00e9m demos continuidade \u00e0 5\u00aa turma do curso \u201cGest\u00e3o do Teto de Gastos de GD3\u201d, voltado &#8230; <a title=\"Aconteceu na Semana\" class=\"read-more\" href=\"https:\/\/esafaz.sefaz.pe.gov.br\/index.php\/aconteceu-na-semana-19\/\" aria-label=\"Read more about Aconteceu na Semana\">Ler mais<\/a><\/p>\n","protected":false},"author":1,"featured_media":0,"parent":0,"menu_order":0,"comment_status":"closed","ping_status":"closed","template":"","meta":{"inline_featured_image":false,"courseId":0,"footnotes":""},"class_list":["post-4852","page","type-page","status-publish"],"yoast_head":"<!-- This site is optimized with the Yoast SEO plugin v25.1 - https:\/\/yoast.com\/wordpress\/plugins\/seo\/ -->\r\n<title>Aconteceu na Semana - Site Esafaz<\/title>\r\n<meta name=\"robots\" content=\"index, follow, max-snippet:-1, max-image-preview:large, max-video-preview:-1\" \/>\r\n<link rel=\"canonical\" href=\"https:\/\/esafaz.sefaz.pe.gov.br\/index.php\/aconteceu-na-semana-19\/\" \/>\r\n<meta property=\"og:locale\" content=\"pt_BR\" \/>\r\n<meta property=\"og:type\" content=\"article\" \/>\r\n<meta property=\"og:title\" content=\"Aconteceu na Semana - Site Esafaz\" \/>\r\n<meta property=\"og:description\" content=\"\u2728 Semana marcada por aprendizado e compromisso com a gest\u00e3o p\u00fablica! Come\u00e7amos a semana com uma visita \u00e0 Escola Municipal em Tempo Integral Divino Esp\u00edrito Santo, levando a tem\u00e1tica da Educa\u00e7\u00e3o Fiscal de forma leve e transformadora para estudantes. Tamb\u00e9m demos continuidade \u00e0 5\u00aa turma do curso \u201cGest\u00e3o do Teto de Gastos de GD3\u201d, voltado ... Ler mais\" \/>\r\n<meta property=\"og:url\" content=\"https:\/\/esafaz.sefaz.pe.gov.br\/index.php\/aconteceu-na-semana-19\/\" \/>\r\n<meta property=\"og:site_name\" content=\"Site Esafaz\" \/>\r\n<meta property=\"article:modified_time\" content=\"2025-07-07T14:32:46+00:00\" \/>\r\n<meta property=\"og:image\" content=\"https:\/\/esafaz.sefaz.pe.gov.br\/wp-content\/uploads\/2025\/07\/site-aconteceu-na-semana-04.07-1024x653.png\" \/>\r\n\t<meta property=\"og:image:width\" content=\"1024\" \/>\r\n\t<meta property=\"og:image:height\" content=\"653\" \/>\r\n\t<meta property=\"og:image:type\" content=\"image\/png\" \/>\r\n<meta name=\"twitter:card\" content=\"summary_large_image\" \/>\r\n<meta name=\"twitter:label1\" content=\"Est. tempo de leitura\" \/>\n\t<meta name=\"twitter:data1\" content=\"2 minutos\" \/>\r\n<script type=\"application\/ld+json\" class=\"yoast-schema-graph\">{\"@context\":\"https:\/\/schema.org\",\"@graph\":[{\"@type\":\"WebPage\",\"@id\":\"https:\/\/esafaz.sefaz.pe.gov.br\/index.php\/aconteceu-na-semana-19\/\",\"url\":\"https:\/\/esafaz.sefaz.pe.gov.br\/index.php\/aconteceu-na-semana-19\/\",\"name\":\"Aconteceu na Semana - Site Esafaz\",\"isPartOf\":{\"@id\":\"http:\/\/localhost\/#website\"},\"primaryImageOfPage\":{\"@id\":\"https:\/\/esafaz.sefaz.pe.gov.br\/index.php\/aconteceu-na-semana-19\/#primaryimage\"},\"image\":{\"@id\":\"https:\/\/esafaz.sefaz.pe.gov.br\/index.php\/aconteceu-na-semana-19\/#primaryimage\"},\"thumbnailUrl\":\"https:\/\/esafaz.sefaz.pe.gov.br\/wp-content\/uploads\/2025\/07\/site-aconteceu-na-semana-04.07-1024x653.png\",\"datePublished\":\"2025-07-07T14:32:37+00:00\",\"dateModified\":\"2025-07-07T14:32:46+00:00\",\"breadcrumb\":{\"@id\":\"https:\/\/esafaz.sefaz.pe.gov.br\/index.php\/aconteceu-na-semana-19\/#breadcrumb\"},\"inLanguage\":\"pt-BR\",\"potentialAction\":[{\"@type\":\"ReadAction\",\"target\":[\"https:\/\/esafaz.sefaz.pe.gov.br\/index.php\/aconteceu-na-semana-19\/\"]}]},{\"@type\":\"ImageObject\",\"inLanguage\":\"pt-BR\",\"@id\":\"https:\/\/esafaz.sefaz.pe.gov.br\/index.php\/aconteceu-na-semana-19\/#primaryimage\",\"url\":\"https:\/\/esafaz.sefaz.pe.gov.br\/wp-content\/uploads\/2025\/07\/site-aconteceu-na-semana-04.07.png\",\"contentUrl\":\"https:\/\/esafaz.sefaz.pe.gov.br\/wp-content\/uploads\/2025\/07\/site-aconteceu-na-semana-04.07.png\",\"width\":1600,\"height\":1020},{\"@type\":\"BreadcrumbList\",\"@id\":\"https:\/\/esafaz.sefaz.pe.gov.br\/index.php\/aconteceu-na-semana-19\/#breadcrumb\",\"itemListElement\":[{\"@type\":\"ListItem\",\"position\":1,\"name\":\"In\u00edcio\",\"item\":\"https:\/\/esafaz.sefaz.pe.gov.br\/\"},{\"@type\":\"ListItem\",\"position\":2,\"name\":\"Aconteceu na Semana\"}]},{\"@type\":\"WebSite\",\"@id\":\"http:\/\/localhost\/#website\",\"url\":\"http:\/\/localhost\/\",\"name\":\"Portal Esafaz\",\"description\":\"\",\"publisher\":{\"@id\":\"http:\/\/localhost\/#organization\"},\"potentialAction\":[{\"@type\":\"SearchAction\",\"target\":{\"@type\":\"EntryPoint\",\"urlTemplate\":\"http:\/\/localhost\/?s={search_term_string}\"},\"query-input\":{\"@type\":\"PropertyValueSpecification\",\"valueRequired\":true,\"valueName\":\"search_term_string\"}}],\"inLanguage\":\"pt-BR\"},{\"@type\":\"Organization\",\"@id\":\"http:\/\/localhost\/#organization\",\"name\":\"Portal Esafaz\",\"url\":\"http:\/\/localhost\/\",\"logo\":{\"@type\":\"ImageObject\",\"inLanguage\":\"pt-BR\",\"@id\":\"http:\/\/localhost\/#\/schema\/logo\/image\/\",\"url\":\"https:\/\/portalesafaz.sefaz.pe.gov.br\/wp-content\/uploads\/2024\/04\/icone-esafaz.jpeg\",\"contentUrl\":\"https:\/\/portalesafaz.sefaz.pe.gov.br\/wp-content\/uploads\/2024\/04\/icone-esafaz.jpeg\",\"width\":300,\"height\":300,\"caption\":\"Portal Esafaz\"},\"image\":{\"@id\":\"http:\/\/localhost\/#\/schema\/logo\/image\/\"},\"sameAs\":[\"https:\/\/www.instagram.com\/esafazpe\/\"]}]}<\/script>\r\n<!-- \/ Yoast SEO plugin. -->","yoast_head_json":{"title":"Aconteceu na Semana - Site Esafaz","robots":{"index":"index","follow":"follow","max-snippet":"max-snippet:-1","max-image-preview":"max-image-preview:large","max-video-preview":"max-video-preview:-1"},"canonical":"https:\/\/esafaz.sefaz.pe.gov.br\/index.php\/aconteceu-na-semana-19\/","og_locale":"pt_BR","og_type":"article","og_title":"Aconteceu na Semana - Site Esafaz","og_description":"\u2728 Semana marcada por aprendizado e compromisso com a gest\u00e3o p\u00fablica! Come\u00e7amos a semana com uma visita \u00e0 Escola Municipal em Tempo Integral Divino Esp\u00edrito Santo, levando a tem\u00e1tica da Educa\u00e7\u00e3o Fiscal de forma leve e transformadora para estudantes. Tamb\u00e9m demos continuidade \u00e0 5\u00aa turma do curso \u201cGest\u00e3o do Teto de Gastos de GD3\u201d, voltado ... Ler mais","og_url":"https:\/\/esafaz.sefaz.pe.gov.br\/index.php\/aconteceu-na-semana-19\/","og_site_name":"Site Esafaz","article_modified_time":"2025-07-07T14:32:46+00:00","og_image":[{"width":1024,"height":653,"url":"https:\/\/esafaz.sefaz.pe.gov.br\/wp-content\/uploads\/2025\/07\/site-aconteceu-na-semana-04.07-1024x653.png","type":"image\/png"}],"twitter_card":"summary_large_image","twitter_misc":{"Est. tempo de leitura":"2 minutos"},"schema":{"@context":"https:\/\/schema.org","@graph":[{"@type":"WebPage","@id":"https:\/\/esafaz.sefaz.pe.gov.br\/index.php\/aconteceu-na-semana-19\/","url":"https:\/\/esafaz.sefaz.pe.gov.br\/index.php\/aconteceu-na-semana-19\/","name":"Aconteceu na Semana - Site Esafaz","isPartOf":{"@id":"http:\/\/localhost\/#website"},"primaryImageOfPage":{"@id":"https:\/\/esafaz.sefaz.pe.gov.br\/index.php\/aconteceu-na-semana-19\/#primaryimage"},"image":{"@id":"https:\/\/esafaz.sefaz.pe.gov.br\/index.php\/aconteceu-na-semana-19\/#primaryimage"},"thumbnailUrl":"https:\/\/esafaz.sefaz.pe.gov.br\/wp-content\/uploads\/2025\/07\/site-aconteceu-na-semana-04.07-1024x653.png","datePublished":"2025-07-07T14:32:37+00:00","dateModified":"2025-07-07T14:32:46+00:00","breadcrumb":{"@id":"https:\/\/esafaz.sefaz.pe.gov.br\/index.php\/aconteceu-na-semana-19\/#breadcrumb"},"inLanguage":"pt-BR","potentialAction":[{"@type":"ReadAction","target":["https:\/\/esafaz.sefaz.pe.gov.br\/index.php\/aconteceu-na-semana-19\/"]}]},{"@type":"ImageObject","inLanguage":"pt-BR","@id":"https:\/\/esafaz.sefaz.pe.gov.br\/index.php\/aconteceu-na-semana-19\/#primaryimage","url":"https:\/\/esafaz.sefaz.pe.gov.br\/wp-content\/uploads\/2025\/07\/site-aconteceu-na-semana-04.07.png","contentUrl":"https:\/\/esafaz.sefaz.pe.gov.br\/wp-content\/uploads\/2025\/07\/site-aconteceu-na-semana-04.07.png","width":1600,"height":1020},{"@type":"BreadcrumbList","@id":"https:\/\/esafaz.sefaz.pe.gov.br\/index.php\/aconteceu-na-semana-19\/#breadcrumb","itemListElement":[{"@type":"ListItem","position":1,"name":"In\u00edcio","item":"https:\/\/esafaz.sefaz.pe.gov.br\/"},{"@type":"ListItem","position":2,"name":"Aconteceu na Semana"}]},{"@type":"WebSite","@id":"http:\/\/localhost\/#website","url":"http:\/\/localhost\/","name":"Portal Esafaz","description":"","publisher":{"@id":"http:\/\/localhost\/#organization"},"potentialAction":[{"@type":"SearchAction","target":{"@type":"EntryPoint","urlTemplate":"http:\/\/localhost\/?s={search_term_string}"},"query-input":{"@type":"PropertyValueSpecification","valueRequired":true,"valueName":"search_term_string"}}],"inLanguage":"pt-BR"},{"@type":"Organization","@id":"http:\/\/localhost\/#organization","name":"Portal Esafaz","url":"http:\/\/localhost\/","logo":{"@type":"ImageObject","inLanguage":"pt-BR","@id":"http:\/\/localhost\/#\/schema\/logo\/image\/","url":"https:\/\/portalesafaz.sefaz.pe.gov.br\/wp-content\/uploads\/2024\/04\/icone-esafaz.jpeg","contentUrl":"https:\/\/portalesafaz.sefaz.pe.gov.br\/wp-content\/uploads\/2024\/04\/icone-esafaz.jpeg","width":300,"height":300,"caption":"Portal Esafaz"},"image":{"@id":"http:\/\/localhost\/#\/schema\/logo\/image\/"},"sameAs":["https:\/\/www.instagram.com\/esafazpe\/"]}]}},"jetpack_sharing_enabled":true,"_links":{"self":[{"href":"https:\/\/esafaz.sefaz.pe.gov.br\/index.php\/wp-json\/wp\/v2\/pages\/4852"}],"collection":[{"href":"https:\/\/esafaz.sefaz.pe.gov.br\/index.php\/wp-json\/wp\/v2\/pages"}],"about":[{"href":"https:\/\/esafaz.sefaz.pe.gov.br\/index.php\/wp-json\/wp\/v2\/types\/page"}],"author":[{"embeddable":true,"href":"https:\/\/esafaz.sefaz.pe.gov.br\/index.php\/wp-json\/wp\/v2\/users\/1"}],"replies":[{"embeddable":true,"href":"https:\/\/esafaz.sefaz.pe.gov.br\/index.php\/wp-json\/wp\/v2\/comments?post=4852"}],"version-history":[{"count":1,"href":"https:\/\/esafaz.sefaz.pe.gov.br\/index.php\/wp-json\/wp\/v2\/pages\/4852\/revisions"}],"predecessor-version":[{"id":4854,"href":"https:\/\/esafaz.sefaz.pe.gov.br\/index.php\/wp-json\/wp\/v2\/pages\/4852\/revisions\/4854"}],"wp:attachment":[{"href":"https:\/\/esafaz.sefaz.pe.gov.br\/index.php\/wp-json\/wp\/v2\/media?parent=4852"}],"curies":[{"name":"wp","href":"https:\/\/api.w.org\/{rel}","templated":true}]}}