{"id":4800,"date":"2025-07-01T11:05:00","date_gmt":"2025-07-01T14:05:00","guid":{"rendered":"https:\/\/esafaz.sefaz.pe.gov.br\/?page_id=4800"},"modified":"2025-07-01T11:05:07","modified_gmt":"2025-07-01T14:05:07","slug":"aconteceu-na-semana-17","status":"publish","type":"page","link":"https:\/\/esafaz.sefaz.pe.gov.br\/index.php\/aconteceu-na-semana-17\/","title":{"rendered":"Aconteceu na Semana"},"content":{"rendered":"\n<figure class=\"wp-block-image size-large\"><img fetchpriority=\"high\" decoding=\"async\" width=\"1024\" height=\"653\" src=\"https:\/\/esafaz.sefaz.pe.gov.br\/wp-content\/uploads\/2025\/07\/site-aconteceu-na-semana-13.06-1024x653.jpeg\" alt=\"\" class=\"wp-image-4801\" srcset=\"https:\/\/esafaz.sefaz.pe.gov.br\/wp-content\/uploads\/2025\/07\/site-aconteceu-na-semana-13.06-1024x653.jpeg 1024w, https:\/\/esafaz.sefaz.pe.gov.br\/wp-content\/uploads\/2025\/07\/site-aconteceu-na-semana-13.06-300x191.jpeg 300w, https:\/\/esafaz.sefaz.pe.gov.br\/wp-content\/uploads\/2025\/07\/site-aconteceu-na-semana-13.06-768x490.jpeg 768w, https:\/\/esafaz.sefaz.pe.gov.br\/wp-content\/uploads\/2025\/07\/site-aconteceu-na-semana-13.06-1536x980.jpeg 1536w, https:\/\/esafaz.sefaz.pe.gov.br\/wp-content\/uploads\/2025\/07\/site-aconteceu-na-semana-13.06-2048x1306.jpeg 2048w\" sizes=\"(max-width: 1024px) 100vw, 1024px\" \/><\/figure>\n\n\n\n<p>&nbsp;<\/p>\n\n\n\n<p>Semana de muito aprendizado e novas conex\u00f5es na Esafaz PE!<\/p>\n\n\n\n<p>Os destaques da semana ficaram com a quarta turma do curso \u201cGBP\/E-FISCO \u2013 No\u00e7\u00f5es sobre o Cronograma de Execu\u00e7\u00e3o Or\u00e7ament\u00e1ria (CEO), a qual permitiu aos servidores da \u00e1rea de Contratos e Financeiro, aprimorar o uso do sistema GBP\/e-Fisco e garantindo mais efici\u00eancia na aplica\u00e7\u00e3o dos recursos p\u00fablicos.<\/p>\n\n\n\n<p>Tamb\u00e9m tivemos a quarta turma do curso \u201cGest\u00e3o do Teto de Gastos de GD3\u201d, capacitada para otimizar o planejamento e a gest\u00e3o das despesas. Orientada pela objetivo de fortalecer o controle de gastos e garantir uma administra\u00e7\u00e3o p\u00fablica cada vez mais eficaz e respons\u00e1vel.<\/p>\n\n\n\n<p>Al\u00e9m disso, a Gerente Geral de Gest\u00e3o de Pessoas da Sefaz-PE, Walcl\u00e9cia Santos, e a Superintendente da Escola Fazend\u00e1ria, Nathalia Farias, participaram da 91\u2022 Reuni\u00e3o do Grupo de Desenvolvimento Fazend\u00e1rio (GDFAZ), em Bel\u00e9m-PA. O grupo tem como objetivo aprimorar e fortalecer o papel estrat\u00e9gico da gest\u00e3o de pessoas nas Unidades da Federa\u00e7\u00e3o e fomentar o compartilhamento de boas pr\u00e1ticas que contribuam para gerar melhores resultados no desenvolvimento e gest\u00e3o de pessoas. No evento, que tratou sobre Sustentabilidade em suas diversas perspectivas, tamb\u00e9m houve palestra da Secret\u00e1ria Executiva de Sustentabilidade da Semas-PE, Karla Godoy. Vem mais novidades por a\u00ed!<\/p>\n\n\n\n<p>Parab\u00e9ns a todos os servidores que participaram e se dedicaram!<\/p>\n\n\n\n<p>\u27a1\ufe0f Fique de olho em nosso site e aqui nas redes para aproveitar os pr\u00f3ximos eventos!<\/p>\n\n\n\n<p><\/p>\n","protected":false},"excerpt":{"rendered":"<p>&nbsp; Semana de muito aprendizado e novas conex\u00f5es na Esafaz PE! Os destaques da semana ficaram com a quarta turma do curso \u201cGBP\/E-FISCO \u2013 No\u00e7\u00f5es sobre o Cronograma de Execu\u00e7\u00e3o Or\u00e7ament\u00e1ria (CEO), a qual permitiu aos servidores da \u00e1rea de Contratos e Financeiro, aprimorar o uso do sistema GBP\/e-Fisco e garantindo mais efici\u00eancia na aplica\u00e7\u00e3o &#8230; <a title=\"Aconteceu na Semana\" class=\"read-more\" href=\"https:\/\/esafaz.sefaz.pe.gov.br\/index.php\/aconteceu-na-semana-17\/\" aria-label=\"Read more about Aconteceu na Semana\">Ler mais<\/a><\/p>\n","protected":false},"author":1,"featured_media":0,"parent":0,"menu_order":0,"comment_status":"closed","ping_status":"closed","template":"","meta":{"inline_featured_image":false,"courseId":0,"footnotes":""},"class_list":["post-4800","page","type-page","status-publish"],"yoast_head":"<!-- This site is optimized with the Yoast SEO plugin v25.1 - https:\/\/yoast.com\/wordpress\/plugins\/seo\/ -->\r\n<title>Aconteceu na Semana - Site Esafaz<\/title>\r\n<meta name=\"robots\" content=\"index, follow, max-snippet:-1, max-image-preview:large, max-video-preview:-1\" \/>\r\n<link rel=\"canonical\" href=\"https:\/\/esafaz.sefaz.pe.gov.br\/index.php\/aconteceu-na-semana-17\/\" \/>\r\n<meta property=\"og:locale\" content=\"pt_BR\" \/>\r\n<meta property=\"og:type\" content=\"article\" \/>\r\n<meta property=\"og:title\" content=\"Aconteceu na Semana - Site Esafaz\" \/>\r\n<meta property=\"og:description\" content=\"&nbsp; Semana de muito aprendizado e novas conex\u00f5es na Esafaz PE! Os destaques da semana ficaram com a quarta turma do curso \u201cGBP\/E-FISCO \u2013 No\u00e7\u00f5es sobre o Cronograma de Execu\u00e7\u00e3o Or\u00e7ament\u00e1ria (CEO), a qual permitiu aos servidores da \u00e1rea de Contratos e Financeiro, aprimorar o uso do sistema GBP\/e-Fisco e garantindo mais efici\u00eancia na aplica\u00e7\u00e3o ... Ler mais\" \/>\r\n<meta property=\"og:url\" content=\"https:\/\/esafaz.sefaz.pe.gov.br\/index.php\/aconteceu-na-semana-17\/\" \/>\r\n<meta property=\"og:site_name\" content=\"Site Esafaz\" \/>\r\n<meta property=\"article:modified_time\" content=\"2025-07-01T14:05:07+00:00\" \/>\r\n<meta property=\"og:image\" content=\"https:\/\/esafaz.sefaz.pe.gov.br\/wp-content\/uploads\/2025\/07\/site-aconteceu-na-semana-13.06.jpeg\" \/>\r\n\t<meta property=\"og:image:width\" content=\"2560\" \/>\r\n\t<meta property=\"og:image:height\" content=\"1633\" \/>\r\n\t<meta property=\"og:image:type\" content=\"image\/jpeg\" \/>\r\n<meta name=\"twitter:card\" content=\"summary_large_image\" \/>\r\n<meta name=\"twitter:label1\" content=\"Est. tempo de leitura\" \/>\n\t<meta name=\"twitter:data1\" content=\"2 minutos\" \/>\r\n<script type=\"application\/ld+json\" class=\"yoast-schema-graph\">{\"@context\":\"https:\/\/schema.org\",\"@graph\":[{\"@type\":\"WebPage\",\"@id\":\"https:\/\/esafaz.sefaz.pe.gov.br\/index.php\/aconteceu-na-semana-17\/\",\"url\":\"https:\/\/esafaz.sefaz.pe.gov.br\/index.php\/aconteceu-na-semana-17\/\",\"name\":\"Aconteceu na Semana - Site Esafaz\",\"isPartOf\":{\"@id\":\"http:\/\/localhost\/#website\"},\"primaryImageOfPage\":{\"@id\":\"https:\/\/esafaz.sefaz.pe.gov.br\/index.php\/aconteceu-na-semana-17\/#primaryimage\"},\"image\":{\"@id\":\"https:\/\/esafaz.sefaz.pe.gov.br\/index.php\/aconteceu-na-semana-17\/#primaryimage\"},\"thumbnailUrl\":\"https:\/\/esafaz.sefaz.pe.gov.br\/wp-content\/uploads\/2025\/07\/site-aconteceu-na-semana-13.06-1024x653.jpeg\",\"datePublished\":\"2025-07-01T14:05:00+00:00\",\"dateModified\":\"2025-07-01T14:05:07+00:00\",\"breadcrumb\":{\"@id\":\"https:\/\/esafaz.sefaz.pe.gov.br\/index.php\/aconteceu-na-semana-17\/#breadcrumb\"},\"inLanguage\":\"pt-BR\",\"potentialAction\":[{\"@type\":\"ReadAction\",\"target\":[\"https:\/\/esafaz.sefaz.pe.gov.br\/index.php\/aconteceu-na-semana-17\/\"]}]},{\"@type\":\"ImageObject\",\"inLanguage\":\"pt-BR\",\"@id\":\"https:\/\/esafaz.sefaz.pe.gov.br\/index.php\/aconteceu-na-semana-17\/#primaryimage\",\"url\":\"https:\/\/esafaz.sefaz.pe.gov.br\/wp-content\/uploads\/2025\/07\/site-aconteceu-na-semana-13.06.jpeg\",\"contentUrl\":\"https:\/\/esafaz.sefaz.pe.gov.br\/wp-content\/uploads\/2025\/07\/site-aconteceu-na-semana-13.06.jpeg\",\"width\":2560,\"height\":1633},{\"@type\":\"BreadcrumbList\",\"@id\":\"https:\/\/esafaz.sefaz.pe.gov.br\/index.php\/aconteceu-na-semana-17\/#breadcrumb\",\"itemListElement\":[{\"@type\":\"ListItem\",\"position\":1,\"name\":\"In\u00edcio\",\"item\":\"https:\/\/esafaz.sefaz.pe.gov.br\/\"},{\"@type\":\"ListItem\",\"position\":2,\"name\":\"Aconteceu na Semana\"}]},{\"@type\":\"WebSite\",\"@id\":\"http:\/\/localhost\/#website\",\"url\":\"http:\/\/localhost\/\",\"name\":\"Portal Esafaz\",\"description\":\"\",\"publisher\":{\"@id\":\"http:\/\/localhost\/#organization\"},\"potentialAction\":[{\"@type\":\"SearchAction\",\"target\":{\"@type\":\"EntryPoint\",\"urlTemplate\":\"http:\/\/localhost\/?s={search_term_string}\"},\"query-input\":{\"@type\":\"PropertyValueSpecification\",\"valueRequired\":true,\"valueName\":\"search_term_string\"}}],\"inLanguage\":\"pt-BR\"},{\"@type\":\"Organization\",\"@id\":\"http:\/\/localhost\/#organization\",\"name\":\"Portal Esafaz\",\"url\":\"http:\/\/localhost\/\",\"logo\":{\"@type\":\"ImageObject\",\"inLanguage\":\"pt-BR\",\"@id\":\"http:\/\/localhost\/#\/schema\/logo\/image\/\",\"url\":\"https:\/\/portalesafaz.sefaz.pe.gov.br\/wp-content\/uploads\/2024\/04\/icone-esafaz.jpeg\",\"contentUrl\":\"https:\/\/portalesafaz.sefaz.pe.gov.br\/wp-content\/uploads\/2024\/04\/icone-esafaz.jpeg\",\"width\":300,\"height\":300,\"caption\":\"Portal Esafaz\"},\"image\":{\"@id\":\"http:\/\/localhost\/#\/schema\/logo\/image\/\"},\"sameAs\":[\"https:\/\/www.instagram.com\/esafazpe\/\"]}]}<\/script>\r\n<!-- \/ Yoast SEO plugin. -->","yoast_head_json":{"title":"Aconteceu na Semana - Site Esafaz","robots":{"index":"index","follow":"follow","max-snippet":"max-snippet:-1","max-image-preview":"max-image-preview:large","max-video-preview":"max-video-preview:-1"},"canonical":"https:\/\/esafaz.sefaz.pe.gov.br\/index.php\/aconteceu-na-semana-17\/","og_locale":"pt_BR","og_type":"article","og_title":"Aconteceu na Semana - Site Esafaz","og_description":"&nbsp; Semana de muito aprendizado e novas conex\u00f5es na Esafaz PE! Os destaques da semana ficaram com a quarta turma do curso \u201cGBP\/E-FISCO \u2013 No\u00e7\u00f5es sobre o Cronograma de Execu\u00e7\u00e3o Or\u00e7ament\u00e1ria (CEO), a qual permitiu aos servidores da \u00e1rea de Contratos e Financeiro, aprimorar o uso do sistema GBP\/e-Fisco e garantindo mais efici\u00eancia na aplica\u00e7\u00e3o ... Ler mais","og_url":"https:\/\/esafaz.sefaz.pe.gov.br\/index.php\/aconteceu-na-semana-17\/","og_site_name":"Site Esafaz","article_modified_time":"2025-07-01T14:05:07+00:00","og_image":[{"width":2560,"height":1633,"url":"https:\/\/esafaz.sefaz.pe.gov.br\/wp-content\/uploads\/2025\/07\/site-aconteceu-na-semana-13.06.jpeg","type":"image\/jpeg"}],"twitter_card":"summary_large_image","twitter_misc":{"Est. tempo de leitura":"2 minutos"},"schema":{"@context":"https:\/\/schema.org","@graph":[{"@type":"WebPage","@id":"https:\/\/esafaz.sefaz.pe.gov.br\/index.php\/aconteceu-na-semana-17\/","url":"https:\/\/esafaz.sefaz.pe.gov.br\/index.php\/aconteceu-na-semana-17\/","name":"Aconteceu na Semana - Site Esafaz","isPartOf":{"@id":"http:\/\/localhost\/#website"},"primaryImageOfPage":{"@id":"https:\/\/esafaz.sefaz.pe.gov.br\/index.php\/aconteceu-na-semana-17\/#primaryimage"},"image":{"@id":"https:\/\/esafaz.sefaz.pe.gov.br\/index.php\/aconteceu-na-semana-17\/#primaryimage"},"thumbnailUrl":"https:\/\/esafaz.sefaz.pe.gov.br\/wp-content\/uploads\/2025\/07\/site-aconteceu-na-semana-13.06-1024x653.jpeg","datePublished":"2025-07-01T14:05:00+00:00","dateModified":"2025-07-01T14:05:07+00:00","breadcrumb":{"@id":"https:\/\/esafaz.sefaz.pe.gov.br\/index.php\/aconteceu-na-semana-17\/#breadcrumb"},"inLanguage":"pt-BR","potentialAction":[{"@type":"ReadAction","target":["https:\/\/esafaz.sefaz.pe.gov.br\/index.php\/aconteceu-na-semana-17\/"]}]},{"@type":"ImageObject","inLanguage":"pt-BR","@id":"https:\/\/esafaz.sefaz.pe.gov.br\/index.php\/aconteceu-na-semana-17\/#primaryimage","url":"https:\/\/esafaz.sefaz.pe.gov.br\/wp-content\/uploads\/2025\/07\/site-aconteceu-na-semana-13.06.jpeg","contentUrl":"https:\/\/esafaz.sefaz.pe.gov.br\/wp-content\/uploads\/2025\/07\/site-aconteceu-na-semana-13.06.jpeg","width":2560,"height":1633},{"@type":"BreadcrumbList","@id":"https:\/\/esafaz.sefaz.pe.gov.br\/index.php\/aconteceu-na-semana-17\/#breadcrumb","itemListElement":[{"@type":"ListItem","position":1,"name":"In\u00edcio","item":"https:\/\/esafaz.sefaz.pe.gov.br\/"},{"@type":"ListItem","position":2,"name":"Aconteceu na Semana"}]},{"@type":"WebSite","@id":"http:\/\/localhost\/#website","url":"http:\/\/localhost\/","name":"Portal Esafaz","description":"","publisher":{"@id":"http:\/\/localhost\/#organization"},"potentialAction":[{"@type":"SearchAction","target":{"@type":"EntryPoint","urlTemplate":"http:\/\/localhost\/?s={search_term_string}"},"query-input":{"@type":"PropertyValueSpecification","valueRequired":true,"valueName":"search_term_string"}}],"inLanguage":"pt-BR"},{"@type":"Organization","@id":"http:\/\/localhost\/#organization","name":"Portal Esafaz","url":"http:\/\/localhost\/","logo":{"@type":"ImageObject","inLanguage":"pt-BR","@id":"http:\/\/localhost\/#\/schema\/logo\/image\/","url":"https:\/\/portalesafaz.sefaz.pe.gov.br\/wp-content\/uploads\/2024\/04\/icone-esafaz.jpeg","contentUrl":"https:\/\/portalesafaz.sefaz.pe.gov.br\/wp-content\/uploads\/2024\/04\/icone-esafaz.jpeg","width":300,"height":300,"caption":"Portal Esafaz"},"image":{"@id":"http:\/\/localhost\/#\/schema\/logo\/image\/"},"sameAs":["https:\/\/www.instagram.com\/esafazpe\/"]}]}},"jetpack_sharing_enabled":true,"_links":{"self":[{"href":"https:\/\/esafaz.sefaz.pe.gov.br\/index.php\/wp-json\/wp\/v2\/pages\/4800"}],"collection":[{"href":"https:\/\/esafaz.sefaz.pe.gov.br\/index.php\/wp-json\/wp\/v2\/pages"}],"about":[{"href":"https:\/\/esafaz.sefaz.pe.gov.br\/index.php\/wp-json\/wp\/v2\/types\/page"}],"author":[{"embeddable":true,"href":"https:\/\/esafaz.sefaz.pe.gov.br\/index.php\/wp-json\/wp\/v2\/users\/1"}],"replies":[{"embeddable":true,"href":"https:\/\/esafaz.sefaz.pe.gov.br\/index.php\/wp-json\/wp\/v2\/comments?post=4800"}],"version-history":[{"count":1,"href":"https:\/\/esafaz.sefaz.pe.gov.br\/index.php\/wp-json\/wp\/v2\/pages\/4800\/revisions"}],"predecessor-version":[{"id":4802,"href":"https:\/\/esafaz.sefaz.pe.gov.br\/index.php\/wp-json\/wp\/v2\/pages\/4800\/revisions\/4802"}],"wp:attachment":[{"href":"https:\/\/esafaz.sefaz.pe.gov.br\/index.php\/wp-json\/wp\/v2\/media?parent=4800"}],"curies":[{"name":"wp","href":"https:\/\/api.w.org\/{rel}","templated":true}]}}