{"id":4489,"date":"2025-06-03T08:58:54","date_gmt":"2025-06-03T11:58:54","guid":{"rendered":"https:\/\/esafaz.sefaz.pe.gov.br\/?page_id=4489"},"modified":"2025-06-03T08:59:02","modified_gmt":"2025-06-03T11:59:02","slug":"aconteceu-na-semana-15","status":"publish","type":"page","link":"https:\/\/esafaz.sefaz.pe.gov.br\/index.php\/aconteceu-na-semana-15\/","title":{"rendered":"Aconteceu na Semana"},"content":{"rendered":"\n<figure class=\"wp-block-image size-large\"><img fetchpriority=\"high\" decoding=\"async\" width=\"1024\" height=\"653\" src=\"https:\/\/esafaz.sefaz.pe.gov.br\/wp-content\/uploads\/2025\/06\/site-aconteceu-na-semana-30.05-1024x653.jpeg\" alt=\"\" class=\"wp-image-4490\" srcset=\"https:\/\/esafaz.sefaz.pe.gov.br\/wp-content\/uploads\/2025\/06\/site-aconteceu-na-semana-30.05-1024x653.jpeg 1024w, https:\/\/esafaz.sefaz.pe.gov.br\/wp-content\/uploads\/2025\/06\/site-aconteceu-na-semana-30.05-300x191.jpeg 300w, https:\/\/esafaz.sefaz.pe.gov.br\/wp-content\/uploads\/2025\/06\/site-aconteceu-na-semana-30.05-768x490.jpeg 768w, https:\/\/esafaz.sefaz.pe.gov.br\/wp-content\/uploads\/2025\/06\/site-aconteceu-na-semana-30.05-1536x979.jpeg 1536w, https:\/\/esafaz.sefaz.pe.gov.br\/wp-content\/uploads\/2025\/06\/site-aconteceu-na-semana-30.05.jpeg 1600w\" sizes=\"(max-width: 1024px) 100vw, 1024px\" \/><\/figure>\n\n\n\n<p>&nbsp;<\/p>\n\n\n\n<p>\u2728 Semana intensa de capacita\u00e7\u00f5es e troca de conhecimento na ESAFAZ!<\/p>\n\n\n\n<p>Confira os destaques:<\/p>\n\n\n\n<p>Segunda turma do curso \u201cGest\u00e3o do Teto de Gastos de GD3\u201d. Uma capacita\u00e7\u00e3o voltada para servidores em cargos de chefia que atuam com or\u00e7amento p\u00fablico. Foco total na efici\u00eancia e controle das despesas estaduais.<\/p>\n\n\n\n<p>Tamb\u00e9m tivemos turma de \u201ce-Fisco &#8211; Reten\u00e7\u00f5es Tribut\u00e1rias: IR, INSS e ISS\u201d. Curso essencial para quem trabalha na \u00e1rea financeira e precisa entender as reten\u00e7\u00f5es no sistema de forma clara e aplicada.<\/p>\n\n\n\n<p>Rodamos a segunda turma de \u201ce-Fisco &#8211; Presta\u00e7\u00e3o de Contas\u201d. Aqui os servidores das Unidades Gestoras aprofundaram o conhecimento no m\u00f3dulo GPC, garantindo mais seguran\u00e7a na operacionaliza\u00e7\u00e3o das presta\u00e7\u00f5es de contas.<\/p>\n\n\n\n<p>A segunda turma de \u201cCadastro de Materiais e Servi\u00e7os no GBP\/e-FISCO\u201d, onde os participantes aprenderam a acessar o CADMAT, incluir propostas e cadastrar itens com mais precis\u00e3o e efici\u00eancia.<\/p>\n\n\n\n<p>E uma turma do curso \u201cOperacionalizando o M\u00f3dulo GTV no e-Fisco \u2013 M\u00f3dulo A\u201d, para quem atua com parcerias e transfer\u00eancias volunt\u00e1rias, a semana foi de aprendizado pr\u00e1tico sobre como operar o sistema com autonomia.<\/p>\n\n\n\n<p>Encerramos a semana com mais uma edi\u00e7\u00e3o do FISCAF\u00c9, sobre \u201cIntelig\u00eancia Artificial no Direito: possibilidades e desafios\u201d. Uma mesa redonda liderada pelo desembargador do TJPE, Dr. Alexandre Pimentel, e pelo procurador do estado de PE, Dr. Miguel C\u00e2mara, mediada pelo julgador administrativo tribut\u00e1rio da Sefaz-PE, Dr. Leonardo Mendon\u00e7a. Uma rica troca com pr\u00f3speros frutos.<\/p>\n\n\n\n<p>Semana encerrada com muito aprendizado e colabora\u00e7\u00e3o!<\/p>\n\n\n\n<p>Seguimos juntos, fortalecendo a gest\u00e3o p\u00fablica com conhecimento e inova\u00e7\u00e3o!<\/p>\n","protected":false},"excerpt":{"rendered":"<p>&nbsp; \u2728 Semana intensa de capacita\u00e7\u00f5es e troca de conhecimento na ESAFAZ! Confira os destaques: Segunda turma do curso \u201cGest\u00e3o do Teto de Gastos de GD3\u201d. Uma capacita\u00e7\u00e3o voltada para servidores em cargos de chefia que atuam com or\u00e7amento p\u00fablico. Foco total na efici\u00eancia e controle das despesas estaduais. Tamb\u00e9m tivemos turma de \u201ce-Fisco &#8211; &#8230; <a title=\"Aconteceu na Semana\" class=\"read-more\" href=\"https:\/\/esafaz.sefaz.pe.gov.br\/index.php\/aconteceu-na-semana-15\/\" aria-label=\"Read more about Aconteceu na Semana\">Ler mais<\/a><\/p>\n","protected":false},"author":1,"featured_media":0,"parent":0,"menu_order":0,"comment_status":"closed","ping_status":"closed","template":"","meta":{"inline_featured_image":false,"courseId":0,"footnotes":""},"class_list":["post-4489","page","type-page","status-publish"],"yoast_head":"<!-- This site is optimized with the Yoast SEO plugin v25.1 - https:\/\/yoast.com\/wordpress\/plugins\/seo\/ -->\r\n<title>Aconteceu na Semana - Site Esafaz<\/title>\r\n<meta name=\"robots\" content=\"index, follow, max-snippet:-1, max-image-preview:large, max-video-preview:-1\" \/>\r\n<link rel=\"canonical\" href=\"https:\/\/esafaz.sefaz.pe.gov.br\/index.php\/aconteceu-na-semana-15\/\" \/>\r\n<meta property=\"og:locale\" content=\"pt_BR\" \/>\r\n<meta property=\"og:type\" content=\"article\" \/>\r\n<meta property=\"og:title\" content=\"Aconteceu na Semana - Site Esafaz\" \/>\r\n<meta property=\"og:description\" content=\"&nbsp; \u2728 Semana intensa de capacita\u00e7\u00f5es e troca de conhecimento na ESAFAZ! Confira os destaques: Segunda turma do curso \u201cGest\u00e3o do Teto de Gastos de GD3\u201d. Uma capacita\u00e7\u00e3o voltada para servidores em cargos de chefia que atuam com or\u00e7amento p\u00fablico. Foco total na efici\u00eancia e controle das despesas estaduais. Tamb\u00e9m tivemos turma de \u201ce-Fisco &#8211; ... Ler mais\" \/>\r\n<meta property=\"og:url\" content=\"https:\/\/esafaz.sefaz.pe.gov.br\/index.php\/aconteceu-na-semana-15\/\" \/>\r\n<meta property=\"og:site_name\" content=\"Site Esafaz\" \/>\r\n<meta property=\"article:modified_time\" content=\"2025-06-03T11:59:02+00:00\" \/>\r\n<meta property=\"og:image\" content=\"https:\/\/esafaz.sefaz.pe.gov.br\/wp-content\/uploads\/2025\/06\/site-aconteceu-na-semana-30.05.jpeg\" \/>\r\n\t<meta property=\"og:image:width\" content=\"1600\" \/>\r\n\t<meta property=\"og:image:height\" content=\"1020\" \/>\r\n\t<meta property=\"og:image:type\" content=\"image\/jpeg\" \/>\r\n<meta name=\"twitter:card\" content=\"summary_large_image\" \/>\r\n<meta name=\"twitter:label1\" content=\"Est. tempo de leitura\" \/>\n\t<meta name=\"twitter:data1\" content=\"2 minutos\" \/>\r\n<script type=\"application\/ld+json\" class=\"yoast-schema-graph\">{\"@context\":\"https:\/\/schema.org\",\"@graph\":[{\"@type\":\"WebPage\",\"@id\":\"https:\/\/esafaz.sefaz.pe.gov.br\/index.php\/aconteceu-na-semana-15\/\",\"url\":\"https:\/\/esafaz.sefaz.pe.gov.br\/index.php\/aconteceu-na-semana-15\/\",\"name\":\"Aconteceu na Semana - Site Esafaz\",\"isPartOf\":{\"@id\":\"http:\/\/localhost\/#website\"},\"primaryImageOfPage\":{\"@id\":\"https:\/\/esafaz.sefaz.pe.gov.br\/index.php\/aconteceu-na-semana-15\/#primaryimage\"},\"image\":{\"@id\":\"https:\/\/esafaz.sefaz.pe.gov.br\/index.php\/aconteceu-na-semana-15\/#primaryimage\"},\"thumbnailUrl\":\"https:\/\/esafaz.sefaz.pe.gov.br\/wp-content\/uploads\/2025\/06\/site-aconteceu-na-semana-30.05-1024x653.jpeg\",\"datePublished\":\"2025-06-03T11:58:54+00:00\",\"dateModified\":\"2025-06-03T11:59:02+00:00\",\"breadcrumb\":{\"@id\":\"https:\/\/esafaz.sefaz.pe.gov.br\/index.php\/aconteceu-na-semana-15\/#breadcrumb\"},\"inLanguage\":\"pt-BR\",\"potentialAction\":[{\"@type\":\"ReadAction\",\"target\":[\"https:\/\/esafaz.sefaz.pe.gov.br\/index.php\/aconteceu-na-semana-15\/\"]}]},{\"@type\":\"ImageObject\",\"inLanguage\":\"pt-BR\",\"@id\":\"https:\/\/esafaz.sefaz.pe.gov.br\/index.php\/aconteceu-na-semana-15\/#primaryimage\",\"url\":\"https:\/\/esafaz.sefaz.pe.gov.br\/wp-content\/uploads\/2025\/06\/site-aconteceu-na-semana-30.05.jpeg\",\"contentUrl\":\"https:\/\/esafaz.sefaz.pe.gov.br\/wp-content\/uploads\/2025\/06\/site-aconteceu-na-semana-30.05.jpeg\",\"width\":1600,\"height\":1020},{\"@type\":\"BreadcrumbList\",\"@id\":\"https:\/\/esafaz.sefaz.pe.gov.br\/index.php\/aconteceu-na-semana-15\/#breadcrumb\",\"itemListElement\":[{\"@type\":\"ListItem\",\"position\":1,\"name\":\"In\u00edcio\",\"item\":\"https:\/\/esafaz.sefaz.pe.gov.br\/\"},{\"@type\":\"ListItem\",\"position\":2,\"name\":\"Aconteceu na Semana\"}]},{\"@type\":\"WebSite\",\"@id\":\"http:\/\/localhost\/#website\",\"url\":\"http:\/\/localhost\/\",\"name\":\"Portal Esafaz\",\"description\":\"\",\"publisher\":{\"@id\":\"http:\/\/localhost\/#organization\"},\"potentialAction\":[{\"@type\":\"SearchAction\",\"target\":{\"@type\":\"EntryPoint\",\"urlTemplate\":\"http:\/\/localhost\/?s={search_term_string}\"},\"query-input\":{\"@type\":\"PropertyValueSpecification\",\"valueRequired\":true,\"valueName\":\"search_term_string\"}}],\"inLanguage\":\"pt-BR\"},{\"@type\":\"Organization\",\"@id\":\"http:\/\/localhost\/#organization\",\"name\":\"Portal Esafaz\",\"url\":\"http:\/\/localhost\/\",\"logo\":{\"@type\":\"ImageObject\",\"inLanguage\":\"pt-BR\",\"@id\":\"http:\/\/localhost\/#\/schema\/logo\/image\/\",\"url\":\"https:\/\/portalesafaz.sefaz.pe.gov.br\/wp-content\/uploads\/2024\/04\/icone-esafaz.jpeg\",\"contentUrl\":\"https:\/\/portalesafaz.sefaz.pe.gov.br\/wp-content\/uploads\/2024\/04\/icone-esafaz.jpeg\",\"width\":300,\"height\":300,\"caption\":\"Portal Esafaz\"},\"image\":{\"@id\":\"http:\/\/localhost\/#\/schema\/logo\/image\/\"},\"sameAs\":[\"https:\/\/www.instagram.com\/esafazpe\/\"]}]}<\/script>\r\n<!-- \/ Yoast SEO plugin. -->","yoast_head_json":{"title":"Aconteceu na Semana - Site Esafaz","robots":{"index":"index","follow":"follow","max-snippet":"max-snippet:-1","max-image-preview":"max-image-preview:large","max-video-preview":"max-video-preview:-1"},"canonical":"https:\/\/esafaz.sefaz.pe.gov.br\/index.php\/aconteceu-na-semana-15\/","og_locale":"pt_BR","og_type":"article","og_title":"Aconteceu na Semana - Site Esafaz","og_description":"&nbsp; \u2728 Semana intensa de capacita\u00e7\u00f5es e troca de conhecimento na ESAFAZ! Confira os destaques: Segunda turma do curso \u201cGest\u00e3o do Teto de Gastos de GD3\u201d. Uma capacita\u00e7\u00e3o voltada para servidores em cargos de chefia que atuam com or\u00e7amento p\u00fablico. Foco total na efici\u00eancia e controle das despesas estaduais. Tamb\u00e9m tivemos turma de \u201ce-Fisco &#8211; ... Ler mais","og_url":"https:\/\/esafaz.sefaz.pe.gov.br\/index.php\/aconteceu-na-semana-15\/","og_site_name":"Site Esafaz","article_modified_time":"2025-06-03T11:59:02+00:00","og_image":[{"width":1600,"height":1020,"url":"https:\/\/esafaz.sefaz.pe.gov.br\/wp-content\/uploads\/2025\/06\/site-aconteceu-na-semana-30.05.jpeg","type":"image\/jpeg"}],"twitter_card":"summary_large_image","twitter_misc":{"Est. tempo de leitura":"2 minutos"},"schema":{"@context":"https:\/\/schema.org","@graph":[{"@type":"WebPage","@id":"https:\/\/esafaz.sefaz.pe.gov.br\/index.php\/aconteceu-na-semana-15\/","url":"https:\/\/esafaz.sefaz.pe.gov.br\/index.php\/aconteceu-na-semana-15\/","name":"Aconteceu na Semana - Site Esafaz","isPartOf":{"@id":"http:\/\/localhost\/#website"},"primaryImageOfPage":{"@id":"https:\/\/esafaz.sefaz.pe.gov.br\/index.php\/aconteceu-na-semana-15\/#primaryimage"},"image":{"@id":"https:\/\/esafaz.sefaz.pe.gov.br\/index.php\/aconteceu-na-semana-15\/#primaryimage"},"thumbnailUrl":"https:\/\/esafaz.sefaz.pe.gov.br\/wp-content\/uploads\/2025\/06\/site-aconteceu-na-semana-30.05-1024x653.jpeg","datePublished":"2025-06-03T11:58:54+00:00","dateModified":"2025-06-03T11:59:02+00:00","breadcrumb":{"@id":"https:\/\/esafaz.sefaz.pe.gov.br\/index.php\/aconteceu-na-semana-15\/#breadcrumb"},"inLanguage":"pt-BR","potentialAction":[{"@type":"ReadAction","target":["https:\/\/esafaz.sefaz.pe.gov.br\/index.php\/aconteceu-na-semana-15\/"]}]},{"@type":"ImageObject","inLanguage":"pt-BR","@id":"https:\/\/esafaz.sefaz.pe.gov.br\/index.php\/aconteceu-na-semana-15\/#primaryimage","url":"https:\/\/esafaz.sefaz.pe.gov.br\/wp-content\/uploads\/2025\/06\/site-aconteceu-na-semana-30.05.jpeg","contentUrl":"https:\/\/esafaz.sefaz.pe.gov.br\/wp-content\/uploads\/2025\/06\/site-aconteceu-na-semana-30.05.jpeg","width":1600,"height":1020},{"@type":"BreadcrumbList","@id":"https:\/\/esafaz.sefaz.pe.gov.br\/index.php\/aconteceu-na-semana-15\/#breadcrumb","itemListElement":[{"@type":"ListItem","position":1,"name":"In\u00edcio","item":"https:\/\/esafaz.sefaz.pe.gov.br\/"},{"@type":"ListItem","position":2,"name":"Aconteceu na Semana"}]},{"@type":"WebSite","@id":"http:\/\/localhost\/#website","url":"http:\/\/localhost\/","name":"Portal Esafaz","description":"","publisher":{"@id":"http:\/\/localhost\/#organization"},"potentialAction":[{"@type":"SearchAction","target":{"@type":"EntryPoint","urlTemplate":"http:\/\/localhost\/?s={search_term_string}"},"query-input":{"@type":"PropertyValueSpecification","valueRequired":true,"valueName":"search_term_string"}}],"inLanguage":"pt-BR"},{"@type":"Organization","@id":"http:\/\/localhost\/#organization","name":"Portal Esafaz","url":"http:\/\/localhost\/","logo":{"@type":"ImageObject","inLanguage":"pt-BR","@id":"http:\/\/localhost\/#\/schema\/logo\/image\/","url":"https:\/\/portalesafaz.sefaz.pe.gov.br\/wp-content\/uploads\/2024\/04\/icone-esafaz.jpeg","contentUrl":"https:\/\/portalesafaz.sefaz.pe.gov.br\/wp-content\/uploads\/2024\/04\/icone-esafaz.jpeg","width":300,"height":300,"caption":"Portal Esafaz"},"image":{"@id":"http:\/\/localhost\/#\/schema\/logo\/image\/"},"sameAs":["https:\/\/www.instagram.com\/esafazpe\/"]}]}},"jetpack_sharing_enabled":true,"_links":{"self":[{"href":"https:\/\/esafaz.sefaz.pe.gov.br\/index.php\/wp-json\/wp\/v2\/pages\/4489"}],"collection":[{"href":"https:\/\/esafaz.sefaz.pe.gov.br\/index.php\/wp-json\/wp\/v2\/pages"}],"about":[{"href":"https:\/\/esafaz.sefaz.pe.gov.br\/index.php\/wp-json\/wp\/v2\/types\/page"}],"author":[{"embeddable":true,"href":"https:\/\/esafaz.sefaz.pe.gov.br\/index.php\/wp-json\/wp\/v2\/users\/1"}],"replies":[{"embeddable":true,"href":"https:\/\/esafaz.sefaz.pe.gov.br\/index.php\/wp-json\/wp\/v2\/comments?post=4489"}],"version-history":[{"count":1,"href":"https:\/\/esafaz.sefaz.pe.gov.br\/index.php\/wp-json\/wp\/v2\/pages\/4489\/revisions"}],"predecessor-version":[{"id":4492,"href":"https:\/\/esafaz.sefaz.pe.gov.br\/index.php\/wp-json\/wp\/v2\/pages\/4489\/revisions\/4492"}],"wp:attachment":[{"href":"https:\/\/esafaz.sefaz.pe.gov.br\/index.php\/wp-json\/wp\/v2\/media?parent=4489"}],"curies":[{"name":"wp","href":"https:\/\/api.w.org\/{rel}","templated":true}]}}