{"id":4269,"date":"2025-04-30T15:52:49","date_gmt":"2025-04-30T18:52:49","guid":{"rendered":"https:\/\/esafaz.sefaz.pe.gov.br\/?page_id=4269"},"modified":"2025-04-30T15:54:44","modified_gmt":"2025-04-30T18:54:44","slug":"aniversario-esafaz-33-anos","status":"publish","type":"page","link":"https:\/\/esafaz.sefaz.pe.gov.br\/index.php\/aniversario-esafaz-33-anos\/","title":{"rendered":"Anivers\u00e1rio ESAFAZ &#8211; 33 Anos"},"content":{"rendered":"\n<p><\/p>\n\n\n\n<figure class=\"wp-block-image size-large\"><img fetchpriority=\"high\" decoding=\"async\" width=\"1024\" height=\"653\" src=\"https:\/\/esafaz.sefaz.pe.gov.br\/wp-content\/uploads\/2025\/04\/Prancheta-2-1024x653.png\" alt=\"\" class=\"wp-image-4263\" srcset=\"https:\/\/esafaz.sefaz.pe.gov.br\/wp-content\/uploads\/2025\/04\/Prancheta-2-1024x653.png 1024w, https:\/\/esafaz.sefaz.pe.gov.br\/wp-content\/uploads\/2025\/04\/Prancheta-2-300x191.png 300w, https:\/\/esafaz.sefaz.pe.gov.br\/wp-content\/uploads\/2025\/04\/Prancheta-2-768x490.png 768w, https:\/\/esafaz.sefaz.pe.gov.br\/wp-content\/uploads\/2025\/04\/Prancheta-2-1536x979.png 1536w, https:\/\/esafaz.sefaz.pe.gov.br\/wp-content\/uploads\/2025\/04\/Prancheta-2.png 1600w\" sizes=\"(max-width: 1024px) 100vw, 1024px\" \/><\/figure>\n\n\n\n<p><\/p>\n\n\n\n<p>\ud83c\udf89 Dia de festa por aqui!!!<\/p>\n\n\n\n<p>Nossa Escola completa 33 anos de hist\u00f3ria, aprendizado e muitas transforma\u00e7\u00f5es.<\/p>\n\n\n\n<p>Mais de tr\u00eas d\u00e9cadas formando pessoas, trocando experi\u00eancias e fazendo da educa\u00e7\u00e3o uma ponte para um servi\u00e7o p\u00fablico mais justo, eficiente e humano.<\/p>\n\n\n\n<p>Agradecemos a todos que fazem parte dessa caminhada. Esse anivers\u00e1rio \u00e9 nosso!!!<\/p>\n\n\n\n<p>\u2728Que venham muitos outros cap\u00edtulos<br>dessa hist\u00f3ria\u2728<\/p>\n","protected":false},"excerpt":{"rendered":"<p>\ud83c\udf89 Dia de festa por aqui!!! Nossa Escola completa 33 anos de hist\u00f3ria, aprendizado e muitas transforma\u00e7\u00f5es. Mais de tr\u00eas d\u00e9cadas formando pessoas, trocando experi\u00eancias e fazendo da educa\u00e7\u00e3o uma ponte para um servi\u00e7o p\u00fablico mais justo, eficiente e humano. Agradecemos a todos que fazem parte dessa caminhada. Esse anivers\u00e1rio \u00e9 nosso!!! \u2728Que venham muitos &#8230; <a title=\"Anivers\u00e1rio ESAFAZ &#8211; 33 Anos\" class=\"read-more\" href=\"https:\/\/esafaz.sefaz.pe.gov.br\/index.php\/aniversario-esafaz-33-anos\/\" aria-label=\"Read more about Anivers\u00e1rio ESAFAZ &#8211; 33 Anos\">Ler mais<\/a><\/p>\n","protected":false},"author":1,"featured_media":0,"parent":0,"menu_order":0,"comment_status":"closed","ping_status":"closed","template":"","meta":{"inline_featured_image":false,"courseId":0,"footnotes":""},"class_list":["post-4269","page","type-page","status-publish"],"yoast_head":"<!-- This site is optimized with the Yoast SEO plugin v25.1 - https:\/\/yoast.com\/wordpress\/plugins\/seo\/ -->\r\n<title>Anivers\u00e1rio ESAFAZ - 33 Anos - Site Esafaz<\/title>\r\n<meta name=\"robots\" content=\"index, follow, max-snippet:-1, max-image-preview:large, max-video-preview:-1\" \/>\r\n<link rel=\"canonical\" href=\"https:\/\/esafaz.sefaz.pe.gov.br\/index.php\/aniversario-esafaz-33-anos\/\" \/>\r\n<meta property=\"og:locale\" content=\"pt_BR\" \/>\r\n<meta property=\"og:type\" content=\"article\" \/>\r\n<meta property=\"og:title\" content=\"Anivers\u00e1rio ESAFAZ - 33 Anos - Site Esafaz\" \/>\r\n<meta property=\"og:description\" content=\"\ud83c\udf89 Dia de festa por aqui!!! Nossa Escola completa 33 anos de hist\u00f3ria, aprendizado e muitas transforma\u00e7\u00f5es. Mais de tr\u00eas d\u00e9cadas formando pessoas, trocando experi\u00eancias e fazendo da educa\u00e7\u00e3o uma ponte para um servi\u00e7o p\u00fablico mais justo, eficiente e humano. Agradecemos a todos que fazem parte dessa caminhada. Esse anivers\u00e1rio \u00e9 nosso!!! \u2728Que venham muitos ... Ler mais\" \/>\r\n<meta property=\"og:url\" content=\"https:\/\/esafaz.sefaz.pe.gov.br\/index.php\/aniversario-esafaz-33-anos\/\" \/>\r\n<meta property=\"og:site_name\" content=\"Site Esafaz\" \/>\r\n<meta property=\"article:modified_time\" content=\"2025-04-30T18:54:44+00:00\" \/>\r\n<meta property=\"og:image\" content=\"https:\/\/esafaz.sefaz.pe.gov.br\/wp-content\/uploads\/2025\/04\/Prancheta-2.png\" \/>\r\n\t<meta property=\"og:image:width\" content=\"1600\" \/>\r\n\t<meta property=\"og:image:height\" content=\"1020\" \/>\r\n\t<meta property=\"og:image:type\" content=\"image\/png\" \/>\r\n<meta name=\"twitter:card\" content=\"summary_large_image\" \/>\r\n<meta name=\"twitter:label1\" content=\"Est. tempo de leitura\" \/>\n\t<meta name=\"twitter:data1\" content=\"1 minuto\" \/>\r\n<script type=\"application\/ld+json\" class=\"yoast-schema-graph\">{\"@context\":\"https:\/\/schema.org\",\"@graph\":[{\"@type\":\"WebPage\",\"@id\":\"https:\/\/esafaz.sefaz.pe.gov.br\/index.php\/aniversario-esafaz-33-anos\/\",\"url\":\"https:\/\/esafaz.sefaz.pe.gov.br\/index.php\/aniversario-esafaz-33-anos\/\",\"name\":\"Anivers\u00e1rio ESAFAZ - 33 Anos - Site Esafaz\",\"isPartOf\":{\"@id\":\"http:\/\/localhost\/#website\"},\"primaryImageOfPage\":{\"@id\":\"https:\/\/esafaz.sefaz.pe.gov.br\/index.php\/aniversario-esafaz-33-anos\/#primaryimage\"},\"image\":{\"@id\":\"https:\/\/esafaz.sefaz.pe.gov.br\/index.php\/aniversario-esafaz-33-anos\/#primaryimage\"},\"thumbnailUrl\":\"https:\/\/esafaz.sefaz.pe.gov.br\/wp-content\/uploads\/2025\/04\/Prancheta-2-1024x653.png\",\"datePublished\":\"2025-04-30T18:52:49+00:00\",\"dateModified\":\"2025-04-30T18:54:44+00:00\",\"breadcrumb\":{\"@id\":\"https:\/\/esafaz.sefaz.pe.gov.br\/index.php\/aniversario-esafaz-33-anos\/#breadcrumb\"},\"inLanguage\":\"pt-BR\",\"potentialAction\":[{\"@type\":\"ReadAction\",\"target\":[\"https:\/\/esafaz.sefaz.pe.gov.br\/index.php\/aniversario-esafaz-33-anos\/\"]}]},{\"@type\":\"ImageObject\",\"inLanguage\":\"pt-BR\",\"@id\":\"https:\/\/esafaz.sefaz.pe.gov.br\/index.php\/aniversario-esafaz-33-anos\/#primaryimage\",\"url\":\"https:\/\/esafaz.sefaz.pe.gov.br\/wp-content\/uploads\/2025\/04\/Prancheta-2.png\",\"contentUrl\":\"https:\/\/esafaz.sefaz.pe.gov.br\/wp-content\/uploads\/2025\/04\/Prancheta-2.png\",\"width\":1600,\"height\":1020},{\"@type\":\"BreadcrumbList\",\"@id\":\"https:\/\/esafaz.sefaz.pe.gov.br\/index.php\/aniversario-esafaz-33-anos\/#breadcrumb\",\"itemListElement\":[{\"@type\":\"ListItem\",\"position\":1,\"name\":\"In\u00edcio\",\"item\":\"https:\/\/esafaz.sefaz.pe.gov.br\/\"},{\"@type\":\"ListItem\",\"position\":2,\"name\":\"Anivers\u00e1rio ESAFAZ &#8211; 33 Anos\"}]},{\"@type\":\"WebSite\",\"@id\":\"http:\/\/localhost\/#website\",\"url\":\"http:\/\/localhost\/\",\"name\":\"Portal Esafaz\",\"description\":\"\",\"publisher\":{\"@id\":\"http:\/\/localhost\/#organization\"},\"potentialAction\":[{\"@type\":\"SearchAction\",\"target\":{\"@type\":\"EntryPoint\",\"urlTemplate\":\"http:\/\/localhost\/?s={search_term_string}\"},\"query-input\":{\"@type\":\"PropertyValueSpecification\",\"valueRequired\":true,\"valueName\":\"search_term_string\"}}],\"inLanguage\":\"pt-BR\"},{\"@type\":\"Organization\",\"@id\":\"http:\/\/localhost\/#organization\",\"name\":\"Portal Esafaz\",\"url\":\"http:\/\/localhost\/\",\"logo\":{\"@type\":\"ImageObject\",\"inLanguage\":\"pt-BR\",\"@id\":\"http:\/\/localhost\/#\/schema\/logo\/image\/\",\"url\":\"https:\/\/portalesafaz.sefaz.pe.gov.br\/wp-content\/uploads\/2024\/04\/icone-esafaz.jpeg\",\"contentUrl\":\"https:\/\/portalesafaz.sefaz.pe.gov.br\/wp-content\/uploads\/2024\/04\/icone-esafaz.jpeg\",\"width\":300,\"height\":300,\"caption\":\"Portal Esafaz\"},\"image\":{\"@id\":\"http:\/\/localhost\/#\/schema\/logo\/image\/\"},\"sameAs\":[\"https:\/\/www.instagram.com\/esafazpe\/\"]}]}<\/script>\r\n<!-- \/ Yoast SEO plugin. -->","yoast_head_json":{"title":"Anivers\u00e1rio ESAFAZ - 33 Anos - Site Esafaz","robots":{"index":"index","follow":"follow","max-snippet":"max-snippet:-1","max-image-preview":"max-image-preview:large","max-video-preview":"max-video-preview:-1"},"canonical":"https:\/\/esafaz.sefaz.pe.gov.br\/index.php\/aniversario-esafaz-33-anos\/","og_locale":"pt_BR","og_type":"article","og_title":"Anivers\u00e1rio ESAFAZ - 33 Anos - Site Esafaz","og_description":"\ud83c\udf89 Dia de festa por aqui!!! Nossa Escola completa 33 anos de hist\u00f3ria, aprendizado e muitas transforma\u00e7\u00f5es. Mais de tr\u00eas d\u00e9cadas formando pessoas, trocando experi\u00eancias e fazendo da educa\u00e7\u00e3o uma ponte para um servi\u00e7o p\u00fablico mais justo, eficiente e humano. Agradecemos a todos que fazem parte dessa caminhada. Esse anivers\u00e1rio \u00e9 nosso!!! \u2728Que venham muitos ... Ler mais","og_url":"https:\/\/esafaz.sefaz.pe.gov.br\/index.php\/aniversario-esafaz-33-anos\/","og_site_name":"Site Esafaz","article_modified_time":"2025-04-30T18:54:44+00:00","og_image":[{"width":1600,"height":1020,"url":"https:\/\/esafaz.sefaz.pe.gov.br\/wp-content\/uploads\/2025\/04\/Prancheta-2.png","type":"image\/png"}],"twitter_card":"summary_large_image","twitter_misc":{"Est. tempo de leitura":"1 minuto"},"schema":{"@context":"https:\/\/schema.org","@graph":[{"@type":"WebPage","@id":"https:\/\/esafaz.sefaz.pe.gov.br\/index.php\/aniversario-esafaz-33-anos\/","url":"https:\/\/esafaz.sefaz.pe.gov.br\/index.php\/aniversario-esafaz-33-anos\/","name":"Anivers\u00e1rio ESAFAZ - 33 Anos - Site Esafaz","isPartOf":{"@id":"http:\/\/localhost\/#website"},"primaryImageOfPage":{"@id":"https:\/\/esafaz.sefaz.pe.gov.br\/index.php\/aniversario-esafaz-33-anos\/#primaryimage"},"image":{"@id":"https:\/\/esafaz.sefaz.pe.gov.br\/index.php\/aniversario-esafaz-33-anos\/#primaryimage"},"thumbnailUrl":"https:\/\/esafaz.sefaz.pe.gov.br\/wp-content\/uploads\/2025\/04\/Prancheta-2-1024x653.png","datePublished":"2025-04-30T18:52:49+00:00","dateModified":"2025-04-30T18:54:44+00:00","breadcrumb":{"@id":"https:\/\/esafaz.sefaz.pe.gov.br\/index.php\/aniversario-esafaz-33-anos\/#breadcrumb"},"inLanguage":"pt-BR","potentialAction":[{"@type":"ReadAction","target":["https:\/\/esafaz.sefaz.pe.gov.br\/index.php\/aniversario-esafaz-33-anos\/"]}]},{"@type":"ImageObject","inLanguage":"pt-BR","@id":"https:\/\/esafaz.sefaz.pe.gov.br\/index.php\/aniversario-esafaz-33-anos\/#primaryimage","url":"https:\/\/esafaz.sefaz.pe.gov.br\/wp-content\/uploads\/2025\/04\/Prancheta-2.png","contentUrl":"https:\/\/esafaz.sefaz.pe.gov.br\/wp-content\/uploads\/2025\/04\/Prancheta-2.png","width":1600,"height":1020},{"@type":"BreadcrumbList","@id":"https:\/\/esafaz.sefaz.pe.gov.br\/index.php\/aniversario-esafaz-33-anos\/#breadcrumb","itemListElement":[{"@type":"ListItem","position":1,"name":"In\u00edcio","item":"https:\/\/esafaz.sefaz.pe.gov.br\/"},{"@type":"ListItem","position":2,"name":"Anivers\u00e1rio ESAFAZ &#8211; 33 Anos"}]},{"@type":"WebSite","@id":"http:\/\/localhost\/#website","url":"http:\/\/localhost\/","name":"Portal Esafaz","description":"","publisher":{"@id":"http:\/\/localhost\/#organization"},"potentialAction":[{"@type":"SearchAction","target":{"@type":"EntryPoint","urlTemplate":"http:\/\/localhost\/?s={search_term_string}"},"query-input":{"@type":"PropertyValueSpecification","valueRequired":true,"valueName":"search_term_string"}}],"inLanguage":"pt-BR"},{"@type":"Organization","@id":"http:\/\/localhost\/#organization","name":"Portal Esafaz","url":"http:\/\/localhost\/","logo":{"@type":"ImageObject","inLanguage":"pt-BR","@id":"http:\/\/localhost\/#\/schema\/logo\/image\/","url":"https:\/\/portalesafaz.sefaz.pe.gov.br\/wp-content\/uploads\/2024\/04\/icone-esafaz.jpeg","contentUrl":"https:\/\/portalesafaz.sefaz.pe.gov.br\/wp-content\/uploads\/2024\/04\/icone-esafaz.jpeg","width":300,"height":300,"caption":"Portal Esafaz"},"image":{"@id":"http:\/\/localhost\/#\/schema\/logo\/image\/"},"sameAs":["https:\/\/www.instagram.com\/esafazpe\/"]}]}},"jetpack_sharing_enabled":true,"_links":{"self":[{"href":"https:\/\/esafaz.sefaz.pe.gov.br\/index.php\/wp-json\/wp\/v2\/pages\/4269"}],"collection":[{"href":"https:\/\/esafaz.sefaz.pe.gov.br\/index.php\/wp-json\/wp\/v2\/pages"}],"about":[{"href":"https:\/\/esafaz.sefaz.pe.gov.br\/index.php\/wp-json\/wp\/v2\/types\/page"}],"author":[{"embeddable":true,"href":"https:\/\/esafaz.sefaz.pe.gov.br\/index.php\/wp-json\/wp\/v2\/users\/1"}],"replies":[{"embeddable":true,"href":"https:\/\/esafaz.sefaz.pe.gov.br\/index.php\/wp-json\/wp\/v2\/comments?post=4269"}],"version-history":[{"count":2,"href":"https:\/\/esafaz.sefaz.pe.gov.br\/index.php\/wp-json\/wp\/v2\/pages\/4269\/revisions"}],"predecessor-version":[{"id":4273,"href":"https:\/\/esafaz.sefaz.pe.gov.br\/index.php\/wp-json\/wp\/v2\/pages\/4269\/revisions\/4273"}],"wp:attachment":[{"href":"https:\/\/esafaz.sefaz.pe.gov.br\/index.php\/wp-json\/wp\/v2\/media?parent=4269"}],"curies":[{"name":"wp","href":"https:\/\/api.w.org\/{rel}","templated":true}]}}