{"id":4143,"date":"2025-04-15T14:12:38","date_gmt":"2025-04-15T17:12:38","guid":{"rendered":"https:\/\/esafaz.sefaz.pe.gov.br\/?page_id=4143"},"modified":"2025-04-15T14:12:49","modified_gmt":"2025-04-15T17:12:49","slug":"aconteceu-na-semana-9","status":"publish","type":"page","link":"https:\/\/esafaz.sefaz.pe.gov.br\/index.php\/aconteceu-na-semana-9\/","title":{"rendered":"Aconteceu na Semana"},"content":{"rendered":"\n<p><\/p>\n\n\n\n<figure class=\"wp-block-image size-large\"><img fetchpriority=\"high\" decoding=\"async\" width=\"1024\" height=\"653\" src=\"https:\/\/esafaz.sefaz.pe.gov.br\/wp-content\/uploads\/2025\/04\/site-aconteceu-na-semana-11.04-1024x653.jpeg\" alt=\"\" class=\"wp-image-4144\" srcset=\"https:\/\/esafaz.sefaz.pe.gov.br\/wp-content\/uploads\/2025\/04\/site-aconteceu-na-semana-11.04-1024x653.jpeg 1024w, https:\/\/esafaz.sefaz.pe.gov.br\/wp-content\/uploads\/2025\/04\/site-aconteceu-na-semana-11.04-300x191.jpeg 300w, https:\/\/esafaz.sefaz.pe.gov.br\/wp-content\/uploads\/2025\/04\/site-aconteceu-na-semana-11.04-768x490.jpeg 768w, https:\/\/esafaz.sefaz.pe.gov.br\/wp-content\/uploads\/2025\/04\/site-aconteceu-na-semana-11.04-1536x979.jpeg 1536w, https:\/\/esafaz.sefaz.pe.gov.br\/wp-content\/uploads\/2025\/04\/site-aconteceu-na-semana-11.04.jpeg 1600w\" sizes=\"(max-width: 1024px) 100vw, 1024px\" \/><\/figure>\n\n\n\n<p><\/p>\n\n\n\n<p>&nbsp;Vem conferir o que tivemos nessa semana de conte\u00fado \ud83d\udc47<\/p>\n\n\n\n<p>&#8211; Segunda turma do Curso \u201cGBP\/E-FISCO \u2013 No\u00e7\u00f5es sobre o Cronograma de Execu\u00e7\u00e3o Or\u00e7ament\u00e1ria (CEO)\u201d, voltada para servidores da \u00e1rea de Gest\u00e3o de Contratos e Financeira das Unidades Gestoras do Estado. Um momento de aprofundamento pr\u00e1tico sobre a execu\u00e7\u00e3o or\u00e7ament\u00e1ria no sistema GBP\/e-Fisco.<\/p>\n\n\n\n<p><br>&#8211; Lan\u00e7amento do Plano de Integridade da SEFAZ-PE. O evento contou com a palestra da Dra. Nelma Quaiotti, procuradora de justi\u00e7a do MPPE, sobre \u201cIntegridade na Administra\u00e7\u00e3o Tribut\u00e1ria\u201d. Um bate-papo inspirador sobre o papel dos servidores na media\u00e7\u00e3o e preven\u00e7\u00e3o de conflitos fiscais.<\/p>\n\n\n\n<p><br>&#8211; E a primeira turma do Curso Auditoria Cont\u00e1bil Tribut\u00e1ria do ICMS com Foco na Identifica\u00e7\u00e3o de Fraudes Cont\u00e1beis. Voltada para auditores fiscais, com foco na identifica\u00e7\u00e3o de fraudes cont\u00e1beis, sob instrutoria do professor Alexandre Alc\u00e2ntara.<\/p>\n","protected":false},"excerpt":{"rendered":"<p>&nbsp;Vem conferir o que tivemos nessa semana de conte\u00fado \ud83d\udc47 &#8211; Segunda turma do Curso \u201cGBP\/E-FISCO \u2013 No\u00e7\u00f5es sobre o Cronograma de Execu\u00e7\u00e3o Or\u00e7ament\u00e1ria (CEO)\u201d, voltada para servidores da \u00e1rea de Gest\u00e3o de Contratos e Financeira das Unidades Gestoras do Estado. Um momento de aprofundamento pr\u00e1tico sobre a execu\u00e7\u00e3o or\u00e7ament\u00e1ria no sistema GBP\/e-Fisco. &#8211; Lan\u00e7amento &#8230; <a title=\"Aconteceu na Semana\" class=\"read-more\" href=\"https:\/\/esafaz.sefaz.pe.gov.br\/index.php\/aconteceu-na-semana-9\/\" aria-label=\"Read more about Aconteceu na Semana\">Ler mais<\/a><\/p>\n","protected":false},"author":1,"featured_media":0,"parent":0,"menu_order":0,"comment_status":"closed","ping_status":"closed","template":"","meta":{"inline_featured_image":false,"courseId":0,"footnotes":""},"class_list":["post-4143","page","type-page","status-publish"],"yoast_head":"<!-- This site is optimized with the Yoast SEO plugin v25.1 - https:\/\/yoast.com\/wordpress\/plugins\/seo\/ -->\r\n<title>Aconteceu na Semana - Site Esafaz<\/title>\r\n<meta name=\"robots\" content=\"index, follow, max-snippet:-1, max-image-preview:large, max-video-preview:-1\" \/>\r\n<link rel=\"canonical\" href=\"https:\/\/esafaz.sefaz.pe.gov.br\/index.php\/aconteceu-na-semana-9\/\" \/>\r\n<meta property=\"og:locale\" content=\"pt_BR\" \/>\r\n<meta property=\"og:type\" content=\"article\" \/>\r\n<meta property=\"og:title\" content=\"Aconteceu na Semana - Site Esafaz\" \/>\r\n<meta property=\"og:description\" content=\"&nbsp;Vem conferir o que tivemos nessa semana de conte\u00fado \ud83d\udc47 &#8211; Segunda turma do Curso \u201cGBP\/E-FISCO \u2013 No\u00e7\u00f5es sobre o Cronograma de Execu\u00e7\u00e3o Or\u00e7ament\u00e1ria (CEO)\u201d, voltada para servidores da \u00e1rea de Gest\u00e3o de Contratos e Financeira das Unidades Gestoras do Estado. Um momento de aprofundamento pr\u00e1tico sobre a execu\u00e7\u00e3o or\u00e7ament\u00e1ria no sistema GBP\/e-Fisco. &#8211; Lan\u00e7amento ... Ler mais\" \/>\r\n<meta property=\"og:url\" content=\"https:\/\/esafaz.sefaz.pe.gov.br\/index.php\/aconteceu-na-semana-9\/\" \/>\r\n<meta property=\"og:site_name\" content=\"Site Esafaz\" \/>\r\n<meta property=\"article:modified_time\" content=\"2025-04-15T17:12:49+00:00\" \/>\r\n<meta property=\"og:image\" content=\"https:\/\/esafaz.sefaz.pe.gov.br\/wp-content\/uploads\/2025\/04\/site-aconteceu-na-semana-11.04.jpeg\" \/>\r\n\t<meta property=\"og:image:width\" content=\"1600\" \/>\r\n\t<meta property=\"og:image:height\" content=\"1020\" \/>\r\n\t<meta property=\"og:image:type\" content=\"image\/jpeg\" \/>\r\n<meta name=\"twitter:card\" content=\"summary_large_image\" \/>\r\n<meta name=\"twitter:label1\" content=\"Est. tempo de leitura\" \/>\n\t<meta name=\"twitter:data1\" content=\"1 minuto\" \/>\r\n<script type=\"application\/ld+json\" class=\"yoast-schema-graph\">{\"@context\":\"https:\/\/schema.org\",\"@graph\":[{\"@type\":\"WebPage\",\"@id\":\"https:\/\/esafaz.sefaz.pe.gov.br\/index.php\/aconteceu-na-semana-9\/\",\"url\":\"https:\/\/esafaz.sefaz.pe.gov.br\/index.php\/aconteceu-na-semana-9\/\",\"name\":\"Aconteceu na Semana - Site Esafaz\",\"isPartOf\":{\"@id\":\"http:\/\/localhost\/#website\"},\"primaryImageOfPage\":{\"@id\":\"https:\/\/esafaz.sefaz.pe.gov.br\/index.php\/aconteceu-na-semana-9\/#primaryimage\"},\"image\":{\"@id\":\"https:\/\/esafaz.sefaz.pe.gov.br\/index.php\/aconteceu-na-semana-9\/#primaryimage\"},\"thumbnailUrl\":\"https:\/\/esafaz.sefaz.pe.gov.br\/wp-content\/uploads\/2025\/04\/site-aconteceu-na-semana-11.04-1024x653.jpeg\",\"datePublished\":\"2025-04-15T17:12:38+00:00\",\"dateModified\":\"2025-04-15T17:12:49+00:00\",\"breadcrumb\":{\"@id\":\"https:\/\/esafaz.sefaz.pe.gov.br\/index.php\/aconteceu-na-semana-9\/#breadcrumb\"},\"inLanguage\":\"pt-BR\",\"potentialAction\":[{\"@type\":\"ReadAction\",\"target\":[\"https:\/\/esafaz.sefaz.pe.gov.br\/index.php\/aconteceu-na-semana-9\/\"]}]},{\"@type\":\"ImageObject\",\"inLanguage\":\"pt-BR\",\"@id\":\"https:\/\/esafaz.sefaz.pe.gov.br\/index.php\/aconteceu-na-semana-9\/#primaryimage\",\"url\":\"https:\/\/esafaz.sefaz.pe.gov.br\/wp-content\/uploads\/2025\/04\/site-aconteceu-na-semana-11.04.jpeg\",\"contentUrl\":\"https:\/\/esafaz.sefaz.pe.gov.br\/wp-content\/uploads\/2025\/04\/site-aconteceu-na-semana-11.04.jpeg\",\"width\":1600,\"height\":1020},{\"@type\":\"BreadcrumbList\",\"@id\":\"https:\/\/esafaz.sefaz.pe.gov.br\/index.php\/aconteceu-na-semana-9\/#breadcrumb\",\"itemListElement\":[{\"@type\":\"ListItem\",\"position\":1,\"name\":\"In\u00edcio\",\"item\":\"https:\/\/esafaz.sefaz.pe.gov.br\/\"},{\"@type\":\"ListItem\",\"position\":2,\"name\":\"Aconteceu na Semana\"}]},{\"@type\":\"WebSite\",\"@id\":\"http:\/\/localhost\/#website\",\"url\":\"http:\/\/localhost\/\",\"name\":\"Portal Esafaz\",\"description\":\"\",\"publisher\":{\"@id\":\"http:\/\/localhost\/#organization\"},\"potentialAction\":[{\"@type\":\"SearchAction\",\"target\":{\"@type\":\"EntryPoint\",\"urlTemplate\":\"http:\/\/localhost\/?s={search_term_string}\"},\"query-input\":{\"@type\":\"PropertyValueSpecification\",\"valueRequired\":true,\"valueName\":\"search_term_string\"}}],\"inLanguage\":\"pt-BR\"},{\"@type\":\"Organization\",\"@id\":\"http:\/\/localhost\/#organization\",\"name\":\"Portal Esafaz\",\"url\":\"http:\/\/localhost\/\",\"logo\":{\"@type\":\"ImageObject\",\"inLanguage\":\"pt-BR\",\"@id\":\"http:\/\/localhost\/#\/schema\/logo\/image\/\",\"url\":\"https:\/\/portalesafaz.sefaz.pe.gov.br\/wp-content\/uploads\/2024\/04\/icone-esafaz.jpeg\",\"contentUrl\":\"https:\/\/portalesafaz.sefaz.pe.gov.br\/wp-content\/uploads\/2024\/04\/icone-esafaz.jpeg\",\"width\":300,\"height\":300,\"caption\":\"Portal Esafaz\"},\"image\":{\"@id\":\"http:\/\/localhost\/#\/schema\/logo\/image\/\"},\"sameAs\":[\"https:\/\/www.instagram.com\/esafazpe\/\"]}]}<\/script>\r\n<!-- \/ Yoast SEO plugin. -->","yoast_head_json":{"title":"Aconteceu na Semana - Site Esafaz","robots":{"index":"index","follow":"follow","max-snippet":"max-snippet:-1","max-image-preview":"max-image-preview:large","max-video-preview":"max-video-preview:-1"},"canonical":"https:\/\/esafaz.sefaz.pe.gov.br\/index.php\/aconteceu-na-semana-9\/","og_locale":"pt_BR","og_type":"article","og_title":"Aconteceu na Semana - Site Esafaz","og_description":"&nbsp;Vem conferir o que tivemos nessa semana de conte\u00fado \ud83d\udc47 &#8211; Segunda turma do Curso \u201cGBP\/E-FISCO \u2013 No\u00e7\u00f5es sobre o Cronograma de Execu\u00e7\u00e3o Or\u00e7ament\u00e1ria (CEO)\u201d, voltada para servidores da \u00e1rea de Gest\u00e3o de Contratos e Financeira das Unidades Gestoras do Estado. Um momento de aprofundamento pr\u00e1tico sobre a execu\u00e7\u00e3o or\u00e7ament\u00e1ria no sistema GBP\/e-Fisco. &#8211; Lan\u00e7amento ... Ler mais","og_url":"https:\/\/esafaz.sefaz.pe.gov.br\/index.php\/aconteceu-na-semana-9\/","og_site_name":"Site Esafaz","article_modified_time":"2025-04-15T17:12:49+00:00","og_image":[{"width":1600,"height":1020,"url":"https:\/\/esafaz.sefaz.pe.gov.br\/wp-content\/uploads\/2025\/04\/site-aconteceu-na-semana-11.04.jpeg","type":"image\/jpeg"}],"twitter_card":"summary_large_image","twitter_misc":{"Est. tempo de leitura":"1 minuto"},"schema":{"@context":"https:\/\/schema.org","@graph":[{"@type":"WebPage","@id":"https:\/\/esafaz.sefaz.pe.gov.br\/index.php\/aconteceu-na-semana-9\/","url":"https:\/\/esafaz.sefaz.pe.gov.br\/index.php\/aconteceu-na-semana-9\/","name":"Aconteceu na Semana - Site Esafaz","isPartOf":{"@id":"http:\/\/localhost\/#website"},"primaryImageOfPage":{"@id":"https:\/\/esafaz.sefaz.pe.gov.br\/index.php\/aconteceu-na-semana-9\/#primaryimage"},"image":{"@id":"https:\/\/esafaz.sefaz.pe.gov.br\/index.php\/aconteceu-na-semana-9\/#primaryimage"},"thumbnailUrl":"https:\/\/esafaz.sefaz.pe.gov.br\/wp-content\/uploads\/2025\/04\/site-aconteceu-na-semana-11.04-1024x653.jpeg","datePublished":"2025-04-15T17:12:38+00:00","dateModified":"2025-04-15T17:12:49+00:00","breadcrumb":{"@id":"https:\/\/esafaz.sefaz.pe.gov.br\/index.php\/aconteceu-na-semana-9\/#breadcrumb"},"inLanguage":"pt-BR","potentialAction":[{"@type":"ReadAction","target":["https:\/\/esafaz.sefaz.pe.gov.br\/index.php\/aconteceu-na-semana-9\/"]}]},{"@type":"ImageObject","inLanguage":"pt-BR","@id":"https:\/\/esafaz.sefaz.pe.gov.br\/index.php\/aconteceu-na-semana-9\/#primaryimage","url":"https:\/\/esafaz.sefaz.pe.gov.br\/wp-content\/uploads\/2025\/04\/site-aconteceu-na-semana-11.04.jpeg","contentUrl":"https:\/\/esafaz.sefaz.pe.gov.br\/wp-content\/uploads\/2025\/04\/site-aconteceu-na-semana-11.04.jpeg","width":1600,"height":1020},{"@type":"BreadcrumbList","@id":"https:\/\/esafaz.sefaz.pe.gov.br\/index.php\/aconteceu-na-semana-9\/#breadcrumb","itemListElement":[{"@type":"ListItem","position":1,"name":"In\u00edcio","item":"https:\/\/esafaz.sefaz.pe.gov.br\/"},{"@type":"ListItem","position":2,"name":"Aconteceu na Semana"}]},{"@type":"WebSite","@id":"http:\/\/localhost\/#website","url":"http:\/\/localhost\/","name":"Portal Esafaz","description":"","publisher":{"@id":"http:\/\/localhost\/#organization"},"potentialAction":[{"@type":"SearchAction","target":{"@type":"EntryPoint","urlTemplate":"http:\/\/localhost\/?s={search_term_string}"},"query-input":{"@type":"PropertyValueSpecification","valueRequired":true,"valueName":"search_term_string"}}],"inLanguage":"pt-BR"},{"@type":"Organization","@id":"http:\/\/localhost\/#organization","name":"Portal Esafaz","url":"http:\/\/localhost\/","logo":{"@type":"ImageObject","inLanguage":"pt-BR","@id":"http:\/\/localhost\/#\/schema\/logo\/image\/","url":"https:\/\/portalesafaz.sefaz.pe.gov.br\/wp-content\/uploads\/2024\/04\/icone-esafaz.jpeg","contentUrl":"https:\/\/portalesafaz.sefaz.pe.gov.br\/wp-content\/uploads\/2024\/04\/icone-esafaz.jpeg","width":300,"height":300,"caption":"Portal Esafaz"},"image":{"@id":"http:\/\/localhost\/#\/schema\/logo\/image\/"},"sameAs":["https:\/\/www.instagram.com\/esafazpe\/"]}]}},"jetpack_sharing_enabled":true,"_links":{"self":[{"href":"https:\/\/esafaz.sefaz.pe.gov.br\/index.php\/wp-json\/wp\/v2\/pages\/4143"}],"collection":[{"href":"https:\/\/esafaz.sefaz.pe.gov.br\/index.php\/wp-json\/wp\/v2\/pages"}],"about":[{"href":"https:\/\/esafaz.sefaz.pe.gov.br\/index.php\/wp-json\/wp\/v2\/types\/page"}],"author":[{"embeddable":true,"href":"https:\/\/esafaz.sefaz.pe.gov.br\/index.php\/wp-json\/wp\/v2\/users\/1"}],"replies":[{"embeddable":true,"href":"https:\/\/esafaz.sefaz.pe.gov.br\/index.php\/wp-json\/wp\/v2\/comments?post=4143"}],"version-history":[{"count":1,"href":"https:\/\/esafaz.sefaz.pe.gov.br\/index.php\/wp-json\/wp\/v2\/pages\/4143\/revisions"}],"predecessor-version":[{"id":4145,"href":"https:\/\/esafaz.sefaz.pe.gov.br\/index.php\/wp-json\/wp\/v2\/pages\/4143\/revisions\/4145"}],"wp:attachment":[{"href":"https:\/\/esafaz.sefaz.pe.gov.br\/index.php\/wp-json\/wp\/v2\/media?parent=4143"}],"curies":[{"name":"wp","href":"https:\/\/api.w.org\/{rel}","templated":true}]}}