{"id":4083,"date":"2025-03-24T10:45:12","date_gmt":"2025-03-24T13:45:12","guid":{"rendered":"https:\/\/esafaz.sefaz.pe.gov.br\/?page_id=4083"},"modified":"2025-03-24T10:45:22","modified_gmt":"2025-03-24T13:45:22","slug":"aconteceu-na-semana-6","status":"publish","type":"page","link":"https:\/\/esafaz.sefaz.pe.gov.br\/index.php\/aconteceu-na-semana-6\/","title":{"rendered":"Aconteceu na Semana"},"content":{"rendered":"\n<figure class=\"wp-block-image size-large\"><img fetchpriority=\"high\" decoding=\"async\" width=\"1024\" height=\"653\" src=\"https:\/\/esafaz.sefaz.pe.gov.br\/wp-content\/uploads\/2025\/03\/site-aconteceu-na-semana-21.03-1024x653.jpeg\" alt=\"\" class=\"wp-image-4085\" srcset=\"https:\/\/esafaz.sefaz.pe.gov.br\/wp-content\/uploads\/2025\/03\/site-aconteceu-na-semana-21.03-1024x653.jpeg 1024w, https:\/\/esafaz.sefaz.pe.gov.br\/wp-content\/uploads\/2025\/03\/site-aconteceu-na-semana-21.03-300x191.jpeg 300w, https:\/\/esafaz.sefaz.pe.gov.br\/wp-content\/uploads\/2025\/03\/site-aconteceu-na-semana-21.03-768x490.jpeg 768w, https:\/\/esafaz.sefaz.pe.gov.br\/wp-content\/uploads\/2025\/03\/site-aconteceu-na-semana-21.03-1536x979.jpeg 1536w, https:\/\/esafaz.sefaz.pe.gov.br\/wp-content\/uploads\/2025\/03\/site-aconteceu-na-semana-21.03.jpeg 1600w\" sizes=\"(max-width: 1024px) 100vw, 1024px\" \/><\/figure>\n\n\n\n<p>\u2728Semana de muito aprendizado, trocas de conhecimento e experi\u00eancias enriquecedoras.<\/p>\n\n\n\n<p>D\u00e1 uma olhada no que rolou:<\/p>\n\n\n\n<p>\u2705 Curso e-Fisco &#8211; Presta\u00e7\u00e3o de Contas. Capacita\u00e7\u00e3o para servidores das Unidades Gestoras sobre a correta operacionaliza\u00e7\u00e3o do sistema e-Fisco.<\/p>\n\n\n\n<p>\u2705 Curso GBP\/e-Fisco \u2013 No\u00e7\u00f5es sobre o Cronograma de Execu\u00e7\u00e3o Or\u00e7ament\u00e1ria (CEO). Treinamento para a gest\u00e3o eficiente da programa\u00e7\u00e3o financeira no sistema GBP\/e-Fisco.<\/p>\n\n\n\n<p>\ud83d\udc65E pra fechar, recebemos, no Espa\u00e7o Memorial Sefaz-PE, os alunos do SENAC e da EREM Luiz Delgado, que vieram conhecer um pouco mais da nossa hist\u00f3ria e da import\u00e2ncia da educa\u00e7\u00e3o fiscal. Uma experi\u00eancia enriquecedora para todos!<\/p>\n\n\n\n<p>Seguimos juntos nessa jornada de aprendizado! \ud83d\udca1\ud83d\udcca<\/p>\n\n\n\n<p><\/p>\n","protected":false},"excerpt":{"rendered":"<p>\u2728Semana de muito aprendizado, trocas de conhecimento e experi\u00eancias enriquecedoras. D\u00e1 uma olhada no que rolou: \u2705 Curso e-Fisco &#8211; Presta\u00e7\u00e3o de Contas. Capacita\u00e7\u00e3o para servidores das Unidades Gestoras sobre a correta operacionaliza\u00e7\u00e3o do sistema e-Fisco. \u2705 Curso GBP\/e-Fisco \u2013 No\u00e7\u00f5es sobre o Cronograma de Execu\u00e7\u00e3o Or\u00e7ament\u00e1ria (CEO). Treinamento para a gest\u00e3o eficiente da programa\u00e7\u00e3o &#8230; <a title=\"Aconteceu na Semana\" class=\"read-more\" href=\"https:\/\/esafaz.sefaz.pe.gov.br\/index.php\/aconteceu-na-semana-6\/\" aria-label=\"Read more about Aconteceu na Semana\">Ler mais<\/a><\/p>\n","protected":false},"author":1,"featured_media":0,"parent":0,"menu_order":0,"comment_status":"closed","ping_status":"closed","template":"","meta":{"inline_featured_image":false,"courseId":0,"footnotes":""},"class_list":["post-4083","page","type-page","status-publish"],"yoast_head":"<!-- This site is optimized with the Yoast SEO plugin v25.1 - https:\/\/yoast.com\/wordpress\/plugins\/seo\/ -->\r\n<title>Aconteceu na Semana - Site Esafaz<\/title>\r\n<meta name=\"robots\" content=\"index, follow, max-snippet:-1, max-image-preview:large, max-video-preview:-1\" \/>\r\n<link rel=\"canonical\" href=\"https:\/\/esafaz.sefaz.pe.gov.br\/index.php\/aconteceu-na-semana-6\/\" \/>\r\n<meta property=\"og:locale\" content=\"pt_BR\" \/>\r\n<meta property=\"og:type\" content=\"article\" \/>\r\n<meta property=\"og:title\" content=\"Aconteceu na Semana - Site Esafaz\" \/>\r\n<meta property=\"og:description\" content=\"\u2728Semana de muito aprendizado, trocas de conhecimento e experi\u00eancias enriquecedoras. D\u00e1 uma olhada no que rolou: \u2705 Curso e-Fisco &#8211; Presta\u00e7\u00e3o de Contas. Capacita\u00e7\u00e3o para servidores das Unidades Gestoras sobre a correta operacionaliza\u00e7\u00e3o do sistema e-Fisco. \u2705 Curso GBP\/e-Fisco \u2013 No\u00e7\u00f5es sobre o Cronograma de Execu\u00e7\u00e3o Or\u00e7ament\u00e1ria (CEO). Treinamento para a gest\u00e3o eficiente da programa\u00e7\u00e3o ... Ler mais\" \/>\r\n<meta property=\"og:url\" content=\"https:\/\/esafaz.sefaz.pe.gov.br\/index.php\/aconteceu-na-semana-6\/\" \/>\r\n<meta property=\"og:site_name\" content=\"Site Esafaz\" \/>\r\n<meta property=\"article:modified_time\" content=\"2025-03-24T13:45:22+00:00\" \/>\r\n<meta property=\"og:image\" content=\"https:\/\/esafaz.sefaz.pe.gov.br\/wp-content\/uploads\/2025\/03\/site-aconteceu-na-semana-21.03.jpeg\" \/>\r\n\t<meta property=\"og:image:width\" content=\"1600\" \/>\r\n\t<meta property=\"og:image:height\" content=\"1020\" \/>\r\n\t<meta property=\"og:image:type\" content=\"image\/jpeg\" \/>\r\n<meta name=\"twitter:card\" content=\"summary_large_image\" \/>\r\n<meta name=\"twitter:label1\" content=\"Est. tempo de leitura\" \/>\n\t<meta name=\"twitter:data1\" content=\"1 minuto\" \/>\r\n<script type=\"application\/ld+json\" class=\"yoast-schema-graph\">{\"@context\":\"https:\/\/schema.org\",\"@graph\":[{\"@type\":\"WebPage\",\"@id\":\"https:\/\/esafaz.sefaz.pe.gov.br\/index.php\/aconteceu-na-semana-6\/\",\"url\":\"https:\/\/esafaz.sefaz.pe.gov.br\/index.php\/aconteceu-na-semana-6\/\",\"name\":\"Aconteceu na Semana - Site Esafaz\",\"isPartOf\":{\"@id\":\"http:\/\/localhost\/#website\"},\"primaryImageOfPage\":{\"@id\":\"https:\/\/esafaz.sefaz.pe.gov.br\/index.php\/aconteceu-na-semana-6\/#primaryimage\"},\"image\":{\"@id\":\"https:\/\/esafaz.sefaz.pe.gov.br\/index.php\/aconteceu-na-semana-6\/#primaryimage\"},\"thumbnailUrl\":\"https:\/\/esafaz.sefaz.pe.gov.br\/wp-content\/uploads\/2025\/03\/site-aconteceu-na-semana-21.03-1024x653.jpeg\",\"datePublished\":\"2025-03-24T13:45:12+00:00\",\"dateModified\":\"2025-03-24T13:45:22+00:00\",\"breadcrumb\":{\"@id\":\"https:\/\/esafaz.sefaz.pe.gov.br\/index.php\/aconteceu-na-semana-6\/#breadcrumb\"},\"inLanguage\":\"pt-BR\",\"potentialAction\":[{\"@type\":\"ReadAction\",\"target\":[\"https:\/\/esafaz.sefaz.pe.gov.br\/index.php\/aconteceu-na-semana-6\/\"]}]},{\"@type\":\"ImageObject\",\"inLanguage\":\"pt-BR\",\"@id\":\"https:\/\/esafaz.sefaz.pe.gov.br\/index.php\/aconteceu-na-semana-6\/#primaryimage\",\"url\":\"https:\/\/esafaz.sefaz.pe.gov.br\/wp-content\/uploads\/2025\/03\/site-aconteceu-na-semana-21.03.jpeg\",\"contentUrl\":\"https:\/\/esafaz.sefaz.pe.gov.br\/wp-content\/uploads\/2025\/03\/site-aconteceu-na-semana-21.03.jpeg\",\"width\":1600,\"height\":1020},{\"@type\":\"BreadcrumbList\",\"@id\":\"https:\/\/esafaz.sefaz.pe.gov.br\/index.php\/aconteceu-na-semana-6\/#breadcrumb\",\"itemListElement\":[{\"@type\":\"ListItem\",\"position\":1,\"name\":\"In\u00edcio\",\"item\":\"https:\/\/esafaz.sefaz.pe.gov.br\/\"},{\"@type\":\"ListItem\",\"position\":2,\"name\":\"Aconteceu na Semana\"}]},{\"@type\":\"WebSite\",\"@id\":\"http:\/\/localhost\/#website\",\"url\":\"http:\/\/localhost\/\",\"name\":\"Portal Esafaz\",\"description\":\"\",\"publisher\":{\"@id\":\"http:\/\/localhost\/#organization\"},\"potentialAction\":[{\"@type\":\"SearchAction\",\"target\":{\"@type\":\"EntryPoint\",\"urlTemplate\":\"http:\/\/localhost\/?s={search_term_string}\"},\"query-input\":{\"@type\":\"PropertyValueSpecification\",\"valueRequired\":true,\"valueName\":\"search_term_string\"}}],\"inLanguage\":\"pt-BR\"},{\"@type\":\"Organization\",\"@id\":\"http:\/\/localhost\/#organization\",\"name\":\"Portal Esafaz\",\"url\":\"http:\/\/localhost\/\",\"logo\":{\"@type\":\"ImageObject\",\"inLanguage\":\"pt-BR\",\"@id\":\"http:\/\/localhost\/#\/schema\/logo\/image\/\",\"url\":\"https:\/\/portalesafaz.sefaz.pe.gov.br\/wp-content\/uploads\/2024\/04\/icone-esafaz.jpeg\",\"contentUrl\":\"https:\/\/portalesafaz.sefaz.pe.gov.br\/wp-content\/uploads\/2024\/04\/icone-esafaz.jpeg\",\"width\":300,\"height\":300,\"caption\":\"Portal Esafaz\"},\"image\":{\"@id\":\"http:\/\/localhost\/#\/schema\/logo\/image\/\"},\"sameAs\":[\"https:\/\/www.instagram.com\/esafazpe\/\"]}]}<\/script>\r\n<!-- \/ Yoast SEO plugin. -->","yoast_head_json":{"title":"Aconteceu na Semana - Site Esafaz","robots":{"index":"index","follow":"follow","max-snippet":"max-snippet:-1","max-image-preview":"max-image-preview:large","max-video-preview":"max-video-preview:-1"},"canonical":"https:\/\/esafaz.sefaz.pe.gov.br\/index.php\/aconteceu-na-semana-6\/","og_locale":"pt_BR","og_type":"article","og_title":"Aconteceu na Semana - Site Esafaz","og_description":"\u2728Semana de muito aprendizado, trocas de conhecimento e experi\u00eancias enriquecedoras. D\u00e1 uma olhada no que rolou: \u2705 Curso e-Fisco &#8211; Presta\u00e7\u00e3o de Contas. Capacita\u00e7\u00e3o para servidores das Unidades Gestoras sobre a correta operacionaliza\u00e7\u00e3o do sistema e-Fisco. \u2705 Curso GBP\/e-Fisco \u2013 No\u00e7\u00f5es sobre o Cronograma de Execu\u00e7\u00e3o Or\u00e7ament\u00e1ria (CEO). Treinamento para a gest\u00e3o eficiente da programa\u00e7\u00e3o ... Ler mais","og_url":"https:\/\/esafaz.sefaz.pe.gov.br\/index.php\/aconteceu-na-semana-6\/","og_site_name":"Site Esafaz","article_modified_time":"2025-03-24T13:45:22+00:00","og_image":[{"width":1600,"height":1020,"url":"https:\/\/esafaz.sefaz.pe.gov.br\/wp-content\/uploads\/2025\/03\/site-aconteceu-na-semana-21.03.jpeg","type":"image\/jpeg"}],"twitter_card":"summary_large_image","twitter_misc":{"Est. tempo de leitura":"1 minuto"},"schema":{"@context":"https:\/\/schema.org","@graph":[{"@type":"WebPage","@id":"https:\/\/esafaz.sefaz.pe.gov.br\/index.php\/aconteceu-na-semana-6\/","url":"https:\/\/esafaz.sefaz.pe.gov.br\/index.php\/aconteceu-na-semana-6\/","name":"Aconteceu na Semana - Site Esafaz","isPartOf":{"@id":"http:\/\/localhost\/#website"},"primaryImageOfPage":{"@id":"https:\/\/esafaz.sefaz.pe.gov.br\/index.php\/aconteceu-na-semana-6\/#primaryimage"},"image":{"@id":"https:\/\/esafaz.sefaz.pe.gov.br\/index.php\/aconteceu-na-semana-6\/#primaryimage"},"thumbnailUrl":"https:\/\/esafaz.sefaz.pe.gov.br\/wp-content\/uploads\/2025\/03\/site-aconteceu-na-semana-21.03-1024x653.jpeg","datePublished":"2025-03-24T13:45:12+00:00","dateModified":"2025-03-24T13:45:22+00:00","breadcrumb":{"@id":"https:\/\/esafaz.sefaz.pe.gov.br\/index.php\/aconteceu-na-semana-6\/#breadcrumb"},"inLanguage":"pt-BR","potentialAction":[{"@type":"ReadAction","target":["https:\/\/esafaz.sefaz.pe.gov.br\/index.php\/aconteceu-na-semana-6\/"]}]},{"@type":"ImageObject","inLanguage":"pt-BR","@id":"https:\/\/esafaz.sefaz.pe.gov.br\/index.php\/aconteceu-na-semana-6\/#primaryimage","url":"https:\/\/esafaz.sefaz.pe.gov.br\/wp-content\/uploads\/2025\/03\/site-aconteceu-na-semana-21.03.jpeg","contentUrl":"https:\/\/esafaz.sefaz.pe.gov.br\/wp-content\/uploads\/2025\/03\/site-aconteceu-na-semana-21.03.jpeg","width":1600,"height":1020},{"@type":"BreadcrumbList","@id":"https:\/\/esafaz.sefaz.pe.gov.br\/index.php\/aconteceu-na-semana-6\/#breadcrumb","itemListElement":[{"@type":"ListItem","position":1,"name":"In\u00edcio","item":"https:\/\/esafaz.sefaz.pe.gov.br\/"},{"@type":"ListItem","position":2,"name":"Aconteceu na Semana"}]},{"@type":"WebSite","@id":"http:\/\/localhost\/#website","url":"http:\/\/localhost\/","name":"Portal Esafaz","description":"","publisher":{"@id":"http:\/\/localhost\/#organization"},"potentialAction":[{"@type":"SearchAction","target":{"@type":"EntryPoint","urlTemplate":"http:\/\/localhost\/?s={search_term_string}"},"query-input":{"@type":"PropertyValueSpecification","valueRequired":true,"valueName":"search_term_string"}}],"inLanguage":"pt-BR"},{"@type":"Organization","@id":"http:\/\/localhost\/#organization","name":"Portal Esafaz","url":"http:\/\/localhost\/","logo":{"@type":"ImageObject","inLanguage":"pt-BR","@id":"http:\/\/localhost\/#\/schema\/logo\/image\/","url":"https:\/\/portalesafaz.sefaz.pe.gov.br\/wp-content\/uploads\/2024\/04\/icone-esafaz.jpeg","contentUrl":"https:\/\/portalesafaz.sefaz.pe.gov.br\/wp-content\/uploads\/2024\/04\/icone-esafaz.jpeg","width":300,"height":300,"caption":"Portal Esafaz"},"image":{"@id":"http:\/\/localhost\/#\/schema\/logo\/image\/"},"sameAs":["https:\/\/www.instagram.com\/esafazpe\/"]}]}},"jetpack_sharing_enabled":true,"_links":{"self":[{"href":"https:\/\/esafaz.sefaz.pe.gov.br\/index.php\/wp-json\/wp\/v2\/pages\/4083"}],"collection":[{"href":"https:\/\/esafaz.sefaz.pe.gov.br\/index.php\/wp-json\/wp\/v2\/pages"}],"about":[{"href":"https:\/\/esafaz.sefaz.pe.gov.br\/index.php\/wp-json\/wp\/v2\/types\/page"}],"author":[{"embeddable":true,"href":"https:\/\/esafaz.sefaz.pe.gov.br\/index.php\/wp-json\/wp\/v2\/users\/1"}],"replies":[{"embeddable":true,"href":"https:\/\/esafaz.sefaz.pe.gov.br\/index.php\/wp-json\/wp\/v2\/comments?post=4083"}],"version-history":[{"count":1,"href":"https:\/\/esafaz.sefaz.pe.gov.br\/index.php\/wp-json\/wp\/v2\/pages\/4083\/revisions"}],"predecessor-version":[{"id":4086,"href":"https:\/\/esafaz.sefaz.pe.gov.br\/index.php\/wp-json\/wp\/v2\/pages\/4083\/revisions\/4086"}],"wp:attachment":[{"href":"https:\/\/esafaz.sefaz.pe.gov.br\/index.php\/wp-json\/wp\/v2\/media?parent=4083"}],"curies":[{"name":"wp","href":"https:\/\/api.w.org\/{rel}","templated":true}]}}