{"id":4025,"date":"2025-03-18T15:33:07","date_gmt":"2025-03-18T18:33:07","guid":{"rendered":"https:\/\/esafaz.sefaz.pe.gov.br\/?page_id=4025"},"modified":"2025-03-18T15:33:12","modified_gmt":"2025-03-18T18:33:12","slug":"agenda-de-abril","status":"publish","type":"page","link":"https:\/\/esafaz.sefaz.pe.gov.br\/index.php\/agenda-de-abril\/","title":{"rendered":"Agenda de Abril"},"content":{"rendered":"\n<br><br>\n\n\n\n<p>Garanta sua vaga atrav\u00e9s do link abaixo:<br><a href=\"https:\/\/linkpop.com\/esafaz\">Link para Inscri\u00e7\u00e3o<\/a><\/p>\n\n\n\n<p><strong>Contato da ESAFAZ<\/strong><br>Unidade de Capacita\u00e7\u00f5es Internas:<br>\ud83d\udcde Telefone: (81) 3183-5992<br>\ud83d\udcf1 WhatsApp: (81) 98494-1568<\/p>\n\n\n\n<p><strong>Receba Nossas Atualiza\u00e7\u00f5es!<\/strong><br>Clique no link abaixo para receber a programa\u00e7\u00e3o dos cursos da ESAFAZ diretamente no WhatsApp:<br><a href=\"https:\/\/chat.whatsapp.com\/Lgdljz0Mr9BIy0K9J3k1qG\" target=\"_blank\" rel=\"noreferrer noopener\">Informativos ESAFAZ<\/a><\/p>\n\n\n\n<div class=\"wp-block-group\"><div class=\"wp-block-group__inner-container is-layout-constrained wp-block-group-is-layout-constrained\">\n<div class=\"wp-block-columns is-layout-flex wp-container-core-columns-is-layout-1 wp-block-columns-is-layout-flex\">\n<div class=\"wp-block-column is-layout-flow wp-block-column-is-layout-flow\" style=\"flex-basis:100%\">\n<div class=\"wp-block-group is-nowrap is-layout-flex wp-container-core-group-is-layout-1 wp-block-group-is-layout-flex\">\n<figure class=\"wp-block-image size-large\"><img fetchpriority=\"high\" decoding=\"async\" width=\"819\" height=\"1024\" src=\"https:\/\/esafaz.sefaz.pe.gov.br\/wp-content\/uploads\/2025\/03\/agenda-abril-819x1024.jpeg\" alt=\"\" class=\"wp-image-4026\" srcset=\"https:\/\/esafaz.sefaz.pe.gov.br\/wp-content\/uploads\/2025\/03\/agenda-abril-819x1024.jpeg 819w, https:\/\/esafaz.sefaz.pe.gov.br\/wp-content\/uploads\/2025\/03\/agenda-abril-240x300.jpeg 240w, https:\/\/esafaz.sefaz.pe.gov.br\/wp-content\/uploads\/2025\/03\/agenda-abril-768x960.jpeg 768w, https:\/\/esafaz.sefaz.pe.gov.br\/wp-content\/uploads\/2025\/03\/agenda-abril.jpeg 1080w\" sizes=\"(max-width: 819px) 100vw, 819px\" \/><\/figure>\n<\/div>\n<\/div>\n<\/div>\n<\/div><\/div>\n","protected":false},"excerpt":{"rendered":"<p>Garanta sua vaga atrav\u00e9s do link abaixo:Link para Inscri\u00e7\u00e3o Contato da ESAFAZUnidade de Capacita\u00e7\u00f5es Internas:\ud83d\udcde Telefone: (81) 3183-5992\ud83d\udcf1 WhatsApp: (81) 98494-1568 Receba Nossas Atualiza\u00e7\u00f5es!Clique no link abaixo para receber a programa\u00e7\u00e3o dos cursos da ESAFAZ diretamente no WhatsApp:Informativos ESAFAZ<\/p>\n","protected":false},"author":1,"featured_media":0,"parent":0,"menu_order":0,"comment_status":"closed","ping_status":"closed","template":"","meta":{"inline_featured_image":false,"courseId":0,"footnotes":""},"class_list":["post-4025","page","type-page","status-publish"],"yoast_head":"<!-- This site is optimized with the Yoast SEO plugin v25.1 - https:\/\/yoast.com\/wordpress\/plugins\/seo\/ -->\r\n<title>Agenda de Abril - Site Esafaz<\/title>\r\n<meta name=\"robots\" content=\"index, follow, max-snippet:-1, max-image-preview:large, max-video-preview:-1\" \/>\r\n<link rel=\"canonical\" href=\"https:\/\/esafaz.sefaz.pe.gov.br\/index.php\/agenda-de-abril\/\" \/>\r\n<meta property=\"og:locale\" content=\"pt_BR\" \/>\r\n<meta property=\"og:type\" content=\"article\" \/>\r\n<meta property=\"og:title\" content=\"Agenda de Abril - Site Esafaz\" \/>\r\n<meta property=\"og:description\" content=\"Garanta sua vaga atrav\u00e9s do link abaixo:Link para Inscri\u00e7\u00e3o Contato da ESAFAZUnidade de Capacita\u00e7\u00f5es Internas:\ud83d\udcde Telefone: (81) 3183-5992\ud83d\udcf1 WhatsApp: (81) 98494-1568 Receba Nossas Atualiza\u00e7\u00f5es!Clique no link abaixo para receber a programa\u00e7\u00e3o dos cursos da ESAFAZ diretamente no WhatsApp:Informativos ESAFAZ\" \/>\r\n<meta property=\"og:url\" content=\"https:\/\/esafaz.sefaz.pe.gov.br\/index.php\/agenda-de-abril\/\" \/>\r\n<meta property=\"og:site_name\" content=\"Site Esafaz\" \/>\r\n<meta property=\"article:modified_time\" content=\"2025-03-18T18:33:12+00:00\" \/>\r\n<meta property=\"og:image\" content=\"https:\/\/esafaz.sefaz.pe.gov.br\/wp-content\/uploads\/2025\/03\/agenda-abril.jpeg\" \/>\r\n\t<meta property=\"og:image:width\" content=\"1080\" \/>\r\n\t<meta property=\"og:image:height\" content=\"1350\" \/>\r\n\t<meta property=\"og:image:type\" content=\"image\/jpeg\" \/>\r\n<meta name=\"twitter:card\" content=\"summary_large_image\" \/>\r\n<meta name=\"twitter:label1\" content=\"Est. tempo de leitura\" \/>\n\t<meta name=\"twitter:data1\" content=\"1 minuto\" \/>\r\n<script type=\"application\/ld+json\" class=\"yoast-schema-graph\">{\"@context\":\"https:\/\/schema.org\",\"@graph\":[{\"@type\":\"WebPage\",\"@id\":\"https:\/\/esafaz.sefaz.pe.gov.br\/index.php\/agenda-de-abril\/\",\"url\":\"https:\/\/esafaz.sefaz.pe.gov.br\/index.php\/agenda-de-abril\/\",\"name\":\"Agenda de Abril - Site Esafaz\",\"isPartOf\":{\"@id\":\"http:\/\/localhost\/#website\"},\"primaryImageOfPage\":{\"@id\":\"https:\/\/esafaz.sefaz.pe.gov.br\/index.php\/agenda-de-abril\/#primaryimage\"},\"image\":{\"@id\":\"https:\/\/esafaz.sefaz.pe.gov.br\/index.php\/agenda-de-abril\/#primaryimage\"},\"thumbnailUrl\":\"https:\/\/esafaz.sefaz.pe.gov.br\/wp-content\/uploads\/2025\/03\/agenda-abril-819x1024.jpeg\",\"datePublished\":\"2025-03-18T18:33:07+00:00\",\"dateModified\":\"2025-03-18T18:33:12+00:00\",\"breadcrumb\":{\"@id\":\"https:\/\/esafaz.sefaz.pe.gov.br\/index.php\/agenda-de-abril\/#breadcrumb\"},\"inLanguage\":\"pt-BR\",\"potentialAction\":[{\"@type\":\"ReadAction\",\"target\":[\"https:\/\/esafaz.sefaz.pe.gov.br\/index.php\/agenda-de-abril\/\"]}]},{\"@type\":\"ImageObject\",\"inLanguage\":\"pt-BR\",\"@id\":\"https:\/\/esafaz.sefaz.pe.gov.br\/index.php\/agenda-de-abril\/#primaryimage\",\"url\":\"https:\/\/esafaz.sefaz.pe.gov.br\/wp-content\/uploads\/2025\/03\/agenda-abril.jpeg\",\"contentUrl\":\"https:\/\/esafaz.sefaz.pe.gov.br\/wp-content\/uploads\/2025\/03\/agenda-abril.jpeg\",\"width\":1080,\"height\":1350},{\"@type\":\"BreadcrumbList\",\"@id\":\"https:\/\/esafaz.sefaz.pe.gov.br\/index.php\/agenda-de-abril\/#breadcrumb\",\"itemListElement\":[{\"@type\":\"ListItem\",\"position\":1,\"name\":\"In\u00edcio\",\"item\":\"https:\/\/esafaz.sefaz.pe.gov.br\/\"},{\"@type\":\"ListItem\",\"position\":2,\"name\":\"Agenda de Abril\"}]},{\"@type\":\"WebSite\",\"@id\":\"http:\/\/localhost\/#website\",\"url\":\"http:\/\/localhost\/\",\"name\":\"Portal Esafaz\",\"description\":\"\",\"publisher\":{\"@id\":\"http:\/\/localhost\/#organization\"},\"potentialAction\":[{\"@type\":\"SearchAction\",\"target\":{\"@type\":\"EntryPoint\",\"urlTemplate\":\"http:\/\/localhost\/?s={search_term_string}\"},\"query-input\":{\"@type\":\"PropertyValueSpecification\",\"valueRequired\":true,\"valueName\":\"search_term_string\"}}],\"inLanguage\":\"pt-BR\"},{\"@type\":\"Organization\",\"@id\":\"http:\/\/localhost\/#organization\",\"name\":\"Portal Esafaz\",\"url\":\"http:\/\/localhost\/\",\"logo\":{\"@type\":\"ImageObject\",\"inLanguage\":\"pt-BR\",\"@id\":\"http:\/\/localhost\/#\/schema\/logo\/image\/\",\"url\":\"https:\/\/portalesafaz.sefaz.pe.gov.br\/wp-content\/uploads\/2024\/04\/icone-esafaz.jpeg\",\"contentUrl\":\"https:\/\/portalesafaz.sefaz.pe.gov.br\/wp-content\/uploads\/2024\/04\/icone-esafaz.jpeg\",\"width\":300,\"height\":300,\"caption\":\"Portal Esafaz\"},\"image\":{\"@id\":\"http:\/\/localhost\/#\/schema\/logo\/image\/\"},\"sameAs\":[\"https:\/\/www.instagram.com\/esafazpe\/\"]}]}<\/script>\r\n<!-- \/ Yoast SEO plugin. -->","yoast_head_json":{"title":"Agenda de Abril - Site Esafaz","robots":{"index":"index","follow":"follow","max-snippet":"max-snippet:-1","max-image-preview":"max-image-preview:large","max-video-preview":"max-video-preview:-1"},"canonical":"https:\/\/esafaz.sefaz.pe.gov.br\/index.php\/agenda-de-abril\/","og_locale":"pt_BR","og_type":"article","og_title":"Agenda de Abril - Site Esafaz","og_description":"Garanta sua vaga atrav\u00e9s do link abaixo:Link para Inscri\u00e7\u00e3o Contato da ESAFAZUnidade de Capacita\u00e7\u00f5es Internas:\ud83d\udcde Telefone: (81) 3183-5992\ud83d\udcf1 WhatsApp: (81) 98494-1568 Receba Nossas Atualiza\u00e7\u00f5es!Clique no link abaixo para receber a programa\u00e7\u00e3o dos cursos da ESAFAZ diretamente no WhatsApp:Informativos ESAFAZ","og_url":"https:\/\/esafaz.sefaz.pe.gov.br\/index.php\/agenda-de-abril\/","og_site_name":"Site Esafaz","article_modified_time":"2025-03-18T18:33:12+00:00","og_image":[{"width":1080,"height":1350,"url":"https:\/\/esafaz.sefaz.pe.gov.br\/wp-content\/uploads\/2025\/03\/agenda-abril.jpeg","type":"image\/jpeg"}],"twitter_card":"summary_large_image","twitter_misc":{"Est. tempo de leitura":"1 minuto"},"schema":{"@context":"https:\/\/schema.org","@graph":[{"@type":"WebPage","@id":"https:\/\/esafaz.sefaz.pe.gov.br\/index.php\/agenda-de-abril\/","url":"https:\/\/esafaz.sefaz.pe.gov.br\/index.php\/agenda-de-abril\/","name":"Agenda de Abril - Site Esafaz","isPartOf":{"@id":"http:\/\/localhost\/#website"},"primaryImageOfPage":{"@id":"https:\/\/esafaz.sefaz.pe.gov.br\/index.php\/agenda-de-abril\/#primaryimage"},"image":{"@id":"https:\/\/esafaz.sefaz.pe.gov.br\/index.php\/agenda-de-abril\/#primaryimage"},"thumbnailUrl":"https:\/\/esafaz.sefaz.pe.gov.br\/wp-content\/uploads\/2025\/03\/agenda-abril-819x1024.jpeg","datePublished":"2025-03-18T18:33:07+00:00","dateModified":"2025-03-18T18:33:12+00:00","breadcrumb":{"@id":"https:\/\/esafaz.sefaz.pe.gov.br\/index.php\/agenda-de-abril\/#breadcrumb"},"inLanguage":"pt-BR","potentialAction":[{"@type":"ReadAction","target":["https:\/\/esafaz.sefaz.pe.gov.br\/index.php\/agenda-de-abril\/"]}]},{"@type":"ImageObject","inLanguage":"pt-BR","@id":"https:\/\/esafaz.sefaz.pe.gov.br\/index.php\/agenda-de-abril\/#primaryimage","url":"https:\/\/esafaz.sefaz.pe.gov.br\/wp-content\/uploads\/2025\/03\/agenda-abril.jpeg","contentUrl":"https:\/\/esafaz.sefaz.pe.gov.br\/wp-content\/uploads\/2025\/03\/agenda-abril.jpeg","width":1080,"height":1350},{"@type":"BreadcrumbList","@id":"https:\/\/esafaz.sefaz.pe.gov.br\/index.php\/agenda-de-abril\/#breadcrumb","itemListElement":[{"@type":"ListItem","position":1,"name":"In\u00edcio","item":"https:\/\/esafaz.sefaz.pe.gov.br\/"},{"@type":"ListItem","position":2,"name":"Agenda de Abril"}]},{"@type":"WebSite","@id":"http:\/\/localhost\/#website","url":"http:\/\/localhost\/","name":"Portal Esafaz","description":"","publisher":{"@id":"http:\/\/localhost\/#organization"},"potentialAction":[{"@type":"SearchAction","target":{"@type":"EntryPoint","urlTemplate":"http:\/\/localhost\/?s={search_term_string}"},"query-input":{"@type":"PropertyValueSpecification","valueRequired":true,"valueName":"search_term_string"}}],"inLanguage":"pt-BR"},{"@type":"Organization","@id":"http:\/\/localhost\/#organization","name":"Portal Esafaz","url":"http:\/\/localhost\/","logo":{"@type":"ImageObject","inLanguage":"pt-BR","@id":"http:\/\/localhost\/#\/schema\/logo\/image\/","url":"https:\/\/portalesafaz.sefaz.pe.gov.br\/wp-content\/uploads\/2024\/04\/icone-esafaz.jpeg","contentUrl":"https:\/\/portalesafaz.sefaz.pe.gov.br\/wp-content\/uploads\/2024\/04\/icone-esafaz.jpeg","width":300,"height":300,"caption":"Portal Esafaz"},"image":{"@id":"http:\/\/localhost\/#\/schema\/logo\/image\/"},"sameAs":["https:\/\/www.instagram.com\/esafazpe\/"]}]}},"jetpack_sharing_enabled":true,"_links":{"self":[{"href":"https:\/\/esafaz.sefaz.pe.gov.br\/index.php\/wp-json\/wp\/v2\/pages\/4025"}],"collection":[{"href":"https:\/\/esafaz.sefaz.pe.gov.br\/index.php\/wp-json\/wp\/v2\/pages"}],"about":[{"href":"https:\/\/esafaz.sefaz.pe.gov.br\/index.php\/wp-json\/wp\/v2\/types\/page"}],"author":[{"embeddable":true,"href":"https:\/\/esafaz.sefaz.pe.gov.br\/index.php\/wp-json\/wp\/v2\/users\/1"}],"replies":[{"embeddable":true,"href":"https:\/\/esafaz.sefaz.pe.gov.br\/index.php\/wp-json\/wp\/v2\/comments?post=4025"}],"version-history":[{"count":2,"href":"https:\/\/esafaz.sefaz.pe.gov.br\/index.php\/wp-json\/wp\/v2\/pages\/4025\/revisions"}],"predecessor-version":[{"id":4255,"href":"https:\/\/esafaz.sefaz.pe.gov.br\/index.php\/wp-json\/wp\/v2\/pages\/4025\/revisions\/4255"}],"wp:attachment":[{"href":"https:\/\/esafaz.sefaz.pe.gov.br\/index.php\/wp-json\/wp\/v2\/media?parent=4025"}],"curies":[{"name":"wp","href":"https:\/\/api.w.org\/{rel}","templated":true}]}}