{"id":3996,"date":"2025-03-14T11:38:06","date_gmt":"2025-03-14T14:38:06","guid":{"rendered":"https:\/\/esafaz.sefaz.pe.gov.br\/?page_id=3996"},"modified":"2026-04-08T14:39:04","modified_gmt":"2026-04-08T17:39:04","slug":"educacao-fiscal-nas-escolas","status":"publish","type":"page","link":"https:\/\/esafaz.sefaz.pe.gov.br\/index.php\/educacao-fiscal-nas-escolas\/","title":{"rendered":"Educa\u00e7\u00e3o Fiscal nas Escolas"},"content":{"rendered":"\n<p><\/p>\n\n\n\n<!DOCTYPE html>\n<html lang=\"pt-br\">\n<head>\n  <title>Cards com Modal<\/title>\n  <meta charset=\"utf-8\">\n  <link href=\"https:\/\/cdn.jsdelivr.net\/npm\/bootstrap@5.3.0\/dist\/css\/bootstrap.min.css\" rel=\"stylesheet\">\n  <style>\n    .meus-cards-container {\n      display: flex;\n      justify-content: center;\n      gap: 20px;\n      margin-top: 50px;\n      background-color: #f8f9fa;\n      padding: 20px;\n      flex-wrap: wrap;\n    }\n\n    .meus-cards-container .card {\n      width: 18rem;\n      box-shadow: 0 4px 8px rgba(0,0,0,0.1);\n      border-radius: 10px;\n      overflow: hidden;\n      transition: transform 0.2s, box-shadow 0.2s;\n      cursor: pointer;\n      background-color: #fff;\n    }\n\n    .meus-cards-container .card:hover {\n      transform: scale(1.03);\n      box-shadow: 0 8px 16px rgba(0,0,0,0.15);\n    }\n\n    .meus-cards-container .card img {\n      width: 100%;\n      display: block;\n    }\n\n    .modal-body a,\n    .modal-body button {\n      margin-bottom: 10px;\n    }\n  <\/style>\n<\/head>\n<body>\n\n<br>\n\n<div class=\"meus-cards-container\">\n\n  <!-- CARD 1 -->\n  <div class=\"card\" data-bs-toggle=\"modal\" data-bs-target=\"#modalCard1\">\n    <img decoding=\"async\" class=\"card-img-top\" \n         src=\"https:\/\/esafaz.sefaz.pe.gov.br\/wp-content\/uploads\/2026\/03\/edicaoEDNE2024.png\" \n         alt=\"Edi\u00e7\u00e3o 2024\">\n  <\/div>\n\n  <!-- CARD 2 -->\n  <div class=\"card\" data-bs-toggle=\"modal\" data-bs-target=\"#modalCard2\">\n    <img decoding=\"async\" class=\"card-img-top\" \n         src=\"https:\/\/esafaz.sefaz.pe.gov.br\/wp-content\/uploads\/2026\/03\/edicaoEDNE2025.png\" \n         alt=\"Edi\u00e7\u00e3o 2025\">\n  <\/div>\n\n  <!-- CARD 3 -->\n  <div class=\"card\" data-bs-toggle=\"modal\" data-bs-target=\"#modalCard3\">\n    <img decoding=\"async\" class=\"card-img-top\" \n         src=\"https:\/\/esafaz.sefaz.pe.gov.br\/wp-content\/uploads\/2026\/03\/edicaoEDNE2026.png\" \n         alt=\"Edi\u00e7\u00e3o 2026\">\n  <\/div>\n\n<\/div>\n\n<br><br>\n\n<!-- MODAL CARD 1 -->\n<div class=\"modal fade\" id=\"modalCard1\" tabindex=\"-1\" aria-labelledby=\"modalCard1Label\" aria-hidden=\"true\">\n  <div class=\"modal-dialog\">\n    <div class=\"modal-content\">\n      <div class=\"modal-header\">\n        <h5 class=\"modal-title\" id=\"modalCard1Label\">Edi\u00e7\u00e3o 2024<\/h5>\n        <button type=\"button\" class=\"btn-close\" data-bs-dismiss=\"modal\"><\/button>\n      <\/div>\n      <div class=\"modal-body text-center d-flex flex-column\">\n        <p>Clique abaixo para acessar o edital ou realizar a inscri\u00e7\u00e3o:<\/p>\n\n        <a target=\"_blank\" class=\"btn btn-primary mb-2\" rel=\"noopener\">\n          ACESSAR EDITAL 2024\n        <\/a>\n\n        <button class=\"btn btn-success\" onclick=\"abrirPopup2024()\">\n          CULMIN\u00c2NCIA\n        <\/button>\n      <\/div>\n    <\/div>\n  <\/div>\n<\/div>\n\n<!-- MODAL CARD 2 -->\n<div class=\"modal fade\" id=\"modalCard2\" tabindex=\"-1\" aria-labelledby=\"modalCard2Label\" aria-hidden=\"true\">\n  <div class=\"modal-dialog\">\n    <div class=\"modal-content\">\n      <div class=\"modal-header\">\n        <h5 class=\"modal-title\" id=\"modalCard2Label\">Edi\u00e7\u00e3o 2025<\/h5>\n        <button type=\"button\" class=\"btn-close\" data-bs-dismiss=\"modal\"><\/button>\n      <\/div>\n      <div class=\"modal-body text-center d-flex flex-column\">\n        <p>Clique abaixo para acessar o edital ou realizar a inscri\u00e7\u00e3o:<\/p>\n\n        <a href=\"https:\/\/esafaz.sefaz.pe.gov.br\/wp-content\/uploads\/2025\/03\/SEI_64108566_GOVPE___Edital_250318_164946.pdf\" target=\"_blank\" class=\"btn btn-primary mb-2\" rel=\"noopener\">\n           ACESSAR EDITAL 2025\n        <\/a>\n\n        <a href=\"https:\/\/esafaz.sefaz.pe.gov.br\/wp-content\/uploads\/2025\/04\/LISTA_DEFINITIVA_DE_INSCRITOS.pdf\" target=\"_blank\" class=\"btn btn-warning mb-2\" rel=\"noopener\">\n           LISTA DEFINITIVA DE INSCRITOS\n        <\/a>\n\n        <a href=\"https:\/\/esafaz.sefaz.pe.gov.br\/wp-content\/uploads\/2025\/07\/Cartilha-Planos-de-Aula-Educacao-Fiscal-nas-Escolas-2025.pdf\" target=\"_blank\" class=\"btn btn-success\" rel=\"noopener\">\n           CULMIN\u00c2NCIA\n        <\/a>\n      <\/div>\n    <\/div>\n  <\/div>\n<\/div>\n\n<!-- MODAL CARD 3 -->\n<div class=\"modal fade\" id=\"modalCard3\" tabindex=\"-1\" aria-labelledby=\"modalCard3Label\" aria-hidden=\"true\">\n  <div class=\"modal-dialog\">\n    <div class=\"modal-content\">\n      <div class=\"modal-header\">\n        <h5 class=\"modal-title\" id=\"modalCard3Label\">Edi\u00e7\u00e3o 2026<\/h5>\n        <button type=\"button\" class=\"btn-close\" data-bs-dismiss=\"modal\"><\/button>\n      <\/div>\n      <div class=\"modal-body text-center d-flex flex-column\">\n        <p>Clique abaixo para acessar o edital ou realizar a inscri\u00e7\u00e3o:<\/p>\n\n        <a href=\"https:\/\/esafaz.sefaz.pe.gov.br\/wp-content\/uploads\/2026\/03\/Edital-2026-Assinado.pdf\" target=\"_blank\" class=\"btn btn-primary mb-2\" rel=\"noopener\">\n          ACESSAR EDITAL 2026\n        <\/a>\n      \n        <button class=\"btn btn-success\" onclick=\"abrirPopup2026()\">\n          LAN\u00c7AMENTO DO PROJETO\n        <\/button>\n\n                <a href=\"https:\/\/esafaz.sefaz.pe.gov.br\/wp-content\/uploads\/2026\/03\/27_03_2026-Lista-Definitiva.docx.pdf\" target=\"_blank\" class=\"btn btn-warning mb-2\" rel=\"noopener\">\n           LISTAGEM DEFINITIVA DAS INSCRI\u00c7\u00d5ES\n        <\/a>\n\n<a href=\"https:\/\/esafaz.sefaz.pe.gov.br\/moodle\/course\/view.php?id=55\" target=\"_blank\" class=\"btn btn-warning mb-2\" rel=\"noopener\">\n           CURSO\n        <\/a>\n\n      <\/div>\n    <\/div>\n  <\/div>\n<\/div>\n\n<!-- Fun\u00e7\u00f5es popup -->\n<script>\n  function abrirPopup2024() {\n    window.open(\n      'https:\/\/sefazpegovbr-my.sharepoint.com\/:v:\/g\/personal\/esafaz_sefaz_pe_gov_br\/EXyBpsCfNzhHvIvcTXwLtrkBxzpH2UoDUsl2sYccNtRwWg?e=OJD0nV',\n      'popupVideo2024',\n      'width=800,height=600,scrollbars=no,resizable=yes'\n    );\n  }\n\n  function abrirPopup2026() {\n    window.open(\n      'https:\/\/sefazpegovbr-my.sharepoint.com\/:v:\/g\/personal\/lucas_lu-silva_sefaz_pe_gov_br\/IQD0T9ET9jnpRIMingLlG0-MAaO9XumQWdHTp2ZvQzpj--g?e=QF4uHB',\n      'popupVideo2026',\n      'width=800,height=600,scrollbars=no,resizable=yes'\n    );\n  }\n<\/script>\n\n<!-- Bootstrap JS -->\n<script src=\"https:\/\/cdn.jsdelivr.net\/npm\/bootstrap@5.3.0\/dist\/js\/bootstrap.bundle.min.js\"><\/script>\n\n<\/body>\n<\/html>\n\n\n\n<p><\/p>\n","protected":false},"excerpt":{"rendered":"<p>Cards com Modal Edi\u00e7\u00e3o 2024 Clique abaixo para acessar o edital ou realizar a inscri\u00e7\u00e3o: ACESSAR EDITAL 2024 CULMIN\u00c2NCIA Edi\u00e7\u00e3o 2025 Clique abaixo para acessar o edital ou realizar a inscri\u00e7\u00e3o: ACESSAR EDITAL 2025 LISTA DEFINITIVA DE INSCRITOS CULMIN\u00c2NCIA Edi\u00e7\u00e3o 2026 Clique abaixo para acessar o edital ou realizar a inscri\u00e7\u00e3o: ACESSAR EDITAL 2026 LAN\u00c7AMENTO &#8230; <a title=\"Educa\u00e7\u00e3o Fiscal nas Escolas\" class=\"read-more\" href=\"https:\/\/esafaz.sefaz.pe.gov.br\/index.php\/educacao-fiscal-nas-escolas\/\" aria-label=\"Read more about Educa\u00e7\u00e3o Fiscal nas Escolas\">Ler mais<\/a><\/p>\n","protected":false},"author":1,"featured_media":0,"parent":0,"menu_order":0,"comment_status":"closed","ping_status":"closed","template":"","meta":{"inline_featured_image":false,"courseId":0,"footnotes":""},"class_list":["post-3996","page","type-page","status-publish"],"yoast_head":"<!-- This site is optimized with the Yoast SEO plugin v25.1 - https:\/\/yoast.com\/wordpress\/plugins\/seo\/ -->\r\n<title>Educa\u00e7\u00e3o Fiscal nas Escolas - Site Esafaz<\/title>\r\n<meta name=\"robots\" content=\"index, follow, max-snippet:-1, max-image-preview:large, max-video-preview:-1\" \/>\r\n<link rel=\"canonical\" href=\"https:\/\/esafaz.sefaz.pe.gov.br\/index.php\/educacao-fiscal-nas-escolas\/\" \/>\r\n<meta property=\"og:locale\" content=\"pt_BR\" \/>\r\n<meta property=\"og:type\" content=\"article\" \/>\r\n<meta property=\"og:title\" content=\"Educa\u00e7\u00e3o Fiscal nas Escolas - Site Esafaz\" \/>\r\n<meta property=\"og:description\" content=\"Cards com Modal Edi\u00e7\u00e3o 2024 Clique abaixo para acessar o edital ou realizar a inscri\u00e7\u00e3o: ACESSAR EDITAL 2024 CULMIN\u00c2NCIA Edi\u00e7\u00e3o 2025 Clique abaixo para acessar o edital ou realizar a inscri\u00e7\u00e3o: ACESSAR EDITAL 2025 LISTA DEFINITIVA DE INSCRITOS CULMIN\u00c2NCIA Edi\u00e7\u00e3o 2026 Clique abaixo para acessar o edital ou realizar a inscri\u00e7\u00e3o: ACESSAR EDITAL 2026 LAN\u00c7AMENTO ... Ler mais\" \/>\r\n<meta property=\"og:url\" content=\"https:\/\/esafaz.sefaz.pe.gov.br\/index.php\/educacao-fiscal-nas-escolas\/\" \/>\r\n<meta property=\"og:site_name\" content=\"Site Esafaz\" \/>\r\n<meta property=\"article:modified_time\" content=\"2026-04-08T17:39:04+00:00\" \/>\r\n<meta property=\"og:image\" content=\"https:\/\/esafaz.sefaz.pe.gov.br\/wp-content\/uploads\/2026\/03\/edicaoEDNE2024.png\" \/>\r\n<meta name=\"twitter:card\" content=\"summary_large_image\" \/>\r\n<meta name=\"twitter:label1\" content=\"Est. tempo de leitura\" \/>\n\t<meta name=\"twitter:data1\" content=\"1 minuto\" \/>\r\n<script type=\"application\/ld+json\" class=\"yoast-schema-graph\">{\"@context\":\"https:\/\/schema.org\",\"@graph\":[{\"@type\":\"WebPage\",\"@id\":\"https:\/\/esafaz.sefaz.pe.gov.br\/index.php\/educacao-fiscal-nas-escolas\/\",\"url\":\"https:\/\/esafaz.sefaz.pe.gov.br\/index.php\/educacao-fiscal-nas-escolas\/\",\"name\":\"Educa\u00e7\u00e3o Fiscal nas Escolas - Site Esafaz\",\"isPartOf\":{\"@id\":\"http:\/\/localhost\/#website\"},\"primaryImageOfPage\":{\"@id\":\"https:\/\/esafaz.sefaz.pe.gov.br\/index.php\/educacao-fiscal-nas-escolas\/#primaryimage\"},\"image\":{\"@id\":\"https:\/\/esafaz.sefaz.pe.gov.br\/index.php\/educacao-fiscal-nas-escolas\/#primaryimage\"},\"thumbnailUrl\":\"https:\/\/esafaz.sefaz.pe.gov.br\/wp-content\/uploads\/2026\/03\/edicaoEDNE2024.png\",\"datePublished\":\"2025-03-14T14:38:06+00:00\",\"dateModified\":\"2026-04-08T17:39:04+00:00\",\"breadcrumb\":{\"@id\":\"https:\/\/esafaz.sefaz.pe.gov.br\/index.php\/educacao-fiscal-nas-escolas\/#breadcrumb\"},\"inLanguage\":\"pt-BR\",\"potentialAction\":[{\"@type\":\"ReadAction\",\"target\":[\"https:\/\/esafaz.sefaz.pe.gov.br\/index.php\/educacao-fiscal-nas-escolas\/\"]}]},{\"@type\":\"ImageObject\",\"inLanguage\":\"pt-BR\",\"@id\":\"https:\/\/esafaz.sefaz.pe.gov.br\/index.php\/educacao-fiscal-nas-escolas\/#primaryimage\",\"url\":\"https:\/\/esafaz.sefaz.pe.gov.br\/wp-content\/uploads\/2026\/03\/edicaoEDNE2024.png\",\"contentUrl\":\"https:\/\/esafaz.sefaz.pe.gov.br\/wp-content\/uploads\/2026\/03\/edicaoEDNE2024.png\",\"width\":540,\"height\":540},{\"@type\":\"BreadcrumbList\",\"@id\":\"https:\/\/esafaz.sefaz.pe.gov.br\/index.php\/educacao-fiscal-nas-escolas\/#breadcrumb\",\"itemListElement\":[{\"@type\":\"ListItem\",\"position\":1,\"name\":\"In\u00edcio\",\"item\":\"https:\/\/esafaz.sefaz.pe.gov.br\/\"},{\"@type\":\"ListItem\",\"position\":2,\"name\":\"Educa\u00e7\u00e3o Fiscal nas Escolas\"}]},{\"@type\":\"WebSite\",\"@id\":\"http:\/\/localhost\/#website\",\"url\":\"http:\/\/localhost\/\",\"name\":\"Portal Esafaz\",\"description\":\"\",\"publisher\":{\"@id\":\"http:\/\/localhost\/#organization\"},\"potentialAction\":[{\"@type\":\"SearchAction\",\"target\":{\"@type\":\"EntryPoint\",\"urlTemplate\":\"http:\/\/localhost\/?s={search_term_string}\"},\"query-input\":{\"@type\":\"PropertyValueSpecification\",\"valueRequired\":true,\"valueName\":\"search_term_string\"}}],\"inLanguage\":\"pt-BR\"},{\"@type\":\"Organization\",\"@id\":\"http:\/\/localhost\/#organization\",\"name\":\"Portal Esafaz\",\"url\":\"http:\/\/localhost\/\",\"logo\":{\"@type\":\"ImageObject\",\"inLanguage\":\"pt-BR\",\"@id\":\"http:\/\/localhost\/#\/schema\/logo\/image\/\",\"url\":\"https:\/\/portalesafaz.sefaz.pe.gov.br\/wp-content\/uploads\/2024\/04\/icone-esafaz.jpeg\",\"contentUrl\":\"https:\/\/portalesafaz.sefaz.pe.gov.br\/wp-content\/uploads\/2024\/04\/icone-esafaz.jpeg\",\"width\":300,\"height\":300,\"caption\":\"Portal Esafaz\"},\"image\":{\"@id\":\"http:\/\/localhost\/#\/schema\/logo\/image\/\"},\"sameAs\":[\"https:\/\/www.instagram.com\/esafazpe\/\"]}]}<\/script>\r\n<!-- \/ Yoast SEO plugin. -->","yoast_head_json":{"title":"Educa\u00e7\u00e3o Fiscal nas Escolas - Site Esafaz","robots":{"index":"index","follow":"follow","max-snippet":"max-snippet:-1","max-image-preview":"max-image-preview:large","max-video-preview":"max-video-preview:-1"},"canonical":"https:\/\/esafaz.sefaz.pe.gov.br\/index.php\/educacao-fiscal-nas-escolas\/","og_locale":"pt_BR","og_type":"article","og_title":"Educa\u00e7\u00e3o Fiscal nas Escolas - Site Esafaz","og_description":"Cards com Modal Edi\u00e7\u00e3o 2024 Clique abaixo para acessar o edital ou realizar a inscri\u00e7\u00e3o: ACESSAR EDITAL 2024 CULMIN\u00c2NCIA Edi\u00e7\u00e3o 2025 Clique abaixo para acessar o edital ou realizar a inscri\u00e7\u00e3o: ACESSAR EDITAL 2025 LISTA DEFINITIVA DE INSCRITOS CULMIN\u00c2NCIA Edi\u00e7\u00e3o 2026 Clique abaixo para acessar o edital ou realizar a inscri\u00e7\u00e3o: ACESSAR EDITAL 2026 LAN\u00c7AMENTO ... Ler mais","og_url":"https:\/\/esafaz.sefaz.pe.gov.br\/index.php\/educacao-fiscal-nas-escolas\/","og_site_name":"Site Esafaz","article_modified_time":"2026-04-08T17:39:04+00:00","og_image":[{"url":"https:\/\/esafaz.sefaz.pe.gov.br\/wp-content\/uploads\/2026\/03\/edicaoEDNE2024.png","type":"","width":"","height":""}],"twitter_card":"summary_large_image","twitter_misc":{"Est. tempo de leitura":"1 minuto"},"schema":{"@context":"https:\/\/schema.org","@graph":[{"@type":"WebPage","@id":"https:\/\/esafaz.sefaz.pe.gov.br\/index.php\/educacao-fiscal-nas-escolas\/","url":"https:\/\/esafaz.sefaz.pe.gov.br\/index.php\/educacao-fiscal-nas-escolas\/","name":"Educa\u00e7\u00e3o Fiscal nas Escolas - Site Esafaz","isPartOf":{"@id":"http:\/\/localhost\/#website"},"primaryImageOfPage":{"@id":"https:\/\/esafaz.sefaz.pe.gov.br\/index.php\/educacao-fiscal-nas-escolas\/#primaryimage"},"image":{"@id":"https:\/\/esafaz.sefaz.pe.gov.br\/index.php\/educacao-fiscal-nas-escolas\/#primaryimage"},"thumbnailUrl":"https:\/\/esafaz.sefaz.pe.gov.br\/wp-content\/uploads\/2026\/03\/edicaoEDNE2024.png","datePublished":"2025-03-14T14:38:06+00:00","dateModified":"2026-04-08T17:39:04+00:00","breadcrumb":{"@id":"https:\/\/esafaz.sefaz.pe.gov.br\/index.php\/educacao-fiscal-nas-escolas\/#breadcrumb"},"inLanguage":"pt-BR","potentialAction":[{"@type":"ReadAction","target":["https:\/\/esafaz.sefaz.pe.gov.br\/index.php\/educacao-fiscal-nas-escolas\/"]}]},{"@type":"ImageObject","inLanguage":"pt-BR","@id":"https:\/\/esafaz.sefaz.pe.gov.br\/index.php\/educacao-fiscal-nas-escolas\/#primaryimage","url":"https:\/\/esafaz.sefaz.pe.gov.br\/wp-content\/uploads\/2026\/03\/edicaoEDNE2024.png","contentUrl":"https:\/\/esafaz.sefaz.pe.gov.br\/wp-content\/uploads\/2026\/03\/edicaoEDNE2024.png","width":540,"height":540},{"@type":"BreadcrumbList","@id":"https:\/\/esafaz.sefaz.pe.gov.br\/index.php\/educacao-fiscal-nas-escolas\/#breadcrumb","itemListElement":[{"@type":"ListItem","position":1,"name":"In\u00edcio","item":"https:\/\/esafaz.sefaz.pe.gov.br\/"},{"@type":"ListItem","position":2,"name":"Educa\u00e7\u00e3o Fiscal nas Escolas"}]},{"@type":"WebSite","@id":"http:\/\/localhost\/#website","url":"http:\/\/localhost\/","name":"Portal Esafaz","description":"","publisher":{"@id":"http:\/\/localhost\/#organization"},"potentialAction":[{"@type":"SearchAction","target":{"@type":"EntryPoint","urlTemplate":"http:\/\/localhost\/?s={search_term_string}"},"query-input":{"@type":"PropertyValueSpecification","valueRequired":true,"valueName":"search_term_string"}}],"inLanguage":"pt-BR"},{"@type":"Organization","@id":"http:\/\/localhost\/#organization","name":"Portal Esafaz","url":"http:\/\/localhost\/","logo":{"@type":"ImageObject","inLanguage":"pt-BR","@id":"http:\/\/localhost\/#\/schema\/logo\/image\/","url":"https:\/\/portalesafaz.sefaz.pe.gov.br\/wp-content\/uploads\/2024\/04\/icone-esafaz.jpeg","contentUrl":"https:\/\/portalesafaz.sefaz.pe.gov.br\/wp-content\/uploads\/2024\/04\/icone-esafaz.jpeg","width":300,"height":300,"caption":"Portal Esafaz"},"image":{"@id":"http:\/\/localhost\/#\/schema\/logo\/image\/"},"sameAs":["https:\/\/www.instagram.com\/esafazpe\/"]}]}},"jetpack_sharing_enabled":true,"_links":{"self":[{"href":"https:\/\/esafaz.sefaz.pe.gov.br\/index.php\/wp-json\/wp\/v2\/pages\/3996"}],"collection":[{"href":"https:\/\/esafaz.sefaz.pe.gov.br\/index.php\/wp-json\/wp\/v2\/pages"}],"about":[{"href":"https:\/\/esafaz.sefaz.pe.gov.br\/index.php\/wp-json\/wp\/v2\/types\/page"}],"author":[{"embeddable":true,"href":"https:\/\/esafaz.sefaz.pe.gov.br\/index.php\/wp-json\/wp\/v2\/users\/1"}],"replies":[{"embeddable":true,"href":"https:\/\/esafaz.sefaz.pe.gov.br\/index.php\/wp-json\/wp\/v2\/comments?post=3996"}],"version-history":[{"count":70,"href":"https:\/\/esafaz.sefaz.pe.gov.br\/index.php\/wp-json\/wp\/v2\/pages\/3996\/revisions"}],"predecessor-version":[{"id":5699,"href":"https:\/\/esafaz.sefaz.pe.gov.br\/index.php\/wp-json\/wp\/v2\/pages\/3996\/revisions\/5699"}],"wp:attachment":[{"href":"https:\/\/esafaz.sefaz.pe.gov.br\/index.php\/wp-json\/wp\/v2\/media?parent=3996"}],"curies":[{"name":"wp","href":"https:\/\/api.w.org\/{rel}","templated":true}]}}