{"id":3938,"date":"2025-02-26T10:57:27","date_gmt":"2025-02-26T13:57:27","guid":{"rendered":"https:\/\/esafaz.sefaz.pe.gov.br\/?page_id=3938"},"modified":"2025-02-26T10:57:36","modified_gmt":"2025-02-26T13:57:36","slug":"cursos-alinhados-com-ods","status":"publish","type":"page","link":"https:\/\/esafaz.sefaz.pe.gov.br\/index.php\/cursos-alinhados-com-ods\/","title":{"rendered":"Cursos Alinhados com ODS"},"content":{"rendered":"\n<p><\/p>\n\n\n\n<figure class=\"wp-block-image size-large\"><img fetchpriority=\"high\" decoding=\"async\" width=\"1024\" height=\"653\" src=\"https:\/\/esafaz.sefaz.pe.gov.br\/wp-content\/uploads\/2025\/02\/sites-ods-copiar-1024x653.jpg\" alt=\"\" class=\"wp-image-3940\" srcset=\"https:\/\/esafaz.sefaz.pe.gov.br\/wp-content\/uploads\/2025\/02\/sites-ods-copiar-1024x653.jpg 1024w, https:\/\/esafaz.sefaz.pe.gov.br\/wp-content\/uploads\/2025\/02\/sites-ods-copiar-300x191.jpg 300w, https:\/\/esafaz.sefaz.pe.gov.br\/wp-content\/uploads\/2025\/02\/sites-ods-copiar-768x490.jpg 768w, https:\/\/esafaz.sefaz.pe.gov.br\/wp-content\/uploads\/2025\/02\/sites-ods-copiar-1536x980.jpg 1536w, https:\/\/esafaz.sefaz.pe.gov.br\/wp-content\/uploads\/2025\/02\/sites-ods-copiar-2048x1306.jpg 2048w\" sizes=\"(max-width: 1024px) 100vw, 1024px\" \/><\/figure>\n\n\n\n<p><\/p>\n\n\n\n<p>Os cursos oferecidos pela Escola Fazend\u00e1ria de Pernambuco (ESAFAZ-PE) est\u00e3o alinhados aos Objetivos de Desenvolvimento Sustent\u00e1vel (ODS) da ONU!<\/p>\n\n\n\n<p>Essa iniciativa refor\u00e7a o compromisso da ESAFAZ-PE com a forma\u00e7\u00e3o de servidores p\u00fablicos mais preparados para enfrentar desafios globais, promovendo pr\u00e1ticas que impactam positivamente a sociedade.<\/p>\n\n\n\n<p>Os ODS foram estabelecidos em 2015 e abrangem 17 temas essenciais, como educa\u00e7\u00e3o de qualidade, inova\u00e7\u00e3o, transpar\u00eancia, equidade social e sustentabilidade econ\u00f4mica. Agora, cada capacita\u00e7\u00e3o oferecida ser\u00e1 identificada com seu respectivo indicador, tornando o aprendizado ainda mais conectado com o desenvolvimento sustent\u00e1vel.<\/p>\n\n\n\n<p>\ud83d\udca1 Juntos, constru\u00edmos um futuro mais justo e sustent\u00e1vel!<\/p>\n","protected":false},"excerpt":{"rendered":"<p>Os cursos oferecidos pela Escola Fazend\u00e1ria de Pernambuco (ESAFAZ-PE) est\u00e3o alinhados aos Objetivos de Desenvolvimento Sustent\u00e1vel (ODS) da ONU! Essa iniciativa refor\u00e7a o compromisso da ESAFAZ-PE com a forma\u00e7\u00e3o de servidores p\u00fablicos mais preparados para enfrentar desafios globais, promovendo pr\u00e1ticas que impactam positivamente a sociedade. Os ODS foram estabelecidos em 2015 e abrangem 17 temas &#8230; <a title=\"Cursos Alinhados com ODS\" class=\"read-more\" href=\"https:\/\/esafaz.sefaz.pe.gov.br\/index.php\/cursos-alinhados-com-ods\/\" aria-label=\"Read more about Cursos Alinhados com ODS\">Ler mais<\/a><\/p>\n","protected":false},"author":1,"featured_media":0,"parent":0,"menu_order":0,"comment_status":"closed","ping_status":"closed","template":"","meta":{"inline_featured_image":false,"courseId":0,"footnotes":""},"class_list":["post-3938","page","type-page","status-publish"],"yoast_head":"<!-- This site is optimized with the Yoast SEO plugin v25.1 - https:\/\/yoast.com\/wordpress\/plugins\/seo\/ -->\r\n<title>Cursos Alinhados com ODS - Site Esafaz<\/title>\r\n<meta name=\"robots\" content=\"index, follow, max-snippet:-1, max-image-preview:large, max-video-preview:-1\" \/>\r\n<link rel=\"canonical\" href=\"https:\/\/esafaz.sefaz.pe.gov.br\/index.php\/cursos-alinhados-com-ods\/\" \/>\r\n<meta property=\"og:locale\" content=\"pt_BR\" \/>\r\n<meta property=\"og:type\" content=\"article\" \/>\r\n<meta property=\"og:title\" content=\"Cursos Alinhados com ODS - Site Esafaz\" \/>\r\n<meta property=\"og:description\" content=\"Os cursos oferecidos pela Escola Fazend\u00e1ria de Pernambuco (ESAFAZ-PE) est\u00e3o alinhados aos Objetivos de Desenvolvimento Sustent\u00e1vel (ODS) da ONU! Essa iniciativa refor\u00e7a o compromisso da ESAFAZ-PE com a forma\u00e7\u00e3o de servidores p\u00fablicos mais preparados para enfrentar desafios globais, promovendo pr\u00e1ticas que impactam positivamente a sociedade. Os ODS foram estabelecidos em 2015 e abrangem 17 temas ... Ler mais\" \/>\r\n<meta property=\"og:url\" content=\"https:\/\/esafaz.sefaz.pe.gov.br\/index.php\/cursos-alinhados-com-ods\/\" \/>\r\n<meta property=\"og:site_name\" content=\"Site Esafaz\" \/>\r\n<meta property=\"article:modified_time\" content=\"2025-02-26T13:57:36+00:00\" \/>\r\n<meta property=\"og:image\" content=\"https:\/\/esafaz.sefaz.pe.gov.br\/wp-content\/uploads\/2025\/02\/sites-ods-copiar.jpg\" \/>\r\n\t<meta property=\"og:image:width\" content=\"2560\" \/>\r\n\t<meta property=\"og:image:height\" content=\"1633\" \/>\r\n\t<meta property=\"og:image:type\" content=\"image\/jpeg\" \/>\r\n<meta name=\"twitter:card\" content=\"summary_large_image\" \/>\r\n<meta name=\"twitter:label1\" content=\"Est. tempo de leitura\" \/>\n\t<meta name=\"twitter:data1\" content=\"1 minuto\" \/>\r\n<script type=\"application\/ld+json\" class=\"yoast-schema-graph\">{\"@context\":\"https:\/\/schema.org\",\"@graph\":[{\"@type\":\"WebPage\",\"@id\":\"https:\/\/esafaz.sefaz.pe.gov.br\/index.php\/cursos-alinhados-com-ods\/\",\"url\":\"https:\/\/esafaz.sefaz.pe.gov.br\/index.php\/cursos-alinhados-com-ods\/\",\"name\":\"Cursos Alinhados com ODS - Site Esafaz\",\"isPartOf\":{\"@id\":\"http:\/\/localhost\/#website\"},\"primaryImageOfPage\":{\"@id\":\"https:\/\/esafaz.sefaz.pe.gov.br\/index.php\/cursos-alinhados-com-ods\/#primaryimage\"},\"image\":{\"@id\":\"https:\/\/esafaz.sefaz.pe.gov.br\/index.php\/cursos-alinhados-com-ods\/#primaryimage\"},\"thumbnailUrl\":\"https:\/\/esafaz.sefaz.pe.gov.br\/wp-content\/uploads\/2025\/02\/sites-ods-copiar-1024x653.jpg\",\"datePublished\":\"2025-02-26T13:57:27+00:00\",\"dateModified\":\"2025-02-26T13:57:36+00:00\",\"breadcrumb\":{\"@id\":\"https:\/\/esafaz.sefaz.pe.gov.br\/index.php\/cursos-alinhados-com-ods\/#breadcrumb\"},\"inLanguage\":\"pt-BR\",\"potentialAction\":[{\"@type\":\"ReadAction\",\"target\":[\"https:\/\/esafaz.sefaz.pe.gov.br\/index.php\/cursos-alinhados-com-ods\/\"]}]},{\"@type\":\"ImageObject\",\"inLanguage\":\"pt-BR\",\"@id\":\"https:\/\/esafaz.sefaz.pe.gov.br\/index.php\/cursos-alinhados-com-ods\/#primaryimage\",\"url\":\"https:\/\/esafaz.sefaz.pe.gov.br\/wp-content\/uploads\/2025\/02\/sites-ods-copiar.jpg\",\"contentUrl\":\"https:\/\/esafaz.sefaz.pe.gov.br\/wp-content\/uploads\/2025\/02\/sites-ods-copiar.jpg\",\"width\":2560,\"height\":1633},{\"@type\":\"BreadcrumbList\",\"@id\":\"https:\/\/esafaz.sefaz.pe.gov.br\/index.php\/cursos-alinhados-com-ods\/#breadcrumb\",\"itemListElement\":[{\"@type\":\"ListItem\",\"position\":1,\"name\":\"In\u00edcio\",\"item\":\"https:\/\/esafaz.sefaz.pe.gov.br\/\"},{\"@type\":\"ListItem\",\"position\":2,\"name\":\"Cursos Alinhados com ODS\"}]},{\"@type\":\"WebSite\",\"@id\":\"http:\/\/localhost\/#website\",\"url\":\"http:\/\/localhost\/\",\"name\":\"Portal Esafaz\",\"description\":\"\",\"publisher\":{\"@id\":\"http:\/\/localhost\/#organization\"},\"potentialAction\":[{\"@type\":\"SearchAction\",\"target\":{\"@type\":\"EntryPoint\",\"urlTemplate\":\"http:\/\/localhost\/?s={search_term_string}\"},\"query-input\":{\"@type\":\"PropertyValueSpecification\",\"valueRequired\":true,\"valueName\":\"search_term_string\"}}],\"inLanguage\":\"pt-BR\"},{\"@type\":\"Organization\",\"@id\":\"http:\/\/localhost\/#organization\",\"name\":\"Portal Esafaz\",\"url\":\"http:\/\/localhost\/\",\"logo\":{\"@type\":\"ImageObject\",\"inLanguage\":\"pt-BR\",\"@id\":\"http:\/\/localhost\/#\/schema\/logo\/image\/\",\"url\":\"https:\/\/portalesafaz.sefaz.pe.gov.br\/wp-content\/uploads\/2024\/04\/icone-esafaz.jpeg\",\"contentUrl\":\"https:\/\/portalesafaz.sefaz.pe.gov.br\/wp-content\/uploads\/2024\/04\/icone-esafaz.jpeg\",\"width\":300,\"height\":300,\"caption\":\"Portal Esafaz\"},\"image\":{\"@id\":\"http:\/\/localhost\/#\/schema\/logo\/image\/\"},\"sameAs\":[\"https:\/\/www.instagram.com\/esafazpe\/\"]}]}<\/script>\r\n<!-- \/ Yoast SEO plugin. -->","yoast_head_json":{"title":"Cursos Alinhados com ODS - Site Esafaz","robots":{"index":"index","follow":"follow","max-snippet":"max-snippet:-1","max-image-preview":"max-image-preview:large","max-video-preview":"max-video-preview:-1"},"canonical":"https:\/\/esafaz.sefaz.pe.gov.br\/index.php\/cursos-alinhados-com-ods\/","og_locale":"pt_BR","og_type":"article","og_title":"Cursos Alinhados com ODS - Site Esafaz","og_description":"Os cursos oferecidos pela Escola Fazend\u00e1ria de Pernambuco (ESAFAZ-PE) est\u00e3o alinhados aos Objetivos de Desenvolvimento Sustent\u00e1vel (ODS) da ONU! Essa iniciativa refor\u00e7a o compromisso da ESAFAZ-PE com a forma\u00e7\u00e3o de servidores p\u00fablicos mais preparados para enfrentar desafios globais, promovendo pr\u00e1ticas que impactam positivamente a sociedade. Os ODS foram estabelecidos em 2015 e abrangem 17 temas ... Ler mais","og_url":"https:\/\/esafaz.sefaz.pe.gov.br\/index.php\/cursos-alinhados-com-ods\/","og_site_name":"Site Esafaz","article_modified_time":"2025-02-26T13:57:36+00:00","og_image":[{"width":2560,"height":1633,"url":"https:\/\/esafaz.sefaz.pe.gov.br\/wp-content\/uploads\/2025\/02\/sites-ods-copiar.jpg","type":"image\/jpeg"}],"twitter_card":"summary_large_image","twitter_misc":{"Est. tempo de leitura":"1 minuto"},"schema":{"@context":"https:\/\/schema.org","@graph":[{"@type":"WebPage","@id":"https:\/\/esafaz.sefaz.pe.gov.br\/index.php\/cursos-alinhados-com-ods\/","url":"https:\/\/esafaz.sefaz.pe.gov.br\/index.php\/cursos-alinhados-com-ods\/","name":"Cursos Alinhados com ODS - Site Esafaz","isPartOf":{"@id":"http:\/\/localhost\/#website"},"primaryImageOfPage":{"@id":"https:\/\/esafaz.sefaz.pe.gov.br\/index.php\/cursos-alinhados-com-ods\/#primaryimage"},"image":{"@id":"https:\/\/esafaz.sefaz.pe.gov.br\/index.php\/cursos-alinhados-com-ods\/#primaryimage"},"thumbnailUrl":"https:\/\/esafaz.sefaz.pe.gov.br\/wp-content\/uploads\/2025\/02\/sites-ods-copiar-1024x653.jpg","datePublished":"2025-02-26T13:57:27+00:00","dateModified":"2025-02-26T13:57:36+00:00","breadcrumb":{"@id":"https:\/\/esafaz.sefaz.pe.gov.br\/index.php\/cursos-alinhados-com-ods\/#breadcrumb"},"inLanguage":"pt-BR","potentialAction":[{"@type":"ReadAction","target":["https:\/\/esafaz.sefaz.pe.gov.br\/index.php\/cursos-alinhados-com-ods\/"]}]},{"@type":"ImageObject","inLanguage":"pt-BR","@id":"https:\/\/esafaz.sefaz.pe.gov.br\/index.php\/cursos-alinhados-com-ods\/#primaryimage","url":"https:\/\/esafaz.sefaz.pe.gov.br\/wp-content\/uploads\/2025\/02\/sites-ods-copiar.jpg","contentUrl":"https:\/\/esafaz.sefaz.pe.gov.br\/wp-content\/uploads\/2025\/02\/sites-ods-copiar.jpg","width":2560,"height":1633},{"@type":"BreadcrumbList","@id":"https:\/\/esafaz.sefaz.pe.gov.br\/index.php\/cursos-alinhados-com-ods\/#breadcrumb","itemListElement":[{"@type":"ListItem","position":1,"name":"In\u00edcio","item":"https:\/\/esafaz.sefaz.pe.gov.br\/"},{"@type":"ListItem","position":2,"name":"Cursos Alinhados com ODS"}]},{"@type":"WebSite","@id":"http:\/\/localhost\/#website","url":"http:\/\/localhost\/","name":"Portal Esafaz","description":"","publisher":{"@id":"http:\/\/localhost\/#organization"},"potentialAction":[{"@type":"SearchAction","target":{"@type":"EntryPoint","urlTemplate":"http:\/\/localhost\/?s={search_term_string}"},"query-input":{"@type":"PropertyValueSpecification","valueRequired":true,"valueName":"search_term_string"}}],"inLanguage":"pt-BR"},{"@type":"Organization","@id":"http:\/\/localhost\/#organization","name":"Portal Esafaz","url":"http:\/\/localhost\/","logo":{"@type":"ImageObject","inLanguage":"pt-BR","@id":"http:\/\/localhost\/#\/schema\/logo\/image\/","url":"https:\/\/portalesafaz.sefaz.pe.gov.br\/wp-content\/uploads\/2024\/04\/icone-esafaz.jpeg","contentUrl":"https:\/\/portalesafaz.sefaz.pe.gov.br\/wp-content\/uploads\/2024\/04\/icone-esafaz.jpeg","width":300,"height":300,"caption":"Portal Esafaz"},"image":{"@id":"http:\/\/localhost\/#\/schema\/logo\/image\/"},"sameAs":["https:\/\/www.instagram.com\/esafazpe\/"]}]}},"jetpack_sharing_enabled":true,"_links":{"self":[{"href":"https:\/\/esafaz.sefaz.pe.gov.br\/index.php\/wp-json\/wp\/v2\/pages\/3938"}],"collection":[{"href":"https:\/\/esafaz.sefaz.pe.gov.br\/index.php\/wp-json\/wp\/v2\/pages"}],"about":[{"href":"https:\/\/esafaz.sefaz.pe.gov.br\/index.php\/wp-json\/wp\/v2\/types\/page"}],"author":[{"embeddable":true,"href":"https:\/\/esafaz.sefaz.pe.gov.br\/index.php\/wp-json\/wp\/v2\/users\/1"}],"replies":[{"embeddable":true,"href":"https:\/\/esafaz.sefaz.pe.gov.br\/index.php\/wp-json\/wp\/v2\/comments?post=3938"}],"version-history":[{"count":1,"href":"https:\/\/esafaz.sefaz.pe.gov.br\/index.php\/wp-json\/wp\/v2\/pages\/3938\/revisions"}],"predecessor-version":[{"id":3941,"href":"https:\/\/esafaz.sefaz.pe.gov.br\/index.php\/wp-json\/wp\/v2\/pages\/3938\/revisions\/3941"}],"wp:attachment":[{"href":"https:\/\/esafaz.sefaz.pe.gov.br\/index.php\/wp-json\/wp\/v2\/media?parent=3938"}],"curies":[{"name":"wp","href":"https:\/\/api.w.org\/{rel}","templated":true}]}}