{"id":39,"date":"2024-04-17T10:17:05","date_gmt":"2024-04-17T13:17:05","guid":{"rendered":"http:\/\/localhost\/site\/?page_id=39"},"modified":"2024-10-14T15:11:01","modified_gmt":"2024-10-14T18:11:01","slug":"apresentacao","status":"publish","type":"page","link":"https:\/\/esafaz.sefaz.pe.gov.br\/index.php\/apresentacao\/","title":{"rendered":"Apresenta\u00e7\u00e3o"},"content":{"rendered":"\n<p><\/p>\n\n\n\n<!DOCTYPE html>\n<html lang=\"pt-BR\">\n<head>\n    <meta charset=\"UTF-8\">\n    <meta name=\"viewport\" content=\"width=device-width, initial-scale=1.0\">\n    <title>Apresenta\u00e7\u00e3o &#8211; Programa de Educa\u00e7\u00e3o Fiscal de Pernambuco<\/title>\n    <style>\n        .header {\n            position: relative; \/* Necess\u00e1rio para o posicionamento absoluto da imagem *\/\n            text-align: center;\n        }\n        .header img {\n            max-width: 120px;\n            height: auto;\n            position: absolute;\n            top: 0;\n            left: 0;\n            margin: 10px; \/* Espa\u00e7amento em rela\u00e7\u00e3o \u00e0s bordas da p\u00e1gina *\/\n        }\n        .header h1 {\n            font-size: 4em;\n            margin: 0;\n           \/* padding-top: 50px;  Espa\u00e7amento para evitar sobreposi\u00e7\u00e3o com a imagem *\/\n        }\n    <\/style>\n<\/head>\n<body>\n\n    <div class=\"header\">\n        <img decoding=\"async\" src=\"https:\/\/esafaz.sefaz.pe.gov.br\/wp-content\/uploads\/2024\/09\/Logo-EF.png\" alt=\"Logo Educa\u00e7\u00e3o Fiscal Pernambuco\">\n        <h1>Apresenta\u00e7\u00e3o<\/h1>\n    <\/div>\n<\/br>\n    <p>O Programa de Educa\u00e7\u00e3o Fiscal de Pernambuco visa estimular a cidadania fiscal, bem como despertar no cidad\u00e3o o interesse em influenciar e acompanhar a aplica\u00e7\u00e3o dos recursos p\u00fablicos, atrav\u00e9s dos instrumentos de controle existentes.<\/p>\n\n    <p>Para que ocorra a atua\u00e7\u00e3o cidad\u00e3 almejada, foram tra\u00e7ados os seguintes objetivos:<\/p>\n\n    <ul>\n        <li>Promover e institucionalizar a Educa\u00e7\u00e3o Fiscal para o pleno exerc\u00edcio da cidadania;<\/li>\n        <li>Transmitir ao cidad\u00e3o conhecimentos sobre Administra\u00e7\u00e3o P\u00fablica, incentivando-o a acompanhar a aplica\u00e7\u00e3o dos recursos p\u00fablicos;<\/li>\n        <li>Promover a\u00e7\u00f5es no sentido de divulgar a fun\u00e7\u00e3o socioecon\u00f4mica do tributo e criar condi\u00e7\u00f5es para que se estabele\u00e7a rela\u00e7\u00e3o harmoniosa com o Estado;<\/li>\n        <li>Incorporar a Educa\u00e7\u00e3o Fiscal ao curr\u00edculo escolar, de forma transversal nas diversas disciplinas, como tem\u00e1tica integrada \u00e0 pr\u00e1tica pedag\u00f3gica;<\/li>\n        <li>Incluir a Educa\u00e7\u00e3o Fiscal nos programas de capacita\u00e7\u00e3o e forma\u00e7\u00e3o dos servidores p\u00fablicos das Secretarias de Estado envolvidas com o Programa e nos demais eventos realizados.<\/li>\n    <\/ul>\n\n    <p>Para melhor compreens\u00e3o, remetemos \u00e0 leitura do conceito de Educa\u00e7\u00e3o Fiscal constante do Caderno 1 do Curso de Disseminadores do PNEF, 4\u00aa edi\u00e7\u00e3o \u2013 &#8220;Educa\u00e7\u00e3o Fiscal no Contexto Social&#8221;, p\u00e1gina 27, a saber:<\/p>\n\n    <blockquote>\n        &#8220;Educa\u00e7\u00e3o Fiscal deve\u202fser compreendida como uma abordagem did\u00e1tico-pedag\u00f3gica capaz de interpretar as vertentes financeiras da arrecada\u00e7\u00e3o e dos gastos p\u00fablicos, estimulando o cidad\u00e3o a compreender o seu dever de contribuir solidariamente em benef\u00edcio do conjunto da sociedade e, por outro lado, estar consciente da import\u00e2ncia de sua participa\u00e7\u00e3o no acompanhamento da aplica\u00e7\u00e3o dos recursos arrecadados, com justi\u00e7a, transpar\u00eancia, honestidade e efici\u00eancia, minimizando o conflito de rela\u00e7\u00e3o entre o cidad\u00e3o contribuinte e o Estado arrecadador.\u202f A Educa\u00e7\u00e3o Fiscal deve tratar da compreens\u00e3o do que \u00e9 o Estado, suas origens, seus prop\u00f3sitos e da import\u00e2ncia do controle da sociedade sobre o gasto p\u00fablico, atrav\u00e9s da participa\u00e7\u00e3o de cada cidad\u00e3o, concorrendo para o fortalecimento do ambiente democr\u00e1tico.&#8221;\n    <\/blockquote>\n\n    <p>O grande desafio da Educa\u00e7\u00e3o Fiscal no Brasil \u00e9 a supera\u00e7\u00e3o dos seguintes paradigmas: &#8220;A COISA P\u00daBLICA N\u00c3O \u00c9 DE NINGU\u00c9M&#8221;, &#8220;VERGONHA DE PEDIR A NOTA FISCAL&#8221;, &#8220;SE N\u00c3O SOU EU, SER\u00c1 OUTRO QUALQUER&#8221;, &#8220;LEI DE G\u00c9RSON (LEVAR VANTAGEM EM TUDO)&#8221;.<\/p>\n\n    <p>O estado de Pernambuco participa do Programa Nacional de Educa\u00e7\u00e3o Fiscal \u2013 PNEF, coordenado pelo Minist\u00e9rio da Fazenda, e mant\u00e9m representantes da Secretaria da Fazenda e da Secretaria de Educa\u00e7\u00e3o e Esportes no Grupo de Trabalho GT66-Educa\u00e7\u00e3o Fiscal.<\/p>\n\n    <p>O PNEF foi implantado pelo Conselho Nacional de Pol\u00edtica Fazend\u00e1ria &#8211; Confaz, em 13 setembro de 1996, e extinto em 11\/4\/2019, por meio do Decreto Federal n\u00ba 9.759, que extinguiu os grupos colegiados, entre eles o PNEF.<\/p>\n\n    <p>Considerando a relev\u00e2ncia do PNEF para as administra\u00e7\u00f5es tribut\u00e1rias e a sociedade, a Comiss\u00e3o T\u00e9cnica Permanente do ICMS &#8211; COTEPE\/ICMS, \u00f3rg\u00e3o integrante do Conselho Nacional de Pol\u00edtica Fazend\u00e1ria &#8211; CONFAZ, criou o Grupo de Trabalho &#8220;GT66 &#8211; Educa\u00e7\u00e3o Fiscal&#8221;, em 29 de julho de 2019, com representantes dos Estados e Distrito Federal.<\/p>\n\n    <p>O Grupo de Trabalho Educa\u00e7\u00e3o Fiscal (GT-66) visa planejar, executar, acompanhar e avaliar as a\u00e7\u00f5es do PNEF, atuando como integrador e articulador de experi\u00eancias das esferas federal, estadual e municipal. Seus membros desenvolvem diversos projetos e\u202fatividades em Comiss\u00f5es Tem\u00e1ticas.<\/p>\n\n    <p>O Grupo de Trabalho &#8220;GT66 \u2013 Educa\u00e7\u00e3o Fiscal&#8221; tem os seguintes objetivos:<\/p>\n    \n    <ol type=\"I\">\n    <p>I. Definir a pol\u00edtica do Programa Nacional de Educa\u00e7\u00e3o Fiscal \u2013 PNEF: miss\u00e3o, objetivos, valores, e condu\u00e7\u00e3o estrat\u00e9gica;<\/p>\n    <p>II. Planejar, executar, acompanhar e avaliar as a\u00e7\u00f5es do PNEF;<\/p>\n    <p>III. Acompanhar e consolidar as a\u00e7\u00f5es dos Grupos de Educa\u00e7\u00e3o Fiscal Estaduais &#8211; GEFE&#8217;s, e dos Grupos de Educa\u00e7\u00e3o Fiscal Municipais &#8211; GEFM&#8217;s;<\/p>\n    <p>IV. Realizar a divulga\u00e7\u00e3o do PNEF em \u00e2mbito nacional;<\/p>\n    <p>V. Atuar como integrador e articulador de experi\u00eancias das esferas federal, estadual e municipal no \u00e2mbito governamental e n\u00e3o-governamental.<\/p>\n<\/ol>\n<\/body>\n<\/html>\n\n\n\n<br><br><br>\n\n\n\n<p><\/p>\n","protected":false},"excerpt":{"rendered":"<p>Apresenta\u00e7\u00e3o &#8211; Programa de Educa\u00e7\u00e3o Fiscal de Pernambuco Apresenta\u00e7\u00e3o O Programa de Educa\u00e7\u00e3o Fiscal de Pernambuco visa estimular a cidadania fiscal, bem como despertar no cidad\u00e3o o interesse em influenciar e acompanhar a aplica\u00e7\u00e3o dos recursos p\u00fablicos, atrav\u00e9s dos instrumentos de controle existentes. Para que ocorra a atua\u00e7\u00e3o cidad\u00e3 almejada, foram tra\u00e7ados os seguintes objetivos: &#8230; <a title=\"Apresenta\u00e7\u00e3o\" class=\"read-more\" href=\"https:\/\/esafaz.sefaz.pe.gov.br\/index.php\/apresentacao\/\" aria-label=\"Read more about Apresenta\u00e7\u00e3o\">Ler mais<\/a><\/p>\n","protected":false},"author":1,"featured_media":0,"parent":0,"menu_order":0,"comment_status":"closed","ping_status":"closed","template":"","meta":{"inline_featured_image":false,"courseId":0,"footnotes":""},"class_list":["post-39","page","type-page","status-publish"],"yoast_head":"<!-- This site is optimized with the Yoast SEO plugin v25.1 - https:\/\/yoast.com\/wordpress\/plugins\/seo\/ -->\r\n<title>Apresenta\u00e7\u00e3o - Site Esafaz<\/title>\r\n<meta name=\"robots\" content=\"index, follow, max-snippet:-1, max-image-preview:large, max-video-preview:-1\" \/>\r\n<link rel=\"canonical\" href=\"https:\/\/esafaz.sefaz.pe.gov.br\/index.php\/apresentacao\/\" \/>\r\n<meta property=\"og:locale\" content=\"pt_BR\" \/>\r\n<meta property=\"og:type\" content=\"article\" \/>\r\n<meta property=\"og:title\" content=\"Apresenta\u00e7\u00e3o - Site Esafaz\" \/>\r\n<meta property=\"og:description\" content=\"Apresenta\u00e7\u00e3o &#8211; Programa de Educa\u00e7\u00e3o Fiscal de Pernambuco Apresenta\u00e7\u00e3o O Programa de Educa\u00e7\u00e3o Fiscal de Pernambuco visa estimular a cidadania fiscal, bem como despertar no cidad\u00e3o o interesse em influenciar e acompanhar a aplica\u00e7\u00e3o dos recursos p\u00fablicos, atrav\u00e9s dos instrumentos de controle existentes. Para que ocorra a atua\u00e7\u00e3o cidad\u00e3 almejada, foram tra\u00e7ados os seguintes objetivos: ... Ler mais\" \/>\r\n<meta property=\"og:url\" content=\"https:\/\/esafaz.sefaz.pe.gov.br\/index.php\/apresentacao\/\" \/>\r\n<meta property=\"og:site_name\" content=\"Site Esafaz\" \/>\r\n<meta property=\"article:modified_time\" content=\"2024-10-14T18:11:01+00:00\" \/>\r\n<meta property=\"og:image\" content=\"https:\/\/esafaz.sefaz.pe.gov.br\/wp-content\/uploads\/2024\/09\/Logo-EF.png\" \/>\r\n<meta name=\"twitter:card\" content=\"summary_large_image\" \/>\r\n<meta name=\"twitter:label1\" content=\"Est. tempo de leitura\" \/>\n\t<meta name=\"twitter:data1\" content=\"3 minutos\" \/>\r\n<script type=\"application\/ld+json\" class=\"yoast-schema-graph\">{\"@context\":\"https:\/\/schema.org\",\"@graph\":[{\"@type\":\"WebPage\",\"@id\":\"https:\/\/esafaz.sefaz.pe.gov.br\/index.php\/apresentacao\/\",\"url\":\"https:\/\/esafaz.sefaz.pe.gov.br\/index.php\/apresentacao\/\",\"name\":\"Apresenta\u00e7\u00e3o - Site Esafaz\",\"isPartOf\":{\"@id\":\"http:\/\/localhost\/#website\"},\"primaryImageOfPage\":{\"@id\":\"https:\/\/esafaz.sefaz.pe.gov.br\/index.php\/apresentacao\/#primaryimage\"},\"image\":{\"@id\":\"https:\/\/esafaz.sefaz.pe.gov.br\/index.php\/apresentacao\/#primaryimage\"},\"thumbnailUrl\":\"https:\/\/esafaz.sefaz.pe.gov.br\/wp-content\/uploads\/2024\/09\/Logo-EF.png\",\"datePublished\":\"2024-04-17T13:17:05+00:00\",\"dateModified\":\"2024-10-14T18:11:01+00:00\",\"breadcrumb\":{\"@id\":\"https:\/\/esafaz.sefaz.pe.gov.br\/index.php\/apresentacao\/#breadcrumb\"},\"inLanguage\":\"pt-BR\",\"potentialAction\":[{\"@type\":\"ReadAction\",\"target\":[\"https:\/\/esafaz.sefaz.pe.gov.br\/index.php\/apresentacao\/\"]}]},{\"@type\":\"ImageObject\",\"inLanguage\":\"pt-BR\",\"@id\":\"https:\/\/esafaz.sefaz.pe.gov.br\/index.php\/apresentacao\/#primaryimage\",\"url\":\"https:\/\/esafaz.sefaz.pe.gov.br\/wp-content\/uploads\/2024\/09\/Logo-EF.png\",\"contentUrl\":\"https:\/\/esafaz.sefaz.pe.gov.br\/wp-content\/uploads\/2024\/09\/Logo-EF.png\",\"width\":1248,\"height\":624},{\"@type\":\"BreadcrumbList\",\"@id\":\"https:\/\/esafaz.sefaz.pe.gov.br\/index.php\/apresentacao\/#breadcrumb\",\"itemListElement\":[{\"@type\":\"ListItem\",\"position\":1,\"name\":\"In\u00edcio\",\"item\":\"https:\/\/esafaz.sefaz.pe.gov.br\/\"},{\"@type\":\"ListItem\",\"position\":2,\"name\":\"Apresenta\u00e7\u00e3o\"}]},{\"@type\":\"WebSite\",\"@id\":\"http:\/\/localhost\/#website\",\"url\":\"http:\/\/localhost\/\",\"name\":\"Portal Esafaz\",\"description\":\"\",\"publisher\":{\"@id\":\"http:\/\/localhost\/#organization\"},\"potentialAction\":[{\"@type\":\"SearchAction\",\"target\":{\"@type\":\"EntryPoint\",\"urlTemplate\":\"http:\/\/localhost\/?s={search_term_string}\"},\"query-input\":{\"@type\":\"PropertyValueSpecification\",\"valueRequired\":true,\"valueName\":\"search_term_string\"}}],\"inLanguage\":\"pt-BR\"},{\"@type\":\"Organization\",\"@id\":\"http:\/\/localhost\/#organization\",\"name\":\"Portal Esafaz\",\"url\":\"http:\/\/localhost\/\",\"logo\":{\"@type\":\"ImageObject\",\"inLanguage\":\"pt-BR\",\"@id\":\"http:\/\/localhost\/#\/schema\/logo\/image\/\",\"url\":\"https:\/\/portalesafaz.sefaz.pe.gov.br\/wp-content\/uploads\/2024\/04\/icone-esafaz.jpeg\",\"contentUrl\":\"https:\/\/portalesafaz.sefaz.pe.gov.br\/wp-content\/uploads\/2024\/04\/icone-esafaz.jpeg\",\"width\":300,\"height\":300,\"caption\":\"Portal Esafaz\"},\"image\":{\"@id\":\"http:\/\/localhost\/#\/schema\/logo\/image\/\"},\"sameAs\":[\"https:\/\/www.instagram.com\/esafazpe\/\"]}]}<\/script>\r\n<!-- \/ Yoast SEO plugin. -->","yoast_head_json":{"title":"Apresenta\u00e7\u00e3o - Site Esafaz","robots":{"index":"index","follow":"follow","max-snippet":"max-snippet:-1","max-image-preview":"max-image-preview:large","max-video-preview":"max-video-preview:-1"},"canonical":"https:\/\/esafaz.sefaz.pe.gov.br\/index.php\/apresentacao\/","og_locale":"pt_BR","og_type":"article","og_title":"Apresenta\u00e7\u00e3o - Site Esafaz","og_description":"Apresenta\u00e7\u00e3o &#8211; Programa de Educa\u00e7\u00e3o Fiscal de Pernambuco Apresenta\u00e7\u00e3o O Programa de Educa\u00e7\u00e3o Fiscal de Pernambuco visa estimular a cidadania fiscal, bem como despertar no cidad\u00e3o o interesse em influenciar e acompanhar a aplica\u00e7\u00e3o dos recursos p\u00fablicos, atrav\u00e9s dos instrumentos de controle existentes. Para que ocorra a atua\u00e7\u00e3o cidad\u00e3 almejada, foram tra\u00e7ados os seguintes objetivos: ... Ler mais","og_url":"https:\/\/esafaz.sefaz.pe.gov.br\/index.php\/apresentacao\/","og_site_name":"Site Esafaz","article_modified_time":"2024-10-14T18:11:01+00:00","og_image":[{"url":"https:\/\/esafaz.sefaz.pe.gov.br\/wp-content\/uploads\/2024\/09\/Logo-EF.png","type":"","width":"","height":""}],"twitter_card":"summary_large_image","twitter_misc":{"Est. tempo de leitura":"3 minutos"},"schema":{"@context":"https:\/\/schema.org","@graph":[{"@type":"WebPage","@id":"https:\/\/esafaz.sefaz.pe.gov.br\/index.php\/apresentacao\/","url":"https:\/\/esafaz.sefaz.pe.gov.br\/index.php\/apresentacao\/","name":"Apresenta\u00e7\u00e3o - Site Esafaz","isPartOf":{"@id":"http:\/\/localhost\/#website"},"primaryImageOfPage":{"@id":"https:\/\/esafaz.sefaz.pe.gov.br\/index.php\/apresentacao\/#primaryimage"},"image":{"@id":"https:\/\/esafaz.sefaz.pe.gov.br\/index.php\/apresentacao\/#primaryimage"},"thumbnailUrl":"https:\/\/esafaz.sefaz.pe.gov.br\/wp-content\/uploads\/2024\/09\/Logo-EF.png","datePublished":"2024-04-17T13:17:05+00:00","dateModified":"2024-10-14T18:11:01+00:00","breadcrumb":{"@id":"https:\/\/esafaz.sefaz.pe.gov.br\/index.php\/apresentacao\/#breadcrumb"},"inLanguage":"pt-BR","potentialAction":[{"@type":"ReadAction","target":["https:\/\/esafaz.sefaz.pe.gov.br\/index.php\/apresentacao\/"]}]},{"@type":"ImageObject","inLanguage":"pt-BR","@id":"https:\/\/esafaz.sefaz.pe.gov.br\/index.php\/apresentacao\/#primaryimage","url":"https:\/\/esafaz.sefaz.pe.gov.br\/wp-content\/uploads\/2024\/09\/Logo-EF.png","contentUrl":"https:\/\/esafaz.sefaz.pe.gov.br\/wp-content\/uploads\/2024\/09\/Logo-EF.png","width":1248,"height":624},{"@type":"BreadcrumbList","@id":"https:\/\/esafaz.sefaz.pe.gov.br\/index.php\/apresentacao\/#breadcrumb","itemListElement":[{"@type":"ListItem","position":1,"name":"In\u00edcio","item":"https:\/\/esafaz.sefaz.pe.gov.br\/"},{"@type":"ListItem","position":2,"name":"Apresenta\u00e7\u00e3o"}]},{"@type":"WebSite","@id":"http:\/\/localhost\/#website","url":"http:\/\/localhost\/","name":"Portal Esafaz","description":"","publisher":{"@id":"http:\/\/localhost\/#organization"},"potentialAction":[{"@type":"SearchAction","target":{"@type":"EntryPoint","urlTemplate":"http:\/\/localhost\/?s={search_term_string}"},"query-input":{"@type":"PropertyValueSpecification","valueRequired":true,"valueName":"search_term_string"}}],"inLanguage":"pt-BR"},{"@type":"Organization","@id":"http:\/\/localhost\/#organization","name":"Portal Esafaz","url":"http:\/\/localhost\/","logo":{"@type":"ImageObject","inLanguage":"pt-BR","@id":"http:\/\/localhost\/#\/schema\/logo\/image\/","url":"https:\/\/portalesafaz.sefaz.pe.gov.br\/wp-content\/uploads\/2024\/04\/icone-esafaz.jpeg","contentUrl":"https:\/\/portalesafaz.sefaz.pe.gov.br\/wp-content\/uploads\/2024\/04\/icone-esafaz.jpeg","width":300,"height":300,"caption":"Portal Esafaz"},"image":{"@id":"http:\/\/localhost\/#\/schema\/logo\/image\/"},"sameAs":["https:\/\/www.instagram.com\/esafazpe\/"]}]}},"jetpack_sharing_enabled":true,"_links":{"self":[{"href":"https:\/\/esafaz.sefaz.pe.gov.br\/index.php\/wp-json\/wp\/v2\/pages\/39"}],"collection":[{"href":"https:\/\/esafaz.sefaz.pe.gov.br\/index.php\/wp-json\/wp\/v2\/pages"}],"about":[{"href":"https:\/\/esafaz.sefaz.pe.gov.br\/index.php\/wp-json\/wp\/v2\/types\/page"}],"author":[{"embeddable":true,"href":"https:\/\/esafaz.sefaz.pe.gov.br\/index.php\/wp-json\/wp\/v2\/users\/1"}],"replies":[{"embeddable":true,"href":"https:\/\/esafaz.sefaz.pe.gov.br\/index.php\/wp-json\/wp\/v2\/comments?post=39"}],"version-history":[{"count":93,"href":"https:\/\/esafaz.sefaz.pe.gov.br\/index.php\/wp-json\/wp\/v2\/pages\/39\/revisions"}],"predecessor-version":[{"id":3697,"href":"https:\/\/esafaz.sefaz.pe.gov.br\/index.php\/wp-json\/wp\/v2\/pages\/39\/revisions\/3697"}],"wp:attachment":[{"href":"https:\/\/esafaz.sefaz.pe.gov.br\/index.php\/wp-json\/wp\/v2\/media?parent=39"}],"curies":[{"name":"wp","href":"https:\/\/api.w.org\/{rel}","templated":true}]}}