{"id":35,"date":"2024-04-17T10:15:36","date_gmt":"2024-04-17T13:15:36","guid":{"rendered":"http:\/\/localhost\/site\/?page_id=35"},"modified":"2024-10-14T15:09:42","modified_gmt":"2024-10-14T18:09:42","slug":"cadastro-de-instrutores","status":"publish","type":"page","link":"https:\/\/esafaz.sefaz.pe.gov.br\/index.php\/cadastro-de-instrutores\/","title":{"rendered":"Cadastro de Instrutores"},"content":{"rendered":"\n<p><\/p>\n\n\n\n<!DOCTYPE html>\n<html lang=\"en\">\n\n<head>\n  <meta charset=\"UTF-8\">\n  <meta name=\"viewport\" content=\"width=device-width, initial-scale=1.0\">\n  <link rel=\"stylesheet\" href=\"https:\/\/stackpath.bootstrapcdn.com\/bootstrap\/4.5.2\/css\/bootstrap.min.css\">\n  <style>\n    .principal {\n      background: #ffffff;\n      padding: 20px;\n    }\n\n    h2, a {\n      font-size: 1.7rem;\n      font-weight: 600;\n      color: #555;\n    }\n\n    .btn1 {\n      background: 0 0;\n      color: #1351b4;\n      padding: 4px 45px 8px;\n      border-radius: 45px;\n      border: 1px solid #555;\n      font-size: 1rem;\n      text-decoration: none;\n    }\n\n    .botaocard {\n      background-color: green;\n      color: white;\n      padding: 10px 10px;\n      border: none;\n      border-radius: 5px;\n      cursor: pointer;\n    }\n.botaocard:hover{\nbackground-color: green;\n}\n    .botaoturma {\n      background-color: orange;\n      padding: 5px 10px;\n      border: none;\n      border-radius: 5px;\n      cursor: pointer;\n    }\n\n    .card-body span {\n      color: #1ab0c1;\n    }\n\n    .card {\n      height: 400px; \/* Definindo altura do card *\/\n      margin-bottom: 2px;\n      display: flex; \/* Para alinhar conte\u00fado verticalmente *\/\n      flex-direction: column; \/* Para alinhar conte\u00fado verticalmente *\/\n      justify-content: space-between; \/* Para distribuir espa\u00e7o entre os elementos dentro do card *\/\n    }\n\n    .card-img-top {\n      width: 100%; \/* Definindo a largura da imagem como 100% *\/\n      height: 100%; \/* Definindo a altura da imagem como 100% *\/\n      object-fit: cover; \/* Para preencher o espa\u00e7o do card mantendo a propor\u00e7\u00e3o da imagem *\/\n    }\n\n    .card-body {\n      padding: 2px; \/* Adiciona padding para espa\u00e7amento interno *\/\n    }\n  <\/style>\n<\/head>\n\n<body>\n \n<\/body>\n\n<\/html>\n\n\n\n<!DOCTYPE html>\n<html lang=\"en\">\n<head>\n  <title>Bootstrap Example<\/title>\n  <meta charset=\"utf-8\">\n  <meta name=\"viewport\" content=\"width=device-width, initial-scale=1\">\n  <link href=\"https:\/\/cdn.jsdelivr.net\/npm\/bootstrap@5.3.3\/dist\/css\/bootstrap.min.css\" rel=\"stylesheet\">\n  <script src=\"https:\/\/cdn.jsdelivr.net\/npm\/bootstrap@5.3.3\/dist\/js\/bootstrap.bundle.min.js\"><\/script>\n<\/head>\n<body>\n\n<div class=\"container mt-3 d-flex justify-content-center align-items-center\" style=\"height:100vh;\">\n  <div class=\"card\" style=\"width:500px\">\n    <img decoding=\"async\" class=\"card-img-top\" src=\"https:\/\/esafaz.sefaz.pe.gov.br\/\/wp-content\/uploads\/2024\/06\/evento3.jpeg\" alt=\"Card image\" style=\"width:100%\">\n    <div class=\"card-body\">\n      <h4 class=\"card-title\">ESAFAZ: Torne-se um facilitador<\/h4>\n      <hr>\n      Link para inscri\u00e7\u00f5es: <a href=\"https:\/\/forms.gle\/UqZdMmMnotRpKttD7\" class=\"btn btn-success\" target=\"_blank\" rel=\"noopener\">INSCREVA-SE<\/a>\n      <hr>\n      <p>In\u00edcio das inscri\u00e7\u00f5es: 11\/06\/2024<\/p>\n    <\/div>\n  <\/div>\n<\/div>\n\n<\/body>\n<\/html>\n","protected":false},"excerpt":{"rendered":"<p>Bootstrap Example ESAFAZ: Torne-se um facilitador Link para inscri\u00e7\u00f5es: INSCREVA-SE In\u00edcio das inscri\u00e7\u00f5es: 11\/06\/2024<\/p>\n","protected":false},"author":1,"featured_media":0,"parent":0,"menu_order":0,"comment_status":"closed","ping_status":"closed","template":"","meta":{"inline_featured_image":false,"courseId":0,"footnotes":""},"class_list":["post-35","page","type-page","status-publish"],"yoast_head":"<!-- This site is optimized with the Yoast SEO plugin v25.1 - https:\/\/yoast.com\/wordpress\/plugins\/seo\/ -->\r\n<title>Cadastro de Instrutores - Site Esafaz<\/title>\r\n<meta name=\"robots\" content=\"index, follow, max-snippet:-1, max-image-preview:large, max-video-preview:-1\" \/>\r\n<link rel=\"canonical\" href=\"https:\/\/esafaz.sefaz.pe.gov.br\/index.php\/cadastro-de-instrutores\/\" \/>\r\n<meta property=\"og:locale\" content=\"pt_BR\" \/>\r\n<meta property=\"og:type\" content=\"article\" \/>\r\n<meta property=\"og:title\" content=\"Cadastro de Instrutores - Site Esafaz\" \/>\r\n<meta property=\"og:description\" content=\"Bootstrap Example ESAFAZ: Torne-se um facilitador Link para inscri\u00e7\u00f5es: INSCREVA-SE In\u00edcio das inscri\u00e7\u00f5es: 11\/06\/2024\" \/>\r\n<meta property=\"og:url\" content=\"https:\/\/esafaz.sefaz.pe.gov.br\/index.php\/cadastro-de-instrutores\/\" \/>\r\n<meta property=\"og:site_name\" content=\"Site Esafaz\" \/>\r\n<meta property=\"article:modified_time\" content=\"2024-10-14T18:09:42+00:00\" \/>\r\n<meta property=\"og:image\" content=\"https:\/\/esafaz.sefaz.pe.gov.br\/\/wp-content\/uploads\/2024\/06\/evento3.jpeg\" \/>\r\n<meta name=\"twitter:card\" content=\"summary_large_image\" \/>\r\n<meta name=\"twitter:label1\" content=\"Est. tempo de leitura\" \/>\n\t<meta name=\"twitter:data1\" content=\"1 minuto\" \/>\r\n<script type=\"application\/ld+json\" class=\"yoast-schema-graph\">{\"@context\":\"https:\/\/schema.org\",\"@graph\":[{\"@type\":\"WebPage\",\"@id\":\"https:\/\/esafaz.sefaz.pe.gov.br\/index.php\/cadastro-de-instrutores\/\",\"url\":\"https:\/\/esafaz.sefaz.pe.gov.br\/index.php\/cadastro-de-instrutores\/\",\"name\":\"Cadastro de Instrutores - Site Esafaz\",\"isPartOf\":{\"@id\":\"http:\/\/localhost\/#website\"},\"primaryImageOfPage\":{\"@id\":\"https:\/\/esafaz.sefaz.pe.gov.br\/index.php\/cadastro-de-instrutores\/#primaryimage\"},\"image\":{\"@id\":\"https:\/\/esafaz.sefaz.pe.gov.br\/index.php\/cadastro-de-instrutores\/#primaryimage\"},\"thumbnailUrl\":\"https:\/\/esafaz.sefaz.pe.gov.br\/\/wp-content\/uploads\/2024\/06\/evento3.jpeg\",\"datePublished\":\"2024-04-17T13:15:36+00:00\",\"dateModified\":\"2024-10-14T18:09:42+00:00\",\"breadcrumb\":{\"@id\":\"https:\/\/esafaz.sefaz.pe.gov.br\/index.php\/cadastro-de-instrutores\/#breadcrumb\"},\"inLanguage\":\"pt-BR\",\"potentialAction\":[{\"@type\":\"ReadAction\",\"target\":[\"https:\/\/esafaz.sefaz.pe.gov.br\/index.php\/cadastro-de-instrutores\/\"]}]},{\"@type\":\"ImageObject\",\"inLanguage\":\"pt-BR\",\"@id\":\"https:\/\/esafaz.sefaz.pe.gov.br\/index.php\/cadastro-de-instrutores\/#primaryimage\",\"url\":\"https:\/\/esafaz.sefaz.pe.gov.br\/\/wp-content\/uploads\/2024\/06\/evento3.jpeg\",\"contentUrl\":\"https:\/\/esafaz.sefaz.pe.gov.br\/\/wp-content\/uploads\/2024\/06\/evento3.jpeg\"},{\"@type\":\"BreadcrumbList\",\"@id\":\"https:\/\/esafaz.sefaz.pe.gov.br\/index.php\/cadastro-de-instrutores\/#breadcrumb\",\"itemListElement\":[{\"@type\":\"ListItem\",\"position\":1,\"name\":\"In\u00edcio\",\"item\":\"https:\/\/esafaz.sefaz.pe.gov.br\/\"},{\"@type\":\"ListItem\",\"position\":2,\"name\":\"Cadastro de Instrutores\"}]},{\"@type\":\"WebSite\",\"@id\":\"http:\/\/localhost\/#website\",\"url\":\"http:\/\/localhost\/\",\"name\":\"Portal Esafaz\",\"description\":\"\",\"publisher\":{\"@id\":\"http:\/\/localhost\/#organization\"},\"potentialAction\":[{\"@type\":\"SearchAction\",\"target\":{\"@type\":\"EntryPoint\",\"urlTemplate\":\"http:\/\/localhost\/?s={search_term_string}\"},\"query-input\":{\"@type\":\"PropertyValueSpecification\",\"valueRequired\":true,\"valueName\":\"search_term_string\"}}],\"inLanguage\":\"pt-BR\"},{\"@type\":\"Organization\",\"@id\":\"http:\/\/localhost\/#organization\",\"name\":\"Portal Esafaz\",\"url\":\"http:\/\/localhost\/\",\"logo\":{\"@type\":\"ImageObject\",\"inLanguage\":\"pt-BR\",\"@id\":\"http:\/\/localhost\/#\/schema\/logo\/image\/\",\"url\":\"https:\/\/portalesafaz.sefaz.pe.gov.br\/wp-content\/uploads\/2024\/04\/icone-esafaz.jpeg\",\"contentUrl\":\"https:\/\/portalesafaz.sefaz.pe.gov.br\/wp-content\/uploads\/2024\/04\/icone-esafaz.jpeg\",\"width\":300,\"height\":300,\"caption\":\"Portal Esafaz\"},\"image\":{\"@id\":\"http:\/\/localhost\/#\/schema\/logo\/image\/\"},\"sameAs\":[\"https:\/\/www.instagram.com\/esafazpe\/\"]}]}<\/script>\r\n<!-- \/ Yoast SEO plugin. -->","yoast_head_json":{"title":"Cadastro de Instrutores - Site Esafaz","robots":{"index":"index","follow":"follow","max-snippet":"max-snippet:-1","max-image-preview":"max-image-preview:large","max-video-preview":"max-video-preview:-1"},"canonical":"https:\/\/esafaz.sefaz.pe.gov.br\/index.php\/cadastro-de-instrutores\/","og_locale":"pt_BR","og_type":"article","og_title":"Cadastro de Instrutores - Site Esafaz","og_description":"Bootstrap Example ESAFAZ: Torne-se um facilitador Link para inscri\u00e7\u00f5es: INSCREVA-SE In\u00edcio das inscri\u00e7\u00f5es: 11\/06\/2024","og_url":"https:\/\/esafaz.sefaz.pe.gov.br\/index.php\/cadastro-de-instrutores\/","og_site_name":"Site Esafaz","article_modified_time":"2024-10-14T18:09:42+00:00","og_image":[{"url":"https:\/\/esafaz.sefaz.pe.gov.br\/\/wp-content\/uploads\/2024\/06\/evento3.jpeg","type":"","width":"","height":""}],"twitter_card":"summary_large_image","twitter_misc":{"Est. tempo de leitura":"1 minuto"},"schema":{"@context":"https:\/\/schema.org","@graph":[{"@type":"WebPage","@id":"https:\/\/esafaz.sefaz.pe.gov.br\/index.php\/cadastro-de-instrutores\/","url":"https:\/\/esafaz.sefaz.pe.gov.br\/index.php\/cadastro-de-instrutores\/","name":"Cadastro de Instrutores - Site Esafaz","isPartOf":{"@id":"http:\/\/localhost\/#website"},"primaryImageOfPage":{"@id":"https:\/\/esafaz.sefaz.pe.gov.br\/index.php\/cadastro-de-instrutores\/#primaryimage"},"image":{"@id":"https:\/\/esafaz.sefaz.pe.gov.br\/index.php\/cadastro-de-instrutores\/#primaryimage"},"thumbnailUrl":"https:\/\/esafaz.sefaz.pe.gov.br\/\/wp-content\/uploads\/2024\/06\/evento3.jpeg","datePublished":"2024-04-17T13:15:36+00:00","dateModified":"2024-10-14T18:09:42+00:00","breadcrumb":{"@id":"https:\/\/esafaz.sefaz.pe.gov.br\/index.php\/cadastro-de-instrutores\/#breadcrumb"},"inLanguage":"pt-BR","potentialAction":[{"@type":"ReadAction","target":["https:\/\/esafaz.sefaz.pe.gov.br\/index.php\/cadastro-de-instrutores\/"]}]},{"@type":"ImageObject","inLanguage":"pt-BR","@id":"https:\/\/esafaz.sefaz.pe.gov.br\/index.php\/cadastro-de-instrutores\/#primaryimage","url":"https:\/\/esafaz.sefaz.pe.gov.br\/\/wp-content\/uploads\/2024\/06\/evento3.jpeg","contentUrl":"https:\/\/esafaz.sefaz.pe.gov.br\/\/wp-content\/uploads\/2024\/06\/evento3.jpeg"},{"@type":"BreadcrumbList","@id":"https:\/\/esafaz.sefaz.pe.gov.br\/index.php\/cadastro-de-instrutores\/#breadcrumb","itemListElement":[{"@type":"ListItem","position":1,"name":"In\u00edcio","item":"https:\/\/esafaz.sefaz.pe.gov.br\/"},{"@type":"ListItem","position":2,"name":"Cadastro de Instrutores"}]},{"@type":"WebSite","@id":"http:\/\/localhost\/#website","url":"http:\/\/localhost\/","name":"Portal Esafaz","description":"","publisher":{"@id":"http:\/\/localhost\/#organization"},"potentialAction":[{"@type":"SearchAction","target":{"@type":"EntryPoint","urlTemplate":"http:\/\/localhost\/?s={search_term_string}"},"query-input":{"@type":"PropertyValueSpecification","valueRequired":true,"valueName":"search_term_string"}}],"inLanguage":"pt-BR"},{"@type":"Organization","@id":"http:\/\/localhost\/#organization","name":"Portal Esafaz","url":"http:\/\/localhost\/","logo":{"@type":"ImageObject","inLanguage":"pt-BR","@id":"http:\/\/localhost\/#\/schema\/logo\/image\/","url":"https:\/\/portalesafaz.sefaz.pe.gov.br\/wp-content\/uploads\/2024\/04\/icone-esafaz.jpeg","contentUrl":"https:\/\/portalesafaz.sefaz.pe.gov.br\/wp-content\/uploads\/2024\/04\/icone-esafaz.jpeg","width":300,"height":300,"caption":"Portal Esafaz"},"image":{"@id":"http:\/\/localhost\/#\/schema\/logo\/image\/"},"sameAs":["https:\/\/www.instagram.com\/esafazpe\/"]}]}},"jetpack_sharing_enabled":true,"_links":{"self":[{"href":"https:\/\/esafaz.sefaz.pe.gov.br\/index.php\/wp-json\/wp\/v2\/pages\/35"}],"collection":[{"href":"https:\/\/esafaz.sefaz.pe.gov.br\/index.php\/wp-json\/wp\/v2\/pages"}],"about":[{"href":"https:\/\/esafaz.sefaz.pe.gov.br\/index.php\/wp-json\/wp\/v2\/types\/page"}],"author":[{"embeddable":true,"href":"https:\/\/esafaz.sefaz.pe.gov.br\/index.php\/wp-json\/wp\/v2\/users\/1"}],"replies":[{"embeddable":true,"href":"https:\/\/esafaz.sefaz.pe.gov.br\/index.php\/wp-json\/wp\/v2\/comments?post=35"}],"version-history":[{"count":132,"href":"https:\/\/esafaz.sefaz.pe.gov.br\/index.php\/wp-json\/wp\/v2\/pages\/35\/revisions"}],"predecessor-version":[{"id":3695,"href":"https:\/\/esafaz.sefaz.pe.gov.br\/index.php\/wp-json\/wp\/v2\/pages\/35\/revisions\/3695"}],"wp:attachment":[{"href":"https:\/\/esafaz.sefaz.pe.gov.br\/index.php\/wp-json\/wp\/v2\/media?parent=35"}],"curies":[{"name":"wp","href":"https:\/\/api.w.org\/{rel}","templated":true}]}}