{"id":3414,"date":"2024-09-20T12:03:16","date_gmt":"2024-09-20T15:03:16","guid":{"rendered":"https:\/\/portalesafaz.sefaz.pe.gov.br\/?page_id=3414"},"modified":"2025-12-01T14:40:49","modified_gmt":"2025-12-01T17:40:49","slug":"conteudos","status":"publish","type":"page","link":"https:\/\/esafaz.sefaz.pe.gov.br\/index.php\/conteudos\/","title":{"rendered":"Conte\u00fado"},"content":{"rendered":"\n<!DOCTYPE html>\n<html lang=\"pt-BR\">\n<head>\n  <meta charset=\"UTF-8\">\n  <meta name=\"viewport\" content=\"width=device-width, initial-scale=1.0\">\n  <title>Exemplo de Cart\u00f5es<\/title>\n  <link rel=\"stylesheet\" href=\"https:\/\/maxcdn.bootstrapcdn.com\/bootstrap\/4.5.2\/css\/bootstrap.min.css\">\n\n  <style>\n    \/* Estilos para os cards de not\u00edcias *\/\n    .card {\n      border: none; \/* Remove a borda padr\u00e3o do cart\u00e3o *\/\n      margin-bottom: 30px; \/* Aumenta o espa\u00e7amento inferior entre os cart\u00f5es *\/\n      transition: transform 0.2s ease-in-out; \/* Adiciona uma transi\u00e7\u00e3o suave *\/\n    }\n\n    .card:hover {\n      transform: translateY(-5px); \/* Efeito de eleva\u00e7\u00e3o ao passar o mouse *\/\n      box-shadow: 0 4px 15px rgba(0,0,0,0.1); \/* Sombra suave no hover *\/\n    }\n\n    .card-img-top {\n      height: 330px; \/* Define uma altura fixa para as imagens *\/\n      object-fit: cover; \/* Garante que a imagem cubra o espa\u00e7o sem distorcer *\/\n    }\n    \n    .card-body p {\n      font-size: 15px; \/* Define um tamanho de fonte padr\u00e3o para os textos no corpo do card *\/\n    }\n\n    .card-text-date {\n      color: #a0a0a0; \/* Cor mais suave para a data *\/\n      font-size: 14px;\n    }\n    \n    \/* Remove a decora\u00e7\u00e3o do link que envolve o card *\/\n    a.card-link, a.card-link:hover {\n      color: inherit; \/* Herda a cor do texto do elemento pai *\/\n      text-decoration: none; \/* Remove o sublinhado *\/\n    }\n  <\/style>\n<\/head>\n<body>\n\n  <div class=\"container mt-5\">\n    <h2>Conte\u00fado<\/h2>\n    <hr>\n    \n    <div class=\"row\">\n\n<div class=\"col-lg-6 col-md-6\">\n        <a href=\"<div class=\"col-lg-6 col-md-6\">\n        <a href=\"https:\/\/esafaz.sefaz.pe.gov.br\/index.php\/documentario-ronda-da-memoria-conteudo\/\" class=\"card-link\">\n          <div class=\"card\">\n            <img decoding=\"async\" class=\"card-img-top\" src=\"https:\/\/esafaz.sefaz.pe.gov.br\/wp-content\/uploads\/2025\/12\/capa-documentario-Memorial-.png\" alt=\"Resumo da semana na Escola Fazend\u00e1ria\">\n            <div class=\"card-body\">\n              <h4 class=\"card-title\">Document\u00e1rio Ronda da Mem\u00f3ria<\/h4>\n              <p class=\"card-text-date\">01 de Dezembro<\/p>\n              <p class=\"card-text\">Document\u00e1rio Ronda da Mem\u00f3ria \u2013 Hist\u00f3rias que constroem a Sefaz<\/p>\n            <\/div>\n          <\/div>\n         <\/a>\n      <\/div> \n      \n    <\/div>\n  <\/div>\n\n  <script src=\"https:\/\/ajax.googleapis.com\/ajax\/libs\/jquery\/3.5.1\/jquery.min.js\"><\/script>\n  <script src=\"https:\/\/cdnjs.cloudflare.com\/ajax\/libs\/popper.js\/1.16.0\/umd\/popper.min.js\"><\/script>\n  <script src=\"https:\/\/maxcdn.bootstrapcdn.com\/bootstrap\/4.5.2\/js\/bootstrap.min.js\"><\/script>\n<\/body>\n<\/html>\n\n\n\n<\/br><\/br><\/br>\n\n\n\n<p><\/p>\n","protected":false},"excerpt":{"rendered":"<p>Exemplo de Cart\u00f5es Conte\u00fado<\/p>\n","protected":false},"author":1,"featured_media":0,"parent":0,"menu_order":0,"comment_status":"closed","ping_status":"closed","template":"","meta":{"inline_featured_image":false,"courseId":0,"footnotes":""},"class_list":["post-3414","page","type-page","status-publish"],"yoast_head":"<!-- This site is optimized with the Yoast SEO plugin v25.1 - https:\/\/yoast.com\/wordpress\/plugins\/seo\/ -->\r\n<title>Conte\u00fado - Site Esafaz<\/title>\r\n<meta name=\"robots\" content=\"index, follow, max-snippet:-1, max-image-preview:large, max-video-preview:-1\" \/>\r\n<link rel=\"canonical\" href=\"https:\/\/esafaz.sefaz.pe.gov.br\/index.php\/conteudos\/\" \/>\r\n<meta property=\"og:locale\" content=\"pt_BR\" \/>\r\n<meta property=\"og:type\" content=\"article\" \/>\r\n<meta property=\"og:title\" content=\"Conte\u00fado - Site Esafaz\" \/>\r\n<meta property=\"og:description\" content=\"Exemplo de Cart\u00f5es Conte\u00fado\" \/>\r\n<meta property=\"og:url\" content=\"https:\/\/esafaz.sefaz.pe.gov.br\/index.php\/conteudos\/\" \/>\r\n<meta property=\"og:site_name\" content=\"Site Esafaz\" \/>\r\n<meta property=\"article:modified_time\" content=\"2025-12-01T17:40:49+00:00\" \/>\r\n<meta property=\"og:image\" content=\"https:\/\/esafaz.sefaz.pe.gov.br\/wp-content\/uploads\/2025\/12\/capa-documentario-Memorial-.png\" \/>\r\n<meta name=\"twitter:card\" content=\"summary_large_image\" \/>\r\n<meta name=\"twitter:label1\" content=\"Est. tempo de leitura\" \/>\n\t<meta name=\"twitter:data1\" content=\"1 minuto\" \/>\r\n<script type=\"application\/ld+json\" class=\"yoast-schema-graph\">{\"@context\":\"https:\/\/schema.org\",\"@graph\":[{\"@type\":\"WebPage\",\"@id\":\"https:\/\/esafaz.sefaz.pe.gov.br\/index.php\/conteudos\/\",\"url\":\"https:\/\/esafaz.sefaz.pe.gov.br\/index.php\/conteudos\/\",\"name\":\"Conte\u00fado - Site Esafaz\",\"isPartOf\":{\"@id\":\"http:\/\/localhost\/#website\"},\"primaryImageOfPage\":{\"@id\":\"https:\/\/esafaz.sefaz.pe.gov.br\/index.php\/conteudos\/#primaryimage\"},\"image\":{\"@id\":\"https:\/\/esafaz.sefaz.pe.gov.br\/index.php\/conteudos\/#primaryimage\"},\"thumbnailUrl\":\"https:\/\/esafaz.sefaz.pe.gov.br\/wp-content\/uploads\/2025\/12\/capa-documentario-Memorial-.png\",\"datePublished\":\"2024-09-20T15:03:16+00:00\",\"dateModified\":\"2025-12-01T17:40:49+00:00\",\"breadcrumb\":{\"@id\":\"https:\/\/esafaz.sefaz.pe.gov.br\/index.php\/conteudos\/#breadcrumb\"},\"inLanguage\":\"pt-BR\",\"potentialAction\":[{\"@type\":\"ReadAction\",\"target\":[\"https:\/\/esafaz.sefaz.pe.gov.br\/index.php\/conteudos\/\"]}]},{\"@type\":\"ImageObject\",\"inLanguage\":\"pt-BR\",\"@id\":\"https:\/\/esafaz.sefaz.pe.gov.br\/index.php\/conteudos\/#primaryimage\",\"url\":\"https:\/\/esafaz.sefaz.pe.gov.br\/wp-content\/uploads\/2025\/12\/capa-documentario-Memorial-.png\",\"contentUrl\":\"https:\/\/esafaz.sefaz.pe.gov.br\/wp-content\/uploads\/2025\/12\/capa-documentario-Memorial-.png\",\"width\":1600,\"height\":1020},{\"@type\":\"BreadcrumbList\",\"@id\":\"https:\/\/esafaz.sefaz.pe.gov.br\/index.php\/conteudos\/#breadcrumb\",\"itemListElement\":[{\"@type\":\"ListItem\",\"position\":1,\"name\":\"In\u00edcio\",\"item\":\"https:\/\/esafaz.sefaz.pe.gov.br\/\"},{\"@type\":\"ListItem\",\"position\":2,\"name\":\"Conte\u00fado\"}]},{\"@type\":\"WebSite\",\"@id\":\"http:\/\/localhost\/#website\",\"url\":\"http:\/\/localhost\/\",\"name\":\"Portal Esafaz\",\"description\":\"\",\"publisher\":{\"@id\":\"http:\/\/localhost\/#organization\"},\"potentialAction\":[{\"@type\":\"SearchAction\",\"target\":{\"@type\":\"EntryPoint\",\"urlTemplate\":\"http:\/\/localhost\/?s={search_term_string}\"},\"query-input\":{\"@type\":\"PropertyValueSpecification\",\"valueRequired\":true,\"valueName\":\"search_term_string\"}}],\"inLanguage\":\"pt-BR\"},{\"@type\":\"Organization\",\"@id\":\"http:\/\/localhost\/#organization\",\"name\":\"Portal Esafaz\",\"url\":\"http:\/\/localhost\/\",\"logo\":{\"@type\":\"ImageObject\",\"inLanguage\":\"pt-BR\",\"@id\":\"http:\/\/localhost\/#\/schema\/logo\/image\/\",\"url\":\"https:\/\/portalesafaz.sefaz.pe.gov.br\/wp-content\/uploads\/2024\/04\/icone-esafaz.jpeg\",\"contentUrl\":\"https:\/\/portalesafaz.sefaz.pe.gov.br\/wp-content\/uploads\/2024\/04\/icone-esafaz.jpeg\",\"width\":300,\"height\":300,\"caption\":\"Portal Esafaz\"},\"image\":{\"@id\":\"http:\/\/localhost\/#\/schema\/logo\/image\/\"},\"sameAs\":[\"https:\/\/www.instagram.com\/esafazpe\/\"]}]}<\/script>\r\n<!-- \/ Yoast SEO plugin. -->","yoast_head_json":{"title":"Conte\u00fado - Site Esafaz","robots":{"index":"index","follow":"follow","max-snippet":"max-snippet:-1","max-image-preview":"max-image-preview:large","max-video-preview":"max-video-preview:-1"},"canonical":"https:\/\/esafaz.sefaz.pe.gov.br\/index.php\/conteudos\/","og_locale":"pt_BR","og_type":"article","og_title":"Conte\u00fado - Site Esafaz","og_description":"Exemplo de Cart\u00f5es Conte\u00fado","og_url":"https:\/\/esafaz.sefaz.pe.gov.br\/index.php\/conteudos\/","og_site_name":"Site Esafaz","article_modified_time":"2025-12-01T17:40:49+00:00","og_image":[{"url":"https:\/\/esafaz.sefaz.pe.gov.br\/wp-content\/uploads\/2025\/12\/capa-documentario-Memorial-.png","type":"","width":"","height":""}],"twitter_card":"summary_large_image","twitter_misc":{"Est. tempo de leitura":"1 minuto"},"schema":{"@context":"https:\/\/schema.org","@graph":[{"@type":"WebPage","@id":"https:\/\/esafaz.sefaz.pe.gov.br\/index.php\/conteudos\/","url":"https:\/\/esafaz.sefaz.pe.gov.br\/index.php\/conteudos\/","name":"Conte\u00fado - Site Esafaz","isPartOf":{"@id":"http:\/\/localhost\/#website"},"primaryImageOfPage":{"@id":"https:\/\/esafaz.sefaz.pe.gov.br\/index.php\/conteudos\/#primaryimage"},"image":{"@id":"https:\/\/esafaz.sefaz.pe.gov.br\/index.php\/conteudos\/#primaryimage"},"thumbnailUrl":"https:\/\/esafaz.sefaz.pe.gov.br\/wp-content\/uploads\/2025\/12\/capa-documentario-Memorial-.png","datePublished":"2024-09-20T15:03:16+00:00","dateModified":"2025-12-01T17:40:49+00:00","breadcrumb":{"@id":"https:\/\/esafaz.sefaz.pe.gov.br\/index.php\/conteudos\/#breadcrumb"},"inLanguage":"pt-BR","potentialAction":[{"@type":"ReadAction","target":["https:\/\/esafaz.sefaz.pe.gov.br\/index.php\/conteudos\/"]}]},{"@type":"ImageObject","inLanguage":"pt-BR","@id":"https:\/\/esafaz.sefaz.pe.gov.br\/index.php\/conteudos\/#primaryimage","url":"https:\/\/esafaz.sefaz.pe.gov.br\/wp-content\/uploads\/2025\/12\/capa-documentario-Memorial-.png","contentUrl":"https:\/\/esafaz.sefaz.pe.gov.br\/wp-content\/uploads\/2025\/12\/capa-documentario-Memorial-.png","width":1600,"height":1020},{"@type":"BreadcrumbList","@id":"https:\/\/esafaz.sefaz.pe.gov.br\/index.php\/conteudos\/#breadcrumb","itemListElement":[{"@type":"ListItem","position":1,"name":"In\u00edcio","item":"https:\/\/esafaz.sefaz.pe.gov.br\/"},{"@type":"ListItem","position":2,"name":"Conte\u00fado"}]},{"@type":"WebSite","@id":"http:\/\/localhost\/#website","url":"http:\/\/localhost\/","name":"Portal Esafaz","description":"","publisher":{"@id":"http:\/\/localhost\/#organization"},"potentialAction":[{"@type":"SearchAction","target":{"@type":"EntryPoint","urlTemplate":"http:\/\/localhost\/?s={search_term_string}"},"query-input":{"@type":"PropertyValueSpecification","valueRequired":true,"valueName":"search_term_string"}}],"inLanguage":"pt-BR"},{"@type":"Organization","@id":"http:\/\/localhost\/#organization","name":"Portal Esafaz","url":"http:\/\/localhost\/","logo":{"@type":"ImageObject","inLanguage":"pt-BR","@id":"http:\/\/localhost\/#\/schema\/logo\/image\/","url":"https:\/\/portalesafaz.sefaz.pe.gov.br\/wp-content\/uploads\/2024\/04\/icone-esafaz.jpeg","contentUrl":"https:\/\/portalesafaz.sefaz.pe.gov.br\/wp-content\/uploads\/2024\/04\/icone-esafaz.jpeg","width":300,"height":300,"caption":"Portal Esafaz"},"image":{"@id":"http:\/\/localhost\/#\/schema\/logo\/image\/"},"sameAs":["https:\/\/www.instagram.com\/esafazpe\/"]}]}},"jetpack_sharing_enabled":true,"_links":{"self":[{"href":"https:\/\/esafaz.sefaz.pe.gov.br\/index.php\/wp-json\/wp\/v2\/pages\/3414"}],"collection":[{"href":"https:\/\/esafaz.sefaz.pe.gov.br\/index.php\/wp-json\/wp\/v2\/pages"}],"about":[{"href":"https:\/\/esafaz.sefaz.pe.gov.br\/index.php\/wp-json\/wp\/v2\/types\/page"}],"author":[{"embeddable":true,"href":"https:\/\/esafaz.sefaz.pe.gov.br\/index.php\/wp-json\/wp\/v2\/users\/1"}],"replies":[{"embeddable":true,"href":"https:\/\/esafaz.sefaz.pe.gov.br\/index.php\/wp-json\/wp\/v2\/comments?post=3414"}],"version-history":[{"count":6,"href":"https:\/\/esafaz.sefaz.pe.gov.br\/index.php\/wp-json\/wp\/v2\/pages\/3414\/revisions"}],"predecessor-version":[{"id":5550,"href":"https:\/\/esafaz.sefaz.pe.gov.br\/index.php\/wp-json\/wp\/v2\/pages\/3414\/revisions\/5550"}],"wp:attachment":[{"href":"https:\/\/esafaz.sefaz.pe.gov.br\/index.php\/wp-json\/wp\/v2\/media?parent=3414"}],"curies":[{"name":"wp","href":"https:\/\/api.w.org\/{rel}","templated":true}]}}