{"id":3377,"date":"2024-09-18T15:53:15","date_gmt":"2024-09-18T18:53:15","guid":{"rendered":"https:\/\/portalesafaz.sefaz.pe.gov.br\/?page_id=3377"},"modified":"2024-09-20T12:00:45","modified_gmt":"2024-09-20T15:00:45","slug":"evento-reuniao-de-encerramento-sgp-2023","status":"publish","type":"page","link":"https:\/\/esafaz.sefaz.pe.gov.br\/index.php\/evento-reuniao-de-encerramento-sgp-2023\/","title":{"rendered":"EVENTO \u2013 REUNI\u00c3O DE ENCERRAMENTO SGP 2023"},"content":{"rendered":"\n<!DOCTYPE html>\n<html lang=\"pt-BR\">\n<head>\n    \n    \n    <link href=\"https:\/\/stackpath.bootstrapcdn.com\/bootstrap\/4.5.2\/css\/bootstrap.min.css\" rel=\"stylesheet\">\n    <title>Texto em torno da Imagem<\/title>\n    <style>\n        body {\n            background-color: #f8f9fa;\n        }\n\n        h2 {\n            color: #343a40;\n        }\n\n        \n\n        .image-wrap {\n            float: left; \/* Faz a imagem flutuar \u00e0 esquerda *\/\n            margin-right: 15px; \/* Espa\u00e7amento \u00e0 direita da imagem *\/\n            margin-bottom: 15px; \/* Espa\u00e7amento inferior para evitar que o texto fique muito pr\u00f3ximo *\/\n        }\n\n        .image-wrap img {\n            max-width: 250px; \/* Tamanho da imagem *\/\n            height: auto; \/* Mant\u00e9m a propor\u00e7\u00e3o da imagem *\/\n        }\n    <\/style>\n<\/head>\n<body>\n    <div class=\"container mt-5\">\n          <h1 style=\"text-align: center; \">EVENTO \u2013 REUNI\u00c3O DE ENCERRAMENTO SGP 2023S<\/h1><\/br>\n        <div class=\"image-wrap\">\n            <img decoding=\"async\" src=\"https:\/\/portalesafaz.sefaz.pe.gov.br\/wp-content\/uploads\/2024\/09\/encerramentoSGP.png\" alt=\"Imagem escola\" class=\"img-fluid\">\n        <\/div>\n  <p>\n        Em 22 de dezembro de 2023, a Superintend\u00eancia de Gest\u00e3o de Pessoas (SGP) realizou a Reuni\u00e3o de Encerramento de 2023 no Espa\u00e7o Memorial SEFAZ, que teve como objetivo proporcionar um momento de confraterniza\u00e7\u00e3o entre os integrantes da superintend\u00eancia e finalizar os trabalhos de 2023.\n    <\/p>\n    <p>\n        O evento contou com um caf\u00e9 da manh\u00e3 colaborativo no qual os fazend\u00e1rios puderam interagir e aprofundar rela\u00e7\u00f5es. Na sequ\u00eancia, cada \u00e1rea apresentou os principais resultados alcan\u00e7ados durante o ano de 2023 e indicou os desafios propostos para 2024. Como forma de reconhecimento do trabalho realizado, a Superintende, Walclecia Santos, fez uma homenagem \u00e0 diretora da ESAFAZ (Nathalia Farias) e aos gerentes da GAPE (Eduarda Varella), GDEP (Marcelle Campos) e GPEF (Mozart Nobre) com a participa\u00e7\u00e3o dos respectivos c\u00f4njuges, al\u00e9m de agradecer toda a equipe pela parceria ora renovada.\n    <\/p>\n    <p>\n        O evento fortaleceu os la\u00e7os dos integrantes da SGP e refor\u00e7ou o compromisso de todos com o sucesso dos projetos da Secretaria em dire\u00e7\u00e3o a uma gest\u00e3o de pessoas cada vez mais eficiente e pr\u00f3xima dos fazend\u00e1rios.\n    <\/p>\n    <\/div>\n\n    <script src=\"https:\/\/code.jquery.com\/jquery-3.5.1.slim.min.js\"><\/script>\n    <script src=\"https:\/\/cdn.jsdelivr.net\/npm\/@popperjs\/core@2.5.2\/dist\/umd\/popper.min.js\"><\/script>\n    <script src=\"https:\/\/stackpath.bootstrapcdn.com\/bootstrap\/4.5.2\/js\/bootstrap.min.js\"><\/script>\n<\/body>\n<\/html>\n","protected":false},"excerpt":{"rendered":"<p>Texto em torno da Imagem EVENTO \u2013 REUNI\u00c3O DE ENCERRAMENTO SGP 2023S Em 22 de dezembro de 2023, a Superintend\u00eancia de Gest\u00e3o de Pessoas (SGP) realizou a Reuni\u00e3o de Encerramento de 2023 no Espa\u00e7o Memorial SEFAZ, que teve como objetivo proporcionar um momento de confraterniza\u00e7\u00e3o entre os integrantes da superintend\u00eancia e finalizar os trabalhos de &#8230; <a title=\"EVENTO \u2013 REUNI\u00c3O DE ENCERRAMENTO SGP 2023\" class=\"read-more\" href=\"https:\/\/esafaz.sefaz.pe.gov.br\/index.php\/evento-reuniao-de-encerramento-sgp-2023\/\" aria-label=\"Read more about EVENTO \u2013 REUNI\u00c3O DE ENCERRAMENTO SGP 2023\">Ler mais<\/a><\/p>\n","protected":false},"author":1,"featured_media":0,"parent":0,"menu_order":0,"comment_status":"closed","ping_status":"closed","template":"","meta":{"inline_featured_image":false,"courseId":0,"footnotes":""},"class_list":["post-3377","page","type-page","status-publish"],"yoast_head":"<!-- This site is optimized with the Yoast SEO plugin v25.1 - https:\/\/yoast.com\/wordpress\/plugins\/seo\/ -->\r\n<title>EVENTO \u2013 REUNI\u00c3O DE ENCERRAMENTO SGP 2023 - Site Esafaz<\/title>\r\n<meta name=\"robots\" content=\"index, follow, max-snippet:-1, max-image-preview:large, max-video-preview:-1\" \/>\r\n<link rel=\"canonical\" href=\"https:\/\/portalesafaz.sefaz.pe.gov.br\/index.php\/evento-reuniao-de-encerramento-sgp-2023\/\" \/>\r\n<meta property=\"og:locale\" content=\"pt_BR\" \/>\r\n<meta property=\"og:type\" content=\"article\" \/>\r\n<meta property=\"og:title\" content=\"EVENTO \u2013 REUNI\u00c3O DE ENCERRAMENTO SGP 2023 - Site Esafaz\" \/>\r\n<meta property=\"og:description\" content=\"Texto em torno da Imagem EVENTO \u2013 REUNI\u00c3O DE ENCERRAMENTO SGP 2023S Em 22 de dezembro de 2023, a Superintend\u00eancia de Gest\u00e3o de Pessoas (SGP) realizou a Reuni\u00e3o de Encerramento de 2023 no Espa\u00e7o Memorial SEFAZ, que teve como objetivo proporcionar um momento de confraterniza\u00e7\u00e3o entre os integrantes da superintend\u00eancia e finalizar os trabalhos de ... Ler mais\" \/>\r\n<meta property=\"og:url\" content=\"https:\/\/portalesafaz.sefaz.pe.gov.br\/index.php\/evento-reuniao-de-encerramento-sgp-2023\/\" \/>\r\n<meta property=\"og:site_name\" content=\"Site Esafaz\" \/>\r\n<meta property=\"article:modified_time\" content=\"2024-09-20T15:00:45+00:00\" \/>\r\n<meta property=\"og:image\" content=\"https:\/\/portalesafaz.sefaz.pe.gov.br\/wp-content\/uploads\/2024\/09\/encerramentoSGP.png\" \/>\r\n<meta name=\"twitter:card\" content=\"summary_large_image\" \/>\r\n<meta name=\"twitter:label1\" content=\"Est. tempo de leitura\" \/>\n\t<meta name=\"twitter:data1\" content=\"2 minutos\" \/>\r\n<script type=\"application\/ld+json\" class=\"yoast-schema-graph\">{\"@context\":\"https:\/\/schema.org\",\"@graph\":[{\"@type\":\"WebPage\",\"@id\":\"https:\/\/portalesafaz.sefaz.pe.gov.br\/index.php\/evento-reuniao-de-encerramento-sgp-2023\/\",\"url\":\"https:\/\/portalesafaz.sefaz.pe.gov.br\/index.php\/evento-reuniao-de-encerramento-sgp-2023\/\",\"name\":\"EVENTO \u2013 REUNI\u00c3O DE ENCERRAMENTO SGP 2023 - Site Esafaz\",\"isPartOf\":{\"@id\":\"http:\/\/localhost\/#website\"},\"primaryImageOfPage\":{\"@id\":\"https:\/\/portalesafaz.sefaz.pe.gov.br\/index.php\/evento-reuniao-de-encerramento-sgp-2023\/#primaryimage\"},\"image\":{\"@id\":\"https:\/\/portalesafaz.sefaz.pe.gov.br\/index.php\/evento-reuniao-de-encerramento-sgp-2023\/#primaryimage\"},\"thumbnailUrl\":\"https:\/\/portalesafaz.sefaz.pe.gov.br\/wp-content\/uploads\/2024\/09\/encerramentoSGP.png\",\"datePublished\":\"2024-09-18T18:53:15+00:00\",\"dateModified\":\"2024-09-20T15:00:45+00:00\",\"breadcrumb\":{\"@id\":\"https:\/\/portalesafaz.sefaz.pe.gov.br\/index.php\/evento-reuniao-de-encerramento-sgp-2023\/#breadcrumb\"},\"inLanguage\":\"pt-BR\",\"potentialAction\":[{\"@type\":\"ReadAction\",\"target\":[\"https:\/\/portalesafaz.sefaz.pe.gov.br\/index.php\/evento-reuniao-de-encerramento-sgp-2023\/\"]}]},{\"@type\":\"ImageObject\",\"inLanguage\":\"pt-BR\",\"@id\":\"https:\/\/portalesafaz.sefaz.pe.gov.br\/index.php\/evento-reuniao-de-encerramento-sgp-2023\/#primaryimage\",\"url\":\"https:\/\/portalesafaz.sefaz.pe.gov.br\/wp-content\/uploads\/2024\/09\/encerramentoSGP.png\",\"contentUrl\":\"https:\/\/portalesafaz.sefaz.pe.gov.br\/wp-content\/uploads\/2024\/09\/encerramentoSGP.png\"},{\"@type\":\"BreadcrumbList\",\"@id\":\"https:\/\/portalesafaz.sefaz.pe.gov.br\/index.php\/evento-reuniao-de-encerramento-sgp-2023\/#breadcrumb\",\"itemListElement\":[{\"@type\":\"ListItem\",\"position\":1,\"name\":\"In\u00edcio\",\"item\":\"https:\/\/esafaz.sefaz.pe.gov.br\/\"},{\"@type\":\"ListItem\",\"position\":2,\"name\":\"EVENTO \u2013 REUNI\u00c3O DE ENCERRAMENTO SGP 2023\"}]},{\"@type\":\"WebSite\",\"@id\":\"http:\/\/localhost\/#website\",\"url\":\"http:\/\/localhost\/\",\"name\":\"Portal Esafaz\",\"description\":\"\",\"publisher\":{\"@id\":\"http:\/\/localhost\/#organization\"},\"potentialAction\":[{\"@type\":\"SearchAction\",\"target\":{\"@type\":\"EntryPoint\",\"urlTemplate\":\"http:\/\/localhost\/?s={search_term_string}\"},\"query-input\":{\"@type\":\"PropertyValueSpecification\",\"valueRequired\":true,\"valueName\":\"search_term_string\"}}],\"inLanguage\":\"pt-BR\"},{\"@type\":\"Organization\",\"@id\":\"http:\/\/localhost\/#organization\",\"name\":\"Portal Esafaz\",\"url\":\"http:\/\/localhost\/\",\"logo\":{\"@type\":\"ImageObject\",\"inLanguage\":\"pt-BR\",\"@id\":\"http:\/\/localhost\/#\/schema\/logo\/image\/\",\"url\":\"https:\/\/portalesafaz.sefaz.pe.gov.br\/wp-content\/uploads\/2024\/04\/icone-esafaz.jpeg\",\"contentUrl\":\"https:\/\/portalesafaz.sefaz.pe.gov.br\/wp-content\/uploads\/2024\/04\/icone-esafaz.jpeg\",\"width\":300,\"height\":300,\"caption\":\"Portal Esafaz\"},\"image\":{\"@id\":\"http:\/\/localhost\/#\/schema\/logo\/image\/\"},\"sameAs\":[\"https:\/\/www.instagram.com\/esafazpe\/\"]}]}<\/script>\r\n<!-- \/ Yoast SEO plugin. -->","yoast_head_json":{"title":"EVENTO \u2013 REUNI\u00c3O DE ENCERRAMENTO SGP 2023 - Site Esafaz","robots":{"index":"index","follow":"follow","max-snippet":"max-snippet:-1","max-image-preview":"max-image-preview:large","max-video-preview":"max-video-preview:-1"},"canonical":"https:\/\/portalesafaz.sefaz.pe.gov.br\/index.php\/evento-reuniao-de-encerramento-sgp-2023\/","og_locale":"pt_BR","og_type":"article","og_title":"EVENTO \u2013 REUNI\u00c3O DE ENCERRAMENTO SGP 2023 - Site Esafaz","og_description":"Texto em torno da Imagem EVENTO \u2013 REUNI\u00c3O DE ENCERRAMENTO SGP 2023S Em 22 de dezembro de 2023, a Superintend\u00eancia de Gest\u00e3o de Pessoas (SGP) realizou a Reuni\u00e3o de Encerramento de 2023 no Espa\u00e7o Memorial SEFAZ, que teve como objetivo proporcionar um momento de confraterniza\u00e7\u00e3o entre os integrantes da superintend\u00eancia e finalizar os trabalhos de ... Ler mais","og_url":"https:\/\/portalesafaz.sefaz.pe.gov.br\/index.php\/evento-reuniao-de-encerramento-sgp-2023\/","og_site_name":"Site Esafaz","article_modified_time":"2024-09-20T15:00:45+00:00","og_image":[{"url":"https:\/\/portalesafaz.sefaz.pe.gov.br\/wp-content\/uploads\/2024\/09\/encerramentoSGP.png","type":"","width":"","height":""}],"twitter_card":"summary_large_image","twitter_misc":{"Est. tempo de leitura":"2 minutos"},"schema":{"@context":"https:\/\/schema.org","@graph":[{"@type":"WebPage","@id":"https:\/\/portalesafaz.sefaz.pe.gov.br\/index.php\/evento-reuniao-de-encerramento-sgp-2023\/","url":"https:\/\/portalesafaz.sefaz.pe.gov.br\/index.php\/evento-reuniao-de-encerramento-sgp-2023\/","name":"EVENTO \u2013 REUNI\u00c3O DE ENCERRAMENTO SGP 2023 - Site Esafaz","isPartOf":{"@id":"http:\/\/localhost\/#website"},"primaryImageOfPage":{"@id":"https:\/\/portalesafaz.sefaz.pe.gov.br\/index.php\/evento-reuniao-de-encerramento-sgp-2023\/#primaryimage"},"image":{"@id":"https:\/\/portalesafaz.sefaz.pe.gov.br\/index.php\/evento-reuniao-de-encerramento-sgp-2023\/#primaryimage"},"thumbnailUrl":"https:\/\/portalesafaz.sefaz.pe.gov.br\/wp-content\/uploads\/2024\/09\/encerramentoSGP.png","datePublished":"2024-09-18T18:53:15+00:00","dateModified":"2024-09-20T15:00:45+00:00","breadcrumb":{"@id":"https:\/\/portalesafaz.sefaz.pe.gov.br\/index.php\/evento-reuniao-de-encerramento-sgp-2023\/#breadcrumb"},"inLanguage":"pt-BR","potentialAction":[{"@type":"ReadAction","target":["https:\/\/portalesafaz.sefaz.pe.gov.br\/index.php\/evento-reuniao-de-encerramento-sgp-2023\/"]}]},{"@type":"ImageObject","inLanguage":"pt-BR","@id":"https:\/\/portalesafaz.sefaz.pe.gov.br\/index.php\/evento-reuniao-de-encerramento-sgp-2023\/#primaryimage","url":"https:\/\/portalesafaz.sefaz.pe.gov.br\/wp-content\/uploads\/2024\/09\/encerramentoSGP.png","contentUrl":"https:\/\/portalesafaz.sefaz.pe.gov.br\/wp-content\/uploads\/2024\/09\/encerramentoSGP.png"},{"@type":"BreadcrumbList","@id":"https:\/\/portalesafaz.sefaz.pe.gov.br\/index.php\/evento-reuniao-de-encerramento-sgp-2023\/#breadcrumb","itemListElement":[{"@type":"ListItem","position":1,"name":"In\u00edcio","item":"https:\/\/esafaz.sefaz.pe.gov.br\/"},{"@type":"ListItem","position":2,"name":"EVENTO \u2013 REUNI\u00c3O DE ENCERRAMENTO SGP 2023"}]},{"@type":"WebSite","@id":"http:\/\/localhost\/#website","url":"http:\/\/localhost\/","name":"Portal Esafaz","description":"","publisher":{"@id":"http:\/\/localhost\/#organization"},"potentialAction":[{"@type":"SearchAction","target":{"@type":"EntryPoint","urlTemplate":"http:\/\/localhost\/?s={search_term_string}"},"query-input":{"@type":"PropertyValueSpecification","valueRequired":true,"valueName":"search_term_string"}}],"inLanguage":"pt-BR"},{"@type":"Organization","@id":"http:\/\/localhost\/#organization","name":"Portal Esafaz","url":"http:\/\/localhost\/","logo":{"@type":"ImageObject","inLanguage":"pt-BR","@id":"http:\/\/localhost\/#\/schema\/logo\/image\/","url":"https:\/\/portalesafaz.sefaz.pe.gov.br\/wp-content\/uploads\/2024\/04\/icone-esafaz.jpeg","contentUrl":"https:\/\/portalesafaz.sefaz.pe.gov.br\/wp-content\/uploads\/2024\/04\/icone-esafaz.jpeg","width":300,"height":300,"caption":"Portal Esafaz"},"image":{"@id":"http:\/\/localhost\/#\/schema\/logo\/image\/"},"sameAs":["https:\/\/www.instagram.com\/esafazpe\/"]}]}},"jetpack_sharing_enabled":true,"_links":{"self":[{"href":"https:\/\/esafaz.sefaz.pe.gov.br\/index.php\/wp-json\/wp\/v2\/pages\/3377"}],"collection":[{"href":"https:\/\/esafaz.sefaz.pe.gov.br\/index.php\/wp-json\/wp\/v2\/pages"}],"about":[{"href":"https:\/\/esafaz.sefaz.pe.gov.br\/index.php\/wp-json\/wp\/v2\/types\/page"}],"author":[{"embeddable":true,"href":"https:\/\/esafaz.sefaz.pe.gov.br\/index.php\/wp-json\/wp\/v2\/users\/1"}],"replies":[{"embeddable":true,"href":"https:\/\/esafaz.sefaz.pe.gov.br\/index.php\/wp-json\/wp\/v2\/comments?post=3377"}],"version-history":[{"count":3,"href":"https:\/\/esafaz.sefaz.pe.gov.br\/index.php\/wp-json\/wp\/v2\/pages\/3377\/revisions"}],"predecessor-version":[{"id":3413,"href":"https:\/\/esafaz.sefaz.pe.gov.br\/index.php\/wp-json\/wp\/v2\/pages\/3377\/revisions\/3413"}],"wp:attachment":[{"href":"https:\/\/esafaz.sefaz.pe.gov.br\/index.php\/wp-json\/wp\/v2\/media?parent=3377"}],"curies":[{"name":"wp","href":"https:\/\/api.w.org\/{rel}","templated":true}]}}