{"id":3369,"date":"2024-09-18T15:40:58","date_gmt":"2024-09-18T18:40:58","guid":{"rendered":"https:\/\/portalesafaz.sefaz.pe.gov.br\/?page_id=3369"},"modified":"2024-09-20T11:58:58","modified_gmt":"2024-09-20T14:58:58","slug":"evento-dia-da-nota-fiscal","status":"publish","type":"page","link":"https:\/\/esafaz.sefaz.pe.gov.br\/index.php\/evento-dia-da-nota-fiscal\/","title":{"rendered":"EVENTO &#8211; DIA DA NOTA FISCAL"},"content":{"rendered":"\n<!DOCTYPE html>\n<html lang=\"pt-BR\">\n<head>\n    <meta charset=\"UTF-8\">\n    <meta name=\"viewport\" content=\"width=device-width, initial-scale=1.0\">\n    <link href=\"https:\/\/stackpath.bootstrapcdn.com\/bootstrap\/4.5.2\/css\/bootstrap.min.css\" rel=\"stylesheet\">\n    <title>Texto em torno da Imagem<\/title>\n    <style>\n        body {\n            background-color: #f8f9fa;\n        }\n\n        h2 {\n            color: #343a40;\n        }\n\n        \n\n        .image-wrap {\n            float: left; \/* Faz a imagem flutuar \u00e0 esquerda *\/\n            margin-right: 15px; \/* Espa\u00e7amento \u00e0 direita da imagem *\/\n            margin-bottom: 15px; \/* Espa\u00e7amento inferior para evitar que o texto fique muito pr\u00f3ximo *\/\n        }\n\n        .image-wrap img {\n            max-width: 350px; \/* Tamanho da imagem *\/\n            height: auto; \/* Mant\u00e9m a propor\u00e7\u00e3o da imagem *\/\n        }\n    <\/style>\n<\/head>\n<body>\n    <div class=\"container mt-5\">\n          <h1 style=\"text-align: center; \">DIA DA NOTA FISCAL<\/h1><\/br>\n        <div class=\"image-wrap\">\n            <img decoding=\"async\" src=\"https:\/\/portalesafaz.sefaz.pe.gov.br\/wp-content\/uploads\/2024\/09\/notafiscal.png\" alt=\"Imagem escola\" class=\"img-fluid\">\n        <\/div>\n   <p>\n        Em 10 de novembro de 2023, a Secretaria da Fazenda do Estado (SEFAZ) realizou por meio da Ger\u00eancia do Programa de Educa\u00e7\u00e3o Fiscal (GPEF) a palestra \u201cNota Fiscal Muito Mais que um Papel\u201d para destacar a import\u00e2ncia da nota fiscal e o papel dos contribuintes como cidad\u00e3os. O palestrante Paulo Galdino, auditor fiscal do tesouro estadual, enfatizou a relev\u00e2ncia da emiss\u00e3o e utiliza\u00e7\u00e3o correta da nota fiscal para a transpar\u00eancia e regularidade das transa\u00e7\u00f5es comerciais.\n    <\/p>\n    <p>\n        Durante a palestra, Paulo Galdino ressaltou a responsabilidade dos cidad\u00e3os como contribuintes e consumidores, incentivando a pr\u00e1tica de exigir a nota fiscal em todas as transa\u00e7\u00f5es comerciais. O evento foi uma oportunidade para os presentes compreenderem melhor o impacto positivo da correta utiliza\u00e7\u00e3o da nota fiscal na sociedade. A SEFAZ refor\u00e7ou seu compromisso em promover a conscientiza\u00e7\u00e3o e educa\u00e7\u00e3o fiscal, visando uma sociedade mais justa e transparente.\n    <\/p>\n    <\/div>\n\n    <script src=\"https:\/\/code.jquery.com\/jquery-3.5.1.slim.min.js\"><\/script>\n    <script src=\"https:\/\/cdn.jsdelivr.net\/npm\/@popperjs\/core@2.5.2\/dist\/umd\/popper.min.js\"><\/script>\n    <script src=\"https:\/\/stackpath.bootstrapcdn.com\/bootstrap\/4.5.2\/js\/bootstrap.min.js\"><\/script>\n<\/body>\n<\/html>\n\n\n\n<\/br><\/br><\/br>\n","protected":false},"excerpt":{"rendered":"<p>Texto em torno da Imagem DIA DA NOTA FISCAL Em 10 de novembro de 2023, a Secretaria da Fazenda do Estado (SEFAZ) realizou por meio da Ger\u00eancia do Programa de Educa\u00e7\u00e3o Fiscal (GPEF) a palestra \u201cNota Fiscal Muito Mais que um Papel\u201d para destacar a import\u00e2ncia da nota fiscal e o papel dos contribuintes como &#8230; <a title=\"EVENTO &#8211; DIA DA NOTA FISCAL\" class=\"read-more\" href=\"https:\/\/esafaz.sefaz.pe.gov.br\/index.php\/evento-dia-da-nota-fiscal\/\" aria-label=\"Read more about EVENTO &#8211; DIA DA NOTA FISCAL\">Ler mais<\/a><\/p>\n","protected":false},"author":1,"featured_media":0,"parent":0,"menu_order":0,"comment_status":"closed","ping_status":"closed","template":"","meta":{"inline_featured_image":false,"courseId":0,"footnotes":""},"class_list":["post-3369","page","type-page","status-publish"],"yoast_head":"<!-- This site is optimized with the Yoast SEO plugin v25.1 - https:\/\/yoast.com\/wordpress\/plugins\/seo\/ -->\r\n<title>EVENTO - DIA DA NOTA FISCAL - Site Esafaz<\/title>\r\n<meta name=\"robots\" content=\"index, follow, max-snippet:-1, max-image-preview:large, max-video-preview:-1\" \/>\r\n<link rel=\"canonical\" href=\"https:\/\/portalesafaz.sefaz.pe.gov.br\/index.php\/evento-dia-da-nota-fiscal\/\" \/>\r\n<meta property=\"og:locale\" content=\"pt_BR\" \/>\r\n<meta property=\"og:type\" content=\"article\" \/>\r\n<meta property=\"og:title\" content=\"EVENTO - DIA DA NOTA FISCAL - Site Esafaz\" \/>\r\n<meta property=\"og:description\" content=\"Texto em torno da Imagem DIA DA NOTA FISCAL Em 10 de novembro de 2023, a Secretaria da Fazenda do Estado (SEFAZ) realizou por meio da Ger\u00eancia do Programa de Educa\u00e7\u00e3o Fiscal (GPEF) a palestra \u201cNota Fiscal Muito Mais que um Papel\u201d para destacar a import\u00e2ncia da nota fiscal e o papel dos contribuintes como ... Ler mais\" \/>\r\n<meta property=\"og:url\" content=\"https:\/\/portalesafaz.sefaz.pe.gov.br\/index.php\/evento-dia-da-nota-fiscal\/\" \/>\r\n<meta property=\"og:site_name\" content=\"Site Esafaz\" \/>\r\n<meta property=\"article:modified_time\" content=\"2024-09-20T14:58:58+00:00\" \/>\r\n<meta property=\"og:image\" content=\"https:\/\/portalesafaz.sefaz.pe.gov.br\/wp-content\/uploads\/2024\/09\/notafiscal.png\" \/>\r\n<meta name=\"twitter:card\" content=\"summary_large_image\" \/>\r\n<meta name=\"twitter:label1\" content=\"Est. tempo de leitura\" \/>\n\t<meta name=\"twitter:data1\" content=\"2 minutos\" \/>\r\n<script type=\"application\/ld+json\" class=\"yoast-schema-graph\">{\"@context\":\"https:\/\/schema.org\",\"@graph\":[{\"@type\":\"WebPage\",\"@id\":\"https:\/\/portalesafaz.sefaz.pe.gov.br\/index.php\/evento-dia-da-nota-fiscal\/\",\"url\":\"https:\/\/portalesafaz.sefaz.pe.gov.br\/index.php\/evento-dia-da-nota-fiscal\/\",\"name\":\"EVENTO - DIA DA NOTA FISCAL - Site Esafaz\",\"isPartOf\":{\"@id\":\"http:\/\/localhost\/#website\"},\"primaryImageOfPage\":{\"@id\":\"https:\/\/portalesafaz.sefaz.pe.gov.br\/index.php\/evento-dia-da-nota-fiscal\/#primaryimage\"},\"image\":{\"@id\":\"https:\/\/portalesafaz.sefaz.pe.gov.br\/index.php\/evento-dia-da-nota-fiscal\/#primaryimage\"},\"thumbnailUrl\":\"https:\/\/portalesafaz.sefaz.pe.gov.br\/wp-content\/uploads\/2024\/09\/notafiscal.png\",\"datePublished\":\"2024-09-18T18:40:58+00:00\",\"dateModified\":\"2024-09-20T14:58:58+00:00\",\"breadcrumb\":{\"@id\":\"https:\/\/portalesafaz.sefaz.pe.gov.br\/index.php\/evento-dia-da-nota-fiscal\/#breadcrumb\"},\"inLanguage\":\"pt-BR\",\"potentialAction\":[{\"@type\":\"ReadAction\",\"target\":[\"https:\/\/portalesafaz.sefaz.pe.gov.br\/index.php\/evento-dia-da-nota-fiscal\/\"]}]},{\"@type\":\"ImageObject\",\"inLanguage\":\"pt-BR\",\"@id\":\"https:\/\/portalesafaz.sefaz.pe.gov.br\/index.php\/evento-dia-da-nota-fiscal\/#primaryimage\",\"url\":\"https:\/\/portalesafaz.sefaz.pe.gov.br\/wp-content\/uploads\/2024\/09\/notafiscal.png\",\"contentUrl\":\"https:\/\/portalesafaz.sefaz.pe.gov.br\/wp-content\/uploads\/2024\/09\/notafiscal.png\"},{\"@type\":\"BreadcrumbList\",\"@id\":\"https:\/\/portalesafaz.sefaz.pe.gov.br\/index.php\/evento-dia-da-nota-fiscal\/#breadcrumb\",\"itemListElement\":[{\"@type\":\"ListItem\",\"position\":1,\"name\":\"In\u00edcio\",\"item\":\"https:\/\/esafaz.sefaz.pe.gov.br\/\"},{\"@type\":\"ListItem\",\"position\":2,\"name\":\"EVENTO &#8211; DIA DA NOTA FISCAL\"}]},{\"@type\":\"WebSite\",\"@id\":\"http:\/\/localhost\/#website\",\"url\":\"http:\/\/localhost\/\",\"name\":\"Portal Esafaz\",\"description\":\"\",\"publisher\":{\"@id\":\"http:\/\/localhost\/#organization\"},\"potentialAction\":[{\"@type\":\"SearchAction\",\"target\":{\"@type\":\"EntryPoint\",\"urlTemplate\":\"http:\/\/localhost\/?s={search_term_string}\"},\"query-input\":{\"@type\":\"PropertyValueSpecification\",\"valueRequired\":true,\"valueName\":\"search_term_string\"}}],\"inLanguage\":\"pt-BR\"},{\"@type\":\"Organization\",\"@id\":\"http:\/\/localhost\/#organization\",\"name\":\"Portal Esafaz\",\"url\":\"http:\/\/localhost\/\",\"logo\":{\"@type\":\"ImageObject\",\"inLanguage\":\"pt-BR\",\"@id\":\"http:\/\/localhost\/#\/schema\/logo\/image\/\",\"url\":\"https:\/\/portalesafaz.sefaz.pe.gov.br\/wp-content\/uploads\/2024\/04\/icone-esafaz.jpeg\",\"contentUrl\":\"https:\/\/portalesafaz.sefaz.pe.gov.br\/wp-content\/uploads\/2024\/04\/icone-esafaz.jpeg\",\"width\":300,\"height\":300,\"caption\":\"Portal Esafaz\"},\"image\":{\"@id\":\"http:\/\/localhost\/#\/schema\/logo\/image\/\"},\"sameAs\":[\"https:\/\/www.instagram.com\/esafazpe\/\"]}]}<\/script>\r\n<!-- \/ Yoast SEO plugin. -->","yoast_head_json":{"title":"EVENTO - DIA DA NOTA FISCAL - Site Esafaz","robots":{"index":"index","follow":"follow","max-snippet":"max-snippet:-1","max-image-preview":"max-image-preview:large","max-video-preview":"max-video-preview:-1"},"canonical":"https:\/\/portalesafaz.sefaz.pe.gov.br\/index.php\/evento-dia-da-nota-fiscal\/","og_locale":"pt_BR","og_type":"article","og_title":"EVENTO - DIA DA NOTA FISCAL - Site Esafaz","og_description":"Texto em torno da Imagem DIA DA NOTA FISCAL Em 10 de novembro de 2023, a Secretaria da Fazenda do Estado (SEFAZ) realizou por meio da Ger\u00eancia do Programa de Educa\u00e7\u00e3o Fiscal (GPEF) a palestra \u201cNota Fiscal Muito Mais que um Papel\u201d para destacar a import\u00e2ncia da nota fiscal e o papel dos contribuintes como ... Ler mais","og_url":"https:\/\/portalesafaz.sefaz.pe.gov.br\/index.php\/evento-dia-da-nota-fiscal\/","og_site_name":"Site Esafaz","article_modified_time":"2024-09-20T14:58:58+00:00","og_image":[{"url":"https:\/\/portalesafaz.sefaz.pe.gov.br\/wp-content\/uploads\/2024\/09\/notafiscal.png","type":"","width":"","height":""}],"twitter_card":"summary_large_image","twitter_misc":{"Est. tempo de leitura":"2 minutos"},"schema":{"@context":"https:\/\/schema.org","@graph":[{"@type":"WebPage","@id":"https:\/\/portalesafaz.sefaz.pe.gov.br\/index.php\/evento-dia-da-nota-fiscal\/","url":"https:\/\/portalesafaz.sefaz.pe.gov.br\/index.php\/evento-dia-da-nota-fiscal\/","name":"EVENTO - DIA DA NOTA FISCAL - Site Esafaz","isPartOf":{"@id":"http:\/\/localhost\/#website"},"primaryImageOfPage":{"@id":"https:\/\/portalesafaz.sefaz.pe.gov.br\/index.php\/evento-dia-da-nota-fiscal\/#primaryimage"},"image":{"@id":"https:\/\/portalesafaz.sefaz.pe.gov.br\/index.php\/evento-dia-da-nota-fiscal\/#primaryimage"},"thumbnailUrl":"https:\/\/portalesafaz.sefaz.pe.gov.br\/wp-content\/uploads\/2024\/09\/notafiscal.png","datePublished":"2024-09-18T18:40:58+00:00","dateModified":"2024-09-20T14:58:58+00:00","breadcrumb":{"@id":"https:\/\/portalesafaz.sefaz.pe.gov.br\/index.php\/evento-dia-da-nota-fiscal\/#breadcrumb"},"inLanguage":"pt-BR","potentialAction":[{"@type":"ReadAction","target":["https:\/\/portalesafaz.sefaz.pe.gov.br\/index.php\/evento-dia-da-nota-fiscal\/"]}]},{"@type":"ImageObject","inLanguage":"pt-BR","@id":"https:\/\/portalesafaz.sefaz.pe.gov.br\/index.php\/evento-dia-da-nota-fiscal\/#primaryimage","url":"https:\/\/portalesafaz.sefaz.pe.gov.br\/wp-content\/uploads\/2024\/09\/notafiscal.png","contentUrl":"https:\/\/portalesafaz.sefaz.pe.gov.br\/wp-content\/uploads\/2024\/09\/notafiscal.png"},{"@type":"BreadcrumbList","@id":"https:\/\/portalesafaz.sefaz.pe.gov.br\/index.php\/evento-dia-da-nota-fiscal\/#breadcrumb","itemListElement":[{"@type":"ListItem","position":1,"name":"In\u00edcio","item":"https:\/\/esafaz.sefaz.pe.gov.br\/"},{"@type":"ListItem","position":2,"name":"EVENTO &#8211; DIA DA NOTA FISCAL"}]},{"@type":"WebSite","@id":"http:\/\/localhost\/#website","url":"http:\/\/localhost\/","name":"Portal Esafaz","description":"","publisher":{"@id":"http:\/\/localhost\/#organization"},"potentialAction":[{"@type":"SearchAction","target":{"@type":"EntryPoint","urlTemplate":"http:\/\/localhost\/?s={search_term_string}"},"query-input":{"@type":"PropertyValueSpecification","valueRequired":true,"valueName":"search_term_string"}}],"inLanguage":"pt-BR"},{"@type":"Organization","@id":"http:\/\/localhost\/#organization","name":"Portal Esafaz","url":"http:\/\/localhost\/","logo":{"@type":"ImageObject","inLanguage":"pt-BR","@id":"http:\/\/localhost\/#\/schema\/logo\/image\/","url":"https:\/\/portalesafaz.sefaz.pe.gov.br\/wp-content\/uploads\/2024\/04\/icone-esafaz.jpeg","contentUrl":"https:\/\/portalesafaz.sefaz.pe.gov.br\/wp-content\/uploads\/2024\/04\/icone-esafaz.jpeg","width":300,"height":300,"caption":"Portal Esafaz"},"image":{"@id":"http:\/\/localhost\/#\/schema\/logo\/image\/"},"sameAs":["https:\/\/www.instagram.com\/esafazpe\/"]}]}},"jetpack_sharing_enabled":true,"_links":{"self":[{"href":"https:\/\/esafaz.sefaz.pe.gov.br\/index.php\/wp-json\/wp\/v2\/pages\/3369"}],"collection":[{"href":"https:\/\/esafaz.sefaz.pe.gov.br\/index.php\/wp-json\/wp\/v2\/pages"}],"about":[{"href":"https:\/\/esafaz.sefaz.pe.gov.br\/index.php\/wp-json\/wp\/v2\/types\/page"}],"author":[{"embeddable":true,"href":"https:\/\/esafaz.sefaz.pe.gov.br\/index.php\/wp-json\/wp\/v2\/users\/1"}],"replies":[{"embeddable":true,"href":"https:\/\/esafaz.sefaz.pe.gov.br\/index.php\/wp-json\/wp\/v2\/comments?post=3369"}],"version-history":[{"count":3,"href":"https:\/\/esafaz.sefaz.pe.gov.br\/index.php\/wp-json\/wp\/v2\/pages\/3369\/revisions"}],"predecessor-version":[{"id":3410,"href":"https:\/\/esafaz.sefaz.pe.gov.br\/index.php\/wp-json\/wp\/v2\/pages\/3369\/revisions\/3410"}],"wp:attachment":[{"href":"https:\/\/esafaz.sefaz.pe.gov.br\/index.php\/wp-json\/wp\/v2\/media?parent=3369"}],"curies":[{"name":"wp","href":"https:\/\/api.w.org\/{rel}","templated":true}]}}