{"id":3364,"date":"2024-09-18T15:34:40","date_gmt":"2024-09-18T18:34:40","guid":{"rendered":"https:\/\/portalesafaz.sefaz.pe.gov.br\/?page_id=3364"},"modified":"2024-09-20T11:56:14","modified_gmt":"2024-09-20T14:56:14","slug":"evento-dia-das-criancas","status":"publish","type":"page","link":"https:\/\/esafaz.sefaz.pe.gov.br\/index.php\/evento-dia-das-criancas\/","title":{"rendered":"EVENTO &#8211; DIA DAS CRIAN\u00c7AS"},"content":{"rendered":"\n<!DOCTYPE html>\n<html lang=\"pt-BR\">\n<head>\n    <meta charset=\"UTF-8\">\n    <meta name=\"viewport\" content=\"width=device-width, initial-scale=1.0\">\n    <link href=\"https:\/\/stackpath.bootstrapcdn.com\/bootstrap\/4.5.2\/css\/bootstrap.min.css\" rel=\"stylesheet\">\n    <title>Evento Dia das Crian\u00e7as SEFAZ-PE<\/title>\n    <style>\n        body {\n            background-color: #f8f9fa;\n        }\n\n        h2 {\n            color: #343a40;\n        }\n\n        \n\n        .image-wrap {\n            float: left; \/* Faz a imagem flutuar \u00e0 esquerda *\/\n            margin-right: 15px; \/* Espa\u00e7amento \u00e0 direita da imagem *\/\n            margin-bottom: 15px; \/* Espa\u00e7amento inferior para evitar que o texto fique muito pr\u00f3ximo *\/\n        }\n\n        .image-wrap img {\n            max-width: 350px; \/* Tamanho da imagem *\/\n            height: auto; \/* Mant\u00e9m a propor\u00e7\u00e3o da imagem *\/\n        }\n    <\/style>\n<\/head>\n<body>\n    <div class=\"container mt-5\">\n          <h1 style=\"text-align: center; \">EVENTO &#8211; DIA DAS CRIAN\u00c7AS<\/h1><\/br>\n        <div class=\"image-wrap\">\n            <img decoding=\"async\" src=\"https:\/\/portalesafaz.sefaz.pe.gov.br\/wp-content\/uploads\/2024\/09\/diadascriancas.png\" alt=\"Imagem escola\" class=\"img-fluid\">\n        <\/div>\n  \n <p>\n        Em Outubro de 2023, a Ger\u00eancia do Programa de Educa\u00e7\u00e3o Fiscal (GPEF) em parceria com a Ger\u00eancia de Desenvolvimento de Pessoas (GDEP) realizou o evento em comemora\u00e7\u00e3o ao dia das crian\u00e7as no Espa\u00e7o Memorial SEFAZ. \n        O evento contou com a participa\u00e7\u00e3o dos filhos de servidores lotados na Secretaria de Fazenda de Pernambuco e teve como objetivo promover a conscientiza\u00e7\u00e3o das crian\u00e7as sobre a import\u00e2ncia da Educa\u00e7\u00e3o Fiscal, por meio de atividades l\u00fadicas e educativas.\n    <\/p>\n    <p>\n        Durante o evento, as crian\u00e7as puderam participar de jogos, oficinas e visita guiada ao Espa\u00e7o Memorial Sefaz, onde puderam aprender de forma interativa sobre a hist\u00f3ria da SEFAZ-PE, a relev\u00e2ncia do \u00f3rg\u00e3o para a sociedade, \n        al\u00e9m do papel do cidad\u00e3o atrav\u00e9s da Educa\u00e7\u00e3o Fiscal.\n    <\/p>\n    <p>\n        O evento foi um sucesso, proporcionando um dia divertido e educativo para as crian\u00e7as, contribuindo para o desenvolvimento de cidad\u00e3os mais conscientes quanto a suas responsabilidades.\n    <\/p>\n    <\/div>\n\n    <script src=\"https:\/\/code.jquery.com\/jquery-3.5.1.slim.min.js\"><\/script>\n    <script src=\"https:\/\/cdn.jsdelivr.net\/npm\/@popperjs\/core@2.5.2\/dist\/umd\/popper.min.js\"><\/script>\n    <script src=\"https:\/\/stackpath.bootstrapcdn.com\/bootstrap\/4.5.2\/js\/bootstrap.min.js\"><\/script>\n<\/body>\n<\/html>\n\n\n\n<\/br><\/br><\/br>\n","protected":false},"excerpt":{"rendered":"<p>Evento Dia das Crian\u00e7as SEFAZ-PE EVENTO &#8211; DIA DAS CRIAN\u00c7AS Em Outubro de 2023, a Ger\u00eancia do Programa de Educa\u00e7\u00e3o Fiscal (GPEF) em parceria com a Ger\u00eancia de Desenvolvimento de Pessoas (GDEP) realizou o evento em comemora\u00e7\u00e3o ao dia das crian\u00e7as no Espa\u00e7o Memorial SEFAZ. O evento contou com a participa\u00e7\u00e3o dos filhos de servidores &#8230; <a title=\"EVENTO &#8211; DIA DAS CRIAN\u00c7AS\" class=\"read-more\" href=\"https:\/\/esafaz.sefaz.pe.gov.br\/index.php\/evento-dia-das-criancas\/\" aria-label=\"Read more about EVENTO &#8211; DIA DAS CRIAN\u00c7AS\">Ler mais<\/a><\/p>\n","protected":false},"author":1,"featured_media":0,"parent":0,"menu_order":0,"comment_status":"closed","ping_status":"closed","template":"","meta":{"inline_featured_image":false,"courseId":0,"footnotes":""},"class_list":["post-3364","page","type-page","status-publish"],"yoast_head":"<!-- This site is optimized with the Yoast SEO plugin v25.1 - https:\/\/yoast.com\/wordpress\/plugins\/seo\/ -->\r\n<title>EVENTO - DIA DAS CRIAN\u00c7AS - Site Esafaz<\/title>\r\n<meta name=\"robots\" content=\"index, follow, max-snippet:-1, max-image-preview:large, max-video-preview:-1\" \/>\r\n<link rel=\"canonical\" href=\"https:\/\/portalesafaz.sefaz.pe.gov.br\/index.php\/evento-dia-das-criancas\/\" \/>\r\n<meta property=\"og:locale\" content=\"pt_BR\" \/>\r\n<meta property=\"og:type\" content=\"article\" \/>\r\n<meta property=\"og:title\" content=\"EVENTO - DIA DAS CRIAN\u00c7AS - Site Esafaz\" \/>\r\n<meta property=\"og:description\" content=\"Evento Dia das Crian\u00e7as SEFAZ-PE EVENTO &#8211; DIA DAS CRIAN\u00c7AS Em Outubro de 2023, a Ger\u00eancia do Programa de Educa\u00e7\u00e3o Fiscal (GPEF) em parceria com a Ger\u00eancia de Desenvolvimento de Pessoas (GDEP) realizou o evento em comemora\u00e7\u00e3o ao dia das crian\u00e7as no Espa\u00e7o Memorial SEFAZ. O evento contou com a participa\u00e7\u00e3o dos filhos de servidores ... Ler mais\" \/>\r\n<meta property=\"og:url\" content=\"https:\/\/portalesafaz.sefaz.pe.gov.br\/index.php\/evento-dia-das-criancas\/\" \/>\r\n<meta property=\"og:site_name\" content=\"Site Esafaz\" \/>\r\n<meta property=\"article:modified_time\" content=\"2024-09-20T14:56:14+00:00\" \/>\r\n<meta property=\"og:image\" content=\"https:\/\/portalesafaz.sefaz.pe.gov.br\/wp-content\/uploads\/2024\/09\/diadascriancas.png\" \/>\r\n<meta name=\"twitter:card\" content=\"summary_large_image\" \/>\r\n<meta name=\"twitter:label1\" content=\"Est. tempo de leitura\" \/>\n\t<meta name=\"twitter:data1\" content=\"2 minutos\" \/>\r\n<script type=\"application\/ld+json\" class=\"yoast-schema-graph\">{\"@context\":\"https:\/\/schema.org\",\"@graph\":[{\"@type\":\"WebPage\",\"@id\":\"https:\/\/portalesafaz.sefaz.pe.gov.br\/index.php\/evento-dia-das-criancas\/\",\"url\":\"https:\/\/portalesafaz.sefaz.pe.gov.br\/index.php\/evento-dia-das-criancas\/\",\"name\":\"EVENTO - DIA DAS CRIAN\u00c7AS - Site Esafaz\",\"isPartOf\":{\"@id\":\"http:\/\/localhost\/#website\"},\"primaryImageOfPage\":{\"@id\":\"https:\/\/portalesafaz.sefaz.pe.gov.br\/index.php\/evento-dia-das-criancas\/#primaryimage\"},\"image\":{\"@id\":\"https:\/\/portalesafaz.sefaz.pe.gov.br\/index.php\/evento-dia-das-criancas\/#primaryimage\"},\"thumbnailUrl\":\"https:\/\/portalesafaz.sefaz.pe.gov.br\/wp-content\/uploads\/2024\/09\/diadascriancas.png\",\"datePublished\":\"2024-09-18T18:34:40+00:00\",\"dateModified\":\"2024-09-20T14:56:14+00:00\",\"breadcrumb\":{\"@id\":\"https:\/\/portalesafaz.sefaz.pe.gov.br\/index.php\/evento-dia-das-criancas\/#breadcrumb\"},\"inLanguage\":\"pt-BR\",\"potentialAction\":[{\"@type\":\"ReadAction\",\"target\":[\"https:\/\/portalesafaz.sefaz.pe.gov.br\/index.php\/evento-dia-das-criancas\/\"]}]},{\"@type\":\"ImageObject\",\"inLanguage\":\"pt-BR\",\"@id\":\"https:\/\/portalesafaz.sefaz.pe.gov.br\/index.php\/evento-dia-das-criancas\/#primaryimage\",\"url\":\"https:\/\/portalesafaz.sefaz.pe.gov.br\/wp-content\/uploads\/2024\/09\/diadascriancas.png\",\"contentUrl\":\"https:\/\/portalesafaz.sefaz.pe.gov.br\/wp-content\/uploads\/2024\/09\/diadascriancas.png\"},{\"@type\":\"BreadcrumbList\",\"@id\":\"https:\/\/portalesafaz.sefaz.pe.gov.br\/index.php\/evento-dia-das-criancas\/#breadcrumb\",\"itemListElement\":[{\"@type\":\"ListItem\",\"position\":1,\"name\":\"In\u00edcio\",\"item\":\"https:\/\/esafaz.sefaz.pe.gov.br\/\"},{\"@type\":\"ListItem\",\"position\":2,\"name\":\"EVENTO &#8211; DIA DAS CRIAN\u00c7AS\"}]},{\"@type\":\"WebSite\",\"@id\":\"http:\/\/localhost\/#website\",\"url\":\"http:\/\/localhost\/\",\"name\":\"Portal Esafaz\",\"description\":\"\",\"publisher\":{\"@id\":\"http:\/\/localhost\/#organization\"},\"potentialAction\":[{\"@type\":\"SearchAction\",\"target\":{\"@type\":\"EntryPoint\",\"urlTemplate\":\"http:\/\/localhost\/?s={search_term_string}\"},\"query-input\":{\"@type\":\"PropertyValueSpecification\",\"valueRequired\":true,\"valueName\":\"search_term_string\"}}],\"inLanguage\":\"pt-BR\"},{\"@type\":\"Organization\",\"@id\":\"http:\/\/localhost\/#organization\",\"name\":\"Portal Esafaz\",\"url\":\"http:\/\/localhost\/\",\"logo\":{\"@type\":\"ImageObject\",\"inLanguage\":\"pt-BR\",\"@id\":\"http:\/\/localhost\/#\/schema\/logo\/image\/\",\"url\":\"https:\/\/portalesafaz.sefaz.pe.gov.br\/wp-content\/uploads\/2024\/04\/icone-esafaz.jpeg\",\"contentUrl\":\"https:\/\/portalesafaz.sefaz.pe.gov.br\/wp-content\/uploads\/2024\/04\/icone-esafaz.jpeg\",\"width\":300,\"height\":300,\"caption\":\"Portal Esafaz\"},\"image\":{\"@id\":\"http:\/\/localhost\/#\/schema\/logo\/image\/\"},\"sameAs\":[\"https:\/\/www.instagram.com\/esafazpe\/\"]}]}<\/script>\r\n<!-- \/ Yoast SEO plugin. -->","yoast_head_json":{"title":"EVENTO - DIA DAS CRIAN\u00c7AS - Site Esafaz","robots":{"index":"index","follow":"follow","max-snippet":"max-snippet:-1","max-image-preview":"max-image-preview:large","max-video-preview":"max-video-preview:-1"},"canonical":"https:\/\/portalesafaz.sefaz.pe.gov.br\/index.php\/evento-dia-das-criancas\/","og_locale":"pt_BR","og_type":"article","og_title":"EVENTO - DIA DAS CRIAN\u00c7AS - Site Esafaz","og_description":"Evento Dia das Crian\u00e7as SEFAZ-PE EVENTO &#8211; DIA DAS CRIAN\u00c7AS Em Outubro de 2023, a Ger\u00eancia do Programa de Educa\u00e7\u00e3o Fiscal (GPEF) em parceria com a Ger\u00eancia de Desenvolvimento de Pessoas (GDEP) realizou o evento em comemora\u00e7\u00e3o ao dia das crian\u00e7as no Espa\u00e7o Memorial SEFAZ. O evento contou com a participa\u00e7\u00e3o dos filhos de servidores ... Ler mais","og_url":"https:\/\/portalesafaz.sefaz.pe.gov.br\/index.php\/evento-dia-das-criancas\/","og_site_name":"Site Esafaz","article_modified_time":"2024-09-20T14:56:14+00:00","og_image":[{"url":"https:\/\/portalesafaz.sefaz.pe.gov.br\/wp-content\/uploads\/2024\/09\/diadascriancas.png","type":"","width":"","height":""}],"twitter_card":"summary_large_image","twitter_misc":{"Est. tempo de leitura":"2 minutos"},"schema":{"@context":"https:\/\/schema.org","@graph":[{"@type":"WebPage","@id":"https:\/\/portalesafaz.sefaz.pe.gov.br\/index.php\/evento-dia-das-criancas\/","url":"https:\/\/portalesafaz.sefaz.pe.gov.br\/index.php\/evento-dia-das-criancas\/","name":"EVENTO - DIA DAS CRIAN\u00c7AS - Site Esafaz","isPartOf":{"@id":"http:\/\/localhost\/#website"},"primaryImageOfPage":{"@id":"https:\/\/portalesafaz.sefaz.pe.gov.br\/index.php\/evento-dia-das-criancas\/#primaryimage"},"image":{"@id":"https:\/\/portalesafaz.sefaz.pe.gov.br\/index.php\/evento-dia-das-criancas\/#primaryimage"},"thumbnailUrl":"https:\/\/portalesafaz.sefaz.pe.gov.br\/wp-content\/uploads\/2024\/09\/diadascriancas.png","datePublished":"2024-09-18T18:34:40+00:00","dateModified":"2024-09-20T14:56:14+00:00","breadcrumb":{"@id":"https:\/\/portalesafaz.sefaz.pe.gov.br\/index.php\/evento-dia-das-criancas\/#breadcrumb"},"inLanguage":"pt-BR","potentialAction":[{"@type":"ReadAction","target":["https:\/\/portalesafaz.sefaz.pe.gov.br\/index.php\/evento-dia-das-criancas\/"]}]},{"@type":"ImageObject","inLanguage":"pt-BR","@id":"https:\/\/portalesafaz.sefaz.pe.gov.br\/index.php\/evento-dia-das-criancas\/#primaryimage","url":"https:\/\/portalesafaz.sefaz.pe.gov.br\/wp-content\/uploads\/2024\/09\/diadascriancas.png","contentUrl":"https:\/\/portalesafaz.sefaz.pe.gov.br\/wp-content\/uploads\/2024\/09\/diadascriancas.png"},{"@type":"BreadcrumbList","@id":"https:\/\/portalesafaz.sefaz.pe.gov.br\/index.php\/evento-dia-das-criancas\/#breadcrumb","itemListElement":[{"@type":"ListItem","position":1,"name":"In\u00edcio","item":"https:\/\/esafaz.sefaz.pe.gov.br\/"},{"@type":"ListItem","position":2,"name":"EVENTO &#8211; DIA DAS CRIAN\u00c7AS"}]},{"@type":"WebSite","@id":"http:\/\/localhost\/#website","url":"http:\/\/localhost\/","name":"Portal Esafaz","description":"","publisher":{"@id":"http:\/\/localhost\/#organization"},"potentialAction":[{"@type":"SearchAction","target":{"@type":"EntryPoint","urlTemplate":"http:\/\/localhost\/?s={search_term_string}"},"query-input":{"@type":"PropertyValueSpecification","valueRequired":true,"valueName":"search_term_string"}}],"inLanguage":"pt-BR"},{"@type":"Organization","@id":"http:\/\/localhost\/#organization","name":"Portal Esafaz","url":"http:\/\/localhost\/","logo":{"@type":"ImageObject","inLanguage":"pt-BR","@id":"http:\/\/localhost\/#\/schema\/logo\/image\/","url":"https:\/\/portalesafaz.sefaz.pe.gov.br\/wp-content\/uploads\/2024\/04\/icone-esafaz.jpeg","contentUrl":"https:\/\/portalesafaz.sefaz.pe.gov.br\/wp-content\/uploads\/2024\/04\/icone-esafaz.jpeg","width":300,"height":300,"caption":"Portal Esafaz"},"image":{"@id":"http:\/\/localhost\/#\/schema\/logo\/image\/"},"sameAs":["https:\/\/www.instagram.com\/esafazpe\/"]}]}},"jetpack_sharing_enabled":true,"_links":{"self":[{"href":"https:\/\/esafaz.sefaz.pe.gov.br\/index.php\/wp-json\/wp\/v2\/pages\/3364"}],"collection":[{"href":"https:\/\/esafaz.sefaz.pe.gov.br\/index.php\/wp-json\/wp\/v2\/pages"}],"about":[{"href":"https:\/\/esafaz.sefaz.pe.gov.br\/index.php\/wp-json\/wp\/v2\/types\/page"}],"author":[{"embeddable":true,"href":"https:\/\/esafaz.sefaz.pe.gov.br\/index.php\/wp-json\/wp\/v2\/users\/1"}],"replies":[{"embeddable":true,"href":"https:\/\/esafaz.sefaz.pe.gov.br\/index.php\/wp-json\/wp\/v2\/comments?post=3364"}],"version-history":[{"count":7,"href":"https:\/\/esafaz.sefaz.pe.gov.br\/index.php\/wp-json\/wp\/v2\/pages\/3364\/revisions"}],"predecessor-version":[{"id":3405,"href":"https:\/\/esafaz.sefaz.pe.gov.br\/index.php\/wp-json\/wp\/v2\/pages\/3364\/revisions\/3405"}],"wp:attachment":[{"href":"https:\/\/esafaz.sefaz.pe.gov.br\/index.php\/wp-json\/wp\/v2\/media?parent=3364"}],"curies":[{"name":"wp","href":"https:\/\/api.w.org\/{rel}","templated":true}]}}