{"id":3356,"date":"2024-09-18T15:25:33","date_gmt":"2024-09-18T18:25:33","guid":{"rendered":"https:\/\/portalesafaz.sefaz.pe.gov.br\/?page_id=3356"},"modified":"2024-09-20T12:00:58","modified_gmt":"2024-09-20T15:00:58","slug":"todos-a-bordo-auditores","status":"publish","type":"page","link":"https:\/\/esafaz.sefaz.pe.gov.br\/index.php\/todos-a-bordo-auditores\/","title":{"rendered":"TODOS A BORDO &#8211; AUDITORES"},"content":{"rendered":"\n<!DOCTYPE html>\n<html lang=\"pt-BR\">\n<head>\n    <meta charset=\"UTF-8\">\n    <meta name=\"viewport\" content=\"width=device-width, initial-scale=1.0\">\n    <link href=\"https:\/\/stackpath.bootstrapcdn.com\/bootstrap\/4.5.2\/css\/bootstrap.min.css\" rel=\"stylesheet\">\n    <title>Texto em torno da Imagem<\/title>\n    <style>\n        body {\n            background-color: #f8f9fa;\n        }\n\n        h2 {\n            color: #343a40;\n        }\n\n        \n\n        .image-wrap {\n            float: left; \/* Faz a imagem flutuar \u00e0 esquerda *\/\n            margin-right: 15px; \/* Espa\u00e7amento \u00e0 direita da imagem *\/\n            margin-bottom: 15px; \/* Espa\u00e7amento inferior para evitar que o texto fique muito pr\u00f3ximo *\/\n        }\n\n        .image-wrap img {\n            max-width: 250px; \/* Tamanho da imagem *\/\n            height: auto; \/* Mant\u00e9m a propor\u00e7\u00e3o da imagem *\/\n        }\n    <\/style>\n<\/head>\n<body>\n    <div class=\"container mt-5\">\n          <h1 style=\"text-align: center; \">TODOS A BORDO &#8211; AUDITORES<\/h1><\/br>\n        <div class=\"image-wrap\">\n            <img decoding=\"async\" src=\"https:\/\/portalesafaz.sefaz.pe.gov.br\/wp-content\/uploads\/2024\/09\/auditorestesouso.png\" alt=\"Imagem escola\" class=\"img-fluid\">\n        <\/div>\n  \n\n    <p>\n        Em setembro de 2023, a Secretaria da Fazenda de Pernambuco (SEFAZ-PE) promoveu a cerim\u00f4nia de boas-vindas aos novos auditores do tesouro estadual empossados recentemente. \n        O evento faz parte do programa de integra\u00e7\u00e3o &#8220;Todos a Bordo&#8221;, cujo prop\u00f3sito \u00e9 agregar e acolher os novos servidores.\n    <\/p>\n    <p>\n        Durante o evento, foram realizadas diversas palestras que abordaram as compet\u00eancias e atribui\u00e7\u00f5es de cada setor que comp\u00f5e a estrutura do \u00f3rg\u00e3o. Essa reuni\u00e3o proporcionou uma \n        oportunidade valiosa para os novos auditores se familiarizarem com suas fun\u00e7\u00f5es e responsabilidades dentro da SEFAZ, promovendo a integra\u00e7\u00e3o e o alinhamento com os objetivos \n        da institui\u00e7\u00e3o.\n    <\/p>\n    <p>\n        No dia 06 de setembro de 2023, a Ger\u00eancia do Programa de Educa\u00e7\u00e3o Fiscal (GPEF) se fez presente no evento por meio do Gestor, Mozart Nobre, que ressaltou a import\u00e2ncia do setor \n        para a SEFAZ, bem como a fun\u00e7\u00e3o social da Educa\u00e7\u00e3o Fiscal para a sociedade.\n    <\/p>\n    <\/div>\n\n    <script src=\"https:\/\/code.jquery.com\/jquery-3.5.1.slim.min.js\"><\/script>\n    <script src=\"https:\/\/cdn.jsdelivr.net\/npm\/@popperjs\/core@2.5.2\/dist\/umd\/popper.min.js\"><\/script>\n    <script src=\"https:\/\/stackpath.bootstrapcdn.com\/bootstrap\/4.5.2\/js\/bootstrap.min.js\"><\/script>\n<\/body>\n<\/html>\n\n\n\n<\/br><\/br><\/br>\n\n\n\n<p><\/p>\n","protected":false},"excerpt":{"rendered":"<p>Texto em torno da Imagem TODOS A BORDO &#8211; AUDITORES Em setembro de 2023, a Secretaria da Fazenda de Pernambuco (SEFAZ-PE) promoveu a cerim\u00f4nia de boas-vindas aos novos auditores do tesouro estadual empossados recentemente. O evento faz parte do programa de integra\u00e7\u00e3o &#8220;Todos a Bordo&#8221;, cujo prop\u00f3sito \u00e9 agregar e acolher os novos servidores. Durante &#8230; <a title=\"TODOS A BORDO &#8211; AUDITORES\" class=\"read-more\" href=\"https:\/\/esafaz.sefaz.pe.gov.br\/index.php\/todos-a-bordo-auditores\/\" aria-label=\"Read more about TODOS A BORDO &#8211; AUDITORES\">Ler mais<\/a><\/p>\n","protected":false},"author":1,"featured_media":0,"parent":0,"menu_order":0,"comment_status":"closed","ping_status":"closed","template":"","meta":{"inline_featured_image":false,"courseId":0,"footnotes":""},"class_list":["post-3356","page","type-page","status-publish"],"yoast_head":"<!-- This site is optimized with the Yoast SEO plugin v25.1 - https:\/\/yoast.com\/wordpress\/plugins\/seo\/ -->\r\n<title>TODOS A BORDO - AUDITORES - Site Esafaz<\/title>\r\n<meta name=\"robots\" content=\"index, follow, max-snippet:-1, max-image-preview:large, max-video-preview:-1\" \/>\r\n<link rel=\"canonical\" href=\"https:\/\/portalesafaz.sefaz.pe.gov.br\/index.php\/todos-a-bordo-auditores\/\" \/>\r\n<meta property=\"og:locale\" content=\"pt_BR\" \/>\r\n<meta property=\"og:type\" content=\"article\" \/>\r\n<meta property=\"og:title\" content=\"TODOS A BORDO - AUDITORES - Site Esafaz\" \/>\r\n<meta property=\"og:description\" content=\"Texto em torno da Imagem TODOS A BORDO &#8211; AUDITORES Em setembro de 2023, a Secretaria da Fazenda de Pernambuco (SEFAZ-PE) promoveu a cerim\u00f4nia de boas-vindas aos novos auditores do tesouro estadual empossados recentemente. O evento faz parte do programa de integra\u00e7\u00e3o &#8220;Todos a Bordo&#8221;, cujo prop\u00f3sito \u00e9 agregar e acolher os novos servidores. Durante ... Ler mais\" \/>\r\n<meta property=\"og:url\" content=\"https:\/\/portalesafaz.sefaz.pe.gov.br\/index.php\/todos-a-bordo-auditores\/\" \/>\r\n<meta property=\"og:site_name\" content=\"Site Esafaz\" \/>\r\n<meta property=\"article:modified_time\" content=\"2024-09-20T15:00:58+00:00\" \/>\r\n<meta property=\"og:image\" content=\"https:\/\/portalesafaz.sefaz.pe.gov.br\/wp-content\/uploads\/2024\/09\/auditorestesouso.png\" \/>\r\n<meta name=\"twitter:card\" content=\"summary_large_image\" \/>\r\n<meta name=\"twitter:label1\" content=\"Est. tempo de leitura\" \/>\n\t<meta name=\"twitter:data1\" content=\"2 minutos\" \/>\r\n<script type=\"application\/ld+json\" class=\"yoast-schema-graph\">{\"@context\":\"https:\/\/schema.org\",\"@graph\":[{\"@type\":\"WebPage\",\"@id\":\"https:\/\/portalesafaz.sefaz.pe.gov.br\/index.php\/todos-a-bordo-auditores\/\",\"url\":\"https:\/\/portalesafaz.sefaz.pe.gov.br\/index.php\/todos-a-bordo-auditores\/\",\"name\":\"TODOS A BORDO - AUDITORES - Site Esafaz\",\"isPartOf\":{\"@id\":\"http:\/\/localhost\/#website\"},\"primaryImageOfPage\":{\"@id\":\"https:\/\/portalesafaz.sefaz.pe.gov.br\/index.php\/todos-a-bordo-auditores\/#primaryimage\"},\"image\":{\"@id\":\"https:\/\/portalesafaz.sefaz.pe.gov.br\/index.php\/todos-a-bordo-auditores\/#primaryimage\"},\"thumbnailUrl\":\"https:\/\/portalesafaz.sefaz.pe.gov.br\/wp-content\/uploads\/2024\/09\/auditorestesouso.png\",\"datePublished\":\"2024-09-18T18:25:33+00:00\",\"dateModified\":\"2024-09-20T15:00:58+00:00\",\"breadcrumb\":{\"@id\":\"https:\/\/portalesafaz.sefaz.pe.gov.br\/index.php\/todos-a-bordo-auditores\/#breadcrumb\"},\"inLanguage\":\"pt-BR\",\"potentialAction\":[{\"@type\":\"ReadAction\",\"target\":[\"https:\/\/portalesafaz.sefaz.pe.gov.br\/index.php\/todos-a-bordo-auditores\/\"]}]},{\"@type\":\"ImageObject\",\"inLanguage\":\"pt-BR\",\"@id\":\"https:\/\/portalesafaz.sefaz.pe.gov.br\/index.php\/todos-a-bordo-auditores\/#primaryimage\",\"url\":\"https:\/\/portalesafaz.sefaz.pe.gov.br\/wp-content\/uploads\/2024\/09\/auditorestesouso.png\",\"contentUrl\":\"https:\/\/portalesafaz.sefaz.pe.gov.br\/wp-content\/uploads\/2024\/09\/auditorestesouso.png\"},{\"@type\":\"BreadcrumbList\",\"@id\":\"https:\/\/portalesafaz.sefaz.pe.gov.br\/index.php\/todos-a-bordo-auditores\/#breadcrumb\",\"itemListElement\":[{\"@type\":\"ListItem\",\"position\":1,\"name\":\"In\u00edcio\",\"item\":\"https:\/\/esafaz.sefaz.pe.gov.br\/\"},{\"@type\":\"ListItem\",\"position\":2,\"name\":\"TODOS A BORDO &#8211; AUDITORES\"}]},{\"@type\":\"WebSite\",\"@id\":\"http:\/\/localhost\/#website\",\"url\":\"http:\/\/localhost\/\",\"name\":\"Portal Esafaz\",\"description\":\"\",\"publisher\":{\"@id\":\"http:\/\/localhost\/#organization\"},\"potentialAction\":[{\"@type\":\"SearchAction\",\"target\":{\"@type\":\"EntryPoint\",\"urlTemplate\":\"http:\/\/localhost\/?s={search_term_string}\"},\"query-input\":{\"@type\":\"PropertyValueSpecification\",\"valueRequired\":true,\"valueName\":\"search_term_string\"}}],\"inLanguage\":\"pt-BR\"},{\"@type\":\"Organization\",\"@id\":\"http:\/\/localhost\/#organization\",\"name\":\"Portal Esafaz\",\"url\":\"http:\/\/localhost\/\",\"logo\":{\"@type\":\"ImageObject\",\"inLanguage\":\"pt-BR\",\"@id\":\"http:\/\/localhost\/#\/schema\/logo\/image\/\",\"url\":\"https:\/\/portalesafaz.sefaz.pe.gov.br\/wp-content\/uploads\/2024\/04\/icone-esafaz.jpeg\",\"contentUrl\":\"https:\/\/portalesafaz.sefaz.pe.gov.br\/wp-content\/uploads\/2024\/04\/icone-esafaz.jpeg\",\"width\":300,\"height\":300,\"caption\":\"Portal Esafaz\"},\"image\":{\"@id\":\"http:\/\/localhost\/#\/schema\/logo\/image\/\"},\"sameAs\":[\"https:\/\/www.instagram.com\/esafazpe\/\"]}]}<\/script>\r\n<!-- \/ Yoast SEO plugin. -->","yoast_head_json":{"title":"TODOS A BORDO - AUDITORES - Site Esafaz","robots":{"index":"index","follow":"follow","max-snippet":"max-snippet:-1","max-image-preview":"max-image-preview:large","max-video-preview":"max-video-preview:-1"},"canonical":"https:\/\/portalesafaz.sefaz.pe.gov.br\/index.php\/todos-a-bordo-auditores\/","og_locale":"pt_BR","og_type":"article","og_title":"TODOS A BORDO - AUDITORES - Site Esafaz","og_description":"Texto em torno da Imagem TODOS A BORDO &#8211; AUDITORES Em setembro de 2023, a Secretaria da Fazenda de Pernambuco (SEFAZ-PE) promoveu a cerim\u00f4nia de boas-vindas aos novos auditores do tesouro estadual empossados recentemente. O evento faz parte do programa de integra\u00e7\u00e3o &#8220;Todos a Bordo&#8221;, cujo prop\u00f3sito \u00e9 agregar e acolher os novos servidores. Durante ... Ler mais","og_url":"https:\/\/portalesafaz.sefaz.pe.gov.br\/index.php\/todos-a-bordo-auditores\/","og_site_name":"Site Esafaz","article_modified_time":"2024-09-20T15:00:58+00:00","og_image":[{"url":"https:\/\/portalesafaz.sefaz.pe.gov.br\/wp-content\/uploads\/2024\/09\/auditorestesouso.png","type":"","width":"","height":""}],"twitter_card":"summary_large_image","twitter_misc":{"Est. tempo de leitura":"2 minutos"},"schema":{"@context":"https:\/\/schema.org","@graph":[{"@type":"WebPage","@id":"https:\/\/portalesafaz.sefaz.pe.gov.br\/index.php\/todos-a-bordo-auditores\/","url":"https:\/\/portalesafaz.sefaz.pe.gov.br\/index.php\/todos-a-bordo-auditores\/","name":"TODOS A BORDO - AUDITORES - Site Esafaz","isPartOf":{"@id":"http:\/\/localhost\/#website"},"primaryImageOfPage":{"@id":"https:\/\/portalesafaz.sefaz.pe.gov.br\/index.php\/todos-a-bordo-auditores\/#primaryimage"},"image":{"@id":"https:\/\/portalesafaz.sefaz.pe.gov.br\/index.php\/todos-a-bordo-auditores\/#primaryimage"},"thumbnailUrl":"https:\/\/portalesafaz.sefaz.pe.gov.br\/wp-content\/uploads\/2024\/09\/auditorestesouso.png","datePublished":"2024-09-18T18:25:33+00:00","dateModified":"2024-09-20T15:00:58+00:00","breadcrumb":{"@id":"https:\/\/portalesafaz.sefaz.pe.gov.br\/index.php\/todos-a-bordo-auditores\/#breadcrumb"},"inLanguage":"pt-BR","potentialAction":[{"@type":"ReadAction","target":["https:\/\/portalesafaz.sefaz.pe.gov.br\/index.php\/todos-a-bordo-auditores\/"]}]},{"@type":"ImageObject","inLanguage":"pt-BR","@id":"https:\/\/portalesafaz.sefaz.pe.gov.br\/index.php\/todos-a-bordo-auditores\/#primaryimage","url":"https:\/\/portalesafaz.sefaz.pe.gov.br\/wp-content\/uploads\/2024\/09\/auditorestesouso.png","contentUrl":"https:\/\/portalesafaz.sefaz.pe.gov.br\/wp-content\/uploads\/2024\/09\/auditorestesouso.png"},{"@type":"BreadcrumbList","@id":"https:\/\/portalesafaz.sefaz.pe.gov.br\/index.php\/todos-a-bordo-auditores\/#breadcrumb","itemListElement":[{"@type":"ListItem","position":1,"name":"In\u00edcio","item":"https:\/\/esafaz.sefaz.pe.gov.br\/"},{"@type":"ListItem","position":2,"name":"TODOS A BORDO &#8211; AUDITORES"}]},{"@type":"WebSite","@id":"http:\/\/localhost\/#website","url":"http:\/\/localhost\/","name":"Portal Esafaz","description":"","publisher":{"@id":"http:\/\/localhost\/#organization"},"potentialAction":[{"@type":"SearchAction","target":{"@type":"EntryPoint","urlTemplate":"http:\/\/localhost\/?s={search_term_string}"},"query-input":{"@type":"PropertyValueSpecification","valueRequired":true,"valueName":"search_term_string"}}],"inLanguage":"pt-BR"},{"@type":"Organization","@id":"http:\/\/localhost\/#organization","name":"Portal Esafaz","url":"http:\/\/localhost\/","logo":{"@type":"ImageObject","inLanguage":"pt-BR","@id":"http:\/\/localhost\/#\/schema\/logo\/image\/","url":"https:\/\/portalesafaz.sefaz.pe.gov.br\/wp-content\/uploads\/2024\/04\/icone-esafaz.jpeg","contentUrl":"https:\/\/portalesafaz.sefaz.pe.gov.br\/wp-content\/uploads\/2024\/04\/icone-esafaz.jpeg","width":300,"height":300,"caption":"Portal Esafaz"},"image":{"@id":"http:\/\/localhost\/#\/schema\/logo\/image\/"},"sameAs":["https:\/\/www.instagram.com\/esafazpe\/"]}]}},"jetpack_sharing_enabled":true,"_links":{"self":[{"href":"https:\/\/esafaz.sefaz.pe.gov.br\/index.php\/wp-json\/wp\/v2\/pages\/3356"}],"collection":[{"href":"https:\/\/esafaz.sefaz.pe.gov.br\/index.php\/wp-json\/wp\/v2\/pages"}],"about":[{"href":"https:\/\/esafaz.sefaz.pe.gov.br\/index.php\/wp-json\/wp\/v2\/types\/page"}],"author":[{"embeddable":true,"href":"https:\/\/esafaz.sefaz.pe.gov.br\/index.php\/wp-json\/wp\/v2\/users\/1"}],"replies":[{"embeddable":true,"href":"https:\/\/esafaz.sefaz.pe.gov.br\/index.php\/wp-json\/wp\/v2\/comments?post=3356"}],"version-history":[{"count":9,"href":"https:\/\/esafaz.sefaz.pe.gov.br\/index.php\/wp-json\/wp\/v2\/pages\/3356\/revisions"}],"predecessor-version":[{"id":3408,"href":"https:\/\/esafaz.sefaz.pe.gov.br\/index.php\/wp-json\/wp\/v2\/pages\/3356\/revisions\/3408"}],"wp:attachment":[{"href":"https:\/\/esafaz.sefaz.pe.gov.br\/index.php\/wp-json\/wp\/v2\/media?parent=3356"}],"curies":[{"name":"wp","href":"https:\/\/api.w.org\/{rel}","templated":true}]}}