{"id":3346,"date":"2024-09-18T15:07:50","date_gmt":"2024-09-18T18:07:50","guid":{"rendered":"https:\/\/portalesafaz.sefaz.pe.gov.br\/?page_id=3346"},"modified":"2024-09-20T11:47:36","modified_gmt":"2024-09-20T14:47:36","slug":"projeto-cidadania-sefaz","status":"publish","type":"page","link":"https:\/\/esafaz.sefaz.pe.gov.br\/index.php\/projeto-cidadania-sefaz\/","title":{"rendered":"PROJETO CIDADANIA SEFAZ\u00a0"},"content":{"rendered":"\n<p class=\"has-text-align-center\"><\/p>\n\n\n\n<!DOCTYPE html>\n<html lang=\"pt-BR\">\n<head>\n    <meta charset=\"UTF-8\">\n    <meta name=\"viewport\" content=\"width=device-width, initial-scale=1.0\">\n    <link href=\"https:\/\/stackpath.bootstrapcdn.com\/bootstrap\/4.5.2\/css\/bootstrap.min.css\" rel=\"stylesheet\">\n    <title>Texto em torno da Imagem<\/title>\n    <style>\n        body {\n            background-color: #f8f9fa;\n        }\n\n        h2 {\n            color: #343a40;\n        }\n\n        \n\n        .image-wrap {\n            float: left; \/* Faz a imagem flutuar \u00e0 esquerda *\/\n            margin-right: 15px; \/* Espa\u00e7amento \u00e0 direita da imagem *\/\n            margin-bottom: 15px; \/* Espa\u00e7amento inferior para evitar que o texto fique muito pr\u00f3ximo *\/\n        }\n\n        .image-wrap img {\n            max-width: 350px; \/* Tamanho da imagem *\/\n            height: auto; \/* Mant\u00e9m a propor\u00e7\u00e3o da imagem *\/\n        }\n    <\/style>\n<\/head>\n<body>\n    <div class=\"container mt-5\">\n          <h1 style=\"text-align: center; \">Projeto Cidadania Sefaz<\/h1><\/br>\n        <div class=\"image-wrap\">\n            <img decoding=\"async\" src=\"https:\/\/portalesafaz.sefaz.pe.gov.br\/wp-content\/uploads\/2024\/09\/Logo-EF.png\" alt=\"Imagem escola\" class=\"img-fluid\">\n        <\/div>\n  \n\n    <p>\n        A <strong>SGP<\/strong>, por meio da <strong>Ger\u00eancia do Programa de Educa\u00e7\u00e3o Fiscal (GPEF)<\/strong>, deu in\u00edcio no m\u00eas de abril \u00e0 \n        2\u00aa edi\u00e7\u00e3o da Forma\u00e7\u00e3o Cidad\u00e3, uma das a\u00e7\u00f5es do projeto de moderniza\u00e7\u00e3o da Educa\u00e7\u00e3o Fiscal, o projeto \n        <strong>\u201cCidadania Sefaz\u201d<\/strong>. A Forma\u00e7\u00e3o visa sensibilizar os estagi\u00e1rios da SEFAZ para a \n        cidadania ativa, objetivando o conhecimento do controle social e fiscal do Estado, como sugere o texto base do \n        <strong>Programa Nacional de Educa\u00e7\u00e3o Fiscal (PNEF)<\/strong>, promovendo assim a dissemina\u00e7\u00e3o e o fortalecimento da tem\u00e1tica.\n    <\/p>\n\n    <p>\n        A Forma\u00e7\u00e3o \u00e9 composta por <strong>11 aulas<\/strong> no formato online, englobando temas pertinentes \u00e0 Educa\u00e7\u00e3o Fiscal em linguagem mais did\u00e1tica e atrativa. \n        O evento conta com a participa\u00e7\u00e3o dos palestrantes da SEFAZ: <span style=\"color: #3f51b5;\">Cirlene Botelho<\/span>, <span style=\"color: #3f51b5;\">Paulo Galdino<\/span> e \n        <span style=\"color: #3f51b5;\">Paulo Queiroz<\/span>, e tamb\u00e9m com o palestrante <span style=\"color: #3f51b5;\">Eduardo Maia<\/span> do <strong>TCE<\/strong>.\n    <\/p>\n\n    <p>\n        Assim, \u00e9 pertinente compartilhar com toda a SEFAZ essa a\u00e7\u00e3o voltada para o p\u00fablico jovem, que possibilita a dissemina\u00e7\u00e3o da Educa\u00e7\u00e3o Fiscal no espa\u00e7o interno, tra\u00e7ando \n        um caminho importante para a vida futura dos aprendizes.\n    <\/p>\n\n    <p>\n        A culmin\u00e2ncia da Forma\u00e7\u00e3o ocorreu no dia 29 de junho de 2022 e nessa ocasi\u00e3o houve premia\u00e7\u00e3o aos estagi\u00e1rios que tiveram os melhores \n        trabalhos desenvolvidos sobre os temas da Educa\u00e7\u00e3o Fiscal.\n    <\/p>\n    <\/div>\n\n    <script src=\"https:\/\/code.jquery.com\/jquery-3.5.1.slim.min.js\"><\/script>\n    <script src=\"https:\/\/cdn.jsdelivr.net\/npm\/@popperjs\/core@2.5.2\/dist\/umd\/popper.min.js\"><\/script>\n    <script src=\"https:\/\/stackpath.bootstrapcdn.com\/bootstrap\/4.5.2\/js\/bootstrap.min.js\"><\/script>\n<\/body>\n<\/html>\n\n\n\n<\/br><\/br><\/br>\n","protected":false},"excerpt":{"rendered":"<p>Texto em torno da Imagem Projeto Cidadania Sefaz A SGP, por meio da Ger\u00eancia do Programa de Educa\u00e7\u00e3o Fiscal (GPEF), deu in\u00edcio no m\u00eas de abril \u00e0 2\u00aa edi\u00e7\u00e3o da Forma\u00e7\u00e3o Cidad\u00e3, uma das a\u00e7\u00f5es do projeto de moderniza\u00e7\u00e3o da Educa\u00e7\u00e3o Fiscal, o projeto \u201cCidadania Sefaz\u201d. A Forma\u00e7\u00e3o visa sensibilizar os estagi\u00e1rios da SEFAZ para &#8230; <a title=\"PROJETO CIDADANIA SEFAZ\u00a0\" class=\"read-more\" href=\"https:\/\/esafaz.sefaz.pe.gov.br\/index.php\/projeto-cidadania-sefaz\/\" aria-label=\"Read more about PROJETO CIDADANIA SEFAZ\u00a0\">Ler mais<\/a><\/p>\n","protected":false},"author":1,"featured_media":0,"parent":0,"menu_order":0,"comment_status":"closed","ping_status":"closed","template":"","meta":{"inline_featured_image":false,"courseId":0,"footnotes":""},"class_list":["post-3346","page","type-page","status-publish"],"yoast_head":"<!-- This site is optimized with the Yoast SEO plugin v25.1 - https:\/\/yoast.com\/wordpress\/plugins\/seo\/ -->\r\n<title>PROJETO CIDADANIA SEFAZ\u00a0 - Site Esafaz<\/title>\r\n<meta name=\"robots\" content=\"index, follow, max-snippet:-1, max-image-preview:large, max-video-preview:-1\" \/>\r\n<link rel=\"canonical\" href=\"https:\/\/portalesafaz.sefaz.pe.gov.br\/index.php\/projeto-cidadania-sefaz\/\" \/>\r\n<meta property=\"og:locale\" content=\"pt_BR\" \/>\r\n<meta property=\"og:type\" content=\"article\" \/>\r\n<meta property=\"og:title\" content=\"PROJETO CIDADANIA SEFAZ\u00a0 - Site Esafaz\" \/>\r\n<meta property=\"og:description\" content=\"Texto em torno da Imagem Projeto Cidadania Sefaz A SGP, por meio da Ger\u00eancia do Programa de Educa\u00e7\u00e3o Fiscal (GPEF), deu in\u00edcio no m\u00eas de abril \u00e0 2\u00aa edi\u00e7\u00e3o da Forma\u00e7\u00e3o Cidad\u00e3, uma das a\u00e7\u00f5es do projeto de moderniza\u00e7\u00e3o da Educa\u00e7\u00e3o Fiscal, o projeto \u201cCidadania Sefaz\u201d. A Forma\u00e7\u00e3o visa sensibilizar os estagi\u00e1rios da SEFAZ para ... Ler mais\" \/>\r\n<meta property=\"og:url\" content=\"https:\/\/portalesafaz.sefaz.pe.gov.br\/index.php\/projeto-cidadania-sefaz\/\" \/>\r\n<meta property=\"og:site_name\" content=\"Site Esafaz\" \/>\r\n<meta property=\"article:modified_time\" content=\"2024-09-20T14:47:36+00:00\" \/>\r\n<meta property=\"og:image\" content=\"https:\/\/portalesafaz.sefaz.pe.gov.br\/wp-content\/uploads\/2024\/09\/Logo-EF.png\" \/>\r\n<meta name=\"twitter:card\" content=\"summary_large_image\" \/>\r\n<meta name=\"twitter:label1\" content=\"Est. tempo de leitura\" \/>\n\t<meta name=\"twitter:data1\" content=\"2 minutos\" \/>\r\n<script type=\"application\/ld+json\" class=\"yoast-schema-graph\">{\"@context\":\"https:\/\/schema.org\",\"@graph\":[{\"@type\":\"WebPage\",\"@id\":\"https:\/\/portalesafaz.sefaz.pe.gov.br\/index.php\/projeto-cidadania-sefaz\/\",\"url\":\"https:\/\/portalesafaz.sefaz.pe.gov.br\/index.php\/projeto-cidadania-sefaz\/\",\"name\":\"PROJETO CIDADANIA SEFAZ\u00a0 - Site Esafaz\",\"isPartOf\":{\"@id\":\"http:\/\/localhost\/#website\"},\"primaryImageOfPage\":{\"@id\":\"https:\/\/portalesafaz.sefaz.pe.gov.br\/index.php\/projeto-cidadania-sefaz\/#primaryimage\"},\"image\":{\"@id\":\"https:\/\/portalesafaz.sefaz.pe.gov.br\/index.php\/projeto-cidadania-sefaz\/#primaryimage\"},\"thumbnailUrl\":\"https:\/\/portalesafaz.sefaz.pe.gov.br\/wp-content\/uploads\/2024\/09\/Logo-EF.png\",\"datePublished\":\"2024-09-18T18:07:50+00:00\",\"dateModified\":\"2024-09-20T14:47:36+00:00\",\"breadcrumb\":{\"@id\":\"https:\/\/portalesafaz.sefaz.pe.gov.br\/index.php\/projeto-cidadania-sefaz\/#breadcrumb\"},\"inLanguage\":\"pt-BR\",\"potentialAction\":[{\"@type\":\"ReadAction\",\"target\":[\"https:\/\/portalesafaz.sefaz.pe.gov.br\/index.php\/projeto-cidadania-sefaz\/\"]}]},{\"@type\":\"ImageObject\",\"inLanguage\":\"pt-BR\",\"@id\":\"https:\/\/portalesafaz.sefaz.pe.gov.br\/index.php\/projeto-cidadania-sefaz\/#primaryimage\",\"url\":\"https:\/\/portalesafaz.sefaz.pe.gov.br\/wp-content\/uploads\/2024\/09\/Logo-EF.png\",\"contentUrl\":\"https:\/\/portalesafaz.sefaz.pe.gov.br\/wp-content\/uploads\/2024\/09\/Logo-EF.png\"},{\"@type\":\"BreadcrumbList\",\"@id\":\"https:\/\/portalesafaz.sefaz.pe.gov.br\/index.php\/projeto-cidadania-sefaz\/#breadcrumb\",\"itemListElement\":[{\"@type\":\"ListItem\",\"position\":1,\"name\":\"In\u00edcio\",\"item\":\"https:\/\/esafaz.sefaz.pe.gov.br\/\"},{\"@type\":\"ListItem\",\"position\":2,\"name\":\"PROJETO CIDADANIA SEFAZ\u00a0\"}]},{\"@type\":\"WebSite\",\"@id\":\"http:\/\/localhost\/#website\",\"url\":\"http:\/\/localhost\/\",\"name\":\"Portal Esafaz\",\"description\":\"\",\"publisher\":{\"@id\":\"http:\/\/localhost\/#organization\"},\"potentialAction\":[{\"@type\":\"SearchAction\",\"target\":{\"@type\":\"EntryPoint\",\"urlTemplate\":\"http:\/\/localhost\/?s={search_term_string}\"},\"query-input\":{\"@type\":\"PropertyValueSpecification\",\"valueRequired\":true,\"valueName\":\"search_term_string\"}}],\"inLanguage\":\"pt-BR\"},{\"@type\":\"Organization\",\"@id\":\"http:\/\/localhost\/#organization\",\"name\":\"Portal Esafaz\",\"url\":\"http:\/\/localhost\/\",\"logo\":{\"@type\":\"ImageObject\",\"inLanguage\":\"pt-BR\",\"@id\":\"http:\/\/localhost\/#\/schema\/logo\/image\/\",\"url\":\"https:\/\/portalesafaz.sefaz.pe.gov.br\/wp-content\/uploads\/2024\/04\/icone-esafaz.jpeg\",\"contentUrl\":\"https:\/\/portalesafaz.sefaz.pe.gov.br\/wp-content\/uploads\/2024\/04\/icone-esafaz.jpeg\",\"width\":300,\"height\":300,\"caption\":\"Portal Esafaz\"},\"image\":{\"@id\":\"http:\/\/localhost\/#\/schema\/logo\/image\/\"},\"sameAs\":[\"https:\/\/www.instagram.com\/esafazpe\/\"]}]}<\/script>\r\n<!-- \/ Yoast SEO plugin. -->","yoast_head_json":{"title":"PROJETO CIDADANIA SEFAZ\u00a0 - Site Esafaz","robots":{"index":"index","follow":"follow","max-snippet":"max-snippet:-1","max-image-preview":"max-image-preview:large","max-video-preview":"max-video-preview:-1"},"canonical":"https:\/\/portalesafaz.sefaz.pe.gov.br\/index.php\/projeto-cidadania-sefaz\/","og_locale":"pt_BR","og_type":"article","og_title":"PROJETO CIDADANIA SEFAZ\u00a0 - Site Esafaz","og_description":"Texto em torno da Imagem Projeto Cidadania Sefaz A SGP, por meio da Ger\u00eancia do Programa de Educa\u00e7\u00e3o Fiscal (GPEF), deu in\u00edcio no m\u00eas de abril \u00e0 2\u00aa edi\u00e7\u00e3o da Forma\u00e7\u00e3o Cidad\u00e3, uma das a\u00e7\u00f5es do projeto de moderniza\u00e7\u00e3o da Educa\u00e7\u00e3o Fiscal, o projeto \u201cCidadania Sefaz\u201d. A Forma\u00e7\u00e3o visa sensibilizar os estagi\u00e1rios da SEFAZ para ... Ler mais","og_url":"https:\/\/portalesafaz.sefaz.pe.gov.br\/index.php\/projeto-cidadania-sefaz\/","og_site_name":"Site Esafaz","article_modified_time":"2024-09-20T14:47:36+00:00","og_image":[{"url":"https:\/\/portalesafaz.sefaz.pe.gov.br\/wp-content\/uploads\/2024\/09\/Logo-EF.png","type":"","width":"","height":""}],"twitter_card":"summary_large_image","twitter_misc":{"Est. tempo de leitura":"2 minutos"},"schema":{"@context":"https:\/\/schema.org","@graph":[{"@type":"WebPage","@id":"https:\/\/portalesafaz.sefaz.pe.gov.br\/index.php\/projeto-cidadania-sefaz\/","url":"https:\/\/portalesafaz.sefaz.pe.gov.br\/index.php\/projeto-cidadania-sefaz\/","name":"PROJETO CIDADANIA SEFAZ\u00a0 - Site Esafaz","isPartOf":{"@id":"http:\/\/localhost\/#website"},"primaryImageOfPage":{"@id":"https:\/\/portalesafaz.sefaz.pe.gov.br\/index.php\/projeto-cidadania-sefaz\/#primaryimage"},"image":{"@id":"https:\/\/portalesafaz.sefaz.pe.gov.br\/index.php\/projeto-cidadania-sefaz\/#primaryimage"},"thumbnailUrl":"https:\/\/portalesafaz.sefaz.pe.gov.br\/wp-content\/uploads\/2024\/09\/Logo-EF.png","datePublished":"2024-09-18T18:07:50+00:00","dateModified":"2024-09-20T14:47:36+00:00","breadcrumb":{"@id":"https:\/\/portalesafaz.sefaz.pe.gov.br\/index.php\/projeto-cidadania-sefaz\/#breadcrumb"},"inLanguage":"pt-BR","potentialAction":[{"@type":"ReadAction","target":["https:\/\/portalesafaz.sefaz.pe.gov.br\/index.php\/projeto-cidadania-sefaz\/"]}]},{"@type":"ImageObject","inLanguage":"pt-BR","@id":"https:\/\/portalesafaz.sefaz.pe.gov.br\/index.php\/projeto-cidadania-sefaz\/#primaryimage","url":"https:\/\/portalesafaz.sefaz.pe.gov.br\/wp-content\/uploads\/2024\/09\/Logo-EF.png","contentUrl":"https:\/\/portalesafaz.sefaz.pe.gov.br\/wp-content\/uploads\/2024\/09\/Logo-EF.png"},{"@type":"BreadcrumbList","@id":"https:\/\/portalesafaz.sefaz.pe.gov.br\/index.php\/projeto-cidadania-sefaz\/#breadcrumb","itemListElement":[{"@type":"ListItem","position":1,"name":"In\u00edcio","item":"https:\/\/esafaz.sefaz.pe.gov.br\/"},{"@type":"ListItem","position":2,"name":"PROJETO CIDADANIA SEFAZ\u00a0"}]},{"@type":"WebSite","@id":"http:\/\/localhost\/#website","url":"http:\/\/localhost\/","name":"Portal Esafaz","description":"","publisher":{"@id":"http:\/\/localhost\/#organization"},"potentialAction":[{"@type":"SearchAction","target":{"@type":"EntryPoint","urlTemplate":"http:\/\/localhost\/?s={search_term_string}"},"query-input":{"@type":"PropertyValueSpecification","valueRequired":true,"valueName":"search_term_string"}}],"inLanguage":"pt-BR"},{"@type":"Organization","@id":"http:\/\/localhost\/#organization","name":"Portal Esafaz","url":"http:\/\/localhost\/","logo":{"@type":"ImageObject","inLanguage":"pt-BR","@id":"http:\/\/localhost\/#\/schema\/logo\/image\/","url":"https:\/\/portalesafaz.sefaz.pe.gov.br\/wp-content\/uploads\/2024\/04\/icone-esafaz.jpeg","contentUrl":"https:\/\/portalesafaz.sefaz.pe.gov.br\/wp-content\/uploads\/2024\/04\/icone-esafaz.jpeg","width":300,"height":300,"caption":"Portal Esafaz"},"image":{"@id":"http:\/\/localhost\/#\/schema\/logo\/image\/"},"sameAs":["https:\/\/www.instagram.com\/esafazpe\/"]}]}},"jetpack_sharing_enabled":true,"_links":{"self":[{"href":"https:\/\/esafaz.sefaz.pe.gov.br\/index.php\/wp-json\/wp\/v2\/pages\/3346"}],"collection":[{"href":"https:\/\/esafaz.sefaz.pe.gov.br\/index.php\/wp-json\/wp\/v2\/pages"}],"about":[{"href":"https:\/\/esafaz.sefaz.pe.gov.br\/index.php\/wp-json\/wp\/v2\/types\/page"}],"author":[{"embeddable":true,"href":"https:\/\/esafaz.sefaz.pe.gov.br\/index.php\/wp-json\/wp\/v2\/users\/1"}],"replies":[{"embeddable":true,"href":"https:\/\/esafaz.sefaz.pe.gov.br\/index.php\/wp-json\/wp\/v2\/comments?post=3346"}],"version-history":[{"count":17,"href":"https:\/\/esafaz.sefaz.pe.gov.br\/index.php\/wp-json\/wp\/v2\/pages\/3346\/revisions"}],"predecessor-version":[{"id":3392,"href":"https:\/\/esafaz.sefaz.pe.gov.br\/index.php\/wp-json\/wp\/v2\/pages\/3346\/revisions\/3392"}],"wp:attachment":[{"href":"https:\/\/esafaz.sefaz.pe.gov.br\/index.php\/wp-json\/wp\/v2\/media?parent=3346"}],"curies":[{"name":"wp","href":"https:\/\/api.w.org\/{rel}","templated":true}]}}