{"id":29,"date":"2024-04-17T10:13:54","date_gmt":"2024-04-17T13:13:54","guid":{"rendered":"http:\/\/localhost\/site\/?page_id=29"},"modified":"2026-04-15T11:31:04","modified_gmt":"2026-04-15T14:31:04","slug":"cursos-online","status":"publish","type":"page","link":"https:\/\/esafaz.sefaz.pe.gov.br\/index.php\/cursos-online\/","title":{"rendered":"Cursos Online"},"content":{"rendered":"\n<\/br><\/br><h1>Cursos Online<\/h1>\n<hr>\n<\/br>\n\n\n\n<!DOCTYPE html>\n<html lang=\"pt-br\">\n<head>\n  <meta charset=\"UTF-8\">\n  <meta name=\"viewport\" content=\"width=device-width, initial-scale=1.0\">\n  <title>Cursos Esafaz<\/title>\n\n  <link href=\"https:\/\/cdn.jsdelivr.net\/npm\/bootstrap@5.3.0\/dist\/css\/bootstrap.min.css\" rel=\"stylesheet\">\n\n  <style>\n    body {\n      background: #f5f7fa;\n    }\n\n    .card {\n      border: none;\n      border-radius: 12px;\n      overflow: hidden;\n      transition: 0.3s;\n      box-shadow: 0 4px 12px rgba(0,0,0,0.08);\n    }\n\n    .card:hover {\n      transform: translateY(-5px);\n      box-shadow: 0 8px 20px rgba(0,0,0,0.15);\n    }\n\n    .card img {\n      height: 215px;\n      object-fit: cover;\n    }\n\n    .card-body p {\n      font-size: 0.9rem;\n      margin-bottom: 6px;\n    }\n\n    .btn-status {\n      width: 100%;\n      font-weight: 500;\n    }\n  <\/style>\n<\/head>\n\n<body>\n\n<div class=\"container py-5\">\n  <div class=\"row\" id=\"cardsContainer\"><\/div>\n<\/div>\n\n<script>\nconst cursos = [\n{\n    titulo: \"Reforma Tribut\u00e1ria\",\n    imagem: \"https:\/\/esafaz.sefaz.pe.gov.br\/wp-content\/uploads\/2025\/10\/Apresentacao-Educacional-sobre-Principios-do-Design-em-Cartazes-com-Estilo-de-Grades-e-Quadros-Alinhados-em-Amarelo-e-Bege.png\",\n    docente: \"Diversos\",\n    publico: \"Fazend\u00e1rios\",\n    plataforma: \"Ambiente virtual da Sefaz\/MG\",\n    data: \"01 janeiro a 31 de dezembro\",\n    carga: \"20h\",\n    link: \"https:\/\/doity.com.br\/pre-inscricao-rt-2026\",\n    status: \"inscreva-se\"\n  },\n  {\n    titulo: \"Implanta\u00e7\u00e3o do M\u00f3dulo de Di\u00e1rias e Passagens da Central de Servi\u00e7os\",\n    imagem: \"https:\/\/esafaz.sefaz.pe.gov.br\/wp-content\/uploads\/2026\/04\/Implantacao-do-modulo-de-Diarias-e-Passagens-da-Central-de-Servicos.png\",\n    docente: \"Rafael Lins e Arthur Felipe\",\n    publico: \"Fazend\u00e1rios\",\n    plataforma: \"Teams\",\n    data: \"15 de abril\",\n    carga: \"1h\",\n    link: \"#\",\n    status: \"fechado\"\n  },\n  {\n    titulo: \"Esafaz + Enap\",\n    imagem: \"https:\/\/esafaz.sefaz.pe.gov.br\/wp-content\/uploads\/2025\/07\/formato-fhd.jpg\",\n    docente: \"Diversos\",\n    publico: \"Livre\",\n    plataforma: \"Escola Virtual do Governo\",\n    data: \"Aberta\",\n    carga: \"Livre\",\n    link: \"https:\/\/www.escolavirtual.gov.br\/p\/governope\",\n    status: \"inscreva-se\"\n  },\n{\n    titulo: \"Economia e Lideran\u00e7a Criativa\",\n    imagem: \"https:\/\/esafaz.sefaz.pe.gov.br\/wp-content\/uploads\/2024\/09\/EconomiaeLiderancaCriativa.png\",\n    docente: \"Equipe Esafaz\",\n    publico: \"Livre\",\n    plataforma: \"Moodle Esafaz\",\n    data: \"Aberta\",\n    carga: \"20h\",\n    link: \"https:\/\/esafaz.sefaz.pe.gov.br\/moodle\/course\/view.php?id=3\",\n    status: \"inscreva-se\"\n  },\n{\n    titulo: \"Gest\u00e3o P\u00fablica e Colaborativa\",\n    imagem: \"https:\/\/esafaz.sefaz.pe.gov.br\/wp-content\/uploads\/2024\/09\/GestaoPublicaColaborativa.png\",\n    docente: \"Equipe Esafaz\",\n    publico: \"Livre\",\n    plataforma: \"Moodle Esafaz\",\n    data: \"Aberta\",\n    carga: \"20h\",\n    link: \"https:\/\/esafaz.sefaz.pe.gov.br\/moodle\/course\/view.php?id=6\",\n    status: \"inscreva-se\"\n  },\n{\n    titulo: \"Planejamento e Inova\u00e7\u00e3o\",\n    imagem: \"https:\/\/esafaz.sefaz.pe.gov.br\/wp-content\/uploads\/2024\/09\/novo-capa-moodle.png\",\n    docente: \"Equipe Esafaz\",\n    publico: \"Livre\",\n    plataforma: \"Moodle Esafaz\",\n    data: \"Aberta\",\n    carga: \"20h\",\n    link: \"https:\/\/esafaz.sefaz.pe.gov.br\/moodle\/course\/view.php?id=5\",\n    status: \"inscreva-se\"\n  },\n{\n    titulo: \"Projeto Assinatura Digital\",\n    imagem: \"https:\/\/esafaz.sefaz.pe.gov.br\/wp-content\/uploads\/2024\/09\/PAE.png\",\n    docente: \"Equipe Esafaz\",\n    publico: \"Livre\",\n    plataforma: \"Moodle Esafaz\",\n    data: \"Aberta\",\n    carga: \"20h\",\n    link: \"https:\/\/esafaz.sefaz.pe.gov.br\/moodle\/course\/view.php?id=13\",\n    status: \"inscreva-se\"\n  },\n{\n    titulo: \"Treinamento GHD\",\n    imagem: \"https:\/\/esafaz.sefaz.pe.gov.br\/wp-content\/uploads\/2024\/09\/tghd.png\",\n    docente: \"Vanessa Helena\",\n    publico: \"Exclusivo GGTI\",\n    plataforma: \"Moodle Esafaz\",\n    data: \"Aberta\",\n    carga: \"20h\",\n    link: \"#\",\n    status: \"exclusivo\"\n  },\n{\n    titulo: \"Treinamento Scrum Master\",\n    imagem: \"https:\/\/esafaz.sefaz.pe.gov.br\/wp-content\/uploads\/2024\/09\/tsm.png\",\n    docente: \"Vanessa Helena\",\n    publico: \"Exclusivo GGTI\",\n    plataforma: \"Moodle Esafaz\",\n    data: \"Aberta\",\n    carga: \"20h\",\n    link: \"#\",\n    status: \"exclusivo\"\n  },\n{\n    titulo: \"Treinamento Desen. de Sistemas\",\n    imagem: \"https:\/\/esafaz.sefaz.pe.gov.br\/wp-content\/uploads\/2024\/09\/tds.png\",\n    docente: \"Vanessa Helena\",\n    publico: \"Exclusivo GGTI\",\n    plataforma: \"Moodle Esafaz\",\n    data: \"Aberta\",\n    carga: \"20h\",\n    link: \"#\",\n    status: \"exclusivo\"\n  },\n{\n    titulo: \"Treinamento GEIN\",\n    imagem: \"https:\/\/esafaz.sefaz.pe.gov.br\/wp-content\/uploads\/2024\/09\/treinamentoGEIN.png\",\n    docente: \"Vanessa Helena\",\n    publico: \"Exclusivo GGTI\",\n    plataforma: \"Moodle Esafaz\",\n    data: \"Aberta\",\n    carga: \"20h\",\n    link: \"#\",\n    status: \"exclusivo\"\n  }\n];\n\n\/\/ Define bot\u00e3o por status\nfunction getBotao(status, link) {\n  if (status === \"inscreva-se\") {\n    return `<a href=\"${link}\" target=\"_blank\" class=\"btn btn-success btn-status\">INSCREVA-SE<\/a>`;\n  }\n  if (status === \"fechado\") {\n    return `<button class=\"btn btn-danger btn-status\" disabled>FECHADO<\/button>`;\n  }\n  if (status === \"exclusivo\") {\n    return `<a href=\"${link}\" target=\"_blank\" class=\"btn btn-warning btn-status\">EXCLUSIVO<\/a>`;\n  }\n}\n\n\/\/ Renderiza os cards\nconst container = document.getElementById(\"cardsContainer\");\n\ncursos.forEach(curso => {\n  container.innerHTML += `\n    <div class=\"col-md-4 mb-4\">\n      <div class=\"card h-100\">\n\n        <img decoding=\"async\" src=\"${curso.imagem}\" alt=\"${curso.titulo}\">\n\n        <div class=\"card-body\">\n          <h5 class=\"card-title\">${curso.titulo}<\/h5>\n\n          <p>\ud83d\udc68\u200d\ud83c\udfeb Docente: ${curso.docente}<\/p>\n          <p>\ud83d\udc65 P\u00fablico: ${curso.publico}<\/p>\n          <p>\ud83d\udcbb Plataforma: ${curso.plataforma}<\/p>\n          <p>\ud83d\udcc5 Data: ${curso.data}<\/p>\n          <p>\u23f1 Carga hor\u00e1ria: ${curso.carga}<\/p>\n        <\/div>\n\n        <div class=\"card-footer bg-white border-0\">\n          ${getBotao(curso.status, curso.link)}\n        <\/div>\n\n      <\/div>\n    <\/div>\n  `;\n});\n<\/script>\n\n<\/body>\n<\/html>\n\n\n\n<\/br> <\/br> <\/br>\n\n\n\n<p><\/p>\n","protected":false},"excerpt":{"rendered":"<p>Cursos Online Cursos Esafaz<\/p>\n","protected":false},"author":1,"featured_media":0,"parent":0,"menu_order":0,"comment_status":"closed","ping_status":"closed","template":"","meta":{"inline_featured_image":false,"courseId":0,"footnotes":""},"class_list":["post-29","page","type-page","status-publish"],"yoast_head":"<!-- This site is optimized with the Yoast SEO plugin v25.1 - https:\/\/yoast.com\/wordpress\/plugins\/seo\/ -->\r\n<title>Cursos Online - Site Esafaz<\/title>\r\n<meta name=\"robots\" content=\"index, follow, max-snippet:-1, max-image-preview:large, max-video-preview:-1\" \/>\r\n<link rel=\"canonical\" href=\"https:\/\/esafaz.sefaz.pe.gov.br\/index.php\/cursos-online\/\" \/>\r\n<meta property=\"og:locale\" content=\"pt_BR\" \/>\r\n<meta property=\"og:type\" content=\"article\" \/>\r\n<meta property=\"og:title\" content=\"Cursos Online - Site Esafaz\" \/>\r\n<meta property=\"og:description\" content=\"Cursos Online Cursos Esafaz\" \/>\r\n<meta property=\"og:url\" content=\"https:\/\/esafaz.sefaz.pe.gov.br\/index.php\/cursos-online\/\" \/>\r\n<meta property=\"og:site_name\" content=\"Site Esafaz\" \/>\r\n<meta property=\"article:modified_time\" content=\"2026-04-15T14:31:04+00:00\" \/>\r\n<meta name=\"twitter:card\" content=\"summary_large_image\" \/>\r\n<meta name=\"twitter:label1\" content=\"Est. tempo de leitura\" \/>\n\t<meta name=\"twitter:data1\" content=\"1 minuto\" \/>\r\n<script type=\"application\/ld+json\" class=\"yoast-schema-graph\">{\"@context\":\"https:\/\/schema.org\",\"@graph\":[{\"@type\":\"WebPage\",\"@id\":\"https:\/\/esafaz.sefaz.pe.gov.br\/index.php\/cursos-online\/\",\"url\":\"https:\/\/esafaz.sefaz.pe.gov.br\/index.php\/cursos-online\/\",\"name\":\"Cursos Online - Site Esafaz\",\"isPartOf\":{\"@id\":\"http:\/\/localhost\/#website\"},\"datePublished\":\"2024-04-17T13:13:54+00:00\",\"dateModified\":\"2026-04-15T14:31:04+00:00\",\"breadcrumb\":{\"@id\":\"https:\/\/esafaz.sefaz.pe.gov.br\/index.php\/cursos-online\/#breadcrumb\"},\"inLanguage\":\"pt-BR\",\"potentialAction\":[{\"@type\":\"ReadAction\",\"target\":[\"https:\/\/esafaz.sefaz.pe.gov.br\/index.php\/cursos-online\/\"]}]},{\"@type\":\"BreadcrumbList\",\"@id\":\"https:\/\/esafaz.sefaz.pe.gov.br\/index.php\/cursos-online\/#breadcrumb\",\"itemListElement\":[{\"@type\":\"ListItem\",\"position\":1,\"name\":\"In\u00edcio\",\"item\":\"https:\/\/esafaz.sefaz.pe.gov.br\/\"},{\"@type\":\"ListItem\",\"position\":2,\"name\":\"Cursos Online\"}]},{\"@type\":\"WebSite\",\"@id\":\"http:\/\/localhost\/#website\",\"url\":\"http:\/\/localhost\/\",\"name\":\"Portal Esafaz\",\"description\":\"\",\"publisher\":{\"@id\":\"http:\/\/localhost\/#organization\"},\"potentialAction\":[{\"@type\":\"SearchAction\",\"target\":{\"@type\":\"EntryPoint\",\"urlTemplate\":\"http:\/\/localhost\/?s={search_term_string}\"},\"query-input\":{\"@type\":\"PropertyValueSpecification\",\"valueRequired\":true,\"valueName\":\"search_term_string\"}}],\"inLanguage\":\"pt-BR\"},{\"@type\":\"Organization\",\"@id\":\"http:\/\/localhost\/#organization\",\"name\":\"Portal Esafaz\",\"url\":\"http:\/\/localhost\/\",\"logo\":{\"@type\":\"ImageObject\",\"inLanguage\":\"pt-BR\",\"@id\":\"http:\/\/localhost\/#\/schema\/logo\/image\/\",\"url\":\"https:\/\/portalesafaz.sefaz.pe.gov.br\/wp-content\/uploads\/2024\/04\/icone-esafaz.jpeg\",\"contentUrl\":\"https:\/\/portalesafaz.sefaz.pe.gov.br\/wp-content\/uploads\/2024\/04\/icone-esafaz.jpeg\",\"width\":300,\"height\":300,\"caption\":\"Portal Esafaz\"},\"image\":{\"@id\":\"http:\/\/localhost\/#\/schema\/logo\/image\/\"},\"sameAs\":[\"https:\/\/www.instagram.com\/esafazpe\/\"]}]}<\/script>\r\n<!-- \/ Yoast SEO plugin. -->","yoast_head_json":{"title":"Cursos Online - Site Esafaz","robots":{"index":"index","follow":"follow","max-snippet":"max-snippet:-1","max-image-preview":"max-image-preview:large","max-video-preview":"max-video-preview:-1"},"canonical":"https:\/\/esafaz.sefaz.pe.gov.br\/index.php\/cursos-online\/","og_locale":"pt_BR","og_type":"article","og_title":"Cursos Online - Site Esafaz","og_description":"Cursos Online Cursos Esafaz","og_url":"https:\/\/esafaz.sefaz.pe.gov.br\/index.php\/cursos-online\/","og_site_name":"Site Esafaz","article_modified_time":"2026-04-15T14:31:04+00:00","twitter_card":"summary_large_image","twitter_misc":{"Est. tempo de leitura":"1 minuto"},"schema":{"@context":"https:\/\/schema.org","@graph":[{"@type":"WebPage","@id":"https:\/\/esafaz.sefaz.pe.gov.br\/index.php\/cursos-online\/","url":"https:\/\/esafaz.sefaz.pe.gov.br\/index.php\/cursos-online\/","name":"Cursos Online - Site Esafaz","isPartOf":{"@id":"http:\/\/localhost\/#website"},"datePublished":"2024-04-17T13:13:54+00:00","dateModified":"2026-04-15T14:31:04+00:00","breadcrumb":{"@id":"https:\/\/esafaz.sefaz.pe.gov.br\/index.php\/cursos-online\/#breadcrumb"},"inLanguage":"pt-BR","potentialAction":[{"@type":"ReadAction","target":["https:\/\/esafaz.sefaz.pe.gov.br\/index.php\/cursos-online\/"]}]},{"@type":"BreadcrumbList","@id":"https:\/\/esafaz.sefaz.pe.gov.br\/index.php\/cursos-online\/#breadcrumb","itemListElement":[{"@type":"ListItem","position":1,"name":"In\u00edcio","item":"https:\/\/esafaz.sefaz.pe.gov.br\/"},{"@type":"ListItem","position":2,"name":"Cursos Online"}]},{"@type":"WebSite","@id":"http:\/\/localhost\/#website","url":"http:\/\/localhost\/","name":"Portal Esafaz","description":"","publisher":{"@id":"http:\/\/localhost\/#organization"},"potentialAction":[{"@type":"SearchAction","target":{"@type":"EntryPoint","urlTemplate":"http:\/\/localhost\/?s={search_term_string}"},"query-input":{"@type":"PropertyValueSpecification","valueRequired":true,"valueName":"search_term_string"}}],"inLanguage":"pt-BR"},{"@type":"Organization","@id":"http:\/\/localhost\/#organization","name":"Portal Esafaz","url":"http:\/\/localhost\/","logo":{"@type":"ImageObject","inLanguage":"pt-BR","@id":"http:\/\/localhost\/#\/schema\/logo\/image\/","url":"https:\/\/portalesafaz.sefaz.pe.gov.br\/wp-content\/uploads\/2024\/04\/icone-esafaz.jpeg","contentUrl":"https:\/\/portalesafaz.sefaz.pe.gov.br\/wp-content\/uploads\/2024\/04\/icone-esafaz.jpeg","width":300,"height":300,"caption":"Portal Esafaz"},"image":{"@id":"http:\/\/localhost\/#\/schema\/logo\/image\/"},"sameAs":["https:\/\/www.instagram.com\/esafazpe\/"]}]}},"jetpack_sharing_enabled":true,"_links":{"self":[{"href":"https:\/\/esafaz.sefaz.pe.gov.br\/index.php\/wp-json\/wp\/v2\/pages\/29"}],"collection":[{"href":"https:\/\/esafaz.sefaz.pe.gov.br\/index.php\/wp-json\/wp\/v2\/pages"}],"about":[{"href":"https:\/\/esafaz.sefaz.pe.gov.br\/index.php\/wp-json\/wp\/v2\/types\/page"}],"author":[{"embeddable":true,"href":"https:\/\/esafaz.sefaz.pe.gov.br\/index.php\/wp-json\/wp\/v2\/users\/1"}],"replies":[{"embeddable":true,"href":"https:\/\/esafaz.sefaz.pe.gov.br\/index.php\/wp-json\/wp\/v2\/comments?post=29"}],"version-history":[{"count":304,"href":"https:\/\/esafaz.sefaz.pe.gov.br\/index.php\/wp-json\/wp\/v2\/pages\/29\/revisions"}],"predecessor-version":[{"id":5815,"href":"https:\/\/esafaz.sefaz.pe.gov.br\/index.php\/wp-json\/wp\/v2\/pages\/29\/revisions\/5815"}],"wp:attachment":[{"href":"https:\/\/esafaz.sefaz.pe.gov.br\/index.php\/wp-json\/wp\/v2\/media?parent=29"}],"curies":[{"name":"wp","href":"https:\/\/api.w.org\/{rel}","templated":true}]}}