{"id":20,"date":"2024-04-17T10:06:52","date_gmt":"2024-04-17T13:06:52","guid":{"rendered":"http:\/\/localhost\/site\/?page_id=20"},"modified":"2026-04-09T14:44:17","modified_gmt":"2026-04-09T17:44:17","slug":"regulamentacoes","status":"publish","type":"page","link":"https:\/\/esafaz.sefaz.pe.gov.br\/index.php\/regulamentacoes\/","title":{"rendered":"Regulamenta\u00e7\u00f5es"},"content":{"rendered":"\n<!DOCTYPE html>\n<html lang=\"en\">\n<head>\n  \n  <meta charset=\"utf-8\">\n  <meta name=\"viewport\" content=\"width=device-width, initial-scale=1\">\n  <link href=\"https:\/\/cdn.jsdelivr.net\/npm\/bootstrap@5.3.3\/dist\/css\/bootstrap.min.css\" rel=\"stylesheet\">\n  <script src=\"https:\/\/cdn.jsdelivr.net\/npm\/bootstrap@5.3.3\/dist\/js\/bootstrap.bundle.min.js\"><\/script>\n  <style>\n\n  <\/style>\n<\/head>\n<body>\n\n<div class=\"container mt-3\">\n  <ol class=\"list-group\">\n    <li class=\"list-group-item active\">Os relat\u00f3rios abaixo est\u00e3o no formato (.PDF).<\/li>\n\n<li class=\"list-group-item d-flex justify-content-between align-items-center\"><a href=\"https:\/\/esafaz.sefaz.pe.gov.br\/wp-content\/uploads\/2026\/04\/Plano_Anual_ESAFAZ_2026.vf_.pdf\" target=\"blank\" rel=\"noopener\">Plano Anual de Capacita\u00e7\u00f5es 2026<\/a><span class=\"badge bg-primary rounded-pill\">1.230 Mb<\/span><\/li>\n\n    <li class=\"list-group-item d-flex justify-content-between align-items-center\"><a href=\"https:\/\/esafaz.sefaz.pe.gov.br\/wp-content\/uploads\/2025\/05\/Plano-Anual-ESAFAZ_2025_-.pdf\" target=\"blank\" rel=\"noopener\">Plano Anual de Capacita\u00e7\u00f5es 2025<\/a><span class=\"badge bg-primary rounded-pill\">1.156 Mb<\/span><\/li>\n    \n     <li class=\"list-group-item d-flex justify-content-between align-items-center\"><a href=\"https:\/\/esafaz.sefaz.pe.gov.br\/wp-content\/uploads\/2024\/09\/Plano_Anual_Cap_2024.vf_.pdf\" target=\"blank\" rel=\"noopener\">Plano Anual de Capacita\u00e7\u00f5es 2024<\/a><span class=\"badge bg-primary rounded-pill\">1.351 Mb<\/span><\/li>\n\n    <li class=\"list-group-item d-flex justify-content-between align-items-center\"><a href=\"https:\/\/esafaz.sefaz.pe.gov.br\/wp-content\/uploads\/2024\/06\/codigo_etica_sefaz.pdf\" target=\"blank\" rel=\"noopener\">C\u00f3digo de \u00c9tica da SEFAZ\/PE<\/a><span class=\"badge bg-primary rounded-pill\">148 Kb<\/span><\/li>\n\n    <li class=\"list-group-item d-flex justify-content-between align-items-center\"><a href=\"https:\/\/esafaz.sefaz.pe.gov.br\/wp-content\/uploads\/2024\/06\/Decreto_43993_30_12_16.pdf\" target=\"blank\" rel=\"noopener\">Decreto 43.993 &#8211; 29.12.2016 &#8211; Instrutoria Interna nas modalidades presencial, \u00e0 dist\u00e2ncia e <br> semipresencial, no \u00e2mbito do Poder Executivo Estadual<\/a><span class=\"badge bg-primary rounded-pill\">720 Kb<\/span><\/li>\n\n    <li class=\"list-group-item d-flex justify-content-between align-items-center\"><a href=\"https:\/\/esafaz.sefaz.pe.gov.br\/wp-content\/uploads\/2024\/06\/Decreto_39977__29_10_2013-1.pdf\" target=\"blank\" rel=\"noopener\">Decreto 39.977 &#8211; 29.10.2013 &#8211; Participa\u00e7\u00e3o de servidores em cursos de capacita\u00e7\u00e3o e eventos de <br> natureza cient\u00edfica e t\u00e9cnica<\/a><span class=\"badge bg-primary rounded-pill\">100 Kb<\/span><\/li>\n\n    <li class=\"list-group-item d-flex justify-content-between align-items-center\"><a href=\"https:\/\/esafaz.sefaz.pe.gov.br\/wp-content\/uploads\/2024\/06\/Decreto_40200_13_12_2013_v3.pdf\" target=\"blank\" rel=\"noopener\">Decreto 40.200 &#8211; 13.12.2013 &#8211; Cursos de Extens\u00e3o e P\u00f3s-Gradua\u00e7\u00e3o<\/a><span class=\"badge bg-primary rounded-pill\">3.3 Mb<\/span><\/li>\n\n    <li class=\"list-group-item d-flex justify-content-between align-items-center\"><a href=\"https:\/\/esafaz.sefaz.pe.gov.br\/wp-content\/uploads\/2024\/06\/Decreto_39842__19_09_2013-1.pdf\" target=\"blank\" rel=\"noopener\">Decreto 39.842 &#8211; 19.09.2013 &#8211; Participa\u00e7\u00e3o dos servidores em cursos de capacita\u00e7\u00e3o e eventos de <br> natureza cient\u00edfica e t\u00e9cnica<\/a><span class=\"badge bg-primary rounded-pill\">82 Kb<\/span><\/li>\n\n    <li class=\"list-group-item d-flex justify-content-between align-items-center\"><a href=\"https:\/\/esafaz.sefaz.pe.gov.br\/wp-content\/uploads\/2024\/06\/Decreto-_n0_30.571-06-06-2007_Instrutoria_Interna.pdf\" target=\"blank\" rel=\"noopener\">Decreto n\u00ba 30.517 de 06\/06\/2007 &#8211; Instrutoria Interna<\/a><span class=\"badge bg-primary rounded-pill\">106 Kb<\/span><\/li>\n     \n    <li class=\"list-group-item d-flex justify-content-between align-items-center\"><a href=\"https:\/\/esafaz.sefaz.pe.gov.br\/wp-content\/uploads\/2024\/06\/Protocolo_ICMS_0604.pdf\" target=\"blank\" rel=\"noopener\">Parceria Escola na Rede SEFAZ-RS e SEFAZ-PE 30.03.04 Portal Esafaz<\/a><span class=\"badge bg-primary rounded-pill\">15 Kb<\/span><\/li>\n\n    <li class=\"list-group-item d-flex justify-content-between align-items-center\"><a href=\"https:\/\/esafaz.sefaz.pe.gov.br\/wp-content\/uploads\/2024\/06\/Portaria_sf_n_216.pdf\" target=\"blank\" rel=\"noopener\">Portaria Sf n\u00ba 216 &#8211; 01.09.99 Part. Eventos Externos<\/a><span class=\"badge bg-primary rounded-pill\">32 Kb<\/span><\/li>\n\n    <li class=\"list-group-item d-flex justify-content-between align-items-center\"><a href=\"https:\/\/esafaz.sefaz.pe.gov.br\/wp-content\/uploads\/2024\/06\/Lei_n_10.725.pdf\" target=\"blank\" rel=\"noopener\">Lei n\u00ba 10.725, de Abril de 1992 &#8211; Escola Fazend\u00e1ria<\/a><span class=\"badge bg-primary rounded-pill\">8 Kb<\/span><\/li>\n\n    <li class=\"list-group-item d-flex justify-content-between align-items-center\"><a href=\"https:\/\/esafaz.sefaz.pe.gov.br\/wp-content\/uploads\/2024\/06\/Decreto_11672_31_07_1986-1.pdf\" target=\"blank\" rel=\"noopener\">Decreto n\u00ba 11.672 de 31\/07\/1986 &#8211; Cria\u00e7\u00e3o do IAF<\/a><span class=\"badge bg-primary rounded-pill\">4.6 Mb<\/span><\/li>\n\n  <\/ol>\n<\/br>\n<\/br>\n<\/div>\n\n<\/body>\n<\/html>\n","protected":false},"excerpt":{"rendered":"<p>Os relat\u00f3rios abaixo est\u00e3o no formato (.PDF). Plano Anual de Capacita\u00e7\u00f5es 20261.230 Mb Plano Anual de Capacita\u00e7\u00f5es 20251.156 Mb Plano Anual de Capacita\u00e7\u00f5es 20241.351 Mb C\u00f3digo de \u00c9tica da SEFAZ\/PE148 Kb Decreto 43.993 &#8211; 29.12.2016 &#8211; Instrutoria Interna nas modalidades presencial, \u00e0 dist\u00e2ncia e semipresencial, no \u00e2mbito do Poder Executivo Estadual720 Kb Decreto 39.977 &#8211; &#8230; <a title=\"Regulamenta\u00e7\u00f5es\" class=\"read-more\" href=\"https:\/\/esafaz.sefaz.pe.gov.br\/index.php\/regulamentacoes\/\" aria-label=\"Read more about Regulamenta\u00e7\u00f5es\">Ler mais<\/a><\/p>\n","protected":false},"author":1,"featured_media":0,"parent":0,"menu_order":0,"comment_status":"closed","ping_status":"closed","template":"","meta":{"inline_featured_image":false,"courseId":0,"footnotes":""},"class_list":["post-20","page","type-page","status-publish"],"yoast_head":"<!-- This site is optimized with the Yoast SEO plugin v25.1 - https:\/\/yoast.com\/wordpress\/plugins\/seo\/ -->\r\n<title>Regulamenta\u00e7\u00f5es - Site Esafaz<\/title>\r\n<meta name=\"robots\" content=\"index, follow, max-snippet:-1, max-image-preview:large, max-video-preview:-1\" \/>\r\n<link rel=\"canonical\" href=\"https:\/\/esafaz.sefaz.pe.gov.br\/index.php\/regulamentacoes\/\" \/>\r\n<meta property=\"og:locale\" content=\"pt_BR\" \/>\r\n<meta property=\"og:type\" content=\"article\" \/>\r\n<meta property=\"og:title\" content=\"Regulamenta\u00e7\u00f5es - Site Esafaz\" \/>\r\n<meta property=\"og:description\" content=\"Os relat\u00f3rios abaixo est\u00e3o no formato (.PDF). Plano Anual de Capacita\u00e7\u00f5es 20261.230 Mb Plano Anual de Capacita\u00e7\u00f5es 20251.156 Mb Plano Anual de Capacita\u00e7\u00f5es 20241.351 Mb C\u00f3digo de \u00c9tica da SEFAZ\/PE148 Kb Decreto 43.993 &#8211; 29.12.2016 &#8211; Instrutoria Interna nas modalidades presencial, \u00e0 dist\u00e2ncia e semipresencial, no \u00e2mbito do Poder Executivo Estadual720 Kb Decreto 39.977 &#8211; ... Ler mais\" \/>\r\n<meta property=\"og:url\" content=\"https:\/\/esafaz.sefaz.pe.gov.br\/index.php\/regulamentacoes\/\" \/>\r\n<meta property=\"og:site_name\" content=\"Site Esafaz\" \/>\r\n<meta property=\"article:modified_time\" content=\"2026-04-09T17:44:17+00:00\" \/>\r\n<meta name=\"twitter:card\" content=\"summary_large_image\" \/>\r\n<meta name=\"twitter:label1\" content=\"Est. tempo de leitura\" \/>\n\t<meta name=\"twitter:data1\" content=\"1 minuto\" \/>\r\n<script type=\"application\/ld+json\" class=\"yoast-schema-graph\">{\"@context\":\"https:\/\/schema.org\",\"@graph\":[{\"@type\":\"WebPage\",\"@id\":\"https:\/\/esafaz.sefaz.pe.gov.br\/index.php\/regulamentacoes\/\",\"url\":\"https:\/\/esafaz.sefaz.pe.gov.br\/index.php\/regulamentacoes\/\",\"name\":\"Regulamenta\u00e7\u00f5es - Site Esafaz\",\"isPartOf\":{\"@id\":\"http:\/\/localhost\/#website\"},\"datePublished\":\"2024-04-17T13:06:52+00:00\",\"dateModified\":\"2026-04-09T17:44:17+00:00\",\"breadcrumb\":{\"@id\":\"https:\/\/esafaz.sefaz.pe.gov.br\/index.php\/regulamentacoes\/#breadcrumb\"},\"inLanguage\":\"pt-BR\",\"potentialAction\":[{\"@type\":\"ReadAction\",\"target\":[\"https:\/\/esafaz.sefaz.pe.gov.br\/index.php\/regulamentacoes\/\"]}]},{\"@type\":\"BreadcrumbList\",\"@id\":\"https:\/\/esafaz.sefaz.pe.gov.br\/index.php\/regulamentacoes\/#breadcrumb\",\"itemListElement\":[{\"@type\":\"ListItem\",\"position\":1,\"name\":\"In\u00edcio\",\"item\":\"https:\/\/esafaz.sefaz.pe.gov.br\/\"},{\"@type\":\"ListItem\",\"position\":2,\"name\":\"Regulamenta\u00e7\u00f5es\"}]},{\"@type\":\"WebSite\",\"@id\":\"http:\/\/localhost\/#website\",\"url\":\"http:\/\/localhost\/\",\"name\":\"Portal Esafaz\",\"description\":\"\",\"publisher\":{\"@id\":\"http:\/\/localhost\/#organization\"},\"potentialAction\":[{\"@type\":\"SearchAction\",\"target\":{\"@type\":\"EntryPoint\",\"urlTemplate\":\"http:\/\/localhost\/?s={search_term_string}\"},\"query-input\":{\"@type\":\"PropertyValueSpecification\",\"valueRequired\":true,\"valueName\":\"search_term_string\"}}],\"inLanguage\":\"pt-BR\"},{\"@type\":\"Organization\",\"@id\":\"http:\/\/localhost\/#organization\",\"name\":\"Portal Esafaz\",\"url\":\"http:\/\/localhost\/\",\"logo\":{\"@type\":\"ImageObject\",\"inLanguage\":\"pt-BR\",\"@id\":\"http:\/\/localhost\/#\/schema\/logo\/image\/\",\"url\":\"https:\/\/portalesafaz.sefaz.pe.gov.br\/wp-content\/uploads\/2024\/04\/icone-esafaz.jpeg\",\"contentUrl\":\"https:\/\/portalesafaz.sefaz.pe.gov.br\/wp-content\/uploads\/2024\/04\/icone-esafaz.jpeg\",\"width\":300,\"height\":300,\"caption\":\"Portal Esafaz\"},\"image\":{\"@id\":\"http:\/\/localhost\/#\/schema\/logo\/image\/\"},\"sameAs\":[\"https:\/\/www.instagram.com\/esafazpe\/\"]}]}<\/script>\r\n<!-- \/ Yoast SEO plugin. -->","yoast_head_json":{"title":"Regulamenta\u00e7\u00f5es - Site Esafaz","robots":{"index":"index","follow":"follow","max-snippet":"max-snippet:-1","max-image-preview":"max-image-preview:large","max-video-preview":"max-video-preview:-1"},"canonical":"https:\/\/esafaz.sefaz.pe.gov.br\/index.php\/regulamentacoes\/","og_locale":"pt_BR","og_type":"article","og_title":"Regulamenta\u00e7\u00f5es - Site Esafaz","og_description":"Os relat\u00f3rios abaixo est\u00e3o no formato (.PDF). Plano Anual de Capacita\u00e7\u00f5es 20261.230 Mb Plano Anual de Capacita\u00e7\u00f5es 20251.156 Mb Plano Anual de Capacita\u00e7\u00f5es 20241.351 Mb C\u00f3digo de \u00c9tica da SEFAZ\/PE148 Kb Decreto 43.993 &#8211; 29.12.2016 &#8211; Instrutoria Interna nas modalidades presencial, \u00e0 dist\u00e2ncia e semipresencial, no \u00e2mbito do Poder Executivo Estadual720 Kb Decreto 39.977 &#8211; ... Ler mais","og_url":"https:\/\/esafaz.sefaz.pe.gov.br\/index.php\/regulamentacoes\/","og_site_name":"Site Esafaz","article_modified_time":"2026-04-09T17:44:17+00:00","twitter_card":"summary_large_image","twitter_misc":{"Est. tempo de leitura":"1 minuto"},"schema":{"@context":"https:\/\/schema.org","@graph":[{"@type":"WebPage","@id":"https:\/\/esafaz.sefaz.pe.gov.br\/index.php\/regulamentacoes\/","url":"https:\/\/esafaz.sefaz.pe.gov.br\/index.php\/regulamentacoes\/","name":"Regulamenta\u00e7\u00f5es - Site Esafaz","isPartOf":{"@id":"http:\/\/localhost\/#website"},"datePublished":"2024-04-17T13:06:52+00:00","dateModified":"2026-04-09T17:44:17+00:00","breadcrumb":{"@id":"https:\/\/esafaz.sefaz.pe.gov.br\/index.php\/regulamentacoes\/#breadcrumb"},"inLanguage":"pt-BR","potentialAction":[{"@type":"ReadAction","target":["https:\/\/esafaz.sefaz.pe.gov.br\/index.php\/regulamentacoes\/"]}]},{"@type":"BreadcrumbList","@id":"https:\/\/esafaz.sefaz.pe.gov.br\/index.php\/regulamentacoes\/#breadcrumb","itemListElement":[{"@type":"ListItem","position":1,"name":"In\u00edcio","item":"https:\/\/esafaz.sefaz.pe.gov.br\/"},{"@type":"ListItem","position":2,"name":"Regulamenta\u00e7\u00f5es"}]},{"@type":"WebSite","@id":"http:\/\/localhost\/#website","url":"http:\/\/localhost\/","name":"Portal Esafaz","description":"","publisher":{"@id":"http:\/\/localhost\/#organization"},"potentialAction":[{"@type":"SearchAction","target":{"@type":"EntryPoint","urlTemplate":"http:\/\/localhost\/?s={search_term_string}"},"query-input":{"@type":"PropertyValueSpecification","valueRequired":true,"valueName":"search_term_string"}}],"inLanguage":"pt-BR"},{"@type":"Organization","@id":"http:\/\/localhost\/#organization","name":"Portal Esafaz","url":"http:\/\/localhost\/","logo":{"@type":"ImageObject","inLanguage":"pt-BR","@id":"http:\/\/localhost\/#\/schema\/logo\/image\/","url":"https:\/\/portalesafaz.sefaz.pe.gov.br\/wp-content\/uploads\/2024\/04\/icone-esafaz.jpeg","contentUrl":"https:\/\/portalesafaz.sefaz.pe.gov.br\/wp-content\/uploads\/2024\/04\/icone-esafaz.jpeg","width":300,"height":300,"caption":"Portal Esafaz"},"image":{"@id":"http:\/\/localhost\/#\/schema\/logo\/image\/"},"sameAs":["https:\/\/www.instagram.com\/esafazpe\/"]}]}},"jetpack_sharing_enabled":true,"_links":{"self":[{"href":"https:\/\/esafaz.sefaz.pe.gov.br\/index.php\/wp-json\/wp\/v2\/pages\/20"}],"collection":[{"href":"https:\/\/esafaz.sefaz.pe.gov.br\/index.php\/wp-json\/wp\/v2\/pages"}],"about":[{"href":"https:\/\/esafaz.sefaz.pe.gov.br\/index.php\/wp-json\/wp\/v2\/types\/page"}],"author":[{"embeddable":true,"href":"https:\/\/esafaz.sefaz.pe.gov.br\/index.php\/wp-json\/wp\/v2\/users\/1"}],"replies":[{"embeddable":true,"href":"https:\/\/esafaz.sefaz.pe.gov.br\/index.php\/wp-json\/wp\/v2\/comments?post=20"}],"version-history":[{"count":24,"href":"https:\/\/esafaz.sefaz.pe.gov.br\/index.php\/wp-json\/wp\/v2\/pages\/20\/revisions"}],"predecessor-version":[{"id":5703,"href":"https:\/\/esafaz.sefaz.pe.gov.br\/index.php\/wp-json\/wp\/v2\/pages\/20\/revisions\/5703"}],"wp:attachment":[{"href":"https:\/\/esafaz.sefaz.pe.gov.br\/index.php\/wp-json\/wp\/v2\/media?parent=20"}],"curies":[{"name":"wp","href":"https:\/\/api.w.org\/{rel}","templated":true}]}}