{"id":18,"date":"2024-04-17T10:05:57","date_gmt":"2024-04-17T13:05:57","guid":{"rendered":"http:\/\/localhost\/site\/?page_id=18"},"modified":"2026-04-09T14:48:32","modified_gmt":"2026-04-09T17:48:32","slug":"relatorio-de-gestao","status":"publish","type":"page","link":"https:\/\/esafaz.sefaz.pe.gov.br\/index.php\/relatorio-de-gestao\/","title":{"rendered":"Relat\u00f3rios de Gest\u00e3o"},"content":{"rendered":"\n<!DOCTYPE html>\n<html lang=\"en\">\n<head>\n  <title>Bootstrap Example<\/title>\n  <meta charset=\"utf-8\">\n  <meta name=\"viewport\" content=\"width=device-width, initial-scale=1\">\n  <link href=\"https:\/\/cdn.jsdelivr.net\/npm\/bootstrap@5.3.3\/dist\/css\/bootstrap.min.css\" rel=\"stylesheet\">\n  <script src=\"https:\/\/cdn.jsdelivr.net\/npm\/bootstrap@5.3.3\/dist\/js\/bootstrap.bundle.min.js\"><\/script>\n<\/head>\n<body>\n<\/br>\n<h2>Relat\u00f3rios de Gest\u00e3o<\/h2>\n<div class=\"container mt-3\">\n  <ol class=\"list-group\">\n    <li class=\"list-group-item active\">Os relat\u00f3rios abaixo est\u00e3o no formato (.PDF).<\/li>\n\n    \n    <li class=\"list-group-item d-flex justify-content-between align-items-center\"><a href=\"https:\/\/esafaz.sefaz.pe.gov.br\/wp-content\/uploads\/2026\/02\/Relatorio_Gestao_ESAFAZ_2025.pdf\" target=\"blank\" rel=\"noopener\">Relatorio_Gestao_Esafaz_2025.pdf<\/a><span class=\"badge bg-primary rounded-pill\">1.0 Mb<\/span><\/li>\n\n<li class=\"list-group-item d-flex justify-content-between align-items-center\"><a href=\"https:\/\/esafaz.sefaz.pe.gov.br\/wp-content\/uploads\/2026\/04\/Relatorio_Gestao_ESAFAZ_2024.pdf\" target=\"blank\" rel=\"noopener\">Relatorio_Gestao_Esafaz_2024.pdf<\/a><span class=\"badge bg-primary rounded-pill\">1.0 Mb<\/span><\/li>\n\n    <li class=\"list-group-item d-flex justify-content-between align-items-center\"><a href=\"https:\/\/esafaz.sefaz.pe.gov.br\/wp-content\/uploads\/2024\/09\/Relatorio-2023.pdf\" target=\"blank\" rel=\"noopener\">Relatorio_Gestao_Esafaz_2023.pdf<\/a><span class=\"badge bg-primary rounded-pill\">32.05 Mb<\/span><\/li>\n\n    <li class=\"list-group-item d-flex justify-content-between align-items-center\"><a href=\"https:\/\/esafaz.sefaz.pe.gov.br\/wp-content\/uploads\/2024\/08\/A.-RELATORIO-ESAFAZ-2022.pdf\" target=\"blank\" rel=\"noopener\">Relatorio_Gestao_Esafaz_2022.pdf<\/a><span class=\"badge bg-primary rounded-pill\">10.7 Mb<\/span><\/li>\n\n    <li class=\"list-group-item d-flex justify-content-between align-items-center\"><a href=\"https:\/\/esafaz.sefaz.pe.gov.br\/wp-content\/uploads\/2024\/06\/Relatorio_Gestao_ESAFAZ_2021.pdf\" target=\"blank\" rel=\"noopener\">Relatorio_Gestao_Esafaz_2021.pdf<\/a><span class=\"badge bg-primary rounded-pill\">10.7 Mb<\/span><\/li>\n\n    <li class=\"list-group-item d-flex justify-content-between align-items-center\"><a href=\"https:\/\/esafaz.sefaz.pe.gov.br\/wp-content\/uploads\/2024\/06\/Relatorio_Gestao_ESAFAZ_2020.pdf\" target=\"blank\" rel=\"noopener\">Relatorio_Gestao_Esafaz_2020.pdf<\/a><span class=\"badge bg-primary rounded-pill\">12.7 Mb<\/span><\/li>\n\n    <li class=\"list-group-item d-flex justify-content-between align-items-center\"><a href=\"https:\/\/esafaz.sefaz.pe.gov.br\/wp-content\/uploads\/2024\/06\/relatorio_de_gestao_2019.pdf\" target=\"blank\" rel=\"noopener\">Relatorio_Gestao_Esafaz_2019.pdf<\/a><span class=\"badge bg-primary rounded-pill\">11.4 Mb<\/span><\/li>\n\n    <li class=\"list-group-item d-flex justify-content-between align-items-center\"><a href=\"https:\/\/esafaz.sefaz.pe.gov.br\/wp-content\/uploads\/2024\/06\/Relatorio_Gestao_Esafaz_2018.pdf\" target=\"blank\" rel=\"noopener\">Relatorio_Gestao_Esafaz_2018.pdf<\/a><span class=\"badge bg-primary rounded-pill\">3.3 Mb<\/span><\/li>\n\n    <li class=\"list-group-item d-flex justify-content-between align-items-center\"><a href=\"https:\/\/esafaz.sefaz.pe.gov.br\/wp-content\/uploads\/2024\/06\/Relatorio_de_Gestao_2017_esafaz.pdf\" target=\"blank\" rel=\"noopener\">Relatorio_Gestao_Esafaz_2017.pdf<\/a><span class=\"badge bg-primary rounded-pill\">5.3 Mb<\/span><\/li>\n\n    <li class=\"list-group-item d-flex justify-content-between align-items-center\"><a href=\"https:\/\/esafaz.sefaz.pe.gov.br\/wp-content\/uploads\/2024\/06\/Relatorio_Gestao_Esafaz_2016.pdf\" target=\"blank\" rel=\"noopener\">Relatorio_Gestao_Esafaz_2016.pdf<\/a><span class=\"badge bg-primary rounded-pill\">5.9 Mb<\/span><\/li>\n     \n    <li class=\"list-group-item d-flex justify-content-between align-items-center\"><a href=\"https:\/\/esafaz.sefaz.pe.gov.br\/wp-content\/uploads\/2024\/06\/Relatorio_Gestao_Esafaz_2015.pdf\" target=\"blank\" rel=\"noopener\">Relatorio_Gestao_Esafaz_2015.pdf<\/a><span class=\"badge bg-primary rounded-pill\">16.8 Mb<\/span><\/li>\n\n    <li class=\"list-group-item d-flex justify-content-between align-items-center\"><a href=\"https:\/\/esafaz.sefaz.pe.gov.br\/wp-content\/uploads\/2024\/06\/Relatorio_Gestao_ESAFAZ_2014.pdf\" target=\"blank\" rel=\"noopener\">Relatorio_Gestao_Esafaz_2014.pdf<\/a><span class=\"badge bg-primary rounded-pill\">5.2 Mb<\/span><\/li>\n\n    <li class=\"list-group-item d-flex justify-content-between align-items-center\"><a href=\"https:\/\/esafaz.sefaz.pe.gov.br\/wp-content\/uploads\/2024\/06\/Relatorio_Gestao_ESAFAZ_2013.pdf\" target=\"blank\" rel=\"noopener\">Relatorio_Gestao_Esafaz_2013.pdf<\/a><span class=\"badge bg-primary rounded-pill\">2.8 Mb<\/span><\/li>\n\n    <li class=\"list-group-item d-flex justify-content-between align-items-center\"><a href=\"https:\/\/esafaz.sefaz.pe.gov.br\/wp-content\/uploads\/2024\/06\/Relatorio_Gestao_ESAFAZ_2012.pdf\" target=\"blank\" rel=\"noopener\">Relatorio_Gestao_Esafaz_2012.pdf<\/a><span class=\"badge bg-primary rounded-pill\">6.6 Mb<\/span><\/li>\n\n    <li class=\"list-group-item d-flex justify-content-between align-items-center\"><a href=\"https:\/\/esafaz.sefaz.pe.gov.br\/wp-content\/uploads\/2024\/06\/Relatorio_Gestao_ESAFAZ_2011.pdf\" target=\"blank\" rel=\"noopener\">Relatorio_Gestao_Esafaz_2011.pdf<\/a><span class=\"badge bg-primary rounded-pill\">2 Mb<\/span><\/li>\n\n    <li class=\"list-group-item d-flex justify-content-between align-items-center\"><a href=\"https:\/\/esafaz.sefaz.pe.gov.br\/wp-content\/uploads\/2024\/06\/relatorio_gestao_esafaz_2010.pdf\" target=\"blank\" rel=\"noopener\">Relatorio_Gestao_Esafaz_2010.pdf<\/a><span class=\"badge bg-primary rounded-pill\">6 Mb<\/span><\/li>\n\n    <li class=\"list-group-item d-flex justify-content-between align-items-center\"><a href=\"https:\/\/esafaz.sefaz.pe.gov.br\/wp-content\/uploads\/2024\/06\/Relatorio_Gestao_ESAFAZ_2009.pdf\" target=\"blank\" rel=\"noopener\">Relatorio_Gestao_Esafaz_2009.pdf<\/a><span class=\"badge bg-primary rounded-pill\">27 Mb<\/span><\/li>\n\n    <li class=\"list-group-item d-flex justify-content-between align-items-center\"><a href=\"https:\/\/esafaz.sefaz.pe.gov.br\/wp-content\/uploads\/2024\/06\/Relatorio_Gestao_ESAFAZ_2008.pdf\" target=\"blank\" rel=\"noopener\">Relatorio_Gestao_Esafaz_2008.pdf<\/a><span class=\"badge bg-primary rounded-pill\">7 Mb<\/span><\/li>\n\n    <li class=\"list-group-item d-flex justify-content-between align-items-center\"><a href=\"https:\/\/esafaz.sefaz.pe.gov.br\/wp-content\/uploads\/2024\/06\/Relatorio_Gestao_ESAFAZ_2007.pdf\" target=\"blank\" rel=\"noopener\">Relatorio_Gestao_Esafaz_2007.pdf<\/a><span class=\"badge bg-primary rounded-pill\">1.4 Mb<\/span><\/li>\n\n   \n\n  <\/ol>\n<\/br>\n<\/br>\n<\/div>\n\n<\/body>\n<\/html>\n","protected":false},"excerpt":{"rendered":"<p>Bootstrap Example Relat\u00f3rios de Gest\u00e3o Os relat\u00f3rios abaixo est\u00e3o no formato (.PDF). Relatorio_Gestao_Esafaz_2025.pdf1.0 Mb Relatorio_Gestao_Esafaz_2024.pdf1.0 Mb Relatorio_Gestao_Esafaz_2023.pdf32.05 Mb Relatorio_Gestao_Esafaz_2022.pdf10.7 Mb Relatorio_Gestao_Esafaz_2021.pdf10.7 Mb Relatorio_Gestao_Esafaz_2020.pdf12.7 Mb Relatorio_Gestao_Esafaz_2019.pdf11.4 Mb Relatorio_Gestao_Esafaz_2018.pdf3.3 Mb Relatorio_Gestao_Esafaz_2017.pdf5.3 Mb Relatorio_Gestao_Esafaz_2016.pdf5.9 Mb Relatorio_Gestao_Esafaz_2015.pdf16.8 Mb Relatorio_Gestao_Esafaz_2014.pdf5.2 Mb Relatorio_Gestao_Esafaz_2013.pdf2.8 Mb Relatorio_Gestao_Esafaz_2012.pdf6.6 Mb Relatorio_Gestao_Esafaz_2011.pdf2 Mb Relatorio_Gestao_Esafaz_2010.pdf6 Mb Relatorio_Gestao_Esafaz_2009.pdf27 Mb Relatorio_Gestao_Esafaz_2008.pdf7 Mb Relatorio_Gestao_Esafaz_2007.pdf1.4 Mb<\/p>\n","protected":false},"author":1,"featured_media":0,"parent":0,"menu_order":0,"comment_status":"closed","ping_status":"closed","template":"","meta":{"inline_featured_image":false,"courseId":0,"footnotes":""},"class_list":["post-18","page","type-page","status-publish"],"yoast_head":"<!-- This site is optimized with the Yoast SEO plugin v25.1 - https:\/\/yoast.com\/wordpress\/plugins\/seo\/ -->\r\n<title>Relat\u00f3rios de Gest\u00e3o - Site Esafaz<\/title>\r\n<meta name=\"robots\" content=\"index, follow, max-snippet:-1, max-image-preview:large, max-video-preview:-1\" \/>\r\n<link rel=\"canonical\" href=\"https:\/\/esafaz.sefaz.pe.gov.br\/index.php\/relatorio-de-gestao\/\" \/>\r\n<meta property=\"og:locale\" content=\"pt_BR\" \/>\r\n<meta property=\"og:type\" content=\"article\" \/>\r\n<meta property=\"og:title\" content=\"Relat\u00f3rios de Gest\u00e3o - Site Esafaz\" \/>\r\n<meta property=\"og:description\" content=\"Bootstrap Example Relat\u00f3rios de Gest\u00e3o Os relat\u00f3rios abaixo est\u00e3o no formato (.PDF). Relatorio_Gestao_Esafaz_2025.pdf1.0 Mb Relatorio_Gestao_Esafaz_2024.pdf1.0 Mb Relatorio_Gestao_Esafaz_2023.pdf32.05 Mb Relatorio_Gestao_Esafaz_2022.pdf10.7 Mb Relatorio_Gestao_Esafaz_2021.pdf10.7 Mb Relatorio_Gestao_Esafaz_2020.pdf12.7 Mb Relatorio_Gestao_Esafaz_2019.pdf11.4 Mb Relatorio_Gestao_Esafaz_2018.pdf3.3 Mb Relatorio_Gestao_Esafaz_2017.pdf5.3 Mb Relatorio_Gestao_Esafaz_2016.pdf5.9 Mb Relatorio_Gestao_Esafaz_2015.pdf16.8 Mb Relatorio_Gestao_Esafaz_2014.pdf5.2 Mb Relatorio_Gestao_Esafaz_2013.pdf2.8 Mb Relatorio_Gestao_Esafaz_2012.pdf6.6 Mb Relatorio_Gestao_Esafaz_2011.pdf2 Mb Relatorio_Gestao_Esafaz_2010.pdf6 Mb Relatorio_Gestao_Esafaz_2009.pdf27 Mb Relatorio_Gestao_Esafaz_2008.pdf7 Mb Relatorio_Gestao_Esafaz_2007.pdf1.4 Mb\" \/>\r\n<meta property=\"og:url\" content=\"https:\/\/esafaz.sefaz.pe.gov.br\/index.php\/relatorio-de-gestao\/\" \/>\r\n<meta property=\"og:site_name\" content=\"Site Esafaz\" \/>\r\n<meta property=\"article:modified_time\" content=\"2026-04-09T17:48:32+00:00\" \/>\r\n<meta name=\"twitter:card\" content=\"summary_large_image\" \/>\r\n<meta name=\"twitter:label1\" content=\"Est. tempo de leitura\" \/>\n\t<meta name=\"twitter:data1\" content=\"1 minuto\" \/>\r\n<script type=\"application\/ld+json\" class=\"yoast-schema-graph\">{\"@context\":\"https:\/\/schema.org\",\"@graph\":[{\"@type\":\"WebPage\",\"@id\":\"https:\/\/esafaz.sefaz.pe.gov.br\/index.php\/relatorio-de-gestao\/\",\"url\":\"https:\/\/esafaz.sefaz.pe.gov.br\/index.php\/relatorio-de-gestao\/\",\"name\":\"Relat\u00f3rios de Gest\u00e3o - Site Esafaz\",\"isPartOf\":{\"@id\":\"http:\/\/localhost\/#website\"},\"datePublished\":\"2024-04-17T13:05:57+00:00\",\"dateModified\":\"2026-04-09T17:48:32+00:00\",\"breadcrumb\":{\"@id\":\"https:\/\/esafaz.sefaz.pe.gov.br\/index.php\/relatorio-de-gestao\/#breadcrumb\"},\"inLanguage\":\"pt-BR\",\"potentialAction\":[{\"@type\":\"ReadAction\",\"target\":[\"https:\/\/esafaz.sefaz.pe.gov.br\/index.php\/relatorio-de-gestao\/\"]}]},{\"@type\":\"BreadcrumbList\",\"@id\":\"https:\/\/esafaz.sefaz.pe.gov.br\/index.php\/relatorio-de-gestao\/#breadcrumb\",\"itemListElement\":[{\"@type\":\"ListItem\",\"position\":1,\"name\":\"In\u00edcio\",\"item\":\"https:\/\/esafaz.sefaz.pe.gov.br\/\"},{\"@type\":\"ListItem\",\"position\":2,\"name\":\"Relat\u00f3rios de Gest\u00e3o\"}]},{\"@type\":\"WebSite\",\"@id\":\"http:\/\/localhost\/#website\",\"url\":\"http:\/\/localhost\/\",\"name\":\"Portal Esafaz\",\"description\":\"\",\"publisher\":{\"@id\":\"http:\/\/localhost\/#organization\"},\"potentialAction\":[{\"@type\":\"SearchAction\",\"target\":{\"@type\":\"EntryPoint\",\"urlTemplate\":\"http:\/\/localhost\/?s={search_term_string}\"},\"query-input\":{\"@type\":\"PropertyValueSpecification\",\"valueRequired\":true,\"valueName\":\"search_term_string\"}}],\"inLanguage\":\"pt-BR\"},{\"@type\":\"Organization\",\"@id\":\"http:\/\/localhost\/#organization\",\"name\":\"Portal Esafaz\",\"url\":\"http:\/\/localhost\/\",\"logo\":{\"@type\":\"ImageObject\",\"inLanguage\":\"pt-BR\",\"@id\":\"http:\/\/localhost\/#\/schema\/logo\/image\/\",\"url\":\"https:\/\/portalesafaz.sefaz.pe.gov.br\/wp-content\/uploads\/2024\/04\/icone-esafaz.jpeg\",\"contentUrl\":\"https:\/\/portalesafaz.sefaz.pe.gov.br\/wp-content\/uploads\/2024\/04\/icone-esafaz.jpeg\",\"width\":300,\"height\":300,\"caption\":\"Portal Esafaz\"},\"image\":{\"@id\":\"http:\/\/localhost\/#\/schema\/logo\/image\/\"},\"sameAs\":[\"https:\/\/www.instagram.com\/esafazpe\/\"]}]}<\/script>\r\n<!-- \/ Yoast SEO plugin. -->","yoast_head_json":{"title":"Relat\u00f3rios de Gest\u00e3o - Site Esafaz","robots":{"index":"index","follow":"follow","max-snippet":"max-snippet:-1","max-image-preview":"max-image-preview:large","max-video-preview":"max-video-preview:-1"},"canonical":"https:\/\/esafaz.sefaz.pe.gov.br\/index.php\/relatorio-de-gestao\/","og_locale":"pt_BR","og_type":"article","og_title":"Relat\u00f3rios de Gest\u00e3o - Site Esafaz","og_description":"Bootstrap Example Relat\u00f3rios de Gest\u00e3o Os relat\u00f3rios abaixo est\u00e3o no formato (.PDF). Relatorio_Gestao_Esafaz_2025.pdf1.0 Mb Relatorio_Gestao_Esafaz_2024.pdf1.0 Mb Relatorio_Gestao_Esafaz_2023.pdf32.05 Mb Relatorio_Gestao_Esafaz_2022.pdf10.7 Mb Relatorio_Gestao_Esafaz_2021.pdf10.7 Mb Relatorio_Gestao_Esafaz_2020.pdf12.7 Mb Relatorio_Gestao_Esafaz_2019.pdf11.4 Mb Relatorio_Gestao_Esafaz_2018.pdf3.3 Mb Relatorio_Gestao_Esafaz_2017.pdf5.3 Mb Relatorio_Gestao_Esafaz_2016.pdf5.9 Mb Relatorio_Gestao_Esafaz_2015.pdf16.8 Mb Relatorio_Gestao_Esafaz_2014.pdf5.2 Mb Relatorio_Gestao_Esafaz_2013.pdf2.8 Mb Relatorio_Gestao_Esafaz_2012.pdf6.6 Mb Relatorio_Gestao_Esafaz_2011.pdf2 Mb Relatorio_Gestao_Esafaz_2010.pdf6 Mb Relatorio_Gestao_Esafaz_2009.pdf27 Mb Relatorio_Gestao_Esafaz_2008.pdf7 Mb Relatorio_Gestao_Esafaz_2007.pdf1.4 Mb","og_url":"https:\/\/esafaz.sefaz.pe.gov.br\/index.php\/relatorio-de-gestao\/","og_site_name":"Site Esafaz","article_modified_time":"2026-04-09T17:48:32+00:00","twitter_card":"summary_large_image","twitter_misc":{"Est. tempo de leitura":"1 minuto"},"schema":{"@context":"https:\/\/schema.org","@graph":[{"@type":"WebPage","@id":"https:\/\/esafaz.sefaz.pe.gov.br\/index.php\/relatorio-de-gestao\/","url":"https:\/\/esafaz.sefaz.pe.gov.br\/index.php\/relatorio-de-gestao\/","name":"Relat\u00f3rios de Gest\u00e3o - Site Esafaz","isPartOf":{"@id":"http:\/\/localhost\/#website"},"datePublished":"2024-04-17T13:05:57+00:00","dateModified":"2026-04-09T17:48:32+00:00","breadcrumb":{"@id":"https:\/\/esafaz.sefaz.pe.gov.br\/index.php\/relatorio-de-gestao\/#breadcrumb"},"inLanguage":"pt-BR","potentialAction":[{"@type":"ReadAction","target":["https:\/\/esafaz.sefaz.pe.gov.br\/index.php\/relatorio-de-gestao\/"]}]},{"@type":"BreadcrumbList","@id":"https:\/\/esafaz.sefaz.pe.gov.br\/index.php\/relatorio-de-gestao\/#breadcrumb","itemListElement":[{"@type":"ListItem","position":1,"name":"In\u00edcio","item":"https:\/\/esafaz.sefaz.pe.gov.br\/"},{"@type":"ListItem","position":2,"name":"Relat\u00f3rios de Gest\u00e3o"}]},{"@type":"WebSite","@id":"http:\/\/localhost\/#website","url":"http:\/\/localhost\/","name":"Portal Esafaz","description":"","publisher":{"@id":"http:\/\/localhost\/#organization"},"potentialAction":[{"@type":"SearchAction","target":{"@type":"EntryPoint","urlTemplate":"http:\/\/localhost\/?s={search_term_string}"},"query-input":{"@type":"PropertyValueSpecification","valueRequired":true,"valueName":"search_term_string"}}],"inLanguage":"pt-BR"},{"@type":"Organization","@id":"http:\/\/localhost\/#organization","name":"Portal Esafaz","url":"http:\/\/localhost\/","logo":{"@type":"ImageObject","inLanguage":"pt-BR","@id":"http:\/\/localhost\/#\/schema\/logo\/image\/","url":"https:\/\/portalesafaz.sefaz.pe.gov.br\/wp-content\/uploads\/2024\/04\/icone-esafaz.jpeg","contentUrl":"https:\/\/portalesafaz.sefaz.pe.gov.br\/wp-content\/uploads\/2024\/04\/icone-esafaz.jpeg","width":300,"height":300,"caption":"Portal Esafaz"},"image":{"@id":"http:\/\/localhost\/#\/schema\/logo\/image\/"},"sameAs":["https:\/\/www.instagram.com\/esafazpe\/"]}]}},"jetpack_sharing_enabled":true,"_links":{"self":[{"href":"https:\/\/esafaz.sefaz.pe.gov.br\/index.php\/wp-json\/wp\/v2\/pages\/18"}],"collection":[{"href":"https:\/\/esafaz.sefaz.pe.gov.br\/index.php\/wp-json\/wp\/v2\/pages"}],"about":[{"href":"https:\/\/esafaz.sefaz.pe.gov.br\/index.php\/wp-json\/wp\/v2\/types\/page"}],"author":[{"embeddable":true,"href":"https:\/\/esafaz.sefaz.pe.gov.br\/index.php\/wp-json\/wp\/v2\/users\/1"}],"replies":[{"embeddable":true,"href":"https:\/\/esafaz.sefaz.pe.gov.br\/index.php\/wp-json\/wp\/v2\/comments?post=18"}],"version-history":[{"count":48,"href":"https:\/\/esafaz.sefaz.pe.gov.br\/index.php\/wp-json\/wp\/v2\/pages\/18\/revisions"}],"predecessor-version":[{"id":5706,"href":"https:\/\/esafaz.sefaz.pe.gov.br\/index.php\/wp-json\/wp\/v2\/pages\/18\/revisions\/5706"}],"wp:attachment":[{"href":"https:\/\/esafaz.sefaz.pe.gov.br\/index.php\/wp-json\/wp\/v2\/media?parent=18"}],"curies":[{"name":"wp","href":"https:\/\/api.w.org\/{rel}","templated":true}]}}