{"id":16,"date":"2024-04-17T10:05:14","date_gmt":"2024-04-17T13:05:14","guid":{"rendered":"http:\/\/localhost\/site\/?page_id=16"},"modified":"2026-04-09T15:31:32","modified_gmt":"2026-04-09T18:31:32","slug":"quem-e-quem","status":"publish","type":"page","link":"https:\/\/esafaz.sefaz.pe.gov.br\/index.php\/quem-e-quem\/","title":{"rendered":"Quem \u00e9 Quem"},"content":{"rendered":"\n<h2>Quem \u00e9 Quem<\/h2>\n\n\n\n<!DOCTYPE html>\n<html lang=\"en\">\n<head>\n  <title>Exemplo de Contatos<\/title>\n  <meta charset=\"utf-8\">\n  <meta name=\"viewport\" content=\"width=device-width, initial-scale=1\">\n  <style>\n    \/* Estilos b\u00e1sicos *\/\n    body {\n      font-family: Arial, sans-serif;\n      color: #333;\n      line-height: 1.6;\n      margin: 0;\n      padding: 0;\n    }\n\n    h4 {\n      color: #2c3e50;\n      margin-bottom: 10px;\n    }\n\n    a {\n      color: #2980b9;\n      text-decoration: none;\n    }\n\n    a:hover {\n      text-decoration: underline;\n    }\n\n    .container {\n      width: 80%;\n      max-width: 800px;\n      margin: 30px auto;\n      padding: 20px;\n      background-color: #f4f4f4;\n      border-radius: 8px;\n      box-shadow: 0 0 10px rgba(0, 0, 0, 0.1);\n    }\n\n    .section {\n      margin-bottom: 40px;\n    }\n\n    .section hr {\n      border: none;\n      height: 1px;\n      background: #ddd;\n      margin: 20px 0;\n    }\n\n    .contact-info {\n      font-size: 1em;\n    }\n\n    .contact-info span,\n    .contact-info a {\n      display: inline;\n      font-size: 1em;\n    }\n  <\/style>\n<\/head>\n<body>\n\n  <!-- Container principal -->\n  <div class=\"container\">\n\n    <!-- Se\u00e7\u00e3o 1: Superintend\u00eancia -->\n    <div id=\"section1\" class=\"section\">\n      <h4>Superintend\u00eancia<\/h4>\n      <div class=\"contact-info\">\n        <strong>Superintendente da Escola Fazend\u00e1ria<\/strong><br>\n        Nathalia Luiza Farias da Silva<br>\n        Tel: (81) 3183-5817<br>\n        E-mail: <a href=\"mailto:nathalia.farias@sefaz.pe.gov.br\">nathalia.farias@sefaz.pe.gov.br<\/a>\n      <\/div>\n    <\/div>\n\n \n    <hr>\n\n    <!-- Se\u00e7\u00e3o 3: Unidade de Educa\u00e7\u00e3o -->\n    <div id=\"section3\" class=\"section\">\n      <h4>Unidade de Educa\u00e7\u00e3o<\/h4>\n      <div class=\"contact-info\">\n        <strong>Supervisor(a) da unidade<\/strong><br>\n        Fernanda Carvalho Pinheiro<br>\n        Tel: (81) 3183-5991\/5815<br>\n        E-mail: <a href=\"mailto:fernanda.pinheiro@sefaz.pe.gov.br\">fernanda.pinheiro@sefaz.pe.gov.br<\/a><br><br>\n\n        Maria N\u00fabia Soares dos Santos<br>\n        Tel: (81) 3183-5991\/5815<br>\n        E-mail: <a href=\"mailto:maria.s-santos@sefaz.pe.gov.br\">maria.s-santos@sefaz.pe.gov.br<\/a><br><br>\n\n        Talita Milena da Silva Ara\u00fajo<br>\n        Tel: (81) 3183-5991\/5815<br>\n        E-mail: <a href=\"mailto:talita.m-araujo@sefaz.pe.gov.br\">talita.m-araujo@sefaz.pe.gov.br<\/a>\n      <\/div>\n    <\/div>\n\n    <hr>\n\n    <!-- Se\u00e7\u00e3o 4: Unidade de Tecnologia da Educa\u00e7\u00e3o -->\n    <div id=\"section4\" class=\"section\">\n      <h4>Unidade de Tecnologia da Educa\u00e7\u00e3o<\/h4>\n      <div class=\"contact-info\">\n        <strong>Supervisor(a) da unidade<\/strong><br>\n        Ol\u00edvio Pessoa de Vasconcelos Neto\n<br>\n        Tel: (81) 3183-5816<br>\n        E-mail: <a href=\"olivio.vasconcelos@sefaz.pe.gov.br\">olivio.vasconcelos@sefaz.pe.gov.br<\/a><br><br>\n\n        Lucas Luciano Ferreira da Silva<br>\n        Tel: (81) 3183-5816<br>\n        E-mail: <a href=\"mailto:lucas.lu-silva@sefaz.pe.gov.br\">lucas.lu-silva@sefaz.pe.gov.br<\/a><br><br>\n\n        Leon Souza Lins e Silva<br>\n        Tel: (81) 3183-5816<br>\n        E-mail: <a href=\"mailto:leon.silva@sefaz.pe.gov.br\">leon.silva@sefaz.pe.gov.br<\/a><br><br>\n\n        Erick Jonatha Luiz da Silva<br>\n        Tel: (81) 3183-5816<br>\n        E-mail: <a href=\"mailto:erick.j-silva@sefaz.pe.gov.br\">erick.j-silva@sefaz.pe.gov.br<\/a>\n      <\/div>\n    <\/div>\n\n    <hr>\n\n    <!-- Se\u00e7\u00e3o 5: Unidade de Projetos -->\n    <div id=\"section5\" class=\"section\">\n      <h4>Unidade de Projetos<\/h4>\n      <div class=\"contact-info\">\n        <strong>Supervisor(a) da unidade<\/strong><br>\n        Daniel Feitosa Valois Moreira<br>\n        Tel: (81) 3183-5990<br>\n        E-mail: <a href=\"mailto:daniel.moreira@sefaz.pe.gov.br\">daniel.moreira@sefaz.pe.gov.br<\/a><br><br>\n\n        J\u00e9ssica Costa da Silva<br>\n        Tel: (81) 3183-5990<br>\n        E-mail: <a href=\"mailto:jessica.silva@sefaz.pe.gov.br\">jessica.silva@sefaz.pe.gov.br<\/a>\n      <\/div>\n    <\/div>\n\n    <hr>\n\n    <!-- Se\u00e7\u00e3o 6: Ger\u00eancia de Educa\u00e7\u00e3o Fiscal (ATUALIZADO) -->\n    <div id=\"section6\" class=\"section\">\n      <h4>Ger\u00eancia de Educa\u00e7\u00e3o Fiscal<\/h4>\n      <div class=\"contact-info\">\n        <strong>Gerente do Programa de Educa\u00e7\u00e3o Fiscal<\/strong><br>\n        Nathalie Elizabelle Silva dos Santos<br>\n        Tel: (81) 3183-6266<br>\n        E-mail: <a href=\"mailto:nathalie.e-santos@sefaz.pe.gov.br\">nathalie.e-santos@sefaz.pe.gov.br<\/a><br><br>\n\n        Amanda Sibele Rosado de Ara\u00fajo<br>\n        Tel: (81) 3183-6268<br>\n        E-mail: <a href=\"mailto:amanda.s-araujo@sefaz.pe.gov.br\">amanda.s-araujo@sefaz.pe.gov.br<\/a><br><br>\n\n        Ariane Alexandre Rebou\u00e7as<br>\n        Tel: (81) 3183-6267<br>\n        E-mail: <a href=\"mailto:ariane.reboucas@sefaz.pe.gov.br\">ariane.reboucas@sefaz.pe.gov.br<\/a>\n      <\/div>\n    <\/div>\n\n    <hr>\n\n    <!-- Se\u00e7\u00e3o 7: Unidade de Informa\u00e7\u00e3o e Mem\u00f3ria (ATUALIZADO) -->\n    <div id=\"section7\" class=\"section\">\n      <h4>Unidade de Informa\u00e7\u00e3o e Mem\u00f3ria<\/h4>\n      <div class=\"contact-info\">\n        <strong>Supervisor(a) da unidade<\/strong><br>\n        Antonio David Gouveia Sabino dos Santos<br>\n        Tel: (81) 3183-6267<br>\n        E-mail: <a href=\"mailto:antonio.d-santos@sefaz.pe.gov.br\">antonio.d-santos@sefaz.pe.gov.br<\/a><br><br>\n\n        Christian dos Santos Gon\u00e7alves<br>\n        Tel: (81) 3183-6267<br>\n        E-mail: <a href=\"mailto:christian.goncalves@sefaz.pe.gov.br\">christian.goncalves@sefaz.pe.gov.br<\/a><br><br>\n\n        Adriano Pereira de Albuquerque<br>\n        Tel: (81) 3183-6267<br>\n        E-mail: <a href=\"mailto:adriano.albuquerque@sefaz.pe.gov.br\">adriano.albuquerque@sefaz.pe.gov.br<\/a><br><br>\n\n        Camila Gouveia Mendes da Costa<br>\n        Tel: (81) 3183-6267<br>\n        E-mail: <a href=\"mailto:camila.costa@sefaz.pe.gov.br\">camila.costa@sefaz.pe.gov.br<\/a><br><br>\n\n        Andr\u00e9 Luiz Cardoso de Albuquerque Filho<br>\n        Tel: (81) 3183-6267<br>\n        E-mail: <a href=\"mailto:andre.albuquerque@sefaz.pe.gov.br\">andre.albuquerque@sefaz.pe.gov.br<\/a>\n      <\/div>\n    <\/div>\n\n    <hr>\n\n    <!-- Se\u00e7\u00e3o 8: Equipe de Apoio -->\n    <div id=\"section8\" class=\"section\">\n      <h4>Equipe de Apoio<\/h4>\n      <div class=\"contact-info\">\n        Anrilaval Batista<br><br>\n        Sirleide Cavalcante<br><br>\n        <\/div>\n    <\/div>\n\n  <\/div>\n<\/body>\n<\/html>\n\n\n\n<p><\/p>\n","protected":false},"excerpt":{"rendered":"<p>Quem \u00e9 Quem Exemplo de Contatos Superintend\u00eancia Superintendente da Escola Fazend\u00e1ria Nathalia Luiza Farias da Silva Tel: (81) 3183-5817 E-mail: nathalia.farias@sefaz.pe.gov.br Unidade de Educa\u00e7\u00e3o Supervisor(a) da unidade Fernanda Carvalho Pinheiro Tel: (81) 3183-5991\/5815 E-mail: fernanda.pinheiro@sefaz.pe.gov.br Maria N\u00fabia Soares dos Santos Tel: (81) 3183-5991\/5815 E-mail: maria.s-santos@sefaz.pe.gov.br Talita Milena da Silva Ara\u00fajo Tel: (81) 3183-5991\/5815 E-mail: talita.m-araujo@sefaz.pe.gov.br &#8230; <a title=\"Quem \u00e9 Quem\" class=\"read-more\" href=\"https:\/\/esafaz.sefaz.pe.gov.br\/index.php\/quem-e-quem\/\" aria-label=\"Read more about Quem \u00e9 Quem\">Ler mais<\/a><\/p>\n","protected":false},"author":1,"featured_media":0,"parent":0,"menu_order":0,"comment_status":"closed","ping_status":"closed","template":"","meta":{"inline_featured_image":false,"courseId":0,"footnotes":""},"class_list":["post-16","page","type-page","status-publish"],"yoast_head":"<!-- This site is optimized with the Yoast SEO plugin v25.1 - https:\/\/yoast.com\/wordpress\/plugins\/seo\/ -->\r\n<title>Quem \u00e9 Quem - Site Esafaz<\/title>\r\n<meta name=\"robots\" content=\"index, follow, max-snippet:-1, max-image-preview:large, max-video-preview:-1\" \/>\r\n<link rel=\"canonical\" href=\"https:\/\/esafaz.sefaz.pe.gov.br\/index.php\/quem-e-quem\/\" \/>\r\n<meta property=\"og:locale\" content=\"pt_BR\" \/>\r\n<meta property=\"og:type\" content=\"article\" \/>\r\n<meta property=\"og:title\" content=\"Quem \u00e9 Quem - Site Esafaz\" \/>\r\n<meta property=\"og:description\" content=\"Quem \u00e9 Quem Exemplo de Contatos Superintend\u00eancia Superintendente da Escola Fazend\u00e1ria Nathalia Luiza Farias da Silva Tel: (81) 3183-5817 E-mail: nathalia.farias@sefaz.pe.gov.br Unidade de Educa\u00e7\u00e3o Supervisor(a) da unidade Fernanda Carvalho Pinheiro Tel: (81) 3183-5991\/5815 E-mail: fernanda.pinheiro@sefaz.pe.gov.br Maria N\u00fabia Soares dos Santos Tel: (81) 3183-5991\/5815 E-mail: maria.s-santos@sefaz.pe.gov.br Talita Milena da Silva Ara\u00fajo Tel: (81) 3183-5991\/5815 E-mail: talita.m-araujo@sefaz.pe.gov.br ... Ler mais\" \/>\r\n<meta property=\"og:url\" content=\"https:\/\/esafaz.sefaz.pe.gov.br\/index.php\/quem-e-quem\/\" \/>\r\n<meta property=\"og:site_name\" content=\"Site Esafaz\" \/>\r\n<meta property=\"article:modified_time\" content=\"2026-04-09T18:31:32+00:00\" \/>\r\n<meta name=\"twitter:card\" content=\"summary_large_image\" \/>\r\n<meta name=\"twitter:label1\" content=\"Est. tempo de leitura\" \/>\n\t<meta name=\"twitter:data1\" content=\"2 minutos\" \/>\r\n<script type=\"application\/ld+json\" class=\"yoast-schema-graph\">{\"@context\":\"https:\/\/schema.org\",\"@graph\":[{\"@type\":\"WebPage\",\"@id\":\"https:\/\/esafaz.sefaz.pe.gov.br\/index.php\/quem-e-quem\/\",\"url\":\"https:\/\/esafaz.sefaz.pe.gov.br\/index.php\/quem-e-quem\/\",\"name\":\"Quem \u00e9 Quem - Site Esafaz\",\"isPartOf\":{\"@id\":\"http:\/\/localhost\/#website\"},\"datePublished\":\"2024-04-17T13:05:14+00:00\",\"dateModified\":\"2026-04-09T18:31:32+00:00\",\"breadcrumb\":{\"@id\":\"https:\/\/esafaz.sefaz.pe.gov.br\/index.php\/quem-e-quem\/#breadcrumb\"},\"inLanguage\":\"pt-BR\",\"potentialAction\":[{\"@type\":\"ReadAction\",\"target\":[\"https:\/\/esafaz.sefaz.pe.gov.br\/index.php\/quem-e-quem\/\"]}]},{\"@type\":\"BreadcrumbList\",\"@id\":\"https:\/\/esafaz.sefaz.pe.gov.br\/index.php\/quem-e-quem\/#breadcrumb\",\"itemListElement\":[{\"@type\":\"ListItem\",\"position\":1,\"name\":\"In\u00edcio\",\"item\":\"https:\/\/esafaz.sefaz.pe.gov.br\/\"},{\"@type\":\"ListItem\",\"position\":2,\"name\":\"Quem \u00e9 Quem\"}]},{\"@type\":\"WebSite\",\"@id\":\"http:\/\/localhost\/#website\",\"url\":\"http:\/\/localhost\/\",\"name\":\"Portal Esafaz\",\"description\":\"\",\"publisher\":{\"@id\":\"http:\/\/localhost\/#organization\"},\"potentialAction\":[{\"@type\":\"SearchAction\",\"target\":{\"@type\":\"EntryPoint\",\"urlTemplate\":\"http:\/\/localhost\/?s={search_term_string}\"},\"query-input\":{\"@type\":\"PropertyValueSpecification\",\"valueRequired\":true,\"valueName\":\"search_term_string\"}}],\"inLanguage\":\"pt-BR\"},{\"@type\":\"Organization\",\"@id\":\"http:\/\/localhost\/#organization\",\"name\":\"Portal Esafaz\",\"url\":\"http:\/\/localhost\/\",\"logo\":{\"@type\":\"ImageObject\",\"inLanguage\":\"pt-BR\",\"@id\":\"http:\/\/localhost\/#\/schema\/logo\/image\/\",\"url\":\"https:\/\/portalesafaz.sefaz.pe.gov.br\/wp-content\/uploads\/2024\/04\/icone-esafaz.jpeg\",\"contentUrl\":\"https:\/\/portalesafaz.sefaz.pe.gov.br\/wp-content\/uploads\/2024\/04\/icone-esafaz.jpeg\",\"width\":300,\"height\":300,\"caption\":\"Portal Esafaz\"},\"image\":{\"@id\":\"http:\/\/localhost\/#\/schema\/logo\/image\/\"},\"sameAs\":[\"https:\/\/www.instagram.com\/esafazpe\/\"]}]}<\/script>\r\n<!-- \/ Yoast SEO plugin. -->","yoast_head_json":{"title":"Quem \u00e9 Quem - Site Esafaz","robots":{"index":"index","follow":"follow","max-snippet":"max-snippet:-1","max-image-preview":"max-image-preview:large","max-video-preview":"max-video-preview:-1"},"canonical":"https:\/\/esafaz.sefaz.pe.gov.br\/index.php\/quem-e-quem\/","og_locale":"pt_BR","og_type":"article","og_title":"Quem \u00e9 Quem - Site Esafaz","og_description":"Quem \u00e9 Quem Exemplo de Contatos Superintend\u00eancia Superintendente da Escola Fazend\u00e1ria Nathalia Luiza Farias da Silva Tel: (81) 3183-5817 E-mail: nathalia.farias@sefaz.pe.gov.br Unidade de Educa\u00e7\u00e3o Supervisor(a) da unidade Fernanda Carvalho Pinheiro Tel: (81) 3183-5991\/5815 E-mail: fernanda.pinheiro@sefaz.pe.gov.br Maria N\u00fabia Soares dos Santos Tel: (81) 3183-5991\/5815 E-mail: maria.s-santos@sefaz.pe.gov.br Talita Milena da Silva Ara\u00fajo Tel: (81) 3183-5991\/5815 E-mail: talita.m-araujo@sefaz.pe.gov.br ... Ler mais","og_url":"https:\/\/esafaz.sefaz.pe.gov.br\/index.php\/quem-e-quem\/","og_site_name":"Site Esafaz","article_modified_time":"2026-04-09T18:31:32+00:00","twitter_card":"summary_large_image","twitter_misc":{"Est. tempo de leitura":"2 minutos"},"schema":{"@context":"https:\/\/schema.org","@graph":[{"@type":"WebPage","@id":"https:\/\/esafaz.sefaz.pe.gov.br\/index.php\/quem-e-quem\/","url":"https:\/\/esafaz.sefaz.pe.gov.br\/index.php\/quem-e-quem\/","name":"Quem \u00e9 Quem - Site Esafaz","isPartOf":{"@id":"http:\/\/localhost\/#website"},"datePublished":"2024-04-17T13:05:14+00:00","dateModified":"2026-04-09T18:31:32+00:00","breadcrumb":{"@id":"https:\/\/esafaz.sefaz.pe.gov.br\/index.php\/quem-e-quem\/#breadcrumb"},"inLanguage":"pt-BR","potentialAction":[{"@type":"ReadAction","target":["https:\/\/esafaz.sefaz.pe.gov.br\/index.php\/quem-e-quem\/"]}]},{"@type":"BreadcrumbList","@id":"https:\/\/esafaz.sefaz.pe.gov.br\/index.php\/quem-e-quem\/#breadcrumb","itemListElement":[{"@type":"ListItem","position":1,"name":"In\u00edcio","item":"https:\/\/esafaz.sefaz.pe.gov.br\/"},{"@type":"ListItem","position":2,"name":"Quem \u00e9 Quem"}]},{"@type":"WebSite","@id":"http:\/\/localhost\/#website","url":"http:\/\/localhost\/","name":"Portal Esafaz","description":"","publisher":{"@id":"http:\/\/localhost\/#organization"},"potentialAction":[{"@type":"SearchAction","target":{"@type":"EntryPoint","urlTemplate":"http:\/\/localhost\/?s={search_term_string}"},"query-input":{"@type":"PropertyValueSpecification","valueRequired":true,"valueName":"search_term_string"}}],"inLanguage":"pt-BR"},{"@type":"Organization","@id":"http:\/\/localhost\/#organization","name":"Portal Esafaz","url":"http:\/\/localhost\/","logo":{"@type":"ImageObject","inLanguage":"pt-BR","@id":"http:\/\/localhost\/#\/schema\/logo\/image\/","url":"https:\/\/portalesafaz.sefaz.pe.gov.br\/wp-content\/uploads\/2024\/04\/icone-esafaz.jpeg","contentUrl":"https:\/\/portalesafaz.sefaz.pe.gov.br\/wp-content\/uploads\/2024\/04\/icone-esafaz.jpeg","width":300,"height":300,"caption":"Portal Esafaz"},"image":{"@id":"http:\/\/localhost\/#\/schema\/logo\/image\/"},"sameAs":["https:\/\/www.instagram.com\/esafazpe\/"]}]}},"jetpack_sharing_enabled":true,"_links":{"self":[{"href":"https:\/\/esafaz.sefaz.pe.gov.br\/index.php\/wp-json\/wp\/v2\/pages\/16"}],"collection":[{"href":"https:\/\/esafaz.sefaz.pe.gov.br\/index.php\/wp-json\/wp\/v2\/pages"}],"about":[{"href":"https:\/\/esafaz.sefaz.pe.gov.br\/index.php\/wp-json\/wp\/v2\/types\/page"}],"author":[{"embeddable":true,"href":"https:\/\/esafaz.sefaz.pe.gov.br\/index.php\/wp-json\/wp\/v2\/users\/1"}],"replies":[{"embeddable":true,"href":"https:\/\/esafaz.sefaz.pe.gov.br\/index.php\/wp-json\/wp\/v2\/comments?post=16"}],"version-history":[{"count":245,"href":"https:\/\/esafaz.sefaz.pe.gov.br\/index.php\/wp-json\/wp\/v2\/pages\/16\/revisions"}],"predecessor-version":[{"id":5711,"href":"https:\/\/esafaz.sefaz.pe.gov.br\/index.php\/wp-json\/wp\/v2\/pages\/16\/revisions\/5711"}],"wp:attachment":[{"href":"https:\/\/esafaz.sefaz.pe.gov.br\/index.php\/wp-json\/wp\/v2\/media?parent=16"}],"curies":[{"name":"wp","href":"https:\/\/api.w.org\/{rel}","templated":true}]}}