{"id":1535,"date":"2024-06-14T14:55:18","date_gmt":"2024-06-14T17:55:18","guid":{"rendered":"http:\/\/localhost\/site\/?page_id=1535"},"modified":"2024-10-14T15:13:51","modified_gmt":"2024-10-14T18:13:51","slug":"biblioteca-2","status":"publish","type":"page","link":"https:\/\/esafaz.sefaz.pe.gov.br\/index.php\/biblioteca-2\/","title":{"rendered":"Not\u00edcias"},"content":{"rendered":"\n<!DOCTYPE html>\n<html lang=\"pt-BR\">\n<head>\n  <meta charset=\"UTF-8\">\n  <meta name=\"viewport\" content=\"width=device-width, initial-scale=1.0\">\n  <title>Exemplo de Cart\u00f5es<\/title>\n  <link rel=\"stylesheet\" href=\"https:\/\/maxcdn.bootstrapcdn.com\/bootstrap\/4.5.2\/css\/bootstrap.min.css\">\n\n  <style>\n    .card-img-top {\n      height: 270px; \/* Define a altura das imagens *\/\n      object-fit: cover; \/* Garante que as imagens mantenham a propor\u00e7\u00e3o e cubram o espa\u00e7o *\/\n      margin-bottom: 0; \/* Remove a margem inferior da imagem *\/\n    }\n    .card {\n      border: none; \/* Remove a borda do cart\u00e3o, se desejado *\/\n      margin-bottom: 20px; \/* Espa\u00e7amento entre os cart\u00f5es *\/\n    }\n   \n    .card-text-date {\n      color: #c2bebe;\n      font-size: 15px;                \n    }\n  <\/style>\n<\/head>\n<body>\n\n  <div class=\"container mt-5\">\n    <div class=\"row\">\n      <div class=\"col-sm-6\">\n        <div class=\"card\">\n          <img decoding=\"async\" class=\"card-img-top\" src=\"https:\/\/esafaz.sefaz.pe.gov.br\/wp-content\/uploads\/2024\/09\/encerramentoSGP.png\" \n          alt=\"Imagem de capa do card\">\n          <\/div>\n            <div class=\"titulo\"> \n              <a href=\"https:\/\/esafaz.sefaz.pe.gov.br\/index.php\/evento-reuniao-de-encerramento-sgp-2023\/\"><h4 class=\"card-title\">Reuni\u00e3o de Encerramento Anual(SGP) 2023<\/h4><\/a>\n            <p class=\"card-text-date\">22 de dezembro de 2023<\/p>\n            <p style=\"font-size:15px\">Em 22 de dezembro de 2023, a Superintend\u00eancia de Gest\u00e3o de Pessoas (SGP) realizou a Reuni\u00e3o de Encerramento de 2023 no Espa\u00e7o Memorial SEFAZ<\/p>\n            <\/div>\n      <\/div>\n      <div class=\"col-sm-6\">\n        <div class=\"card\">\n          <img decoding=\"async\" class=\"card-img-top\" src=\"https:\/\/esafaz.sefaz.pe.gov.br\/wp-content\/uploads\/2024\/09\/notafiscal.png\" \n          alt=\"Imagem de capa do card\">\n          <\/div>\n            <div class=\"titulo\"> \n              <a href=\"https:\/\/esafaz.sefaz.pe.gov.br\/index.php\/evento-dia-da-nota-fiscal\/\"><h4 class=\"card-title\">Palestra \u201cNota Fiscal Muito Mais que um Papel\u201d<\/h4><\/a>\n            <p class=\"card-text-date\">10 de novembro de 2023<\/p>\n            <p style=\"font-size:15px\">Em 10 de novembro de 2023, a Secretaria da Fazenda do Estado (SEFAZ) realizou por meio da Ger\u00eancia do Programa de Educa\u00e7\u00e3o Fiscal (GPEF)<\/p>\n            <\/div>\n      <\/div>\n    <\/div>\n  <\/div>\n\n  <script src=\"https:\/\/ajax.googleapis.com\/ajax\/libs\/jquery\/3.5.1\/jquery.min.js\"><\/script>\n  <script src=\"https:\/\/cdnjs.cloudflare.com\/ajax\/libs\/popper.js\/1.16.0\/umd\/popper.min.js\"><\/script>\n  <script src=\"https:\/\/maxcdn.bootstrapcdn.com\/bootstrap\/4.5.2\/js\/bootstrap.min.js\"><\/script>\n<\/body>\n<\/html>\n\n\n\n\n<!DOCTYPE html>\n<html lang=\"pt-BR\">\n<head>\n  <meta charset=\"UTF-8\">\n  <meta name=\"viewport\" content=\"width=device-width, initial-scale=1.0\">\n  <title>Exemplo de Cart\u00f5es<\/title>\n  <link rel=\"stylesheet\" href=\"https:\/\/maxcdn.bootstrapcdn.com\/bootstrap\/4.5.2\/css\/bootstrap.min.css\">\n<\/head>\n<body>\n\n  <div class=\"container mt-5\">\n    <div class=\"row\">\n      <div class=\"col-sm-6\">\n        <div class=\"card\">\n          <img decoding=\"async\" class=\"card-img-top\" src=\"https:\/\/esafaz.sefaz.pe.gov.br\/wp-content\/uploads\/2024\/09\/diadascriancas.png\" \n          alt=\"Imagem de capa do card\">\n          <\/div>\n            <div class=\"titulo\"> \n              <a href=\"https:\/\/esafaz.sefaz.pe.gov.br\/index.php\/evento-dia-das-criancas\/\"><h4 class=\"card-title\">Evento em Comemora\u00e7\u00e3o ao Dia das Crian\u00e7as<\/h4><\/a>\n            <p class=\"card-text-date\">11 de outubro de 2023<\/p>\n            <p style=\"font-size:15px\">Em Outubro de 2023, a Ger\u00eancia do Programa de Educa\u00e7\u00e3o Fiscal (GPEF) em parceria com a Ger\u00eancia de Desenvolvimento de Pessoas (GDEP)<\/p>\n            <\/div>\n      <\/div>\n      <div class=\"col-sm-6\">\n        <div class=\"card\">\n          <img decoding=\"async\" class=\"card-img-top\" src=\"https:\/\/esafaz.sefaz.pe.gov.br\/wp-content\/uploads\/2024\/09\/auditorestesouso.png\" \n          alt=\"Imagem de capa do card\">\n          <\/div>\n            <div class=\"titulo\"> \n              <a href=\"https:\/\/esafaz.sefaz.pe.gov.br\/index.php\/todos-a-bordo-auditores\/\"><h4 class=\"card-title\">Boas-vindas aos Novos Auditores<\/h4><\/a>\n            <p class=\"card-text-date\">06 de setembro de 2023<\/p>\n            <p style=\"font-size:15px\">Em setembro de 2023, a Secretaria da Fazenda de Pernambuco (SEFAZ-PE) promoveu a cerim\u00f4nia de boas-vindas<\/p>\n            <\/div>\n      <\/div>\n    <\/div>\n  <\/div>\n\n  <script src=\"https:\/\/ajax.googleapis.com\/ajax\/libs\/jquery\/3.5.1\/jquery.min.js\"><\/script>\n  <script src=\"https:\/\/cdnjs.cloudflare.com\/ajax\/libs\/popper.js\/1.16.0\/umd\/popper.min.js\"><\/script>\n  <script src=\"https:\/\/maxcdn.bootstrapcdn.com\/bootstrap\/4.5.2\/js\/bootstrap.min.js\"><\/script>\n<\/body>\n<\/html>\n\n\n\n\n<!DOCTYPE html>\n<html lang=\"pt-BR\">\n<head>\n  <meta charset=\"UTF-8\">\n  <meta name=\"viewport\" content=\"width=device-width, initial-scale=1.0\">\n  <title>Exemplo de Cart\u00f5es<\/title>\n  <link rel=\"stylesheet\" href=\"https:\/\/maxcdn.bootstrapcdn.com\/bootstrap\/4.5.2\/css\/bootstrap.min.css\">\n<\/head>\n<body>\n\n  <div class=\"container mt-5\">\n    <div class=\"row\">\n      <div class=\"col-sm-6\">\n        <div class=\"card\">\n          <img decoding=\"async\" class=\"card-img-top\" src=\"https:\/\/esafaz.sefaz.pe.gov.br\/wp-content\/uploads\/2024\/09\/Logo-EF.png\" \n          alt=\"Imagem de capa do card\">\n          <\/div>\n            <div class=\"titulo\"> \n              <a href=\"https:\/\/esafaz.sefaz.pe.gov.br\/index.php\/projeto-cidadania-sefaz\/\"><h4 class=\"card-title\">Projeto Cidadania Sefaz <\/h4><\/a>\n            <p class=\"card-text-date\">29 de junho de 2022<\/p>\n            <p style=\"font-size:15px\">A SGP, por meio da Ger\u00eancia do Programa de Educa\u00e7\u00e3o Fiscal (GPEF), deu in\u00edcio no m\u00eas de abril \u00e0 2\u00aa edi\u00e7\u00e3o da Forma\u00e7\u00e3o Cidad\u00e3<\/p>\n            <\/div>\n      <\/div>\n    <\/div>\n  <\/div>\n\n  <script src=\"https:\/\/ajax.googleapis.com\/ajax\/libs\/jquery\/3.5.1\/jquery.min.js\"><\/script>\n  <script src=\"https:\/\/cdnjs.cloudflare.com\/ajax\/libs\/popper.js\/1.16.0\/umd\/popper.min.js\"><\/script>\n  <script src=\"https:\/\/maxcdn.bootstrapcdn.com\/bootstrap\/4.5.2\/js\/bootstrap.min.js\"><\/script>\n<\/body>\n<\/html>\n\n\n\n\n<br><br><br>\n","protected":false},"excerpt":{"rendered":"<p>Exemplo de Cart\u00f5es Reuni\u00e3o de Encerramento Anual(SGP) 2023 22 de dezembro de 2023 Em 22 de dezembro de 2023, a Superintend\u00eancia de Gest\u00e3o de Pessoas (SGP) realizou a Reuni\u00e3o de Encerramento de 2023 no Espa\u00e7o Memorial SEFAZ Palestra \u201cNota Fiscal Muito Mais que um Papel\u201d 10 de novembro de 2023 Em 10 de novembro de &#8230; <a title=\"Not\u00edcias\" class=\"read-more\" href=\"https:\/\/esafaz.sefaz.pe.gov.br\/index.php\/biblioteca-2\/\" aria-label=\"Read more about Not\u00edcias\">Ler mais<\/a><\/p>\n","protected":false},"author":1,"featured_media":0,"parent":0,"menu_order":0,"comment_status":"closed","ping_status":"closed","template":"","meta":{"inline_featured_image":false,"courseId":0,"footnotes":""},"class_list":["post-1535","page","type-page","status-publish"],"yoast_head":"<!-- This site is optimized with the Yoast SEO plugin v25.1 - https:\/\/yoast.com\/wordpress\/plugins\/seo\/ -->\r\n<title>Not\u00edcias - Site Esafaz<\/title>\r\n<meta name=\"robots\" content=\"index, follow, max-snippet:-1, max-image-preview:large, max-video-preview:-1\" \/>\r\n<link rel=\"canonical\" href=\"https:\/\/esafaz.sefaz.pe.gov.br\/index.php\/biblioteca-2\/\" \/>\r\n<meta property=\"og:locale\" content=\"pt_BR\" \/>\r\n<meta property=\"og:type\" content=\"article\" \/>\r\n<meta property=\"og:title\" content=\"Not\u00edcias - Site Esafaz\" \/>\r\n<meta property=\"og:description\" content=\"Exemplo de Cart\u00f5es Reuni\u00e3o de Encerramento Anual(SGP) 2023 22 de dezembro de 2023 Em 22 de dezembro de 2023, a Superintend\u00eancia de Gest\u00e3o de Pessoas (SGP) realizou a Reuni\u00e3o de Encerramento de 2023 no Espa\u00e7o Memorial SEFAZ Palestra \u201cNota Fiscal Muito Mais que um Papel\u201d 10 de novembro de 2023 Em 10 de novembro de ... Ler mais\" \/>\r\n<meta property=\"og:url\" content=\"https:\/\/esafaz.sefaz.pe.gov.br\/index.php\/biblioteca-2\/\" \/>\r\n<meta property=\"og:site_name\" content=\"Site Esafaz\" \/>\r\n<meta property=\"article:modified_time\" content=\"2024-10-14T18:13:51+00:00\" \/>\r\n<meta property=\"og:image\" content=\"https:\/\/esafaz.sefaz.pe.gov.br\/wp-content\/uploads\/2024\/09\/encerramentoSGP.png\" \/>\r\n<meta name=\"twitter:card\" content=\"summary_large_image\" \/>\r\n<meta name=\"twitter:label1\" content=\"Est. tempo de leitura\" \/>\n\t<meta name=\"twitter:data1\" content=\"2 minutos\" \/>\r\n<script type=\"application\/ld+json\" class=\"yoast-schema-graph\">{\"@context\":\"https:\/\/schema.org\",\"@graph\":[{\"@type\":\"WebPage\",\"@id\":\"https:\/\/esafaz.sefaz.pe.gov.br\/index.php\/biblioteca-2\/\",\"url\":\"https:\/\/esafaz.sefaz.pe.gov.br\/index.php\/biblioteca-2\/\",\"name\":\"Not\u00edcias - Site Esafaz\",\"isPartOf\":{\"@id\":\"http:\/\/localhost\/#website\"},\"primaryImageOfPage\":{\"@id\":\"https:\/\/esafaz.sefaz.pe.gov.br\/index.php\/biblioteca-2\/#primaryimage\"},\"image\":{\"@id\":\"https:\/\/esafaz.sefaz.pe.gov.br\/index.php\/biblioteca-2\/#primaryimage\"},\"thumbnailUrl\":\"https:\/\/esafaz.sefaz.pe.gov.br\/wp-content\/uploads\/2024\/09\/encerramentoSGP.png\",\"datePublished\":\"2024-06-14T17:55:18+00:00\",\"dateModified\":\"2024-10-14T18:13:51+00:00\",\"breadcrumb\":{\"@id\":\"https:\/\/esafaz.sefaz.pe.gov.br\/index.php\/biblioteca-2\/#breadcrumb\"},\"inLanguage\":\"pt-BR\",\"potentialAction\":[{\"@type\":\"ReadAction\",\"target\":[\"https:\/\/esafaz.sefaz.pe.gov.br\/index.php\/biblioteca-2\/\"]}]},{\"@type\":\"ImageObject\",\"inLanguage\":\"pt-BR\",\"@id\":\"https:\/\/esafaz.sefaz.pe.gov.br\/index.php\/biblioteca-2\/#primaryimage\",\"url\":\"https:\/\/esafaz.sefaz.pe.gov.br\/wp-content\/uploads\/2024\/09\/encerramentoSGP.png\",\"contentUrl\":\"https:\/\/esafaz.sefaz.pe.gov.br\/wp-content\/uploads\/2024\/09\/encerramentoSGP.png\",\"width\":352,\"height\":355},{\"@type\":\"BreadcrumbList\",\"@id\":\"https:\/\/esafaz.sefaz.pe.gov.br\/index.php\/biblioteca-2\/#breadcrumb\",\"itemListElement\":[{\"@type\":\"ListItem\",\"position\":1,\"name\":\"In\u00edcio\",\"item\":\"https:\/\/esafaz.sefaz.pe.gov.br\/\"},{\"@type\":\"ListItem\",\"position\":2,\"name\":\"Not\u00edcias\"}]},{\"@type\":\"WebSite\",\"@id\":\"http:\/\/localhost\/#website\",\"url\":\"http:\/\/localhost\/\",\"name\":\"Portal Esafaz\",\"description\":\"\",\"publisher\":{\"@id\":\"http:\/\/localhost\/#organization\"},\"potentialAction\":[{\"@type\":\"SearchAction\",\"target\":{\"@type\":\"EntryPoint\",\"urlTemplate\":\"http:\/\/localhost\/?s={search_term_string}\"},\"query-input\":{\"@type\":\"PropertyValueSpecification\",\"valueRequired\":true,\"valueName\":\"search_term_string\"}}],\"inLanguage\":\"pt-BR\"},{\"@type\":\"Organization\",\"@id\":\"http:\/\/localhost\/#organization\",\"name\":\"Portal Esafaz\",\"url\":\"http:\/\/localhost\/\",\"logo\":{\"@type\":\"ImageObject\",\"inLanguage\":\"pt-BR\",\"@id\":\"http:\/\/localhost\/#\/schema\/logo\/image\/\",\"url\":\"https:\/\/portalesafaz.sefaz.pe.gov.br\/wp-content\/uploads\/2024\/04\/icone-esafaz.jpeg\",\"contentUrl\":\"https:\/\/portalesafaz.sefaz.pe.gov.br\/wp-content\/uploads\/2024\/04\/icone-esafaz.jpeg\",\"width\":300,\"height\":300,\"caption\":\"Portal Esafaz\"},\"image\":{\"@id\":\"http:\/\/localhost\/#\/schema\/logo\/image\/\"},\"sameAs\":[\"https:\/\/www.instagram.com\/esafazpe\/\"]}]}<\/script>\r\n<!-- \/ Yoast SEO plugin. -->","yoast_head_json":{"title":"Not\u00edcias - Site Esafaz","robots":{"index":"index","follow":"follow","max-snippet":"max-snippet:-1","max-image-preview":"max-image-preview:large","max-video-preview":"max-video-preview:-1"},"canonical":"https:\/\/esafaz.sefaz.pe.gov.br\/index.php\/biblioteca-2\/","og_locale":"pt_BR","og_type":"article","og_title":"Not\u00edcias - Site Esafaz","og_description":"Exemplo de Cart\u00f5es Reuni\u00e3o de Encerramento Anual(SGP) 2023 22 de dezembro de 2023 Em 22 de dezembro de 2023, a Superintend\u00eancia de Gest\u00e3o de Pessoas (SGP) realizou a Reuni\u00e3o de Encerramento de 2023 no Espa\u00e7o Memorial SEFAZ Palestra \u201cNota Fiscal Muito Mais que um Papel\u201d 10 de novembro de 2023 Em 10 de novembro de ... Ler mais","og_url":"https:\/\/esafaz.sefaz.pe.gov.br\/index.php\/biblioteca-2\/","og_site_name":"Site Esafaz","article_modified_time":"2024-10-14T18:13:51+00:00","og_image":[{"url":"https:\/\/esafaz.sefaz.pe.gov.br\/wp-content\/uploads\/2024\/09\/encerramentoSGP.png","type":"","width":"","height":""}],"twitter_card":"summary_large_image","twitter_misc":{"Est. tempo de leitura":"2 minutos"},"schema":{"@context":"https:\/\/schema.org","@graph":[{"@type":"WebPage","@id":"https:\/\/esafaz.sefaz.pe.gov.br\/index.php\/biblioteca-2\/","url":"https:\/\/esafaz.sefaz.pe.gov.br\/index.php\/biblioteca-2\/","name":"Not\u00edcias - Site Esafaz","isPartOf":{"@id":"http:\/\/localhost\/#website"},"primaryImageOfPage":{"@id":"https:\/\/esafaz.sefaz.pe.gov.br\/index.php\/biblioteca-2\/#primaryimage"},"image":{"@id":"https:\/\/esafaz.sefaz.pe.gov.br\/index.php\/biblioteca-2\/#primaryimage"},"thumbnailUrl":"https:\/\/esafaz.sefaz.pe.gov.br\/wp-content\/uploads\/2024\/09\/encerramentoSGP.png","datePublished":"2024-06-14T17:55:18+00:00","dateModified":"2024-10-14T18:13:51+00:00","breadcrumb":{"@id":"https:\/\/esafaz.sefaz.pe.gov.br\/index.php\/biblioteca-2\/#breadcrumb"},"inLanguage":"pt-BR","potentialAction":[{"@type":"ReadAction","target":["https:\/\/esafaz.sefaz.pe.gov.br\/index.php\/biblioteca-2\/"]}]},{"@type":"ImageObject","inLanguage":"pt-BR","@id":"https:\/\/esafaz.sefaz.pe.gov.br\/index.php\/biblioteca-2\/#primaryimage","url":"https:\/\/esafaz.sefaz.pe.gov.br\/wp-content\/uploads\/2024\/09\/encerramentoSGP.png","contentUrl":"https:\/\/esafaz.sefaz.pe.gov.br\/wp-content\/uploads\/2024\/09\/encerramentoSGP.png","width":352,"height":355},{"@type":"BreadcrumbList","@id":"https:\/\/esafaz.sefaz.pe.gov.br\/index.php\/biblioteca-2\/#breadcrumb","itemListElement":[{"@type":"ListItem","position":1,"name":"In\u00edcio","item":"https:\/\/esafaz.sefaz.pe.gov.br\/"},{"@type":"ListItem","position":2,"name":"Not\u00edcias"}]},{"@type":"WebSite","@id":"http:\/\/localhost\/#website","url":"http:\/\/localhost\/","name":"Portal Esafaz","description":"","publisher":{"@id":"http:\/\/localhost\/#organization"},"potentialAction":[{"@type":"SearchAction","target":{"@type":"EntryPoint","urlTemplate":"http:\/\/localhost\/?s={search_term_string}"},"query-input":{"@type":"PropertyValueSpecification","valueRequired":true,"valueName":"search_term_string"}}],"inLanguage":"pt-BR"},{"@type":"Organization","@id":"http:\/\/localhost\/#organization","name":"Portal Esafaz","url":"http:\/\/localhost\/","logo":{"@type":"ImageObject","inLanguage":"pt-BR","@id":"http:\/\/localhost\/#\/schema\/logo\/image\/","url":"https:\/\/portalesafaz.sefaz.pe.gov.br\/wp-content\/uploads\/2024\/04\/icone-esafaz.jpeg","contentUrl":"https:\/\/portalesafaz.sefaz.pe.gov.br\/wp-content\/uploads\/2024\/04\/icone-esafaz.jpeg","width":300,"height":300,"caption":"Portal Esafaz"},"image":{"@id":"http:\/\/localhost\/#\/schema\/logo\/image\/"},"sameAs":["https:\/\/www.instagram.com\/esafazpe\/"]}]}},"jetpack_sharing_enabled":true,"_links":{"self":[{"href":"https:\/\/esafaz.sefaz.pe.gov.br\/index.php\/wp-json\/wp\/v2\/pages\/1535"}],"collection":[{"href":"https:\/\/esafaz.sefaz.pe.gov.br\/index.php\/wp-json\/wp\/v2\/pages"}],"about":[{"href":"https:\/\/esafaz.sefaz.pe.gov.br\/index.php\/wp-json\/wp\/v2\/types\/page"}],"author":[{"embeddable":true,"href":"https:\/\/esafaz.sefaz.pe.gov.br\/index.php\/wp-json\/wp\/v2\/users\/1"}],"replies":[{"embeddable":true,"href":"https:\/\/esafaz.sefaz.pe.gov.br\/index.php\/wp-json\/wp\/v2\/comments?post=1535"}],"version-history":[{"count":192,"href":"https:\/\/esafaz.sefaz.pe.gov.br\/index.php\/wp-json\/wp\/v2\/pages\/1535\/revisions"}],"predecessor-version":[{"id":3699,"href":"https:\/\/esafaz.sefaz.pe.gov.br\/index.php\/wp-json\/wp\/v2\/pages\/1535\/revisions\/3699"}],"wp:attachment":[{"href":"https:\/\/esafaz.sefaz.pe.gov.br\/index.php\/wp-json\/wp\/v2\/media?parent=1535"}],"curies":[{"name":"wp","href":"https:\/\/api.w.org\/{rel}","templated":true}]}}