{"id":14,"date":"2024-04-17T10:02:16","date_gmt":"2024-04-17T13:02:16","guid":{"rendered":"http:\/\/localhost\/site\/?page_id=14"},"modified":"2026-04-09T15:29:47","modified_gmt":"2026-04-09T18:29:47","slug":"identidade-organizacional","status":"publish","type":"page","link":"https:\/\/esafaz.sefaz.pe.gov.br\/index.php\/identidade-organizacional\/","title":{"rendered":"Identidade Organizacional"},"content":{"rendered":"\n<!DOCTYPE html>\n<html lang=\"pt\">\n<head>\n    <meta charset=\"UTF-8\">\n    <meta name=\"viewport\" content=\"width=device-width, initial-scale=1.0\">\n    <title>Nossa Estrutura Organizacional<\/title>\n<\/head>\n<body>\n<br>\n<h2>Identidade Organizacional<\/h2>\n<\/body>\n<\/html>\n\n\n\n<!DOCTYPE html>\n<html lang=\"pt-br\">\n<head>\n  <meta charset=\"UTF-8\">\n  <meta name=\"viewport\" content=\"width=device-width, initial-scale=1.0\">\n  <link href=\"https:\/\/cdn.jsdelivr.net\/npm\/bootstrap@5.3.3\/dist\/css\/bootstrap.min.css\" rel=\"stylesheet\">\n  <title>Cards Interativos<\/title>\n<\/head>\n<body>\n  <div class=\"container mt-5\" id=\"accordion\">\n    <div class=\"row\">\n      <div class=\"col-md-6\">\n        <div class=\"card\">\n          <div class=\"card-header\" id=\"headingOne\">\n            <h2 class=\"mb-0\">\n              <button class=\"btn btn-link\" type=\"button\" aria-expanded=\"true\" aria-controls=\"collapseOne\" style=\"color:#007bff;\">\n                Miss\u00e3o\n              <\/button>\n            <\/h2>\n          <\/div>\n          <div id=\"collapseOne\" class=\"collapse show\" aria-labelledby=\"headingOne\">\n            <div class=\"card-body\">\n              Promover o desenvolvimento de potencialidades e valores necess\u00e1rios ao alcance das \ncompet\u00eancias fazend\u00e1rias e de cidadania.\n            <\/div>\n          <\/div>\n        <\/div>\n      <\/div>\n      <div class=\"col-md-6\">\n        <div class=\"card\">\n          <div class=\"card-header\" id=\"headingTwo\">\n            <h2 class=\"mb-0\">\n              <button class=\"btn btn-link\" type=\"button\" aria-expanded=\"true\" aria-controls=\"collapseTwo\" style=\"color:#007bff;\">\n                Vis\u00e3o\n              <\/button>\n            <\/h2>\n          <\/div>\n          <div id=\"collapseTwo\" class=\"collapse show\" aria-labelledby=\"headingTwo\">\n            <div class=\"card-body\">\n              Ser reconhecida nacionalmente pela excel\u00eancia na constru\u00e7\u00e3o e dissemina\u00e7\u00e3o do conhecimento \npara o aprimoramento da SEFAZ e da sociedade.\n            <\/div>\n          <\/div>\n        <\/div>\n      <\/div>\n    <\/div>\n\n    <!-- Novos cards adicionados -->\n    <div class=\"row mt-3\">\n      <div class=\"col-md-6\">\n        <div class=\"card\">\n          <div class=\"card-header\" id=\"headingThree\">\n            <h2 class=\"mb-0\">\n              <button class=\"btn btn-link\" type=\"button\" aria-expanded=\"true\" aria-controls=\"collapseThree\" style=\"color:#007bff;\">\n                Valores\n              <\/button>\n            <\/h2>\n          <\/div>\n          <div id=\"collapseThree\" class=\"collapse show\" aria-labelledby=\"headingThree\">\n            <div class=\"card-body\">\n               Promover qualidade educacional, socializa\u00e7\u00e3o do conhecimento, \u00e9tica nas rela\u00e7\u00f5es interpessoais, transpar\u00eancia na gest\u00e3o e compromisso socioambiental.\n            <\/div>\n          <\/div>\n        <\/div>\n      <\/div>\n      <div class=\"col-md-6\">\n        <div class=\"card\">\n          <div class=\"card-header\" id=\"headingFour\">\n            <h2 class=\"mb-0\">\n              <button class=\"btn btn-link\" type=\"button\" aria-expanded=\"true\" aria-controls=\"collapseFour\" style=\"color:#007bff;\">\n                Neg\u00f3cio\n              <\/button>\n            <\/h2>\n          <\/div>\n          <div id=\"collapseFour\" class=\"collapse show\" aria-labelledby=\"headingFour\">\n            <div class=\"card-body\">\n             Educa\u00e7\u00e3o, capacita\u00e7\u00e3o e desenvolvimento de pessoas.<br><br>\n            <\/div>\n          <\/div>\n        <\/div>\n      <\/div>\n    <\/div>\n\n    <!-- Novo card Organograma -->\n    <div class=\"row mt-3 justify-content-center\">\n      <div class=\"col-md-6 text-center\">\n        <div class=\"card\">\n          <div class=\"card-header\" id=\"headingFive\">\n            <h2 class=\"mb-0\">\n              <button class=\"btn btn-link\" type=\"button\" aria-expanded=\"true\" aria-controls=\"collapseFive\" style=\"color:#007bff;\">\n                Organograma\n              <\/button>\n            <\/h2>\n          <\/div>\n          <div id=\"collapseFive\" class=\"collapse show\" aria-labelledby=\"headingFive\">\n            <div class=\"card-body\">\n              <img decoding=\"async\" src=\"https:\/\/esafaz.sefaz.pe.gov.br\/wp-content\/uploads\/2026\/04\/identidade-organazicional.png\" alt=\"Organograma\" class=\"img-fluid\">\n            <\/div>\n          <\/div>\n        <\/div>\n      <\/div>\n    <\/div>\n  <\/div>\n\n  <br><br><br>\n  <script src=\"https:\/\/cdn.jsdelivr.net\/npm\/bootstrap@5.3.3\/dist\/js\/bootstrap.bundle.min.js\"><\/script>\n<\/body>\n<\/html>\n","protected":false},"excerpt":{"rendered":"<p>Nossa Estrutura Organizacional Identidade Organizacional Cards Interativos Miss\u00e3o Promover o desenvolvimento de potencialidades e valores necess\u00e1rios ao alcance das compet\u00eancias fazend\u00e1rias e de cidadania. Vis\u00e3o Ser reconhecida nacionalmente pela excel\u00eancia na constru\u00e7\u00e3o e dissemina\u00e7\u00e3o do conhecimento para o aprimoramento da SEFAZ e da sociedade. Valores Promover qualidade educacional, socializa\u00e7\u00e3o do conhecimento, \u00e9tica nas rela\u00e7\u00f5es interpessoais, &#8230; <a title=\"Identidade Organizacional\" class=\"read-more\" href=\"https:\/\/esafaz.sefaz.pe.gov.br\/index.php\/identidade-organizacional\/\" aria-label=\"Read more about Identidade Organizacional\">Ler mais<\/a><\/p>\n","protected":false},"author":1,"featured_media":0,"parent":0,"menu_order":0,"comment_status":"closed","ping_status":"closed","template":"","meta":{"inline_featured_image":false,"courseId":0,"footnotes":""},"class_list":["post-14","page","type-page","status-publish"],"yoast_head":"<!-- This site is optimized with the Yoast SEO plugin v25.1 - https:\/\/yoast.com\/wordpress\/plugins\/seo\/ -->\r\n<title>Identidade Organizacional - Site Esafaz<\/title>\r\n<meta name=\"robots\" content=\"index, follow, max-snippet:-1, max-image-preview:large, max-video-preview:-1\" \/>\r\n<link rel=\"canonical\" href=\"https:\/\/esafaz.sefaz.pe.gov.br\/index.php\/identidade-organizacional\/\" \/>\r\n<meta property=\"og:locale\" content=\"pt_BR\" \/>\r\n<meta property=\"og:type\" content=\"article\" \/>\r\n<meta property=\"og:title\" content=\"Identidade Organizacional - Site Esafaz\" \/>\r\n<meta property=\"og:description\" content=\"Nossa Estrutura Organizacional Identidade Organizacional Cards Interativos Miss\u00e3o Promover o desenvolvimento de potencialidades e valores necess\u00e1rios ao alcance das compet\u00eancias fazend\u00e1rias e de cidadania. Vis\u00e3o Ser reconhecida nacionalmente pela excel\u00eancia na constru\u00e7\u00e3o e dissemina\u00e7\u00e3o do conhecimento para o aprimoramento da SEFAZ e da sociedade. Valores Promover qualidade educacional, socializa\u00e7\u00e3o do conhecimento, \u00e9tica nas rela\u00e7\u00f5es interpessoais, ... Ler mais\" \/>\r\n<meta property=\"og:url\" content=\"https:\/\/esafaz.sefaz.pe.gov.br\/index.php\/identidade-organizacional\/\" \/>\r\n<meta property=\"og:site_name\" content=\"Site Esafaz\" \/>\r\n<meta property=\"article:modified_time\" content=\"2026-04-09T18:29:47+00:00\" \/>\r\n<meta property=\"og:image\" content=\"https:\/\/esafaz.sefaz.pe.gov.br\/wp-content\/uploads\/2026\/04\/identidade-organazicional.png\" \/>\r\n<meta name=\"twitter:card\" content=\"summary_large_image\" \/>\r\n<meta name=\"twitter:label1\" content=\"Est. tempo de leitura\" \/>\n\t<meta name=\"twitter:data1\" content=\"1 minuto\" \/>\r\n<script type=\"application\/ld+json\" class=\"yoast-schema-graph\">{\"@context\":\"https:\/\/schema.org\",\"@graph\":[{\"@type\":\"WebPage\",\"@id\":\"https:\/\/esafaz.sefaz.pe.gov.br\/index.php\/identidade-organizacional\/\",\"url\":\"https:\/\/esafaz.sefaz.pe.gov.br\/index.php\/identidade-organizacional\/\",\"name\":\"Identidade Organizacional - Site Esafaz\",\"isPartOf\":{\"@id\":\"http:\/\/localhost\/#website\"},\"primaryImageOfPage\":{\"@id\":\"https:\/\/esafaz.sefaz.pe.gov.br\/index.php\/identidade-organizacional\/#primaryimage\"},\"image\":{\"@id\":\"https:\/\/esafaz.sefaz.pe.gov.br\/index.php\/identidade-organizacional\/#primaryimage\"},\"thumbnailUrl\":\"https:\/\/esafaz.sefaz.pe.gov.br\/wp-content\/uploads\/2026\/04\/identidade-organazicional.png\",\"datePublished\":\"2024-04-17T13:02:16+00:00\",\"dateModified\":\"2026-04-09T18:29:47+00:00\",\"breadcrumb\":{\"@id\":\"https:\/\/esafaz.sefaz.pe.gov.br\/index.php\/identidade-organizacional\/#breadcrumb\"},\"inLanguage\":\"pt-BR\",\"potentialAction\":[{\"@type\":\"ReadAction\",\"target\":[\"https:\/\/esafaz.sefaz.pe.gov.br\/index.php\/identidade-organizacional\/\"]}]},{\"@type\":\"ImageObject\",\"inLanguage\":\"pt-BR\",\"@id\":\"https:\/\/esafaz.sefaz.pe.gov.br\/index.php\/identidade-organizacional\/#primaryimage\",\"url\":\"https:\/\/esafaz.sefaz.pe.gov.br\/wp-content\/uploads\/2026\/04\/identidade-organazicional.png\",\"contentUrl\":\"https:\/\/esafaz.sefaz.pe.gov.br\/wp-content\/uploads\/2026\/04\/identidade-organazicional.png\",\"width\":1080,\"height\":795},{\"@type\":\"BreadcrumbList\",\"@id\":\"https:\/\/esafaz.sefaz.pe.gov.br\/index.php\/identidade-organizacional\/#breadcrumb\",\"itemListElement\":[{\"@type\":\"ListItem\",\"position\":1,\"name\":\"In\u00edcio\",\"item\":\"https:\/\/esafaz.sefaz.pe.gov.br\/\"},{\"@type\":\"ListItem\",\"position\":2,\"name\":\"Identidade Organizacional\"}]},{\"@type\":\"WebSite\",\"@id\":\"http:\/\/localhost\/#website\",\"url\":\"http:\/\/localhost\/\",\"name\":\"Portal Esafaz\",\"description\":\"\",\"publisher\":{\"@id\":\"http:\/\/localhost\/#organization\"},\"potentialAction\":[{\"@type\":\"SearchAction\",\"target\":{\"@type\":\"EntryPoint\",\"urlTemplate\":\"http:\/\/localhost\/?s={search_term_string}\"},\"query-input\":{\"@type\":\"PropertyValueSpecification\",\"valueRequired\":true,\"valueName\":\"search_term_string\"}}],\"inLanguage\":\"pt-BR\"},{\"@type\":\"Organization\",\"@id\":\"http:\/\/localhost\/#organization\",\"name\":\"Portal Esafaz\",\"url\":\"http:\/\/localhost\/\",\"logo\":{\"@type\":\"ImageObject\",\"inLanguage\":\"pt-BR\",\"@id\":\"http:\/\/localhost\/#\/schema\/logo\/image\/\",\"url\":\"https:\/\/portalesafaz.sefaz.pe.gov.br\/wp-content\/uploads\/2024\/04\/icone-esafaz.jpeg\",\"contentUrl\":\"https:\/\/portalesafaz.sefaz.pe.gov.br\/wp-content\/uploads\/2024\/04\/icone-esafaz.jpeg\",\"width\":300,\"height\":300,\"caption\":\"Portal Esafaz\"},\"image\":{\"@id\":\"http:\/\/localhost\/#\/schema\/logo\/image\/\"},\"sameAs\":[\"https:\/\/www.instagram.com\/esafazpe\/\"]}]}<\/script>\r\n<!-- \/ Yoast SEO plugin. -->","yoast_head_json":{"title":"Identidade Organizacional - Site Esafaz","robots":{"index":"index","follow":"follow","max-snippet":"max-snippet:-1","max-image-preview":"max-image-preview:large","max-video-preview":"max-video-preview:-1"},"canonical":"https:\/\/esafaz.sefaz.pe.gov.br\/index.php\/identidade-organizacional\/","og_locale":"pt_BR","og_type":"article","og_title":"Identidade Organizacional - Site Esafaz","og_description":"Nossa Estrutura Organizacional Identidade Organizacional Cards Interativos Miss\u00e3o Promover o desenvolvimento de potencialidades e valores necess\u00e1rios ao alcance das compet\u00eancias fazend\u00e1rias e de cidadania. Vis\u00e3o Ser reconhecida nacionalmente pela excel\u00eancia na constru\u00e7\u00e3o e dissemina\u00e7\u00e3o do conhecimento para o aprimoramento da SEFAZ e da sociedade. Valores Promover qualidade educacional, socializa\u00e7\u00e3o do conhecimento, \u00e9tica nas rela\u00e7\u00f5es interpessoais, ... Ler mais","og_url":"https:\/\/esafaz.sefaz.pe.gov.br\/index.php\/identidade-organizacional\/","og_site_name":"Site Esafaz","article_modified_time":"2026-04-09T18:29:47+00:00","og_image":[{"url":"https:\/\/esafaz.sefaz.pe.gov.br\/wp-content\/uploads\/2026\/04\/identidade-organazicional.png","type":"","width":"","height":""}],"twitter_card":"summary_large_image","twitter_misc":{"Est. tempo de leitura":"1 minuto"},"schema":{"@context":"https:\/\/schema.org","@graph":[{"@type":"WebPage","@id":"https:\/\/esafaz.sefaz.pe.gov.br\/index.php\/identidade-organizacional\/","url":"https:\/\/esafaz.sefaz.pe.gov.br\/index.php\/identidade-organizacional\/","name":"Identidade Organizacional - Site Esafaz","isPartOf":{"@id":"http:\/\/localhost\/#website"},"primaryImageOfPage":{"@id":"https:\/\/esafaz.sefaz.pe.gov.br\/index.php\/identidade-organizacional\/#primaryimage"},"image":{"@id":"https:\/\/esafaz.sefaz.pe.gov.br\/index.php\/identidade-organizacional\/#primaryimage"},"thumbnailUrl":"https:\/\/esafaz.sefaz.pe.gov.br\/wp-content\/uploads\/2026\/04\/identidade-organazicional.png","datePublished":"2024-04-17T13:02:16+00:00","dateModified":"2026-04-09T18:29:47+00:00","breadcrumb":{"@id":"https:\/\/esafaz.sefaz.pe.gov.br\/index.php\/identidade-organizacional\/#breadcrumb"},"inLanguage":"pt-BR","potentialAction":[{"@type":"ReadAction","target":["https:\/\/esafaz.sefaz.pe.gov.br\/index.php\/identidade-organizacional\/"]}]},{"@type":"ImageObject","inLanguage":"pt-BR","@id":"https:\/\/esafaz.sefaz.pe.gov.br\/index.php\/identidade-organizacional\/#primaryimage","url":"https:\/\/esafaz.sefaz.pe.gov.br\/wp-content\/uploads\/2026\/04\/identidade-organazicional.png","contentUrl":"https:\/\/esafaz.sefaz.pe.gov.br\/wp-content\/uploads\/2026\/04\/identidade-organazicional.png","width":1080,"height":795},{"@type":"BreadcrumbList","@id":"https:\/\/esafaz.sefaz.pe.gov.br\/index.php\/identidade-organizacional\/#breadcrumb","itemListElement":[{"@type":"ListItem","position":1,"name":"In\u00edcio","item":"https:\/\/esafaz.sefaz.pe.gov.br\/"},{"@type":"ListItem","position":2,"name":"Identidade Organizacional"}]},{"@type":"WebSite","@id":"http:\/\/localhost\/#website","url":"http:\/\/localhost\/","name":"Portal Esafaz","description":"","publisher":{"@id":"http:\/\/localhost\/#organization"},"potentialAction":[{"@type":"SearchAction","target":{"@type":"EntryPoint","urlTemplate":"http:\/\/localhost\/?s={search_term_string}"},"query-input":{"@type":"PropertyValueSpecification","valueRequired":true,"valueName":"search_term_string"}}],"inLanguage":"pt-BR"},{"@type":"Organization","@id":"http:\/\/localhost\/#organization","name":"Portal Esafaz","url":"http:\/\/localhost\/","logo":{"@type":"ImageObject","inLanguage":"pt-BR","@id":"http:\/\/localhost\/#\/schema\/logo\/image\/","url":"https:\/\/portalesafaz.sefaz.pe.gov.br\/wp-content\/uploads\/2024\/04\/icone-esafaz.jpeg","contentUrl":"https:\/\/portalesafaz.sefaz.pe.gov.br\/wp-content\/uploads\/2024\/04\/icone-esafaz.jpeg","width":300,"height":300,"caption":"Portal Esafaz"},"image":{"@id":"http:\/\/localhost\/#\/schema\/logo\/image\/"},"sameAs":["https:\/\/www.instagram.com\/esafazpe\/"]}]}},"jetpack_sharing_enabled":true,"_links":{"self":[{"href":"https:\/\/esafaz.sefaz.pe.gov.br\/index.php\/wp-json\/wp\/v2\/pages\/14"}],"collection":[{"href":"https:\/\/esafaz.sefaz.pe.gov.br\/index.php\/wp-json\/wp\/v2\/pages"}],"about":[{"href":"https:\/\/esafaz.sefaz.pe.gov.br\/index.php\/wp-json\/wp\/v2\/types\/page"}],"author":[{"embeddable":true,"href":"https:\/\/esafaz.sefaz.pe.gov.br\/index.php\/wp-json\/wp\/v2\/users\/1"}],"replies":[{"embeddable":true,"href":"https:\/\/esafaz.sefaz.pe.gov.br\/index.php\/wp-json\/wp\/v2\/comments?post=14"}],"version-history":[{"count":80,"href":"https:\/\/esafaz.sefaz.pe.gov.br\/index.php\/wp-json\/wp\/v2\/pages\/14\/revisions"}],"predecessor-version":[{"id":5710,"href":"https:\/\/esafaz.sefaz.pe.gov.br\/index.php\/wp-json\/wp\/v2\/pages\/14\/revisions\/5710"}],"wp:attachment":[{"href":"https:\/\/esafaz.sefaz.pe.gov.br\/index.php\/wp-json\/wp\/v2\/media?parent=14"}],"curies":[{"name":"wp","href":"https:\/\/api.w.org\/{rel}","templated":true}]}}