{"id":12,"date":"2024-04-17T10:01:12","date_gmt":"2024-04-17T13:01:12","guid":{"rendered":"http:\/\/localhost\/site\/?page_id=12"},"modified":"2024-08-19T10:28:14","modified_gmt":"2024-08-19T13:28:14","slug":"a-escola","status":"publish","type":"page","link":"https:\/\/esafaz.sefaz.pe.gov.br\/index.php\/a-escola\/","title":{"rendered":"A Escola"},"content":{"rendered":"\n<!DOCTYPE html>\n<html lang=\"pt-BR\">\n<head>\n    <meta charset=\"UTF-8\">\n    <meta name=\"viewport\" content=\"width=device-width, initial-scale=1.0\">\n    <link href=\"https:\/\/stackpath.bootstrapcdn.com\/bootstrap\/4.5.2\/css\/bootstrap.min.css\" rel=\"stylesheet\">\n    <title>Texto em torno da Imagem<\/title>\n    <style>\n        body {\n            background-color: #f8f9fa;\n        }\n\n        h2 {\n            color: #343a40;\n        }\n\n        \n\n        .image-wrap {\n            float: left; \/* Faz a imagem flutuar \u00e0 esquerda *\/\n            margin-right: 15px; \/* Espa\u00e7amento \u00e0 direita da imagem *\/\n            margin-bottom: 15px; \/* Espa\u00e7amento inferior para evitar que o texto fique muito pr\u00f3ximo *\/\n        }\n\n        .image-wrap img {\n            max-width: 350px; \/* Tamanho da imagem *\/\n            height: auto; \/* Mant\u00e9m a propor\u00e7\u00e3o da imagem *\/\n        }\n    <\/style>\n<\/head>\n<body>\n    <div class=\"container mt-5\">\n        <h2>A Escola<\/h2>\n        <div class=\"image-wrap\">\n            <img decoding=\"async\" src=\"https:\/\/portalesafaz.sefaz.pe.gov.br\/wp-content\/uploads\/2024\/08\/foto-copiar.jpg\" alt=\"Imagem escola\" class=\"img-fluid\">\n        <\/div>\n        <p>\n            A Escola Fazend\u00e1ria &#8211; Esafaz foi implantada a partir dos esfor\u00e7os realizados pelo Instituto de Administra\u00e7\u00e3o Fazend\u00e1ria &#8211; IAF, criado pelo Decreto N\u00ba 11672 de 31 de julho de 1986 na gest\u00e3o do ent\u00e3o Governador Gustavo Krause Gon\u00e7alves Sobrinho. Na verdade, a Escola Fazend\u00e1ria representou um dos principais projetos do Instituto. O IAF tinha o compromisso maior de modernizar continuamente a Secretaria da Fazenda enquanto institui\u00e7\u00e3o, promovendo debates e discuss\u00f5es, realizando pesquisas e estudos e preparando o corpo funcional da casa para realizar esse processo de mudan\u00e7a que se pretendia permanente. Este compromisso com uma vis\u00e3o prospectiva, com a constru\u00e7\u00e3o do novo e com o fazer compartilhado disseminava-se entre aqueles que trabalhavam no IAF. A Escola Fazend\u00e1ria foi ent\u00e3o institu\u00edda por proposta elaborada no Instituto de Administra\u00e7\u00e3o Fazend\u00e1ria a partir da vig\u00eancia da Lei 10725 de 24 de abril de 1992:\n        <\/p>\n\n        <p>&#8220;Art 1\u00ba &#8211; Fica atribu\u00edda \u00e0 Secretaria da Fazenda, compet\u00eancia para desenvolver as tarefas inerentes a uma Escola Fazend\u00e1ria.<\/p>\n\n        <p>Par\u00e1grafo \u00fanico &#8211; A Escola Fazend\u00e1ria se constitui em atividade a ser desempenhada sob a responsabilidade do Instituto de Administra\u00e7\u00e3o Fazend\u00e1ria &#8211; IAF junto ao qual funcionar\u00e1 um colegiado com atribui\u00e7\u00f5es deliberativas, cujos membros ser\u00e3o escolhidos, preferencialmente entre os servidores fazend\u00e1rios de reconhecidos conhecimentos t\u00e9cnicos e experi\u00eancia, sendo designados mediante portaria do Secret\u00e1rio da Fazenda.<\/p>\n\n        <p>&#8220;Art. 2\u00ba A Escola Fazend\u00e1ria, referida nesta Lei, tem por finalidade planejar, coordenar, programar, organizar, executar e avaliar atividades relacionadas com a capacita\u00e7\u00e3o e o desenvolvimento profissional do pessoal fazend\u00e1rio, e compreendendo, em especial programas de forma\u00e7\u00e3o, de aperfei\u00e7oamento e de especializa\u00e7\u00e3o.<\/p> \n\n        <p>\u00a7 1\u00ba Para a consecu\u00e7\u00e3o dos seus objetivos, a Escola Fazend\u00e1ria exercer\u00e1, em articula\u00e7\u00e3o com outros \u00f3rg\u00e3os ou entidades, as seguintes atribui\u00e7\u00f5es:<\/p>\n\n        <p>I. participar dos procedimentos pertinentes ao processo de recrutamento e sele\u00e7\u00e3o de pessoal, relativamente aos cargos do grupo ocupacional Auditoria do Tesouro Estadual;<\/p>\n\n        <p>II. promover cursos de integra\u00e7\u00e3o, forma\u00e7\u00e3o e aperfei\u00e7oamento do pessoal fazend\u00e1rio;<\/p>\n\n        <p>III. realizar cursos especiais relacionados com as \u00e1reas tribut\u00e1ria e financeira do Estado;<\/p>\n\n        <p>IV. realizar estudos e pesquisas no \u00e2mbito dos seus objetivos.<\/p>\n\n        <p>Par\u00e1grafo 2\u00ba para efeitos deste artigo, poder\u00e3o ser realizados programas conjuntos com entidades cong\u00eaneres de outras Unidades da Federa\u00e7\u00e3o e com outras institui\u00e7\u00f5es p\u00fablicas ou privadas, nacionais ou estrangeiras, de ensino treinamento, desenvolvimento, extens\u00e3o ou pesquisa.&#8221;<\/p>\n\n        <p>Decreto N\u00ba 17.217 de 27 de dezembro de 1993 aprova o Regulamento do Colegiado da Escola Fazend\u00e1ria.<\/p>\n\n        <p>O IAF compreendia: Secretaria, Divis\u00e3o de Estudos e Pesquisas, Divis\u00e3o de Treinamento e Desenvolvimento, Divis\u00e3o de Apoio T\u00e9cnico Administrativo, Divis\u00e3o de Processos Organizacionais e Biblioteca da Secretaria da Fazenda.<\/p>\n\n        <p>Atualmente, as atribui\u00e7\u00f5es do antigo Instituto de Administra\u00e7\u00e3o Fazend\u00e1ria foram herdadas por um novo \u00f3rg\u00e3o denominado Escola Fazend\u00e1ria institu\u00eddo pelo Decreto n\u00ba 21644 de 13 de setembro de 1999 que estabelece:<\/p>\n\n        <p>&#8221; Art. 121. Compete a Escola Fazend\u00e1ria &#8211; Esafaz, em especial, coordenar e promover a realiza\u00e7\u00e3o de projetos matriciais, na \u00e1rea de organiza\u00e7\u00e3o e gest\u00e3o, articulando a\u00e7\u00f5es intersetoriais com os demais \u00f3rg\u00e3os da Secretaria e a realiza\u00e7\u00e3o das atividades de treinamento e de capacita\u00e7\u00e3o com o objetivo de promover o aperfei\u00e7oamento e aprimoramento dos servidores e dos processos produtivos da Secretaria, e exercer as atividades previstas na Lei n\u00ba 10725 de 25 de abril de 1992.&#8221;<\/p>\n\n        <p>No arranjo institucional atual a Escola Fazend\u00e1ria &#8211; ESAFAZ, mant\u00e9m as responsabilidades descritas na Lei n\u00ba 10725 e foca a sua aten\u00e7\u00e3o no processo de capacita\u00e7\u00e3o dos servidores da SEFAZ e no apoio aos projetos realizados pela institui\u00e7\u00e3o.<\/p>\n\n        <p>A Escola Fazend\u00e1ria compreende: Divis\u00e3o de Treinamento e Capacita\u00e7\u00e3o, Divis\u00e3o de Coordena\u00e7\u00e3o de Projetos e N\u00facleo de Apoio Administrativo.<\/p><br>\n    <\/div>\n\n    <script src=\"https:\/\/code.jquery.com\/jquery-3.5.1.slim.min.js\"><\/script>\n    <script src=\"https:\/\/cdn.jsdelivr.net\/npm\/@popperjs\/core@2.5.2\/dist\/umd\/popper.min.js\"><\/script>\n    <script src=\"https:\/\/stackpath.bootstrapcdn.com\/bootstrap\/4.5.2\/js\/bootstrap.min.js\"><\/script>\n<\/body>\n<\/html>\n","protected":false},"excerpt":{"rendered":"<p>Texto em torno da Imagem A Escola A Escola Fazend\u00e1ria &#8211; Esafaz foi implantada a partir dos esfor\u00e7os realizados pelo Instituto de Administra\u00e7\u00e3o Fazend\u00e1ria &#8211; IAF, criado pelo Decreto N\u00ba 11672 de 31 de julho de 1986 na gest\u00e3o do ent\u00e3o Governador Gustavo Krause Gon\u00e7alves Sobrinho. Na verdade, a Escola Fazend\u00e1ria representou um dos principais &#8230; <a title=\"A Escola\" class=\"read-more\" href=\"https:\/\/esafaz.sefaz.pe.gov.br\/index.php\/a-escola\/\" aria-label=\"Read more about A Escola\">Ler mais<\/a><\/p>\n","protected":false},"author":1,"featured_media":0,"parent":0,"menu_order":0,"comment_status":"closed","ping_status":"closed","template":"","meta":{"inline_featured_image":false,"courseId":0,"footnotes":""},"class_list":["post-12","page","type-page","status-publish"],"yoast_head":"<!-- This site is optimized with the Yoast SEO plugin v25.1 - https:\/\/yoast.com\/wordpress\/plugins\/seo\/ -->\r\n<title>A Escola - Site Esafaz<\/title>\r\n<meta name=\"robots\" content=\"index, follow, max-snippet:-1, max-image-preview:large, max-video-preview:-1\" \/>\r\n<link rel=\"canonical\" href=\"https:\/\/portalesafaz.sefaz.pe.gov.br\/index.php\/a-escola\/\" \/>\r\n<meta property=\"og:locale\" content=\"pt_BR\" \/>\r\n<meta property=\"og:type\" content=\"article\" \/>\r\n<meta property=\"og:title\" content=\"A Escola - Site Esafaz\" \/>\r\n<meta property=\"og:description\" content=\"Texto em torno da Imagem A Escola A Escola Fazend\u00e1ria &#8211; Esafaz foi implantada a partir dos esfor\u00e7os realizados pelo Instituto de Administra\u00e7\u00e3o Fazend\u00e1ria &#8211; IAF, criado pelo Decreto N\u00ba 11672 de 31 de julho de 1986 na gest\u00e3o do ent\u00e3o Governador Gustavo Krause Gon\u00e7alves Sobrinho. Na verdade, a Escola Fazend\u00e1ria representou um dos principais ... Ler mais\" \/>\r\n<meta property=\"og:url\" content=\"https:\/\/portalesafaz.sefaz.pe.gov.br\/index.php\/a-escola\/\" \/>\r\n<meta property=\"og:site_name\" content=\"Site Esafaz\" \/>\r\n<meta property=\"article:modified_time\" content=\"2024-08-19T13:28:14+00:00\" \/>\r\n<meta property=\"og:image\" content=\"https:\/\/portalesafaz.sefaz.pe.gov.br\/wp-content\/uploads\/2024\/08\/foto-copiar.jpg\" \/>\r\n<meta name=\"twitter:card\" content=\"summary_large_image\" \/>\r\n<meta name=\"twitter:label1\" content=\"Est. tempo de leitura\" \/>\n\t<meta name=\"twitter:data1\" content=\"4 minutos\" \/>\r\n<script type=\"application\/ld+json\" class=\"yoast-schema-graph\">{\"@context\":\"https:\/\/schema.org\",\"@graph\":[{\"@type\":\"WebPage\",\"@id\":\"https:\/\/portalesafaz.sefaz.pe.gov.br\/index.php\/a-escola\/\",\"url\":\"https:\/\/portalesafaz.sefaz.pe.gov.br\/index.php\/a-escola\/\",\"name\":\"A Escola - Site Esafaz\",\"isPartOf\":{\"@id\":\"http:\/\/localhost\/#website\"},\"primaryImageOfPage\":{\"@id\":\"https:\/\/portalesafaz.sefaz.pe.gov.br\/index.php\/a-escola\/#primaryimage\"},\"image\":{\"@id\":\"https:\/\/portalesafaz.sefaz.pe.gov.br\/index.php\/a-escola\/#primaryimage\"},\"thumbnailUrl\":\"https:\/\/portalesafaz.sefaz.pe.gov.br\/wp-content\/uploads\/2024\/08\/foto-copiar.jpg\",\"datePublished\":\"2024-04-17T13:01:12+00:00\",\"dateModified\":\"2024-08-19T13:28:14+00:00\",\"breadcrumb\":{\"@id\":\"https:\/\/portalesafaz.sefaz.pe.gov.br\/index.php\/a-escola\/#breadcrumb\"},\"inLanguage\":\"pt-BR\",\"potentialAction\":[{\"@type\":\"ReadAction\",\"target\":[\"https:\/\/portalesafaz.sefaz.pe.gov.br\/index.php\/a-escola\/\"]}]},{\"@type\":\"ImageObject\",\"inLanguage\":\"pt-BR\",\"@id\":\"https:\/\/portalesafaz.sefaz.pe.gov.br\/index.php\/a-escola\/#primaryimage\",\"url\":\"https:\/\/portalesafaz.sefaz.pe.gov.br\/wp-content\/uploads\/2024\/08\/foto-copiar.jpg\",\"contentUrl\":\"https:\/\/portalesafaz.sefaz.pe.gov.br\/wp-content\/uploads\/2024\/08\/foto-copiar.jpg\"},{\"@type\":\"BreadcrumbList\",\"@id\":\"https:\/\/portalesafaz.sefaz.pe.gov.br\/index.php\/a-escola\/#breadcrumb\",\"itemListElement\":[{\"@type\":\"ListItem\",\"position\":1,\"name\":\"In\u00edcio\",\"item\":\"https:\/\/esafaz.sefaz.pe.gov.br\/\"},{\"@type\":\"ListItem\",\"position\":2,\"name\":\"A Escola\"}]},{\"@type\":\"WebSite\",\"@id\":\"http:\/\/localhost\/#website\",\"url\":\"http:\/\/localhost\/\",\"name\":\"Portal Esafaz\",\"description\":\"\",\"publisher\":{\"@id\":\"http:\/\/localhost\/#organization\"},\"potentialAction\":[{\"@type\":\"SearchAction\",\"target\":{\"@type\":\"EntryPoint\",\"urlTemplate\":\"http:\/\/localhost\/?s={search_term_string}\"},\"query-input\":{\"@type\":\"PropertyValueSpecification\",\"valueRequired\":true,\"valueName\":\"search_term_string\"}}],\"inLanguage\":\"pt-BR\"},{\"@type\":\"Organization\",\"@id\":\"http:\/\/localhost\/#organization\",\"name\":\"Portal Esafaz\",\"url\":\"http:\/\/localhost\/\",\"logo\":{\"@type\":\"ImageObject\",\"inLanguage\":\"pt-BR\",\"@id\":\"http:\/\/localhost\/#\/schema\/logo\/image\/\",\"url\":\"https:\/\/portalesafaz.sefaz.pe.gov.br\/wp-content\/uploads\/2024\/04\/icone-esafaz.jpeg\",\"contentUrl\":\"https:\/\/portalesafaz.sefaz.pe.gov.br\/wp-content\/uploads\/2024\/04\/icone-esafaz.jpeg\",\"width\":300,\"height\":300,\"caption\":\"Portal Esafaz\"},\"image\":{\"@id\":\"http:\/\/localhost\/#\/schema\/logo\/image\/\"},\"sameAs\":[\"https:\/\/www.instagram.com\/esafazpe\/\"]}]}<\/script>\r\n<!-- \/ Yoast SEO plugin. -->","yoast_head_json":{"title":"A Escola - Site Esafaz","robots":{"index":"index","follow":"follow","max-snippet":"max-snippet:-1","max-image-preview":"max-image-preview:large","max-video-preview":"max-video-preview:-1"},"canonical":"https:\/\/portalesafaz.sefaz.pe.gov.br\/index.php\/a-escola\/","og_locale":"pt_BR","og_type":"article","og_title":"A Escola - Site Esafaz","og_description":"Texto em torno da Imagem A Escola A Escola Fazend\u00e1ria &#8211; Esafaz foi implantada a partir dos esfor\u00e7os realizados pelo Instituto de Administra\u00e7\u00e3o Fazend\u00e1ria &#8211; IAF, criado pelo Decreto N\u00ba 11672 de 31 de julho de 1986 na gest\u00e3o do ent\u00e3o Governador Gustavo Krause Gon\u00e7alves Sobrinho. Na verdade, a Escola Fazend\u00e1ria representou um dos principais ... Ler mais","og_url":"https:\/\/portalesafaz.sefaz.pe.gov.br\/index.php\/a-escola\/","og_site_name":"Site Esafaz","article_modified_time":"2024-08-19T13:28:14+00:00","og_image":[{"url":"https:\/\/portalesafaz.sefaz.pe.gov.br\/wp-content\/uploads\/2024\/08\/foto-copiar.jpg","type":"","width":"","height":""}],"twitter_card":"summary_large_image","twitter_misc":{"Est. tempo de leitura":"4 minutos"},"schema":{"@context":"https:\/\/schema.org","@graph":[{"@type":"WebPage","@id":"https:\/\/portalesafaz.sefaz.pe.gov.br\/index.php\/a-escola\/","url":"https:\/\/portalesafaz.sefaz.pe.gov.br\/index.php\/a-escola\/","name":"A Escola - Site Esafaz","isPartOf":{"@id":"http:\/\/localhost\/#website"},"primaryImageOfPage":{"@id":"https:\/\/portalesafaz.sefaz.pe.gov.br\/index.php\/a-escola\/#primaryimage"},"image":{"@id":"https:\/\/portalesafaz.sefaz.pe.gov.br\/index.php\/a-escola\/#primaryimage"},"thumbnailUrl":"https:\/\/portalesafaz.sefaz.pe.gov.br\/wp-content\/uploads\/2024\/08\/foto-copiar.jpg","datePublished":"2024-04-17T13:01:12+00:00","dateModified":"2024-08-19T13:28:14+00:00","breadcrumb":{"@id":"https:\/\/portalesafaz.sefaz.pe.gov.br\/index.php\/a-escola\/#breadcrumb"},"inLanguage":"pt-BR","potentialAction":[{"@type":"ReadAction","target":["https:\/\/portalesafaz.sefaz.pe.gov.br\/index.php\/a-escola\/"]}]},{"@type":"ImageObject","inLanguage":"pt-BR","@id":"https:\/\/portalesafaz.sefaz.pe.gov.br\/index.php\/a-escola\/#primaryimage","url":"https:\/\/portalesafaz.sefaz.pe.gov.br\/wp-content\/uploads\/2024\/08\/foto-copiar.jpg","contentUrl":"https:\/\/portalesafaz.sefaz.pe.gov.br\/wp-content\/uploads\/2024\/08\/foto-copiar.jpg"},{"@type":"BreadcrumbList","@id":"https:\/\/portalesafaz.sefaz.pe.gov.br\/index.php\/a-escola\/#breadcrumb","itemListElement":[{"@type":"ListItem","position":1,"name":"In\u00edcio","item":"https:\/\/esafaz.sefaz.pe.gov.br\/"},{"@type":"ListItem","position":2,"name":"A Escola"}]},{"@type":"WebSite","@id":"http:\/\/localhost\/#website","url":"http:\/\/localhost\/","name":"Portal Esafaz","description":"","publisher":{"@id":"http:\/\/localhost\/#organization"},"potentialAction":[{"@type":"SearchAction","target":{"@type":"EntryPoint","urlTemplate":"http:\/\/localhost\/?s={search_term_string}"},"query-input":{"@type":"PropertyValueSpecification","valueRequired":true,"valueName":"search_term_string"}}],"inLanguage":"pt-BR"},{"@type":"Organization","@id":"http:\/\/localhost\/#organization","name":"Portal Esafaz","url":"http:\/\/localhost\/","logo":{"@type":"ImageObject","inLanguage":"pt-BR","@id":"http:\/\/localhost\/#\/schema\/logo\/image\/","url":"https:\/\/portalesafaz.sefaz.pe.gov.br\/wp-content\/uploads\/2024\/04\/icone-esafaz.jpeg","contentUrl":"https:\/\/portalesafaz.sefaz.pe.gov.br\/wp-content\/uploads\/2024\/04\/icone-esafaz.jpeg","width":300,"height":300,"caption":"Portal Esafaz"},"image":{"@id":"http:\/\/localhost\/#\/schema\/logo\/image\/"},"sameAs":["https:\/\/www.instagram.com\/esafazpe\/"]}]}},"jetpack_sharing_enabled":true,"_links":{"self":[{"href":"https:\/\/esafaz.sefaz.pe.gov.br\/index.php\/wp-json\/wp\/v2\/pages\/12"}],"collection":[{"href":"https:\/\/esafaz.sefaz.pe.gov.br\/index.php\/wp-json\/wp\/v2\/pages"}],"about":[{"href":"https:\/\/esafaz.sefaz.pe.gov.br\/index.php\/wp-json\/wp\/v2\/types\/page"}],"author":[{"embeddable":true,"href":"https:\/\/esafaz.sefaz.pe.gov.br\/index.php\/wp-json\/wp\/v2\/users\/1"}],"replies":[{"embeddable":true,"href":"https:\/\/esafaz.sefaz.pe.gov.br\/index.php\/wp-json\/wp\/v2\/comments?post=12"}],"version-history":[{"count":36,"href":"https:\/\/esafaz.sefaz.pe.gov.br\/index.php\/wp-json\/wp\/v2\/pages\/12\/revisions"}],"predecessor-version":[{"id":2939,"href":"https:\/\/esafaz.sefaz.pe.gov.br\/index.php\/wp-json\/wp\/v2\/pages\/12\/revisions\/2939"}],"wp:attachment":[{"href":"https:\/\/esafaz.sefaz.pe.gov.br\/index.php\/wp-json\/wp\/v2\/media?parent=12"}],"curies":[{"name":"wp","href":"https:\/\/api.w.org\/{rel}","templated":true}]}}